{"id":107689,"date":"2025-03-27T15:45:26","date_gmt":"2025-03-27T14:45:26","guid":{"rendered":"https:\/\/deseopatisserie.com\/produkt\/pizza-al-taglio-mit-salami-picante\/"},"modified":"2025-03-27T15:45:26","modified_gmt":"2025-03-27T14:45:26","slug":"pizza-al-taglio-mit-salami-picante","status":"publish","type":"product","link":"https:\/\/deseopatisserie.com\/de\/produkt\/pizza-al-taglio-mit-salami-picante\/","title":{"rendered":"Pizza al Taglio mit Salami Picante"},"content":{"rendered":"","protected":false},"excerpt":{"rendered":"<p>Tomaten\/ Mozzarella\/ Salame Piccante<\/p>\n<p>Preis pro St\u00fcck: 10 x 15 cm<\/p>\n<p>Unsere al taglio Pizzen sind Klassiker in der r\u00f6mischen Variante \u2013 leichter, knuspriger Teig, der langsam reift, hochwertigste Zutaten und eine Einfachheit, die mit ihrem Geschmack begeistert.<\/p>\n<p>F\u00fcr diejenigen, die intensive und ausgepr\u00e4gte Aromen sch\u00e4tzen. Saftige San Marzano-Tomaten, die in der Sonne S\u00fcditaliens gereift werden, ergeben eine tiefgr\u00fcndige, aromatische Sauce mit der perfekten Balance zwischen S\u00fc\u00dfe und S\u00e4ure. Der zarte, cremige Mozzarella sorgt f\u00fcr eine angenehme Samtigkeit und kontrastiert perfekt mit der w\u00fcrzigen, gereiften Salame Piccante, die der Pizza ihre charakteristische W\u00fcrze und ihren reichen, fleischigen Geschmack verleiht. Der knusprige, leichte Teig ist die perfekte Basis und die harmonische Kombination der Zutaten macht jeden Bissen zu einem wahren Fest f\u00fcr den Gaumen. Diese Pizza ist eine Kombination aus Tradition und intensiven Geschmackserlebnissen, der man nur schwer widerstehen kann!    <\/p>\n","protected":false},"featured_media":106906,"template":"","meta":{"_acf_changed":false},"product_brand":[],"product_cat":[1715],"product_tag":[],"class_list":{"0":"post-107689","1":"product","2":"type-product","3":"status-publish","4":"has-post-thumbnail","6":"product_cat-uncategorized","8":"first","9":"instock","10":"taxable","11":"shipping-taxable","12":"product-type-external"},"acf":[],"yoast_head":"<!-- This site is optimized with the Yoast SEO plugin v27.5 - https:\/\/yoast.com\/product\/yoast-seo-wordpress\/ -->\n<title>Pizza al Taglio mit Salami Picante - Cukiernia DESEO Warszawa<\/title>\n<meta name=\"robots\" content=\"index, follow, max-snippet:-1, max-image-preview:large, max-video-preview:-1\" \/>\n<link rel=\"canonical\" href=\"https:\/\/deseopatisserie.com\/de\/produkt\/pizza-al-taglio-mit-salami-picante\/\" \/>\n<meta property=\"og:locale\" content=\"de_DE\" \/>\n<meta property=\"og:type\" content=\"article\" \/>\n<meta property=\"og:title\" content=\"Pizza al Taglio mit Salami Picante - Cukiernia DESEO Warszawa\" \/>\n<meta property=\"og:description\" content=\"Tomaten\/ Mozzarella\/ Salame Piccante Preis pro St\u00fcck: 10 x 15 cm Unsere al taglio Pizzen sind Klassiker in der r\u00f6mischen Variante \u2013 leichter, knuspriger Teig, der langsam reift, hochwertigste Zutaten und eine Einfachheit, die mit ihrem Geschmack begeistert. F\u00fcr diejenigen, die intensive und ausgepr\u00e4gte Aromen sch\u00e4tzen. Saftige San Marzano-Tomaten, die in der Sonne S\u00fcditaliens gereift werden, ergeben eine tiefgr\u00fcndige, aromatische Sauce mit der perfekten Balance zwischen S\u00fc\u00dfe und S\u00e4ure. Der zarte, cremige Mozzarella sorgt f\u00fcr eine angenehme Samtigkeit und kontrastiert perfekt mit der w\u00fcrzigen, gereiften Salame Piccante, die der Pizza ihre charakteristische W\u00fcrze und ihren reichen, fleischigen Geschmack verleiht. Der knusprige, leichte Teig ist die perfekte Basis und die harmonische Kombination der Zutaten macht jeden Bissen zu einem wahren Fest f\u00fcr den Gaumen. Diese Pizza ist eine Kombination aus Tradition und intensiven Geschmackserlebnissen, der man nur schwer widerstehen kann!\" \/>\n<meta property=\"og:url\" content=\"https:\/\/deseopatisserie.com\/de\/produkt\/pizza-al-taglio-mit-salami-picante\/\" \/>\n<meta property=\"og:site_name\" content=\"DESEO\" \/>\n<meta property=\"og:image\" content=\"https:\/\/deseopatisserie.com\/\/wp-content\/uploads\/2025\/03\/b6c8dba7bc0b50c258b553a75af608aa.jpg\" \/>\n\t<meta property=\"og:image:width\" content=\"1500\" \/>\n\t<meta property=\"og:image:height\" content=\"1000\" \/>\n\t<meta property=\"og:image:type\" content=\"image\/jpeg\" \/>\n<meta name=\"twitter:card\" content=\"summary_large_image\" \/>\n<script type=\"application\/ld+json\" class=\"yoast-schema-graph\">{\"@context\":\"https:\\\/\\\/schema.org\",\"@graph\":[{\"@type\":\"WebPage\",\"@id\":\"https:\\\/\\\/deseopatisserie.com\\\/de\\\/produkt\\\/pizza-al-taglio-mit-salami-picante\\\/\",\"url\":\"https:\\\/\\\/deseopatisserie.com\\\/de\\\/produkt\\\/pizza-al-taglio-mit-salami-picante\\\/\",\"name\":\"Pizza al Taglio mit Salami Picante - Cukiernia DESEO Warszawa\",\"isPartOf\":{\"@id\":\"https:\\\/\\\/deseopatisserie.com\\\/de\\\/#website\"},\"primaryImageOfPage\":{\"@id\":\"https:\\\/\\\/deseopatisserie.com\\\/de\\\/produkt\\\/pizza-al-taglio-mit-salami-picante\\\/#primaryimage\"},\"image\":{\"@id\":\"https:\\\/\\\/deseopatisserie.com\\\/de\\\/produkt\\\/pizza-al-taglio-mit-salami-picante\\\/#primaryimage\"},\"thumbnailUrl\":\"https:\\\/\\\/deseopatisserie.com\\\/\\\/wp-content\\\/uploads\\\/2025\\\/03\\\/b6c8dba7bc0b50c258b553a75af608aa.jpg\",\"datePublished\":\"2025-03-27T14:45:26+00:00\",\"breadcrumb\":{\"@id\":\"https:\\\/\\\/deseopatisserie.com\\\/de\\\/produkt\\\/pizza-al-taglio-mit-salami-picante\\\/#breadcrumb\"},\"inLanguage\":\"de\",\"potentialAction\":[{\"@type\":\"ReadAction\",\"target\":[\"https:\\\/\\\/deseopatisserie.com\\\/de\\\/produkt\\\/pizza-al-taglio-mit-salami-picante\\\/\"]}]},{\"@type\":\"ImageObject\",\"inLanguage\":\"de\",\"@id\":\"https:\\\/\\\/deseopatisserie.com\\\/de\\\/produkt\\\/pizza-al-taglio-mit-salami-picante\\\/#primaryimage\",\"url\":\"https:\\\/\\\/deseopatisserie.com\\\/\\\/wp-content\\\/uploads\\\/2025\\\/03\\\/b6c8dba7bc0b50c258b553a75af608aa.jpg\",\"contentUrl\":\"https:\\\/\\\/deseopatisserie.com\\\/\\\/wp-content\\\/uploads\\\/2025\\\/03\\\/b6c8dba7bc0b50c258b553a75af608aa.jpg\",\"width\":1500,\"height\":1000},{\"@type\":\"BreadcrumbList\",\"@id\":\"https:\\\/\\\/deseopatisserie.com\\\/de\\\/produkt\\\/pizza-al-taglio-mit-salami-picante\\\/#breadcrumb\",\"itemListElement\":[{\"@type\":\"ListItem\",\"position\":1,\"name\":\"Strona g\u0142\u00f3wna\",\"item\":\"https:\\\/\\\/deseopatisserie.com\\\/de\\\/homepage\\\/\"},{\"@type\":\"ListItem\",\"position\":2,\"name\":\"Pizza al Taglio mit Salami Picante\"}]},{\"@type\":\"WebSite\",\"@id\":\"https:\\\/\\\/deseopatisserie.com\\\/de\\\/#website\",\"url\":\"https:\\\/\\\/deseopatisserie.com\\\/de\\\/\",\"name\":\"DESEO\",\"description\":\"Patisserie &amp; Chocolaterie\",\"potentialAction\":[{\"@type\":\"SearchAction\",\"target\":{\"@type\":\"EntryPoint\",\"urlTemplate\":\"https:\\\/\\\/deseopatisserie.com\\\/de\\\/?s={search_term_string}\"},\"query-input\":{\"@type\":\"PropertyValueSpecification\",\"valueRequired\":true,\"valueName\":\"search_term_string\"}}],\"inLanguage\":\"de\"}]}<\/script>\n<!-- \/ Yoast SEO plugin. -->","yoast_head_json":{"title":"Pizza al Taglio mit Salami Picante - Cukiernia DESEO Warszawa","robots":{"index":"index","follow":"follow","max-snippet":"max-snippet:-1","max-image-preview":"max-image-preview:large","max-video-preview":"max-video-preview:-1"},"canonical":"https:\/\/deseopatisserie.com\/de\/produkt\/pizza-al-taglio-mit-salami-picante\/","og_locale":"de_DE","og_type":"article","og_title":"Pizza al Taglio mit Salami Picante - Cukiernia DESEO Warszawa","og_description":"Tomaten\/ Mozzarella\/ Salame Piccante Preis pro St\u00fcck: 10 x 15 cm Unsere al taglio Pizzen sind Klassiker in der r\u00f6mischen Variante \u2013 leichter, knuspriger Teig, der langsam reift, hochwertigste Zutaten und eine Einfachheit, die mit ihrem Geschmack begeistert. F\u00fcr diejenigen, die intensive und ausgepr\u00e4gte Aromen sch\u00e4tzen. Saftige San Marzano-Tomaten, die in der Sonne S\u00fcditaliens gereift werden, ergeben eine tiefgr\u00fcndige, aromatische Sauce mit der perfekten Balance zwischen S\u00fc\u00dfe und S\u00e4ure. Der zarte, cremige Mozzarella sorgt f\u00fcr eine angenehme Samtigkeit und kontrastiert perfekt mit der w\u00fcrzigen, gereiften Salame Piccante, die der Pizza ihre charakteristische W\u00fcrze und ihren reichen, fleischigen Geschmack verleiht. Der knusprige, leichte Teig ist die perfekte Basis und die harmonische Kombination der Zutaten macht jeden Bissen zu einem wahren Fest f\u00fcr den Gaumen. Diese Pizza ist eine Kombination aus Tradition und intensiven Geschmackserlebnissen, der man nur schwer widerstehen kann!","og_url":"https:\/\/deseopatisserie.com\/de\/produkt\/pizza-al-taglio-mit-salami-picante\/","og_site_name":"DESEO","og_image":[{"width":1500,"height":1000,"url":"https:\/\/deseopatisserie.com\/\/wp-content\/uploads\/2025\/03\/b6c8dba7bc0b50c258b553a75af608aa.jpg","type":"image\/jpeg"}],"twitter_card":"summary_large_image","schema":{"@context":"https:\/\/schema.org","@graph":[{"@type":"WebPage","@id":"https:\/\/deseopatisserie.com\/de\/produkt\/pizza-al-taglio-mit-salami-picante\/","url":"https:\/\/deseopatisserie.com\/de\/produkt\/pizza-al-taglio-mit-salami-picante\/","name":"Pizza al Taglio mit Salami Picante - Cukiernia DESEO Warszawa","isPartOf":{"@id":"https:\/\/deseopatisserie.com\/de\/#website"},"primaryImageOfPage":{"@id":"https:\/\/deseopatisserie.com\/de\/produkt\/pizza-al-taglio-mit-salami-picante\/#primaryimage"},"image":{"@id":"https:\/\/deseopatisserie.com\/de\/produkt\/pizza-al-taglio-mit-salami-picante\/#primaryimage"},"thumbnailUrl":"https:\/\/deseopatisserie.com\/\/wp-content\/uploads\/2025\/03\/b6c8dba7bc0b50c258b553a75af608aa.jpg","datePublished":"2025-03-27T14:45:26+00:00","breadcrumb":{"@id":"https:\/\/deseopatisserie.com\/de\/produkt\/pizza-al-taglio-mit-salami-picante\/#breadcrumb"},"inLanguage":"de","potentialAction":[{"@type":"ReadAction","target":["https:\/\/deseopatisserie.com\/de\/produkt\/pizza-al-taglio-mit-salami-picante\/"]}]},{"@type":"ImageObject","inLanguage":"de","@id":"https:\/\/deseopatisserie.com\/de\/produkt\/pizza-al-taglio-mit-salami-picante\/#primaryimage","url":"https:\/\/deseopatisserie.com\/\/wp-content\/uploads\/2025\/03\/b6c8dba7bc0b50c258b553a75af608aa.jpg","contentUrl":"https:\/\/deseopatisserie.com\/\/wp-content\/uploads\/2025\/03\/b6c8dba7bc0b50c258b553a75af608aa.jpg","width":1500,"height":1000},{"@type":"BreadcrumbList","@id":"https:\/\/deseopatisserie.com\/de\/produkt\/pizza-al-taglio-mit-salami-picante\/#breadcrumb","itemListElement":[{"@type":"ListItem","position":1,"name":"Strona g\u0142\u00f3wna","item":"https:\/\/deseopatisserie.com\/de\/homepage\/"},{"@type":"ListItem","position":2,"name":"Pizza al Taglio mit Salami Picante"}]},{"@type":"WebSite","@id":"https:\/\/deseopatisserie.com\/de\/#website","url":"https:\/\/deseopatisserie.com\/de\/","name":"DESEO","description":"Patisserie &amp; Chocolaterie","potentialAction":[{"@type":"SearchAction","target":{"@type":"EntryPoint","urlTemplate":"https:\/\/deseopatisserie.com\/de\/?s={search_term_string}"},"query-input":{"@type":"PropertyValueSpecification","valueRequired":true,"valueName":"search_term_string"}}],"inLanguage":"de"}]}},"_links":{"self":[{"href":"https:\/\/deseopatisserie.com\/de\/wp-json\/wp\/v2\/product\/107689","targetHints":{"allow":["GET"]}}],"collection":[{"href":"https:\/\/deseopatisserie.com\/de\/wp-json\/wp\/v2\/product"}],"about":[{"href":"https:\/\/deseopatisserie.com\/de\/wp-json\/wp\/v2\/types\/product"}],"wp:featuredmedia":[{"embeddable":true,"href":"https:\/\/deseopatisserie.com\/de\/wp-json\/wp\/v2\/media\/106906"}],"wp:attachment":[{"href":"https:\/\/deseopatisserie.com\/de\/wp-json\/wp\/v2\/media?parent=107689"}],"wp:term":[{"taxonomy":"product_brand","embeddable":true,"href":"https:\/\/deseopatisserie.com\/de\/wp-json\/wp\/v2\/product_brand?post=107689"},{"taxonomy":"product_cat","embeddable":true,"href":"https:\/\/deseopatisserie.com\/de\/wp-json\/wp\/v2\/product_cat?post=107689"},{"taxonomy":"product_tag","embeddable":true,"href":"https:\/\/deseopatisserie.com\/de\/wp-json\/wp\/v2\/product_tag?post=107689"}],"curies":[{"name":"wp","href":"https:\/\/api.w.org\/{rel}","templated":true}]}}