{"id":107688,"date":"2025-03-27T15:27:58","date_gmt":"2025-03-27T14:27:58","guid":{"rendered":"https:\/\/deseopatisserie.com\/produkt\/pizza-al-taglio-mit-kartoffeln-und-nduja\/"},"modified":"2025-03-27T15:27:58","modified_gmt":"2025-03-27T14:27:58","slug":"pizza-al-taglio-mit-kartoffeln-und-nduja","status":"publish","type":"product","link":"https:\/\/deseopatisserie.com\/de\/produkt\/pizza-al-taglio-mit-kartoffeln-und-nduja\/","title":{"rendered":"Pizza al Taglio mit Kartoffeln und Nduja"},"content":{"rendered":"","protected":false},"excerpt":{"rendered":"<p>Kartoffeln \/ Nduja<\/p>\n<p>Preis pro St\u00fcck: 10 x 15 cm<\/p>\n<p>Pizza al Taglio mit Kartoffeln und Nduja ist eine einzigartige Kombination aus italienischer Tradition und intensiven Aromen. Der Teig dieser Pizza zeichnet sich durch seine lange G\u00e4rzeit aus, die ihn leicht, knusprig und voller Tiefe macht. Er wird auf der Basis von hochwertigem 00er Mehl und Dinkelvollkornmehl hergestellt, was ihm eine einzigartige Struktur und einen zart nussigen Nachgeschmack verleiht.  <\/p>\n<p>Die Kombination der Bel\u00e4ge macht diese Pizza extrem s\u00e4ttigend und w\u00fcrzig. D\u00fcnn geschnittene, cremige Kartoffeln passen perfekt zu Nduja \u2013 einer w\u00fcrzigen, weichen Wurst aus Kalabrien, die sich durch ihren intensiven Geschmack und einen leichten Hauch von Sch\u00e4rfe auszeichnet. Dank Oliven\u00f6l und richtigem Backen erh\u00e4lt das Ganze eine einzigartige Knusprigkeit und beh\u00e4lt gleichzeitig seine Saftigkeit.  <\/p>\n<p>Es ist eine Pizza, die den Charakter der italienischen K\u00fcche perfekt widerspiegelt \u2013 einfache Zutaten, aber eine F\u00fclle von Geschmackserlebnissen. Ideal f\u00fcr Liebhaber ausdrucksstarker, aromatischer Kompositionen. <\/p>\n","protected":false},"featured_media":106833,"template":"","meta":{"_acf_changed":false},"product_brand":[],"product_cat":[1715],"product_tag":[],"class_list":{"0":"post-107688","1":"product","2":"type-product","3":"status-publish","4":"has-post-thumbnail","6":"product_cat-uncategorized","8":"first","9":"instock","10":"taxable","11":"shipping-taxable","12":"product-type-external"},"acf":[],"yoast_head":"<!-- This site is optimized with the Yoast SEO plugin v27.4 - https:\/\/yoast.com\/product\/yoast-seo-wordpress\/ -->\n<title>Pizza al Taglio mit Kartoffeln und Nduja - Cukiernia DESEO Warszawa<\/title>\n<meta name=\"robots\" content=\"index, follow, max-snippet:-1, max-image-preview:large, max-video-preview:-1\" \/>\n<link rel=\"canonical\" href=\"https:\/\/deseopatisserie.com\/de\/produkt\/pizza-al-taglio-mit-kartoffeln-und-nduja\/\" \/>\n<meta property=\"og:locale\" content=\"de_DE\" \/>\n<meta property=\"og:type\" content=\"article\" \/>\n<meta property=\"og:title\" content=\"Pizza al Taglio mit Kartoffeln und Nduja - Cukiernia DESEO Warszawa\" \/>\n<meta property=\"og:description\" content=\"Kartoffeln \/ Nduja Preis pro St\u00fcck: 10 x 15 cm Pizza al Taglio mit Kartoffeln und Nduja ist eine einzigartige Kombination aus italienischer Tradition und intensiven Aromen. Der Teig dieser Pizza zeichnet sich durch seine lange G\u00e4rzeit aus, die ihn leicht, knusprig und voller Tiefe macht. Er wird auf der Basis von hochwertigem 00er Mehl und Dinkelvollkornmehl hergestellt, was ihm eine einzigartige Struktur und einen zart nussigen Nachgeschmack verleiht.  Die Kombination der Bel\u00e4ge macht diese Pizza extrem s\u00e4ttigend und w\u00fcrzig. D\u00fcnn geschnittene, cremige Kartoffeln passen perfekt zu Nduja \u2013 einer w\u00fcrzigen, weichen Wurst aus Kalabrien, die sich durch ihren intensiven Geschmack und einen leichten Hauch von Sch\u00e4rfe auszeichnet. Dank Oliven\u00f6l und richtigem Backen erh\u00e4lt das Ganze eine einzigartige Knusprigkeit und beh\u00e4lt gleichzeitig seine Saftigkeit.  Es ist eine Pizza, die den Charakter der italienischen K\u00fcche perfekt widerspiegelt \u2013 einfache Zutaten, aber eine F\u00fclle von Geschmackserlebnissen. Ideal f\u00fcr Liebhaber ausdrucksstarker, aromatischer Kompositionen.\" \/>\n<meta property=\"og:url\" content=\"https:\/\/deseopatisserie.com\/de\/produkt\/pizza-al-taglio-mit-kartoffeln-und-nduja\/\" \/>\n<meta property=\"og:site_name\" content=\"DESEO\" \/>\n<meta property=\"og:image\" content=\"https:\/\/deseopatisserie.com\/\/wp-content\/uploads\/2025\/03\/7dda74fc3890ab9723725ee7b91f6e01.jpg\" \/>\n\t<meta property=\"og:image:width\" content=\"1250\" \/>\n\t<meta property=\"og:image:height\" content=\"833\" \/>\n\t<meta property=\"og:image:type\" content=\"image\/jpeg\" \/>\n<meta name=\"twitter:card\" content=\"summary_large_image\" \/>\n<script type=\"application\/ld+json\" class=\"yoast-schema-graph\">{\"@context\":\"https:\\\/\\\/schema.org\",\"@graph\":[{\"@type\":\"WebPage\",\"@id\":\"https:\\\/\\\/deseopatisserie.com\\\/de\\\/produkt\\\/pizza-al-taglio-mit-kartoffeln-und-nduja\\\/\",\"url\":\"https:\\\/\\\/deseopatisserie.com\\\/de\\\/produkt\\\/pizza-al-taglio-mit-kartoffeln-und-nduja\\\/\",\"name\":\"Pizza al Taglio mit Kartoffeln und Nduja - Cukiernia DESEO Warszawa\",\"isPartOf\":{\"@id\":\"https:\\\/\\\/deseopatisserie.com\\\/de\\\/#website\"},\"primaryImageOfPage\":{\"@id\":\"https:\\\/\\\/deseopatisserie.com\\\/de\\\/produkt\\\/pizza-al-taglio-mit-kartoffeln-und-nduja\\\/#primaryimage\"},\"image\":{\"@id\":\"https:\\\/\\\/deseopatisserie.com\\\/de\\\/produkt\\\/pizza-al-taglio-mit-kartoffeln-und-nduja\\\/#primaryimage\"},\"thumbnailUrl\":\"https:\\\/\\\/deseopatisserie.com\\\/\\\/wp-content\\\/uploads\\\/2025\\\/03\\\/7dda74fc3890ab9723725ee7b91f6e01.jpg\",\"datePublished\":\"2025-03-27T14:27:58+00:00\",\"breadcrumb\":{\"@id\":\"https:\\\/\\\/deseopatisserie.com\\\/de\\\/produkt\\\/pizza-al-taglio-mit-kartoffeln-und-nduja\\\/#breadcrumb\"},\"inLanguage\":\"de\",\"potentialAction\":[{\"@type\":\"ReadAction\",\"target\":[\"https:\\\/\\\/deseopatisserie.com\\\/de\\\/produkt\\\/pizza-al-taglio-mit-kartoffeln-und-nduja\\\/\"]}]},{\"@type\":\"ImageObject\",\"inLanguage\":\"de\",\"@id\":\"https:\\\/\\\/deseopatisserie.com\\\/de\\\/produkt\\\/pizza-al-taglio-mit-kartoffeln-und-nduja\\\/#primaryimage\",\"url\":\"https:\\\/\\\/deseopatisserie.com\\\/\\\/wp-content\\\/uploads\\\/2025\\\/03\\\/7dda74fc3890ab9723725ee7b91f6e01.jpg\",\"contentUrl\":\"https:\\\/\\\/deseopatisserie.com\\\/\\\/wp-content\\\/uploads\\\/2025\\\/03\\\/7dda74fc3890ab9723725ee7b91f6e01.jpg\",\"width\":1250,\"height\":833},{\"@type\":\"BreadcrumbList\",\"@id\":\"https:\\\/\\\/deseopatisserie.com\\\/de\\\/produkt\\\/pizza-al-taglio-mit-kartoffeln-und-nduja\\\/#breadcrumb\",\"itemListElement\":[{\"@type\":\"ListItem\",\"position\":1,\"name\":\"Strona g\u0142\u00f3wna\",\"item\":\"https:\\\/\\\/deseopatisserie.com\\\/de\\\/homepage\\\/\"},{\"@type\":\"ListItem\",\"position\":2,\"name\":\"Pizza al Taglio mit Kartoffeln und Nduja\"}]},{\"@type\":\"WebSite\",\"@id\":\"https:\\\/\\\/deseopatisserie.com\\\/de\\\/#website\",\"url\":\"https:\\\/\\\/deseopatisserie.com\\\/de\\\/\",\"name\":\"DESEO\",\"description\":\"Patisserie &amp; Chocolaterie\",\"potentialAction\":[{\"@type\":\"SearchAction\",\"target\":{\"@type\":\"EntryPoint\",\"urlTemplate\":\"https:\\\/\\\/deseopatisserie.com\\\/de\\\/?s={search_term_string}\"},\"query-input\":{\"@type\":\"PropertyValueSpecification\",\"valueRequired\":true,\"valueName\":\"search_term_string\"}}],\"inLanguage\":\"de\"}]}<\/script>\n<!-- \/ Yoast SEO plugin. -->","yoast_head_json":{"title":"Pizza al Taglio mit Kartoffeln und Nduja - Cukiernia DESEO Warszawa","robots":{"index":"index","follow":"follow","max-snippet":"max-snippet:-1","max-image-preview":"max-image-preview:large","max-video-preview":"max-video-preview:-1"},"canonical":"https:\/\/deseopatisserie.com\/de\/produkt\/pizza-al-taglio-mit-kartoffeln-und-nduja\/","og_locale":"de_DE","og_type":"article","og_title":"Pizza al Taglio mit Kartoffeln und Nduja - Cukiernia DESEO Warszawa","og_description":"Kartoffeln \/ Nduja Preis pro St\u00fcck: 10 x 15 cm Pizza al Taglio mit Kartoffeln und Nduja ist eine einzigartige Kombination aus italienischer Tradition und intensiven Aromen. Der Teig dieser Pizza zeichnet sich durch seine lange G\u00e4rzeit aus, die ihn leicht, knusprig und voller Tiefe macht. Er wird auf der Basis von hochwertigem 00er Mehl und Dinkelvollkornmehl hergestellt, was ihm eine einzigartige Struktur und einen zart nussigen Nachgeschmack verleiht.  Die Kombination der Bel\u00e4ge macht diese Pizza extrem s\u00e4ttigend und w\u00fcrzig. D\u00fcnn geschnittene, cremige Kartoffeln passen perfekt zu Nduja \u2013 einer w\u00fcrzigen, weichen Wurst aus Kalabrien, die sich durch ihren intensiven Geschmack und einen leichten Hauch von Sch\u00e4rfe auszeichnet. Dank Oliven\u00f6l und richtigem Backen erh\u00e4lt das Ganze eine einzigartige Knusprigkeit und beh\u00e4lt gleichzeitig seine Saftigkeit.  Es ist eine Pizza, die den Charakter der italienischen K\u00fcche perfekt widerspiegelt \u2013 einfache Zutaten, aber eine F\u00fclle von Geschmackserlebnissen. Ideal f\u00fcr Liebhaber ausdrucksstarker, aromatischer Kompositionen.","og_url":"https:\/\/deseopatisserie.com\/de\/produkt\/pizza-al-taglio-mit-kartoffeln-und-nduja\/","og_site_name":"DESEO","og_image":[{"width":1250,"height":833,"url":"https:\/\/deseopatisserie.com\/\/wp-content\/uploads\/2025\/03\/7dda74fc3890ab9723725ee7b91f6e01.jpg","type":"image\/jpeg"}],"twitter_card":"summary_large_image","schema":{"@context":"https:\/\/schema.org","@graph":[{"@type":"WebPage","@id":"https:\/\/deseopatisserie.com\/de\/produkt\/pizza-al-taglio-mit-kartoffeln-und-nduja\/","url":"https:\/\/deseopatisserie.com\/de\/produkt\/pizza-al-taglio-mit-kartoffeln-und-nduja\/","name":"Pizza al Taglio mit Kartoffeln und Nduja - Cukiernia DESEO Warszawa","isPartOf":{"@id":"https:\/\/deseopatisserie.com\/de\/#website"},"primaryImageOfPage":{"@id":"https:\/\/deseopatisserie.com\/de\/produkt\/pizza-al-taglio-mit-kartoffeln-und-nduja\/#primaryimage"},"image":{"@id":"https:\/\/deseopatisserie.com\/de\/produkt\/pizza-al-taglio-mit-kartoffeln-und-nduja\/#primaryimage"},"thumbnailUrl":"https:\/\/deseopatisserie.com\/\/wp-content\/uploads\/2025\/03\/7dda74fc3890ab9723725ee7b91f6e01.jpg","datePublished":"2025-03-27T14:27:58+00:00","breadcrumb":{"@id":"https:\/\/deseopatisserie.com\/de\/produkt\/pizza-al-taglio-mit-kartoffeln-und-nduja\/#breadcrumb"},"inLanguage":"de","potentialAction":[{"@type":"ReadAction","target":["https:\/\/deseopatisserie.com\/de\/produkt\/pizza-al-taglio-mit-kartoffeln-und-nduja\/"]}]},{"@type":"ImageObject","inLanguage":"de","@id":"https:\/\/deseopatisserie.com\/de\/produkt\/pizza-al-taglio-mit-kartoffeln-und-nduja\/#primaryimage","url":"https:\/\/deseopatisserie.com\/\/wp-content\/uploads\/2025\/03\/7dda74fc3890ab9723725ee7b91f6e01.jpg","contentUrl":"https:\/\/deseopatisserie.com\/\/wp-content\/uploads\/2025\/03\/7dda74fc3890ab9723725ee7b91f6e01.jpg","width":1250,"height":833},{"@type":"BreadcrumbList","@id":"https:\/\/deseopatisserie.com\/de\/produkt\/pizza-al-taglio-mit-kartoffeln-und-nduja\/#breadcrumb","itemListElement":[{"@type":"ListItem","position":1,"name":"Strona g\u0142\u00f3wna","item":"https:\/\/deseopatisserie.com\/de\/homepage\/"},{"@type":"ListItem","position":2,"name":"Pizza al Taglio mit Kartoffeln und Nduja"}]},{"@type":"WebSite","@id":"https:\/\/deseopatisserie.com\/de\/#website","url":"https:\/\/deseopatisserie.com\/de\/","name":"DESEO","description":"Patisserie &amp; Chocolaterie","potentialAction":[{"@type":"SearchAction","target":{"@type":"EntryPoint","urlTemplate":"https:\/\/deseopatisserie.com\/de\/?s={search_term_string}"},"query-input":{"@type":"PropertyValueSpecification","valueRequired":true,"valueName":"search_term_string"}}],"inLanguage":"de"}]}},"_links":{"self":[{"href":"https:\/\/deseopatisserie.com\/de\/wp-json\/wp\/v2\/product\/107688","targetHints":{"allow":["GET"]}}],"collection":[{"href":"https:\/\/deseopatisserie.com\/de\/wp-json\/wp\/v2\/product"}],"about":[{"href":"https:\/\/deseopatisserie.com\/de\/wp-json\/wp\/v2\/types\/product"}],"wp:featuredmedia":[{"embeddable":true,"href":"https:\/\/deseopatisserie.com\/de\/wp-json\/wp\/v2\/media\/106833"}],"wp:attachment":[{"href":"https:\/\/deseopatisserie.com\/de\/wp-json\/wp\/v2\/media?parent=107688"}],"wp:term":[{"taxonomy":"product_brand","embeddable":true,"href":"https:\/\/deseopatisserie.com\/de\/wp-json\/wp\/v2\/product_brand?post=107688"},{"taxonomy":"product_cat","embeddable":true,"href":"https:\/\/deseopatisserie.com\/de\/wp-json\/wp\/v2\/product_cat?post=107688"},{"taxonomy":"product_tag","embeddable":true,"href":"https:\/\/deseopatisserie.com\/de\/wp-json\/wp\/v2\/product_tag?post=107688"}],"curies":[{"name":"wp","href":"https:\/\/api.w.org\/{rel}","templated":true}]}}