{"id":107684,"date":"2025-03-27T15:20:03","date_gmt":"2025-03-27T14:20:03","guid":{"rendered":"https:\/\/deseopatisserie.com\/produkt\/pizza-al-taglio-mozzarella\/"},"modified":"2025-03-27T15:20:03","modified_gmt":"2025-03-27T14:20:03","slug":"pizza-al-taglio-mozzarella","status":"publish","type":"product","link":"https:\/\/deseopatisserie.com\/de\/produkt\/pizza-al-taglio-mozzarella\/","title":{"rendered":"Pizza al Taglio Mozzarella"},"content":{"rendered":"","protected":false},"excerpt":{"rendered":"<p>Tomaten \/ Mozzarella \/ Basilikum<\/p>\n<p>Preis pro St\u00fcck: 10 x 15 cm<\/p>\n<p>Pizza al taglio ist eine Pizza, die ihren Ursprung in Rom hat und dort sehr beliebt ist. Bei uns wird der Teig daf\u00fcr auf der Basis von zwei verschiedenen Mehlen hergestellt. Dank der langsamen G\u00e4rung und der Verwendung von Oliven\u00f6l erh\u00e4lt er eine einzigartige Knusprigkeit und zarte Struktur.  <\/p>\n<p>Bei uns wird er in der klassischen Version mit Tomaten, Mozzarella und frischem Basilikum serviert \u2013 eine Kombination, die seit Jahrhunderten die Essenz des italienischen Geschmacks ist.<\/p>\n","protected":false},"featured_media":106804,"template":"","meta":{"_acf_changed":false},"product_brand":[],"product_cat":[1715],"product_tag":[],"class_list":{"0":"post-107684","1":"product","2":"type-product","3":"status-publish","4":"has-post-thumbnail","6":"product_cat-uncategorized","8":"first","9":"instock","10":"taxable","11":"shipping-taxable","12":"product-type-external"},"acf":[],"yoast_head":"<!-- This site is optimized with the Yoast SEO plugin v27.4 - https:\/\/yoast.com\/product\/yoast-seo-wordpress\/ -->\n<title>Pizza al Taglio Mozzarella - Cukiernia DESEO Warszawa<\/title>\n<meta name=\"robots\" content=\"index, follow, max-snippet:-1, max-image-preview:large, max-video-preview:-1\" \/>\n<link rel=\"canonical\" href=\"https:\/\/deseopatisserie.com\/de\/produkt\/pizza-al-taglio-mozzarella\/\" \/>\n<meta property=\"og:locale\" content=\"de_DE\" \/>\n<meta property=\"og:type\" content=\"article\" \/>\n<meta property=\"og:title\" content=\"Pizza al Taglio Mozzarella - Cukiernia DESEO Warszawa\" \/>\n<meta property=\"og:description\" content=\"Tomaten \/ Mozzarella \/ Basilikum Preis pro St\u00fcck: 10 x 15 cm Pizza al taglio ist eine Pizza, die ihren Ursprung in Rom hat und dort sehr beliebt ist. Bei uns wird der Teig daf\u00fcr auf der Basis von zwei verschiedenen Mehlen hergestellt. Dank der langsamen G\u00e4rung und der Verwendung von Oliven\u00f6l erh\u00e4lt er eine einzigartige Knusprigkeit und zarte Struktur.  Bei uns wird er in der klassischen Version mit Tomaten, Mozzarella und frischem Basilikum serviert \u2013 eine Kombination, die seit Jahrhunderten die Essenz des italienischen Geschmacks ist.\" \/>\n<meta property=\"og:url\" content=\"https:\/\/deseopatisserie.com\/de\/produkt\/pizza-al-taglio-mozzarella\/\" \/>\n<meta property=\"og:site_name\" content=\"DESEO\" \/>\n<meta property=\"og:image\" content=\"https:\/\/deseopatisserie.com\/\/wp-content\/uploads\/2025\/03\/b7fc54575ac758d619177328c9165978.jpg\" \/>\n\t<meta property=\"og:image:width\" content=\"1500\" \/>\n\t<meta property=\"og:image:height\" content=\"1000\" \/>\n\t<meta property=\"og:image:type\" content=\"image\/jpeg\" \/>\n<meta name=\"twitter:card\" content=\"summary_large_image\" \/>\n<script type=\"application\/ld+json\" class=\"yoast-schema-graph\">{\"@context\":\"https:\\\/\\\/schema.org\",\"@graph\":[{\"@type\":\"WebPage\",\"@id\":\"https:\\\/\\\/deseopatisserie.com\\\/de\\\/produkt\\\/pizza-al-taglio-mozzarella\\\/\",\"url\":\"https:\\\/\\\/deseopatisserie.com\\\/de\\\/produkt\\\/pizza-al-taglio-mozzarella\\\/\",\"name\":\"Pizza al Taglio Mozzarella - Cukiernia DESEO Warszawa\",\"isPartOf\":{\"@id\":\"https:\\\/\\\/deseopatisserie.com\\\/de\\\/#website\"},\"primaryImageOfPage\":{\"@id\":\"https:\\\/\\\/deseopatisserie.com\\\/de\\\/produkt\\\/pizza-al-taglio-mozzarella\\\/#primaryimage\"},\"image\":{\"@id\":\"https:\\\/\\\/deseopatisserie.com\\\/de\\\/produkt\\\/pizza-al-taglio-mozzarella\\\/#primaryimage\"},\"thumbnailUrl\":\"https:\\\/\\\/deseopatisserie.com\\\/\\\/wp-content\\\/uploads\\\/2025\\\/03\\\/b7fc54575ac758d619177328c9165978.jpg\",\"datePublished\":\"2025-03-27T14:20:03+00:00\",\"breadcrumb\":{\"@id\":\"https:\\\/\\\/deseopatisserie.com\\\/de\\\/produkt\\\/pizza-al-taglio-mozzarella\\\/#breadcrumb\"},\"inLanguage\":\"de\",\"potentialAction\":[{\"@type\":\"ReadAction\",\"target\":[\"https:\\\/\\\/deseopatisserie.com\\\/de\\\/produkt\\\/pizza-al-taglio-mozzarella\\\/\"]}]},{\"@type\":\"ImageObject\",\"inLanguage\":\"de\",\"@id\":\"https:\\\/\\\/deseopatisserie.com\\\/de\\\/produkt\\\/pizza-al-taglio-mozzarella\\\/#primaryimage\",\"url\":\"https:\\\/\\\/deseopatisserie.com\\\/\\\/wp-content\\\/uploads\\\/2025\\\/03\\\/b7fc54575ac758d619177328c9165978.jpg\",\"contentUrl\":\"https:\\\/\\\/deseopatisserie.com\\\/\\\/wp-content\\\/uploads\\\/2025\\\/03\\\/b7fc54575ac758d619177328c9165978.jpg\",\"width\":1500,\"height\":1000},{\"@type\":\"BreadcrumbList\",\"@id\":\"https:\\\/\\\/deseopatisserie.com\\\/de\\\/produkt\\\/pizza-al-taglio-mozzarella\\\/#breadcrumb\",\"itemListElement\":[{\"@type\":\"ListItem\",\"position\":1,\"name\":\"Strona g\u0142\u00f3wna\",\"item\":\"https:\\\/\\\/deseopatisserie.com\\\/de\\\/homepage\\\/\"},{\"@type\":\"ListItem\",\"position\":2,\"name\":\"Pizza al Taglio Mozzarella\"}]},{\"@type\":\"WebSite\",\"@id\":\"https:\\\/\\\/deseopatisserie.com\\\/de\\\/#website\",\"url\":\"https:\\\/\\\/deseopatisserie.com\\\/de\\\/\",\"name\":\"DESEO\",\"description\":\"Patisserie &amp; Chocolaterie\",\"potentialAction\":[{\"@type\":\"SearchAction\",\"target\":{\"@type\":\"EntryPoint\",\"urlTemplate\":\"https:\\\/\\\/deseopatisserie.com\\\/de\\\/?s={search_term_string}\"},\"query-input\":{\"@type\":\"PropertyValueSpecification\",\"valueRequired\":true,\"valueName\":\"search_term_string\"}}],\"inLanguage\":\"de\"}]}<\/script>\n<!-- \/ Yoast SEO plugin. -->","yoast_head_json":{"title":"Pizza al Taglio Mozzarella - Cukiernia DESEO Warszawa","robots":{"index":"index","follow":"follow","max-snippet":"max-snippet:-1","max-image-preview":"max-image-preview:large","max-video-preview":"max-video-preview:-1"},"canonical":"https:\/\/deseopatisserie.com\/de\/produkt\/pizza-al-taglio-mozzarella\/","og_locale":"de_DE","og_type":"article","og_title":"Pizza al Taglio Mozzarella - Cukiernia DESEO Warszawa","og_description":"Tomaten \/ Mozzarella \/ Basilikum Preis pro St\u00fcck: 10 x 15 cm Pizza al taglio ist eine Pizza, die ihren Ursprung in Rom hat und dort sehr beliebt ist. Bei uns wird der Teig daf\u00fcr auf der Basis von zwei verschiedenen Mehlen hergestellt. Dank der langsamen G\u00e4rung und der Verwendung von Oliven\u00f6l erh\u00e4lt er eine einzigartige Knusprigkeit und zarte Struktur.  Bei uns wird er in der klassischen Version mit Tomaten, Mozzarella und frischem Basilikum serviert \u2013 eine Kombination, die seit Jahrhunderten die Essenz des italienischen Geschmacks ist.","og_url":"https:\/\/deseopatisserie.com\/de\/produkt\/pizza-al-taglio-mozzarella\/","og_site_name":"DESEO","og_image":[{"width":1500,"height":1000,"url":"https:\/\/deseopatisserie.com\/\/wp-content\/uploads\/2025\/03\/b7fc54575ac758d619177328c9165978.jpg","type":"image\/jpeg"}],"twitter_card":"summary_large_image","schema":{"@context":"https:\/\/schema.org","@graph":[{"@type":"WebPage","@id":"https:\/\/deseopatisserie.com\/de\/produkt\/pizza-al-taglio-mozzarella\/","url":"https:\/\/deseopatisserie.com\/de\/produkt\/pizza-al-taglio-mozzarella\/","name":"Pizza al Taglio Mozzarella - Cukiernia DESEO Warszawa","isPartOf":{"@id":"https:\/\/deseopatisserie.com\/de\/#website"},"primaryImageOfPage":{"@id":"https:\/\/deseopatisserie.com\/de\/produkt\/pizza-al-taglio-mozzarella\/#primaryimage"},"image":{"@id":"https:\/\/deseopatisserie.com\/de\/produkt\/pizza-al-taglio-mozzarella\/#primaryimage"},"thumbnailUrl":"https:\/\/deseopatisserie.com\/\/wp-content\/uploads\/2025\/03\/b7fc54575ac758d619177328c9165978.jpg","datePublished":"2025-03-27T14:20:03+00:00","breadcrumb":{"@id":"https:\/\/deseopatisserie.com\/de\/produkt\/pizza-al-taglio-mozzarella\/#breadcrumb"},"inLanguage":"de","potentialAction":[{"@type":"ReadAction","target":["https:\/\/deseopatisserie.com\/de\/produkt\/pizza-al-taglio-mozzarella\/"]}]},{"@type":"ImageObject","inLanguage":"de","@id":"https:\/\/deseopatisserie.com\/de\/produkt\/pizza-al-taglio-mozzarella\/#primaryimage","url":"https:\/\/deseopatisserie.com\/\/wp-content\/uploads\/2025\/03\/b7fc54575ac758d619177328c9165978.jpg","contentUrl":"https:\/\/deseopatisserie.com\/\/wp-content\/uploads\/2025\/03\/b7fc54575ac758d619177328c9165978.jpg","width":1500,"height":1000},{"@type":"BreadcrumbList","@id":"https:\/\/deseopatisserie.com\/de\/produkt\/pizza-al-taglio-mozzarella\/#breadcrumb","itemListElement":[{"@type":"ListItem","position":1,"name":"Strona g\u0142\u00f3wna","item":"https:\/\/deseopatisserie.com\/de\/homepage\/"},{"@type":"ListItem","position":2,"name":"Pizza al Taglio Mozzarella"}]},{"@type":"WebSite","@id":"https:\/\/deseopatisserie.com\/de\/#website","url":"https:\/\/deseopatisserie.com\/de\/","name":"DESEO","description":"Patisserie &amp; Chocolaterie","potentialAction":[{"@type":"SearchAction","target":{"@type":"EntryPoint","urlTemplate":"https:\/\/deseopatisserie.com\/de\/?s={search_term_string}"},"query-input":{"@type":"PropertyValueSpecification","valueRequired":true,"valueName":"search_term_string"}}],"inLanguage":"de"}]}},"_links":{"self":[{"href":"https:\/\/deseopatisserie.com\/de\/wp-json\/wp\/v2\/product\/107684","targetHints":{"allow":["GET"]}}],"collection":[{"href":"https:\/\/deseopatisserie.com\/de\/wp-json\/wp\/v2\/product"}],"about":[{"href":"https:\/\/deseopatisserie.com\/de\/wp-json\/wp\/v2\/types\/product"}],"wp:featuredmedia":[{"embeddable":true,"href":"https:\/\/deseopatisserie.com\/de\/wp-json\/wp\/v2\/media\/106804"}],"wp:attachment":[{"href":"https:\/\/deseopatisserie.com\/de\/wp-json\/wp\/v2\/media?parent=107684"}],"wp:term":[{"taxonomy":"product_brand","embeddable":true,"href":"https:\/\/deseopatisserie.com\/de\/wp-json\/wp\/v2\/product_brand?post=107684"},{"taxonomy":"product_cat","embeddable":true,"href":"https:\/\/deseopatisserie.com\/de\/wp-json\/wp\/v2\/product_cat?post=107684"},{"taxonomy":"product_tag","embeddable":true,"href":"https:\/\/deseopatisserie.com\/de\/wp-json\/wp\/v2\/product_tag?post=107684"}],"curies":[{"name":"wp","href":"https:\/\/api.w.org\/{rel}","templated":true}]}}