{"id":107682,"date":"2025-03-27T14:38:57","date_gmt":"2025-03-27T13:38:57","guid":{"rendered":"https:\/\/deseopatisserie.com\/produkt\/klassische-focaccia\/"},"modified":"2025-03-27T14:38:57","modified_gmt":"2025-03-27T13:38:57","slug":"klassische-focaccia","status":"publish","type":"product","link":"https:\/\/deseopatisserie.com\/de\/produkt\/klassische-focaccia\/","title":{"rendered":"Klassische Focaccia"},"content":{"rendered":"","protected":false},"excerpt":{"rendered":"<p>Salz \/ Rosmarin<\/p>\n<p>Preis pro St\u00fcck: 10 x 15 cm<\/p>\n<p>Focaccia ist eines der bekanntesten Geb\u00e4cke der italienischen K\u00fcche, das aus der Region Ligurien stammt. Das zart knusprige und dennoch weiche Brot war bereits in der Antike bekannt und geh\u00f6rte zum Grundnahrungsmittel von Seefahrern und Bauern. <\/p>\n<p>Der Teig in unserer Focaccia zeichnet sich durch seine fluffige Struktur, die knusprige Kruste und das saftige, zarte Fruchtfleisch aus. Dank der Verwendung von Oliven\u00f6l ist es extrem aromatisch und sein Geschmack macht sich bei jedem Bissen angenehm bemerkbar. In der klassischen Version wird Focaccia mit Rosmarin und Meersalz angereichert, die ihren charakteristischen, leicht olivenartigen Geschmack betonen.  <\/p>\n","protected":false},"featured_media":106718,"template":"","meta":{"_acf_changed":false},"product_brand":[],"product_cat":[1715],"product_tag":[],"class_list":{"0":"post-107682","1":"product","2":"type-product","3":"status-publish","4":"has-post-thumbnail","6":"product_cat-uncategorized","8":"first","9":"instock","10":"taxable","11":"shipping-taxable","12":"product-type-external"},"acf":[],"yoast_head":"<!-- This site is optimized with the Yoast SEO plugin v27.4 - https:\/\/yoast.com\/product\/yoast-seo-wordpress\/ -->\n<title>Klassische Focaccia - Cukiernia DESEO Warszawa<\/title>\n<meta name=\"robots\" content=\"index, follow, max-snippet:-1, max-image-preview:large, max-video-preview:-1\" \/>\n<link rel=\"canonical\" href=\"https:\/\/deseopatisserie.com\/de\/produkt\/klassische-focaccia\/\" \/>\n<meta property=\"og:locale\" content=\"de_DE\" \/>\n<meta property=\"og:type\" content=\"article\" \/>\n<meta property=\"og:title\" content=\"Klassische Focaccia - Cukiernia DESEO Warszawa\" \/>\n<meta property=\"og:description\" content=\"Salz \/ Rosmarin Preis pro St\u00fcck: 10 x 15 cm Focaccia ist eines der bekanntesten Geb\u00e4cke der italienischen K\u00fcche, das aus der Region Ligurien stammt. Das zart knusprige und dennoch weiche Brot war bereits in der Antike bekannt und geh\u00f6rte zum Grundnahrungsmittel von Seefahrern und Bauern.  Der Teig in unserer Focaccia zeichnet sich durch seine fluffige Struktur, die knusprige Kruste und das saftige, zarte Fruchtfleisch aus. Dank der Verwendung von Oliven\u00f6l ist es extrem aromatisch und sein Geschmack macht sich bei jedem Bissen angenehm bemerkbar. In der klassischen Version wird Focaccia mit Rosmarin und Meersalz angereichert, die ihren charakteristischen, leicht olivenartigen Geschmack betonen.\" \/>\n<meta property=\"og:url\" content=\"https:\/\/deseopatisserie.com\/de\/produkt\/klassische-focaccia\/\" \/>\n<meta property=\"og:site_name\" content=\"DESEO\" \/>\n<meta property=\"og:image\" content=\"https:\/\/deseopatisserie.com\/\/wp-content\/uploads\/2025\/03\/FOCACCIA_klasyczna-2-1024x683.jpg\" \/>\n\t<meta property=\"og:image:width\" content=\"1024\" \/>\n\t<meta property=\"og:image:height\" content=\"683\" \/>\n\t<meta property=\"og:image:type\" content=\"image\/jpeg\" \/>\n<meta name=\"twitter:card\" content=\"summary_large_image\" \/>\n<script type=\"application\/ld+json\" class=\"yoast-schema-graph\">{\"@context\":\"https:\\\/\\\/schema.org\",\"@graph\":[{\"@type\":\"WebPage\",\"@id\":\"https:\\\/\\\/deseopatisserie.com\\\/de\\\/produkt\\\/klassische-focaccia\\\/\",\"url\":\"https:\\\/\\\/deseopatisserie.com\\\/de\\\/produkt\\\/klassische-focaccia\\\/\",\"name\":\"Klassische Focaccia - Cukiernia DESEO Warszawa\",\"isPartOf\":{\"@id\":\"https:\\\/\\\/deseopatisserie.com\\\/de\\\/#website\"},\"primaryImageOfPage\":{\"@id\":\"https:\\\/\\\/deseopatisserie.com\\\/de\\\/produkt\\\/klassische-focaccia\\\/#primaryimage\"},\"image\":{\"@id\":\"https:\\\/\\\/deseopatisserie.com\\\/de\\\/produkt\\\/klassische-focaccia\\\/#primaryimage\"},\"thumbnailUrl\":\"https:\\\/\\\/deseopatisserie.com\\\/\\\/wp-content\\\/uploads\\\/2025\\\/03\\\/FOCACCIA_klasyczna-2.jpg\",\"datePublished\":\"2025-03-27T13:38:57+00:00\",\"breadcrumb\":{\"@id\":\"https:\\\/\\\/deseopatisserie.com\\\/de\\\/produkt\\\/klassische-focaccia\\\/#breadcrumb\"},\"inLanguage\":\"de\",\"potentialAction\":[{\"@type\":\"ReadAction\",\"target\":[\"https:\\\/\\\/deseopatisserie.com\\\/de\\\/produkt\\\/klassische-focaccia\\\/\"]}]},{\"@type\":\"ImageObject\",\"inLanguage\":\"de\",\"@id\":\"https:\\\/\\\/deseopatisserie.com\\\/de\\\/produkt\\\/klassische-focaccia\\\/#primaryimage\",\"url\":\"https:\\\/\\\/deseopatisserie.com\\\/\\\/wp-content\\\/uploads\\\/2025\\\/03\\\/FOCACCIA_klasyczna-2.jpg\",\"contentUrl\":\"https:\\\/\\\/deseopatisserie.com\\\/\\\/wp-content\\\/uploads\\\/2025\\\/03\\\/FOCACCIA_klasyczna-2.jpg\",\"width\":2500,\"height\":1667,\"caption\":\"FOCACCIA klasyczna\"},{\"@type\":\"BreadcrumbList\",\"@id\":\"https:\\\/\\\/deseopatisserie.com\\\/de\\\/produkt\\\/klassische-focaccia\\\/#breadcrumb\",\"itemListElement\":[{\"@type\":\"ListItem\",\"position\":1,\"name\":\"Strona g\u0142\u00f3wna\",\"item\":\"https:\\\/\\\/deseopatisserie.com\\\/de\\\/homepage\\\/\"},{\"@type\":\"ListItem\",\"position\":2,\"name\":\"Klassische Focaccia\"}]},{\"@type\":\"WebSite\",\"@id\":\"https:\\\/\\\/deseopatisserie.com\\\/de\\\/#website\",\"url\":\"https:\\\/\\\/deseopatisserie.com\\\/de\\\/\",\"name\":\"DESEO\",\"description\":\"Patisserie &amp; Chocolaterie\",\"potentialAction\":[{\"@type\":\"SearchAction\",\"target\":{\"@type\":\"EntryPoint\",\"urlTemplate\":\"https:\\\/\\\/deseopatisserie.com\\\/de\\\/?s={search_term_string}\"},\"query-input\":{\"@type\":\"PropertyValueSpecification\",\"valueRequired\":true,\"valueName\":\"search_term_string\"}}],\"inLanguage\":\"de\"}]}<\/script>\n<!-- \/ Yoast SEO plugin. -->","yoast_head_json":{"title":"Klassische Focaccia - Cukiernia DESEO Warszawa","robots":{"index":"index","follow":"follow","max-snippet":"max-snippet:-1","max-image-preview":"max-image-preview:large","max-video-preview":"max-video-preview:-1"},"canonical":"https:\/\/deseopatisserie.com\/de\/produkt\/klassische-focaccia\/","og_locale":"de_DE","og_type":"article","og_title":"Klassische Focaccia - Cukiernia DESEO Warszawa","og_description":"Salz \/ Rosmarin Preis pro St\u00fcck: 10 x 15 cm Focaccia ist eines der bekanntesten Geb\u00e4cke der italienischen K\u00fcche, das aus der Region Ligurien stammt. Das zart knusprige und dennoch weiche Brot war bereits in der Antike bekannt und geh\u00f6rte zum Grundnahrungsmittel von Seefahrern und Bauern.  Der Teig in unserer Focaccia zeichnet sich durch seine fluffige Struktur, die knusprige Kruste und das saftige, zarte Fruchtfleisch aus. Dank der Verwendung von Oliven\u00f6l ist es extrem aromatisch und sein Geschmack macht sich bei jedem Bissen angenehm bemerkbar. In der klassischen Version wird Focaccia mit Rosmarin und Meersalz angereichert, die ihren charakteristischen, leicht olivenartigen Geschmack betonen.","og_url":"https:\/\/deseopatisserie.com\/de\/produkt\/klassische-focaccia\/","og_site_name":"DESEO","og_image":[{"width":1024,"height":683,"url":"https:\/\/deseopatisserie.com\/\/wp-content\/uploads\/2025\/03\/FOCACCIA_klasyczna-2-1024x683.jpg","type":"image\/jpeg"}],"twitter_card":"summary_large_image","schema":{"@context":"https:\/\/schema.org","@graph":[{"@type":"WebPage","@id":"https:\/\/deseopatisserie.com\/de\/produkt\/klassische-focaccia\/","url":"https:\/\/deseopatisserie.com\/de\/produkt\/klassische-focaccia\/","name":"Klassische Focaccia - Cukiernia DESEO Warszawa","isPartOf":{"@id":"https:\/\/deseopatisserie.com\/de\/#website"},"primaryImageOfPage":{"@id":"https:\/\/deseopatisserie.com\/de\/produkt\/klassische-focaccia\/#primaryimage"},"image":{"@id":"https:\/\/deseopatisserie.com\/de\/produkt\/klassische-focaccia\/#primaryimage"},"thumbnailUrl":"https:\/\/deseopatisserie.com\/\/wp-content\/uploads\/2025\/03\/FOCACCIA_klasyczna-2.jpg","datePublished":"2025-03-27T13:38:57+00:00","breadcrumb":{"@id":"https:\/\/deseopatisserie.com\/de\/produkt\/klassische-focaccia\/#breadcrumb"},"inLanguage":"de","potentialAction":[{"@type":"ReadAction","target":["https:\/\/deseopatisserie.com\/de\/produkt\/klassische-focaccia\/"]}]},{"@type":"ImageObject","inLanguage":"de","@id":"https:\/\/deseopatisserie.com\/de\/produkt\/klassische-focaccia\/#primaryimage","url":"https:\/\/deseopatisserie.com\/\/wp-content\/uploads\/2025\/03\/FOCACCIA_klasyczna-2.jpg","contentUrl":"https:\/\/deseopatisserie.com\/\/wp-content\/uploads\/2025\/03\/FOCACCIA_klasyczna-2.jpg","width":2500,"height":1667,"caption":"FOCACCIA klasyczna"},{"@type":"BreadcrumbList","@id":"https:\/\/deseopatisserie.com\/de\/produkt\/klassische-focaccia\/#breadcrumb","itemListElement":[{"@type":"ListItem","position":1,"name":"Strona g\u0142\u00f3wna","item":"https:\/\/deseopatisserie.com\/de\/homepage\/"},{"@type":"ListItem","position":2,"name":"Klassische Focaccia"}]},{"@type":"WebSite","@id":"https:\/\/deseopatisserie.com\/de\/#website","url":"https:\/\/deseopatisserie.com\/de\/","name":"DESEO","description":"Patisserie &amp; Chocolaterie","potentialAction":[{"@type":"SearchAction","target":{"@type":"EntryPoint","urlTemplate":"https:\/\/deseopatisserie.com\/de\/?s={search_term_string}"},"query-input":{"@type":"PropertyValueSpecification","valueRequired":true,"valueName":"search_term_string"}}],"inLanguage":"de"}]}},"_links":{"self":[{"href":"https:\/\/deseopatisserie.com\/de\/wp-json\/wp\/v2\/product\/107682","targetHints":{"allow":["GET"]}}],"collection":[{"href":"https:\/\/deseopatisserie.com\/de\/wp-json\/wp\/v2\/product"}],"about":[{"href":"https:\/\/deseopatisserie.com\/de\/wp-json\/wp\/v2\/types\/product"}],"wp:featuredmedia":[{"embeddable":true,"href":"https:\/\/deseopatisserie.com\/de\/wp-json\/wp\/v2\/media\/106718"}],"wp:attachment":[{"href":"https:\/\/deseopatisserie.com\/de\/wp-json\/wp\/v2\/media?parent=107682"}],"wp:term":[{"taxonomy":"product_brand","embeddable":true,"href":"https:\/\/deseopatisserie.com\/de\/wp-json\/wp\/v2\/product_brand?post=107682"},{"taxonomy":"product_cat","embeddable":true,"href":"https:\/\/deseopatisserie.com\/de\/wp-json\/wp\/v2\/product_cat?post=107682"},{"taxonomy":"product_tag","embeddable":true,"href":"https:\/\/deseopatisserie.com\/de\/wp-json\/wp\/v2\/product_tag?post=107682"}],"curies":[{"name":"wp","href":"https:\/\/api.w.org\/{rel}","templated":true}]}}