{"id":107678,"date":"2025-03-27T15:11:18","date_gmt":"2025-03-27T14:11:18","guid":{"rendered":"https:\/\/deseopatisserie.com\/produkt\/focaccia-alla-brese\/"},"modified":"2025-03-27T15:11:18","modified_gmt":"2025-03-27T14:11:18","slug":"focaccia-alla-brese","status":"publish","type":"product","link":"https:\/\/deseopatisserie.com\/de\/produkt\/focaccia-alla-brese\/","title":{"rendered":"Focaccia alla brese"},"content":{"rendered":"","protected":false},"excerpt":{"rendered":"<p>Tomaten \/ Salz \/ Rosmarin<\/p>\n<p>Preis pro St\u00fcck: 10 x 15 cm<\/p>\n<p>In ihrer traditionellsten Version wird die Focaccia alla Barese unter Zusatz von saftigen, ger\u00f6steten Tomaten, Meersalz und aromatischem Rosmarin gebacken. Die Tomaten karamellisieren w\u00e4hrend des Backens und verleihen dem Geb\u00e4ck einen leicht s\u00fc\u00dflichen Nachgeschmack, der perfekt mit der goldenen, knusprigen Focaccia-Kruste harmoniert. Oliven\u00f6l bereichert nicht nur den Geschmack, sondern h\u00e4lt den Kuchen auch innen saftig und zart. Es ist die perfekte Wahl f\u00fcr Liebhaber der Einfachheit, bei denen die Qualit\u00e4t und der Geschmack der Zutaten z\u00e4hlen.   <\/p>\n","protected":false},"featured_media":106780,"template":"","meta":{"_acf_changed":false},"product_brand":[],"product_cat":[1715],"product_tag":[],"class_list":{"0":"post-107678","1":"product","2":"type-product","3":"status-publish","4":"has-post-thumbnail","6":"product_cat-uncategorized","8":"first","9":"instock","10":"taxable","11":"shipping-taxable","12":"product-type-external"},"acf":[],"yoast_head":"<!-- This site is optimized with the Yoast SEO plugin v27.4 - https:\/\/yoast.com\/product\/yoast-seo-wordpress\/ -->\n<title>Focaccia alla brese - Cukiernia DESEO Warszawa<\/title>\n<meta name=\"robots\" content=\"index, follow, max-snippet:-1, max-image-preview:large, max-video-preview:-1\" \/>\n<link rel=\"canonical\" href=\"https:\/\/deseopatisserie.com\/de\/produkt\/focaccia-alla-brese\/\" \/>\n<meta property=\"og:locale\" content=\"de_DE\" \/>\n<meta property=\"og:type\" content=\"article\" \/>\n<meta property=\"og:title\" content=\"Focaccia alla brese - Cukiernia DESEO Warszawa\" \/>\n<meta property=\"og:description\" content=\"Tomaten \/ Salz \/ Rosmarin Preis pro St\u00fcck: 10 x 15 cm In ihrer traditionellsten Version wird die Focaccia alla Barese unter Zusatz von saftigen, ger\u00f6steten Tomaten, Meersalz und aromatischem Rosmarin gebacken. Die Tomaten karamellisieren w\u00e4hrend des Backens und verleihen dem Geb\u00e4ck einen leicht s\u00fc\u00dflichen Nachgeschmack, der perfekt mit der goldenen, knusprigen Focaccia-Kruste harmoniert. Oliven\u00f6l bereichert nicht nur den Geschmack, sondern h\u00e4lt den Kuchen auch innen saftig und zart. Es ist die perfekte Wahl f\u00fcr Liebhaber der Einfachheit, bei denen die Qualit\u00e4t und der Geschmack der Zutaten z\u00e4hlen.\" \/>\n<meta property=\"og:url\" content=\"https:\/\/deseopatisserie.com\/de\/produkt\/focaccia-alla-brese\/\" \/>\n<meta property=\"og:site_name\" content=\"DESEO\" \/>\n<meta property=\"og:image\" content=\"https:\/\/deseopatisserie.com\/\/wp-content\/uploads\/2025\/03\/FOCACCIA-BARESE-POMIDORKI-KOKTAJLOWE-1-1024x683.jpg\" \/>\n\t<meta property=\"og:image:width\" content=\"1024\" \/>\n\t<meta property=\"og:image:height\" content=\"683\" \/>\n\t<meta property=\"og:image:type\" content=\"image\/jpeg\" \/>\n<meta name=\"twitter:card\" content=\"summary_large_image\" \/>\n<script type=\"application\/ld+json\" class=\"yoast-schema-graph\">{\"@context\":\"https:\\\/\\\/schema.org\",\"@graph\":[{\"@type\":\"WebPage\",\"@id\":\"https:\\\/\\\/deseopatisserie.com\\\/de\\\/produkt\\\/focaccia-alla-brese\\\/\",\"url\":\"https:\\\/\\\/deseopatisserie.com\\\/de\\\/produkt\\\/focaccia-alla-brese\\\/\",\"name\":\"Focaccia alla brese - Cukiernia DESEO Warszawa\",\"isPartOf\":{\"@id\":\"https:\\\/\\\/deseopatisserie.com\\\/de\\\/#website\"},\"primaryImageOfPage\":{\"@id\":\"https:\\\/\\\/deseopatisserie.com\\\/de\\\/produkt\\\/focaccia-alla-brese\\\/#primaryimage\"},\"image\":{\"@id\":\"https:\\\/\\\/deseopatisserie.com\\\/de\\\/produkt\\\/focaccia-alla-brese\\\/#primaryimage\"},\"thumbnailUrl\":\"https:\\\/\\\/deseopatisserie.com\\\/\\\/wp-content\\\/uploads\\\/2025\\\/03\\\/FOCACCIA-BARESE-POMIDORKI-KOKTAJLOWE-1.jpg\",\"datePublished\":\"2025-03-27T14:11:18+00:00\",\"breadcrumb\":{\"@id\":\"https:\\\/\\\/deseopatisserie.com\\\/de\\\/produkt\\\/focaccia-alla-brese\\\/#breadcrumb\"},\"inLanguage\":\"de\",\"potentialAction\":[{\"@type\":\"ReadAction\",\"target\":[\"https:\\\/\\\/deseopatisserie.com\\\/de\\\/produkt\\\/focaccia-alla-brese\\\/\"]}]},{\"@type\":\"ImageObject\",\"inLanguage\":\"de\",\"@id\":\"https:\\\/\\\/deseopatisserie.com\\\/de\\\/produkt\\\/focaccia-alla-brese\\\/#primaryimage\",\"url\":\"https:\\\/\\\/deseopatisserie.com\\\/\\\/wp-content\\\/uploads\\\/2025\\\/03\\\/FOCACCIA-BARESE-POMIDORKI-KOKTAJLOWE-1.jpg\",\"contentUrl\":\"https:\\\/\\\/deseopatisserie.com\\\/\\\/wp-content\\\/uploads\\\/2025\\\/03\\\/FOCACCIA-BARESE-POMIDORKI-KOKTAJLOWE-1.jpg\",\"width\":2500,\"height\":1667,\"caption\":\"FOCACCIA BARESE POMIDORKI KOKTAJLOWE\"},{\"@type\":\"BreadcrumbList\",\"@id\":\"https:\\\/\\\/deseopatisserie.com\\\/de\\\/produkt\\\/focaccia-alla-brese\\\/#breadcrumb\",\"itemListElement\":[{\"@type\":\"ListItem\",\"position\":1,\"name\":\"Strona g\u0142\u00f3wna\",\"item\":\"https:\\\/\\\/deseopatisserie.com\\\/de\\\/homepage\\\/\"},{\"@type\":\"ListItem\",\"position\":2,\"name\":\"Focaccia alla brese\"}]},{\"@type\":\"WebSite\",\"@id\":\"https:\\\/\\\/deseopatisserie.com\\\/de\\\/#website\",\"url\":\"https:\\\/\\\/deseopatisserie.com\\\/de\\\/\",\"name\":\"DESEO\",\"description\":\"Patisserie &amp; Chocolaterie\",\"potentialAction\":[{\"@type\":\"SearchAction\",\"target\":{\"@type\":\"EntryPoint\",\"urlTemplate\":\"https:\\\/\\\/deseopatisserie.com\\\/de\\\/?s={search_term_string}\"},\"query-input\":{\"@type\":\"PropertyValueSpecification\",\"valueRequired\":true,\"valueName\":\"search_term_string\"}}],\"inLanguage\":\"de\"}]}<\/script>\n<!-- \/ Yoast SEO plugin. -->","yoast_head_json":{"title":"Focaccia alla brese - Cukiernia DESEO Warszawa","robots":{"index":"index","follow":"follow","max-snippet":"max-snippet:-1","max-image-preview":"max-image-preview:large","max-video-preview":"max-video-preview:-1"},"canonical":"https:\/\/deseopatisserie.com\/de\/produkt\/focaccia-alla-brese\/","og_locale":"de_DE","og_type":"article","og_title":"Focaccia alla brese - Cukiernia DESEO Warszawa","og_description":"Tomaten \/ Salz \/ Rosmarin Preis pro St\u00fcck: 10 x 15 cm In ihrer traditionellsten Version wird die Focaccia alla Barese unter Zusatz von saftigen, ger\u00f6steten Tomaten, Meersalz und aromatischem Rosmarin gebacken. Die Tomaten karamellisieren w\u00e4hrend des Backens und verleihen dem Geb\u00e4ck einen leicht s\u00fc\u00dflichen Nachgeschmack, der perfekt mit der goldenen, knusprigen Focaccia-Kruste harmoniert. Oliven\u00f6l bereichert nicht nur den Geschmack, sondern h\u00e4lt den Kuchen auch innen saftig und zart. Es ist die perfekte Wahl f\u00fcr Liebhaber der Einfachheit, bei denen die Qualit\u00e4t und der Geschmack der Zutaten z\u00e4hlen.","og_url":"https:\/\/deseopatisserie.com\/de\/produkt\/focaccia-alla-brese\/","og_site_name":"DESEO","og_image":[{"width":1024,"height":683,"url":"https:\/\/deseopatisserie.com\/\/wp-content\/uploads\/2025\/03\/FOCACCIA-BARESE-POMIDORKI-KOKTAJLOWE-1-1024x683.jpg","type":"image\/jpeg"}],"twitter_card":"summary_large_image","schema":{"@context":"https:\/\/schema.org","@graph":[{"@type":"WebPage","@id":"https:\/\/deseopatisserie.com\/de\/produkt\/focaccia-alla-brese\/","url":"https:\/\/deseopatisserie.com\/de\/produkt\/focaccia-alla-brese\/","name":"Focaccia alla brese - Cukiernia DESEO Warszawa","isPartOf":{"@id":"https:\/\/deseopatisserie.com\/de\/#website"},"primaryImageOfPage":{"@id":"https:\/\/deseopatisserie.com\/de\/produkt\/focaccia-alla-brese\/#primaryimage"},"image":{"@id":"https:\/\/deseopatisserie.com\/de\/produkt\/focaccia-alla-brese\/#primaryimage"},"thumbnailUrl":"https:\/\/deseopatisserie.com\/\/wp-content\/uploads\/2025\/03\/FOCACCIA-BARESE-POMIDORKI-KOKTAJLOWE-1.jpg","datePublished":"2025-03-27T14:11:18+00:00","breadcrumb":{"@id":"https:\/\/deseopatisserie.com\/de\/produkt\/focaccia-alla-brese\/#breadcrumb"},"inLanguage":"de","potentialAction":[{"@type":"ReadAction","target":["https:\/\/deseopatisserie.com\/de\/produkt\/focaccia-alla-brese\/"]}]},{"@type":"ImageObject","inLanguage":"de","@id":"https:\/\/deseopatisserie.com\/de\/produkt\/focaccia-alla-brese\/#primaryimage","url":"https:\/\/deseopatisserie.com\/\/wp-content\/uploads\/2025\/03\/FOCACCIA-BARESE-POMIDORKI-KOKTAJLOWE-1.jpg","contentUrl":"https:\/\/deseopatisserie.com\/\/wp-content\/uploads\/2025\/03\/FOCACCIA-BARESE-POMIDORKI-KOKTAJLOWE-1.jpg","width":2500,"height":1667,"caption":"FOCACCIA BARESE POMIDORKI KOKTAJLOWE"},{"@type":"BreadcrumbList","@id":"https:\/\/deseopatisserie.com\/de\/produkt\/focaccia-alla-brese\/#breadcrumb","itemListElement":[{"@type":"ListItem","position":1,"name":"Strona g\u0142\u00f3wna","item":"https:\/\/deseopatisserie.com\/de\/homepage\/"},{"@type":"ListItem","position":2,"name":"Focaccia alla brese"}]},{"@type":"WebSite","@id":"https:\/\/deseopatisserie.com\/de\/#website","url":"https:\/\/deseopatisserie.com\/de\/","name":"DESEO","description":"Patisserie &amp; Chocolaterie","potentialAction":[{"@type":"SearchAction","target":{"@type":"EntryPoint","urlTemplate":"https:\/\/deseopatisserie.com\/de\/?s={search_term_string}"},"query-input":{"@type":"PropertyValueSpecification","valueRequired":true,"valueName":"search_term_string"}}],"inLanguage":"de"}]}},"_links":{"self":[{"href":"https:\/\/deseopatisserie.com\/de\/wp-json\/wp\/v2\/product\/107678","targetHints":{"allow":["GET"]}}],"collection":[{"href":"https:\/\/deseopatisserie.com\/de\/wp-json\/wp\/v2\/product"}],"about":[{"href":"https:\/\/deseopatisserie.com\/de\/wp-json\/wp\/v2\/types\/product"}],"wp:featuredmedia":[{"embeddable":true,"href":"https:\/\/deseopatisserie.com\/de\/wp-json\/wp\/v2\/media\/106780"}],"wp:attachment":[{"href":"https:\/\/deseopatisserie.com\/de\/wp-json\/wp\/v2\/media?parent=107678"}],"wp:term":[{"taxonomy":"product_brand","embeddable":true,"href":"https:\/\/deseopatisserie.com\/de\/wp-json\/wp\/v2\/product_brand?post=107678"},{"taxonomy":"product_cat","embeddable":true,"href":"https:\/\/deseopatisserie.com\/de\/wp-json\/wp\/v2\/product_cat?post=107678"},{"taxonomy":"product_tag","embeddable":true,"href":"https:\/\/deseopatisserie.com\/de\/wp-json\/wp\/v2\/product_tag?post=107678"}],"curies":[{"name":"wp","href":"https:\/\/api.w.org\/{rel}","templated":true}]}}