{"id":107676,"date":"2025-03-21T11:11:07","date_gmt":"2025-03-21T10:11:07","guid":{"rendered":"https:\/\/deseopatisserie.com\/produkt\/osterkuchen\/"},"modified":"2025-03-21T11:11:07","modified_gmt":"2025-03-21T10:11:07","slug":"osterkuchen","status":"publish","type":"product","link":"https:\/\/deseopatisserie.com\/de\/produkt\/osterkuchen\/","title":{"rendered":"Osterkuchen"},"content":{"rendered":"","protected":false},"excerpt":{"rendered":"<p class=\"x_MsoNormal\" data-olk-copy-source=\"MessageBody\">Die Ostertorte ist ein total charmanter Deko-Vorschlag, der f\u00fcr das kommende Osterfest kreiert wurde. Es ist perfekt f\u00fcr den Ostertisch im Fr\u00fchling und weckt sowohl bei Kindern als auch bei Erwachsenen Freude! Es ist nicht nur ein leckerer Kuchenvorschlag, sondern auch eine sch\u00f6ne Vielfalt an Osterdekorationen. Der Osterkuchen ist auch ein sch\u00f6nes Angebot f\u00fcr das Osterfr\u00fchst\u00fcck \u2013 er zaubert sofort ein L\u00e4cheln auf die Gesichter Ihrer G\u00e4ste.   <\/p>\n<p class=\"x_MsoNormal\"><b>Sie k\u00f6nnen den Osterkuchen in Ihrer Lieblingssorte ausw\u00e4hlen \u2013 das Foto des Tortest\u00fccks ist nur ein Beispiel und Sie k\u00f6nnen einen Kuchen mit Lorena-Geschmack darauf sehen.<\/b><\/p>\n<p class=\"x_MsoNormal\"><b> <\/b>Nachfolgend finden Sie alle Geschmacksrichtungen, die f\u00fcr diese Dekoration verf\u00fcgbar sind:<\/p>\n<p><b>Azia 2.0<\/b> \u2013 wei\u00dfe Schokoladenmousse mit Ingwer und Kaffirlimettenbl\u00e4ttern \/ fl\u00fcssiges Inneres auf der Basis von Passionsfrucht, Mango und Calamansi mit frischen Ananasst\u00fccken \/ Kokosnussbiskuitkuchen \/ M\u00fcrbeteig mit ger\u00f6steter wei\u00dfer Schokolade<\/p>\n<p><b>Bella<\/b> \u2013 Himbeermousse \/ Himbeermarmelade mit Bergamotte \/ Mini-Vanille-K\u00e4sekuchen \/ zarter Joconde-Biskuitkuchen mit Limette<\/p>\n<p><b>Fresamore<\/b> \u2013 Chantilly-Mousse mit Bourbon-Vanille aus Madagaskar \/ wei\u00dfe Schokoladenchips mit Mandelbl\u00e4ttchen und gefriergetrockneten Erdbeeren \/ Spinat-Biskuitkuchen mit Orangenschale \/ Gelee mit ganzen Erdbeeren<\/p>\n<p class=\"x_MsoNormal\"><b>Lorena<\/b> \u2013 Bourbon-Mousse mit Vanille aus Madagaskar \/ Rotes Fruchtgelee \u2013 Erdbeere, Kirsche, Himbeere \/ Vanille-Namelaka-Creme \/ Vanille-Crisp \/ Vanille-Biskuitkuchen \/ Chantilly-Creme<\/p>\n<p><b>Nocciola<\/b> \u2013 Haselnussmousse \/ Namelaka-Creme mit Haselnussgeschmack \/ Haselnuss-Praline \/ Karamellcreme \/ Haselnuss-Milchschokoladen-Crisp \/ Haselnuss-Biskuitkuchen<\/p>\n<p class=\"x_MsoNormal\"><b>Opera<\/b> \u2013 Kaffeemousse \/ Schokoladenbohne \u2013 bis \u2013 Dominikana Zartbittermilchriegel 52% \/ Namelaka-Creme auf Basis von Karamellschokolade \/ knusprig knusprig knusprig mit Kaffeepraline \/ Joconde-Biskuit in Kaffeesirup getr\u00e4nkt mit Chopin-Lik\u00f6r<\/p>\n<p class=\"x_MsoNormal\"><b>Pistazie<\/b> \u2013 Pistazienmousse \/ Pistaziennamelaka \/ Pistazienpraline \/ knusprige Pistazien knusprig \/ Pistazienbiskuit<\/p>\n","protected":false},"featured_media":106298,"template":"","meta":{"_acf_changed":false},"product_brand":[],"product_cat":[2612,2698],"product_tag":[],"class_list":{"0":"post-107676","1":"product","2":"type-product","3":"status-publish","4":"has-post-thumbnail","6":"product_cat-kuchen","7":"product_cat-ostern","9":"first","10":"outofstock","11":"taxable","12":"shipping-taxable","13":"purchasable","14":"product-type-variable"},"acf":[],"yoast_head":"<!-- This site is optimized with the Yoast SEO plugin v27.5 - https:\/\/yoast.com\/product\/yoast-seo-wordpress\/ -->\n<title>Osterkuchen - Cukiernia DESEO Warszawa<\/title>\n<meta name=\"description\" content=\"Ostertorte - ein total charmanter Deko-Vorschlag, kreiert f\u00fcr das kommende Osterfest! Es wird alle G\u00e4ste begeistern!\" \/>\n<meta name=\"robots\" content=\"index, follow, max-snippet:-1, max-image-preview:large, max-video-preview:-1\" \/>\n<link rel=\"canonical\" href=\"https:\/\/deseopatisserie.com\/de\/produkt\/osterkuchen\/\" \/>\n<meta property=\"og:locale\" content=\"de_DE\" \/>\n<meta property=\"og:type\" content=\"article\" \/>\n<meta property=\"og:title\" content=\"Osterkuchen - DESEO\" \/>\n<meta property=\"og:description\" content=\"Die Ostertorte ist ein total charmanter Deko-Vorschlag, der f\u00fcr das kommende Osterfest kreiert wurde. Es ist perfekt f\u00fcr den Ostertisch im Fr\u00fchling und weckt sowohl bei Kindern als auch bei Erwachsenen Freude! Der Osterkuchen ist auch ein sch\u00f6nes Angebot f\u00fcr das Osterfr\u00fchst\u00fcck der Gesellschaft.\" \/>\n<meta property=\"og:url\" content=\"https:\/\/deseopatisserie.com\/de\/produkt\/osterkuchen\/\" \/>\n<meta property=\"og:site_name\" content=\"DESEO\" \/>\n<meta property=\"og:image\" content=\"https:\/\/deseopatisserie.com\/wp-content\/uploads\/2025\/03\/edfcd13d9be3cdd6e1d4fc7b1b2315d8-1024x683.jpg\" \/>\n<meta name=\"twitter:card\" content=\"summary_large_image\" \/>\n<script type=\"application\/ld+json\" class=\"yoast-schema-graph\">{\"@context\":\"https:\\\/\\\/schema.org\",\"@graph\":[{\"@type\":\"WebPage\",\"@id\":\"https:\\\/\\\/deseopatisserie.com\\\/de\\\/produkt\\\/osterkuchen\\\/\",\"url\":\"https:\\\/\\\/deseopatisserie.com\\\/de\\\/produkt\\\/osterkuchen\\\/\",\"name\":\"Osterkuchen - Cukiernia DESEO Warszawa\",\"isPartOf\":{\"@id\":\"https:\\\/\\\/deseopatisserie.com\\\/de\\\/#website\"},\"primaryImageOfPage\":{\"@id\":\"https:\\\/\\\/deseopatisserie.com\\\/de\\\/produkt\\\/osterkuchen\\\/#primaryimage\"},\"image\":{\"@id\":\"https:\\\/\\\/deseopatisserie.com\\\/de\\\/produkt\\\/osterkuchen\\\/#primaryimage\"},\"thumbnailUrl\":\"https:\\\/\\\/deseopatisserie.com\\\/\\\/wp-content\\\/uploads\\\/2025\\\/03\\\/edfcd13d9be3cdd6e1d4fc7b1b2315d8.jpg\",\"datePublished\":\"2025-03-21T10:11:07+00:00\",\"description\":\"Ostertorte - ein total charmanter Deko-Vorschlag, kreiert f\u00fcr das kommende Osterfest! Es wird alle G\u00e4ste begeistern!\",\"breadcrumb\":{\"@id\":\"https:\\\/\\\/deseopatisserie.com\\\/de\\\/produkt\\\/osterkuchen\\\/#breadcrumb\"},\"inLanguage\":\"de\",\"potentialAction\":[{\"@type\":\"ReadAction\",\"target\":[\"https:\\\/\\\/deseopatisserie.com\\\/de\\\/produkt\\\/osterkuchen\\\/\"]}]},{\"@type\":\"ImageObject\",\"inLanguage\":\"de\",\"@id\":\"https:\\\/\\\/deseopatisserie.com\\\/de\\\/produkt\\\/osterkuchen\\\/#primaryimage\",\"url\":\"https:\\\/\\\/deseopatisserie.com\\\/\\\/wp-content\\\/uploads\\\/2025\\\/03\\\/edfcd13d9be3cdd6e1d4fc7b1b2315d8.jpg\",\"contentUrl\":\"https:\\\/\\\/deseopatisserie.com\\\/\\\/wp-content\\\/uploads\\\/2025\\\/03\\\/edfcd13d9be3cdd6e1d4fc7b1b2315d8.jpg\",\"width\":2250,\"height\":1500,\"caption\":\"DESEO Tort Wielkanocny\"},{\"@type\":\"BreadcrumbList\",\"@id\":\"https:\\\/\\\/deseopatisserie.com\\\/de\\\/produkt\\\/osterkuchen\\\/#breadcrumb\",\"itemListElement\":[{\"@type\":\"ListItem\",\"position\":1,\"name\":\"Strona g\u0142\u00f3wna\",\"item\":\"https:\\\/\\\/deseopatisserie.com\\\/de\\\/homepage\\\/\"},{\"@type\":\"ListItem\",\"position\":2,\"name\":\"Osterkuchen\"}]},{\"@type\":\"WebSite\",\"@id\":\"https:\\\/\\\/deseopatisserie.com\\\/de\\\/#website\",\"url\":\"https:\\\/\\\/deseopatisserie.com\\\/de\\\/\",\"name\":\"DESEO\",\"description\":\"Patisserie &amp; Chocolaterie\",\"potentialAction\":[{\"@type\":\"SearchAction\",\"target\":{\"@type\":\"EntryPoint\",\"urlTemplate\":\"https:\\\/\\\/deseopatisserie.com\\\/de\\\/?s={search_term_string}\"},\"query-input\":{\"@type\":\"PropertyValueSpecification\",\"valueRequired\":true,\"valueName\":\"search_term_string\"}}],\"inLanguage\":\"de\"}]}<\/script>\n<!-- \/ Yoast SEO plugin. -->","yoast_head_json":{"title":"Osterkuchen - Cukiernia DESEO Warszawa","description":"Ostertorte - ein total charmanter Deko-Vorschlag, kreiert f\u00fcr das kommende Osterfest! Es wird alle G\u00e4ste begeistern!","robots":{"index":"index","follow":"follow","max-snippet":"max-snippet:-1","max-image-preview":"max-image-preview:large","max-video-preview":"max-video-preview:-1"},"canonical":"https:\/\/deseopatisserie.com\/de\/produkt\/osterkuchen\/","og_locale":"de_DE","og_type":"article","og_title":"Osterkuchen - DESEO","og_description":"Die Ostertorte ist ein total charmanter Deko-Vorschlag, der f\u00fcr das kommende Osterfest kreiert wurde. Es ist perfekt f\u00fcr den Ostertisch im Fr\u00fchling und weckt sowohl bei Kindern als auch bei Erwachsenen Freude! Der Osterkuchen ist auch ein sch\u00f6nes Angebot f\u00fcr das Osterfr\u00fchst\u00fcck der Gesellschaft.","og_url":"https:\/\/deseopatisserie.com\/de\/produkt\/osterkuchen\/","og_site_name":"DESEO","og_image":[{"url":"https:\/\/deseopatisserie.com\/wp-content\/uploads\/2025\/03\/edfcd13d9be3cdd6e1d4fc7b1b2315d8-1024x683.jpg","type":"","width":"","height":""}],"twitter_card":"summary_large_image","schema":{"@context":"https:\/\/schema.org","@graph":[{"@type":"WebPage","@id":"https:\/\/deseopatisserie.com\/de\/produkt\/osterkuchen\/","url":"https:\/\/deseopatisserie.com\/de\/produkt\/osterkuchen\/","name":"Osterkuchen - Cukiernia DESEO Warszawa","isPartOf":{"@id":"https:\/\/deseopatisserie.com\/de\/#website"},"primaryImageOfPage":{"@id":"https:\/\/deseopatisserie.com\/de\/produkt\/osterkuchen\/#primaryimage"},"image":{"@id":"https:\/\/deseopatisserie.com\/de\/produkt\/osterkuchen\/#primaryimage"},"thumbnailUrl":"https:\/\/deseopatisserie.com\/\/wp-content\/uploads\/2025\/03\/edfcd13d9be3cdd6e1d4fc7b1b2315d8.jpg","datePublished":"2025-03-21T10:11:07+00:00","description":"Ostertorte - ein total charmanter Deko-Vorschlag, kreiert f\u00fcr das kommende Osterfest! Es wird alle G\u00e4ste begeistern!","breadcrumb":{"@id":"https:\/\/deseopatisserie.com\/de\/produkt\/osterkuchen\/#breadcrumb"},"inLanguage":"de","potentialAction":[{"@type":"ReadAction","target":["https:\/\/deseopatisserie.com\/de\/produkt\/osterkuchen\/"]}]},{"@type":"ImageObject","inLanguage":"de","@id":"https:\/\/deseopatisserie.com\/de\/produkt\/osterkuchen\/#primaryimage","url":"https:\/\/deseopatisserie.com\/\/wp-content\/uploads\/2025\/03\/edfcd13d9be3cdd6e1d4fc7b1b2315d8.jpg","contentUrl":"https:\/\/deseopatisserie.com\/\/wp-content\/uploads\/2025\/03\/edfcd13d9be3cdd6e1d4fc7b1b2315d8.jpg","width":2250,"height":1500,"caption":"DESEO Tort Wielkanocny"},{"@type":"BreadcrumbList","@id":"https:\/\/deseopatisserie.com\/de\/produkt\/osterkuchen\/#breadcrumb","itemListElement":[{"@type":"ListItem","position":1,"name":"Strona g\u0142\u00f3wna","item":"https:\/\/deseopatisserie.com\/de\/homepage\/"},{"@type":"ListItem","position":2,"name":"Osterkuchen"}]},{"@type":"WebSite","@id":"https:\/\/deseopatisserie.com\/de\/#website","url":"https:\/\/deseopatisserie.com\/de\/","name":"DESEO","description":"Patisserie &amp; Chocolaterie","potentialAction":[{"@type":"SearchAction","target":{"@type":"EntryPoint","urlTemplate":"https:\/\/deseopatisserie.com\/de\/?s={search_term_string}"},"query-input":{"@type":"PropertyValueSpecification","valueRequired":true,"valueName":"search_term_string"}}],"inLanguage":"de"}]}},"_links":{"self":[{"href":"https:\/\/deseopatisserie.com\/de\/wp-json\/wp\/v2\/product\/107676","targetHints":{"allow":["GET"]}}],"collection":[{"href":"https:\/\/deseopatisserie.com\/de\/wp-json\/wp\/v2\/product"}],"about":[{"href":"https:\/\/deseopatisserie.com\/de\/wp-json\/wp\/v2\/types\/product"}],"wp:featuredmedia":[{"embeddable":true,"href":"https:\/\/deseopatisserie.com\/de\/wp-json\/wp\/v2\/media\/106298"}],"wp:attachment":[{"href":"https:\/\/deseopatisserie.com\/de\/wp-json\/wp\/v2\/media?parent=107676"}],"wp:term":[{"taxonomy":"product_brand","embeddable":true,"href":"https:\/\/deseopatisserie.com\/de\/wp-json\/wp\/v2\/product_brand?post=107676"},{"taxonomy":"product_cat","embeddable":true,"href":"https:\/\/deseopatisserie.com\/de\/wp-json\/wp\/v2\/product_cat?post=107676"},{"taxonomy":"product_tag","embeddable":true,"href":"https:\/\/deseopatisserie.com\/de\/wp-json\/wp\/v2\/product_tag?post=107676"}],"curies":[{"name":"wp","href":"https:\/\/api.w.org\/{rel}","templated":true}]}}