{"id":107671,"date":"2025-03-20T11:22:22","date_gmt":"2025-03-20T10:22:22","guid":{"rendered":"https:\/\/deseopatisserie.com\/produkt\/weizen-roggen-brot\/"},"modified":"2025-03-20T11:22:22","modified_gmt":"2025-03-20T10:22:22","slug":"weizen-roggen-brot","status":"publish","type":"product","link":"https:\/\/deseopatisserie.com\/de\/produkt\/weizen-roggen-brot\/","title":{"rendered":"Weizen-Roggen-Brot"},"content":{"rendered":"<h2 data-start=\"0\" data-end=\"64\">Wie lagert man handwerklich hergestelltes Brot, um es frisch zu halten?<\/h2>\n<p class=\"\" data-start=\"66\" data-end=\"274\">Handwerklich hergestelltes Weizen-Roggenbrot muss richtig gelagert werden, damit es seine Knusprigkeit nicht verliert und nicht zu schnell austrocknet. Hier sind die besten M\u00f6glichkeiten, Brot aufzubewahren, um es l\u00e4nger frisch zu halten: <\/p>\n<p><strong>1. Leinen- oder Baumwolltuch \u2013 nat\u00fcrlicher Schutz<br \/>\n<\/strong>Brot, das in ein Leinen- oder Baumwolltuch eingewickelt ist, &#8222;atmet&#8220; gut, was das Risiko von Schimmel verringert. So bleibt die Haut knusprig und das Innere weich. Denken Sie daran, das Brot vor dem Einwickeln vollst\u00e4ndig abk\u00fchlen zu lassen, da warmes Brot die Schimmelbildung beg\u00fcnstigt.  <\/p>\n<p data-pm-slice=\"1 1 []\"><strong>2. Brotkasten aus Holz oder Keramik \u2013 eine bew\u00e4hrte Option<br \/>\n<\/strong>Ein Brotkasten aus Holz oder Keramik nimmt \u00fcbersch\u00fcssige Feuchtigkeit auf, wodurch das Brot vor Austrocknung und Schimmel gesch\u00fctzt wird. Es ist wichtig, den Brotkasten an einem Ort mit moderater Temperatur aufzustellen, fern von W\u00e4rmequellen und Sonnenlicht <\/p>\n<p data-pm-slice=\"1 1 []\"><strong>3. Papiert\u00fcte \u2013 eine bessere Alternative zu Plastik<br \/>\n<\/strong>Eine Papiert\u00fcte ist besser als Plastik, da sie eine ausreichende Luftzirkulation erm\u00f6glicht und \u00fcberm\u00e4\u00dfige Feuchtigkeitsansammlungen verhindert. Diese Art der Aufbewahrung hilft, das Brot l\u00e4nger frisch zu halten, insbesondere in Kombination mit einem Brotkasten. <\/p>\n<p><strong>4. Einfrieren \u2013 die perfekte L\u00f6sung f\u00fcr l\u00e4ngere Zeit<br \/>\n<\/strong>Wenn Sie ein paar Tage lang kein Brot essen, ist das Einfrieren eine ausgezeichnete Option. Das Brot in Scheiben schneiden, in einen luftdichten Beutel geben und einfrieren.<br \/>\nWenn Sie frisches Brot ben\u00f6tigen, nehmen Sie ein paar Scheiben heraus, warten Sie eine Weile oder erhitzen Sie es im Ofen \u2013 der Geschmack und die Textur bleiben die gleichen wie bei frisch gebackenem Brot.<\/p>\n<p data-pm-slice=\"1 1 []\"><strong>5. Vermeiden Sie es, Brot im K\u00fchlschrank aufzubewahren!<br \/>\n<\/strong>Der K\u00fchlschrank ist der schlechteste Ort, um Brot aufzubewahren. Bei niedrigen Temperaturen kristallisiert die St\u00e4rke im Brot schneller, wodurch das Brot schneller trocken und hart wird. <\/p>\n<p data-pm-slice=\"1 1 []\">Die richtige Lagerung von handwerklich hergestelltem Brot h\u00e4lt es l\u00e4nger frisch!<\/p>\n<p data-pm-slice=\"1 1 []\">Entdecken Sie das gesamte Angebot <span style=\"color: #bf883b;\"><a style=\"color: #bf883b;\" href=\"https:\/\/deseopatisserie.com\/piekarnia\/\">der handwerklichen B\u00e4ckerei DESEO<\/a><\/span><\/p>\n","protected":false},"excerpt":{"rendered":"<p>Sauerteig \/ Brot Weizenmehl 750 \/ Roggenmehl 2000<\/p>\n<p>Gewicht: ca. 0,6kg <\/p>\n<p>Ein klassisches Brot, das Brot aus Weizenmehl und Roggenmehl kombiniert, mit einem leicht s\u00e4uerlichen Geschmack und einer knusprigen Kruste. Dank der Verwendung von nat\u00fcrlichem Sauerteig zeichnet sich dieses Brot durch ein saftiges und federndes Fruchtfleisch aus, das lange frisch bleibt. Perfekt f\u00fcr den t\u00e4glichen Gebrauch als Basis f\u00fcr Wurst- und K\u00e4sesandwiches oder mit einer dicken Schicht Butter bestrichen und mit Salz bestreut. Ein echter Hauch von Kindheit \ud83d\ude0a   <\/p>\n<p>Empfohlene Anwendung:<\/p>\n<p><strong>\u00b7 Klassisches Sandwich mit Butter, Honig und reifen K\u00e4sescheiben<\/strong>: Eine d\u00fcnne Schicht Butter auf eine Scheibe Brot verteilen, etwas Honig f\u00fcr die S\u00fc\u00dfe hinzuf\u00fcgen und reife K\u00e4sescheiben anrichten. Diese Geschmackskombination \u2013 salzig, s\u00fc\u00df und leicht s\u00e4uerlich \u2013 wird jeden Gaumen zufriedenstellen. <\/p>\n<p><strong>\u00b7 Mit Avocado, Tomate und einer Prise Meersalz toasten<\/strong>: Reife Avocadoscheiben auf eine ger\u00f6stete Brotscheibe legen, frische Tomatenscheiben dazugeben und mit einer Prise Meersalz bestreuen. Es ist eine leichte und gesunde Option, voller Vitamine und gesunder Fette. <\/p>\n<p><strong>\u00b7 Eierpaste und Schnittlauchtoast: <\/strong>F\u00fcr die Eierpaste die hartgekochten Eier mit der Mayonnaise und dem Senf vermischen. Die gebackene Brotscheibe mit der Paste bestreichen und mit frischem Schnittlauch bestreuen. Eine klassische Kombination, die nie aus der Mode kommt<strong>.<\/strong>  <\/p>\n","protected":false},"featured_media":106214,"template":"","meta":{"_acf_changed":false},"product_brand":[],"product_cat":[2979,2980,2698],"product_tag":[],"class_list":{"0":"post-107671","1":"product","2":"type-product","3":"status-publish","4":"has-post-thumbnail","6":"product_cat-backerei","7":"product_cat-handwerklich-hergestelltes-brot","8":"product_cat-ostern","10":"first","11":"instock","12":"taxable","13":"shipping-taxable","14":"purchasable","15":"product-type-simple"},"acf":[],"yoast_head":"<!-- This site is optimized with the Yoast SEO plugin v27.4 - https:\/\/yoast.com\/product\/yoast-seo-wordpress\/ -->\n<title>Handwerklich hergestelltes Weizen- und Roggenbrot - DESEO Warschau<\/title>\n<meta name=\"description\" content=\"Handwerklich hergestelltes Weizen-Roggen-Brot aus Brot, Weizen- und Roggenmehl, mit einem leicht s\u00e4uerlichen Geschmack und einer knusprigen Kruste. Ein echter Hauch von Kindheit!\" \/>\n<meta name=\"robots\" content=\"index, follow, max-snippet:-1, max-image-preview:large, max-video-preview:-1\" \/>\n<link rel=\"canonical\" href=\"https:\/\/deseopatisserie.com\/de\/produkt\/weizen-roggen-brot\/\" \/>\n<meta property=\"og:locale\" content=\"de_DE\" \/>\n<meta property=\"og:type\" content=\"article\" \/>\n<meta property=\"og:title\" content=\"Weizen-Roggen-Brot - DESEO\" \/>\n<meta property=\"og:description\" content=\"Ein klassisches Brot, das Brot aus Weizenmehl und Roggenmehl kombiniert, mit einem leicht s\u00e4uerlichen Geschmack und einer knusprigen Kruste. Dank der Verwendung von nat\u00fcrlichem Sauerteig zeichnet sich dieses Brot durch ein saftiges und federndes Fruchtfleisch aus, das lange frisch bleibt. Perfekt f\u00fcr den t\u00e4glichen Gebrauch als Basis f\u00fcr Wurst- und K\u00e4sesandwiches oder mit einer dicken Schicht Butter bestrichen und mit Salz bestreut.\" \/>\n<meta property=\"og:url\" content=\"https:\/\/deseopatisserie.com\/de\/produkt\/weizen-roggen-brot\/\" \/>\n<meta property=\"og:site_name\" content=\"DESEO\" \/>\n<meta property=\"og:image\" content=\"https:\/\/deseopatisserie.com\/wp-content\/uploads\/2025\/03\/DESEO_chleb-pszenno-zytni-1024x683.jpg\" \/>\n<meta name=\"twitter:card\" content=\"summary_large_image\" \/>\n<meta name=\"twitter:label1\" content=\"Gesch\u00e4tzte Lesezeit\" \/>\n\t<meta name=\"twitter:data1\" content=\"2\u00a0Minute\" \/>\n<script type=\"application\/ld+json\" class=\"yoast-schema-graph\">{\"@context\":\"https:\\\/\\\/schema.org\",\"@graph\":[{\"@type\":\"WebPage\",\"@id\":\"https:\\\/\\\/deseopatisserie.com\\\/de\\\/produkt\\\/weizen-roggen-brot\\\/\",\"url\":\"https:\\\/\\\/deseopatisserie.com\\\/de\\\/produkt\\\/weizen-roggen-brot\\\/\",\"name\":\"Handwerklich hergestelltes Weizen- und Roggenbrot - DESEO Warschau\",\"isPartOf\":{\"@id\":\"https:\\\/\\\/deseopatisserie.com\\\/de\\\/#website\"},\"primaryImageOfPage\":{\"@id\":\"https:\\\/\\\/deseopatisserie.com\\\/de\\\/produkt\\\/weizen-roggen-brot\\\/#primaryimage\"},\"image\":{\"@id\":\"https:\\\/\\\/deseopatisserie.com\\\/de\\\/produkt\\\/weizen-roggen-brot\\\/#primaryimage\"},\"thumbnailUrl\":\"https:\\\/\\\/deseopatisserie.com\\\/\\\/wp-content\\\/uploads\\\/2025\\\/03\\\/DESEO_chleb-pszenno-zytni.jpg\",\"datePublished\":\"2025-03-20T10:22:22+00:00\",\"description\":\"Handwerklich hergestelltes Weizen-Roggen-Brot aus Brot, Weizen- und Roggenmehl, mit einem leicht s\u00e4uerlichen Geschmack und einer knusprigen Kruste. Ein echter Hauch von Kindheit!\",\"breadcrumb\":{\"@id\":\"https:\\\/\\\/deseopatisserie.com\\\/de\\\/produkt\\\/weizen-roggen-brot\\\/#breadcrumb\"},\"inLanguage\":\"de\",\"potentialAction\":[{\"@type\":\"ReadAction\",\"target\":[\"https:\\\/\\\/deseopatisserie.com\\\/de\\\/produkt\\\/weizen-roggen-brot\\\/\"]}]},{\"@type\":\"ImageObject\",\"inLanguage\":\"de\",\"@id\":\"https:\\\/\\\/deseopatisserie.com\\\/de\\\/produkt\\\/weizen-roggen-brot\\\/#primaryimage\",\"url\":\"https:\\\/\\\/deseopatisserie.com\\\/\\\/wp-content\\\/uploads\\\/2025\\\/03\\\/DESEO_chleb-pszenno-zytni.jpg\",\"contentUrl\":\"https:\\\/\\\/deseopatisserie.com\\\/\\\/wp-content\\\/uploads\\\/2025\\\/03\\\/DESEO_chleb-pszenno-zytni.jpg\",\"width\":2500,\"height\":1667,\"caption\":\"chleb pszenno-\u017cytni DESEO\"},{\"@type\":\"BreadcrumbList\",\"@id\":\"https:\\\/\\\/deseopatisserie.com\\\/de\\\/produkt\\\/weizen-roggen-brot\\\/#breadcrumb\",\"itemListElement\":[{\"@type\":\"ListItem\",\"position\":1,\"name\":\"Strona g\u0142\u00f3wna\",\"item\":\"https:\\\/\\\/deseopatisserie.com\\\/de\\\/homepage\\\/\"},{\"@type\":\"ListItem\",\"position\":2,\"name\":\"Weizen-Roggen-Brot\"}]},{\"@type\":\"WebSite\",\"@id\":\"https:\\\/\\\/deseopatisserie.com\\\/de\\\/#website\",\"url\":\"https:\\\/\\\/deseopatisserie.com\\\/de\\\/\",\"name\":\"DESEO\",\"description\":\"Patisserie &amp; Chocolaterie\",\"potentialAction\":[{\"@type\":\"SearchAction\",\"target\":{\"@type\":\"EntryPoint\",\"urlTemplate\":\"https:\\\/\\\/deseopatisserie.com\\\/de\\\/?s={search_term_string}\"},\"query-input\":{\"@type\":\"PropertyValueSpecification\",\"valueRequired\":true,\"valueName\":\"search_term_string\"}}],\"inLanguage\":\"de\"}]}<\/script>\n<!-- \/ Yoast SEO plugin. -->","yoast_head_json":{"title":"Handwerklich hergestelltes Weizen- und Roggenbrot - DESEO Warschau","description":"Handwerklich hergestelltes Weizen-Roggen-Brot aus Brot, Weizen- und Roggenmehl, mit einem leicht s\u00e4uerlichen Geschmack und einer knusprigen Kruste. Ein echter Hauch von Kindheit!","robots":{"index":"index","follow":"follow","max-snippet":"max-snippet:-1","max-image-preview":"max-image-preview:large","max-video-preview":"max-video-preview:-1"},"canonical":"https:\/\/deseopatisserie.com\/de\/produkt\/weizen-roggen-brot\/","og_locale":"de_DE","og_type":"article","og_title":"Weizen-Roggen-Brot - DESEO","og_description":"Ein klassisches Brot, das Brot aus Weizenmehl und Roggenmehl kombiniert, mit einem leicht s\u00e4uerlichen Geschmack und einer knusprigen Kruste. Dank der Verwendung von nat\u00fcrlichem Sauerteig zeichnet sich dieses Brot durch ein saftiges und federndes Fruchtfleisch aus, das lange frisch bleibt. Perfekt f\u00fcr den t\u00e4glichen Gebrauch als Basis f\u00fcr Wurst- und K\u00e4sesandwiches oder mit einer dicken Schicht Butter bestrichen und mit Salz bestreut.","og_url":"https:\/\/deseopatisserie.com\/de\/produkt\/weizen-roggen-brot\/","og_site_name":"DESEO","og_image":[{"url":"https:\/\/deseopatisserie.com\/wp-content\/uploads\/2025\/03\/DESEO_chleb-pszenno-zytni-1024x683.jpg","type":"","width":"","height":""}],"twitter_card":"summary_large_image","twitter_misc":{"Gesch\u00e4tzte Lesezeit":"2\u00a0Minute"},"schema":{"@context":"https:\/\/schema.org","@graph":[{"@type":"WebPage","@id":"https:\/\/deseopatisserie.com\/de\/produkt\/weizen-roggen-brot\/","url":"https:\/\/deseopatisserie.com\/de\/produkt\/weizen-roggen-brot\/","name":"Handwerklich hergestelltes Weizen- und Roggenbrot - DESEO Warschau","isPartOf":{"@id":"https:\/\/deseopatisserie.com\/de\/#website"},"primaryImageOfPage":{"@id":"https:\/\/deseopatisserie.com\/de\/produkt\/weizen-roggen-brot\/#primaryimage"},"image":{"@id":"https:\/\/deseopatisserie.com\/de\/produkt\/weizen-roggen-brot\/#primaryimage"},"thumbnailUrl":"https:\/\/deseopatisserie.com\/\/wp-content\/uploads\/2025\/03\/DESEO_chleb-pszenno-zytni.jpg","datePublished":"2025-03-20T10:22:22+00:00","description":"Handwerklich hergestelltes Weizen-Roggen-Brot aus Brot, Weizen- und Roggenmehl, mit einem leicht s\u00e4uerlichen Geschmack und einer knusprigen Kruste. Ein echter Hauch von Kindheit!","breadcrumb":{"@id":"https:\/\/deseopatisserie.com\/de\/produkt\/weizen-roggen-brot\/#breadcrumb"},"inLanguage":"de","potentialAction":[{"@type":"ReadAction","target":["https:\/\/deseopatisserie.com\/de\/produkt\/weizen-roggen-brot\/"]}]},{"@type":"ImageObject","inLanguage":"de","@id":"https:\/\/deseopatisserie.com\/de\/produkt\/weizen-roggen-brot\/#primaryimage","url":"https:\/\/deseopatisserie.com\/\/wp-content\/uploads\/2025\/03\/DESEO_chleb-pszenno-zytni.jpg","contentUrl":"https:\/\/deseopatisserie.com\/\/wp-content\/uploads\/2025\/03\/DESEO_chleb-pszenno-zytni.jpg","width":2500,"height":1667,"caption":"chleb pszenno-\u017cytni DESEO"},{"@type":"BreadcrumbList","@id":"https:\/\/deseopatisserie.com\/de\/produkt\/weizen-roggen-brot\/#breadcrumb","itemListElement":[{"@type":"ListItem","position":1,"name":"Strona g\u0142\u00f3wna","item":"https:\/\/deseopatisserie.com\/de\/homepage\/"},{"@type":"ListItem","position":2,"name":"Weizen-Roggen-Brot"}]},{"@type":"WebSite","@id":"https:\/\/deseopatisserie.com\/de\/#website","url":"https:\/\/deseopatisserie.com\/de\/","name":"DESEO","description":"Patisserie &amp; Chocolaterie","potentialAction":[{"@type":"SearchAction","target":{"@type":"EntryPoint","urlTemplate":"https:\/\/deseopatisserie.com\/de\/?s={search_term_string}"},"query-input":{"@type":"PropertyValueSpecification","valueRequired":true,"valueName":"search_term_string"}}],"inLanguage":"de"}]}},"_links":{"self":[{"href":"https:\/\/deseopatisserie.com\/de\/wp-json\/wp\/v2\/product\/107671","targetHints":{"allow":["GET"]}}],"collection":[{"href":"https:\/\/deseopatisserie.com\/de\/wp-json\/wp\/v2\/product"}],"about":[{"href":"https:\/\/deseopatisserie.com\/de\/wp-json\/wp\/v2\/types\/product"}],"wp:featuredmedia":[{"embeddable":true,"href":"https:\/\/deseopatisserie.com\/de\/wp-json\/wp\/v2\/media\/106214"}],"wp:attachment":[{"href":"https:\/\/deseopatisserie.com\/de\/wp-json\/wp\/v2\/media?parent=107671"}],"wp:term":[{"taxonomy":"product_brand","embeddable":true,"href":"https:\/\/deseopatisserie.com\/de\/wp-json\/wp\/v2\/product_brand?post=107671"},{"taxonomy":"product_cat","embeddable":true,"href":"https:\/\/deseopatisserie.com\/de\/wp-json\/wp\/v2\/product_cat?post=107671"},{"taxonomy":"product_tag","embeddable":true,"href":"https:\/\/deseopatisserie.com\/de\/wp-json\/wp\/v2\/product_tag?post=107671"}],"curies":[{"name":"wp","href":"https:\/\/api.w.org\/{rel}","templated":true}]}}