{"id":107663,"date":"2025-03-20T11:12:59","date_gmt":"2025-03-20T10:12:59","guid":{"rendered":"https:\/\/deseopatisserie.com\/produkt\/brot-sonnengetrocknete-tomaten-und-kalamata-oliven\/"},"modified":"2025-03-20T11:12:59","modified_gmt":"2025-03-20T10:12:59","slug":"brot-sonnengetrocknete-tomaten-und-kalamata-oliven","status":"publish","type":"product","link":"https:\/\/deseopatisserie.com\/de\/produkt\/brot-sonnengetrocknete-tomaten-und-kalamata-oliven\/","title":{"rendered":"Brot, sonnengetrocknete Tomaten und Kalamata-Oliven"},"content":{"rendered":"","protected":false},"excerpt":{"rendered":"<p>Weizen- und Roggenbrot \/ getrocknete Tomaten \/ Kalamata-Oliven<\/p>\n<p>Gewicht: ca. 0,6kg <\/p>\n<p>Die Kombination aus dem intensiven Geschmack von sonnengetrockneten Tomaten und ausdrucksstarken Kalamata-Oliven entf\u00fchrt uns in das mediterrane Klima. Sonnengetrocknete Tomaten sorgen f\u00fcr eine nat\u00fcrliche S\u00fc\u00dfe und ein intensives Aroma, w\u00e4hrend Kalamata-Oliven eine leicht salzige Note einbringen. Perfekt zu Fetak\u00e4se, Rucola und etwas Oliven\u00f6l. Eine Traumreise ins sonnige Griechenland&#8230;   <\/p>\n<p>Empfohlene Anwendung:<\/p>\n<p>\u00b7 <strong>Bruschetta mit Mozzarella, frischem Basilikum und Balsamico:<\/strong> Das Brot in Scheiben schneiden und leicht r\u00f6sten. Auf jede Scheibe frische Mozzarellascheiben legen, Basilikumbl\u00e4tter hinzuf\u00fcgen und mit Balsamico-Essig betr\u00e4ufeln. Diese Geschmackskombination passt perfekt zum Charakter unseres Brotes.  <\/p>\n<p>\u00b7 <strong>Sandwich mit Prosciutto, Rucola und Frischk\u00e4se:<\/strong> Streichen Sie Ihren Lieblingsfrischk\u00e4se auf eine Scheibe Brot, f\u00fcgen Sie Scheiben Prosciutto und eine Handvoll frischen Rucola hinzu. Brot mit sonnengetrockneten Tomaten und Oliven passt perfekt zu diesen Zutaten zu einem exquisiten Sandwich. <\/p>\n<p>\u00b7 <strong>Toast mit Tapenade aus schwarzen Oliven und gereiften K\u00e4sescheiben:<\/strong> Eine Tapenade aus schwarzen Oliven auf eine ger\u00f6stete Scheibe Brot streichen, d\u00fcnne Scheiben gereiften K\u00e4se wie Parmesan oder Pecorino darauf legen. Diese Kombination unterstreicht die mediterranen Noten unseres Brotes. <\/p>\n","protected":false},"featured_media":106162,"template":"","meta":{"_acf_changed":false},"product_brand":[],"product_cat":[2979,2980,2698],"product_tag":[],"class_list":{"0":"post-107663","1":"product","2":"type-product","3":"status-publish","4":"has-post-thumbnail","6":"product_cat-backerei","7":"product_cat-handwerklich-hergestelltes-brot","8":"product_cat-ostern","10":"first","11":"instock","12":"taxable","13":"shipping-taxable","14":"purchasable","15":"product-type-simple"},"acf":[],"yoast_head":"<!-- This site is optimized with the Yoast SEO plugin v27.4 - https:\/\/yoast.com\/product\/yoast-seo-wordpress\/ -->\n<title>Brot, sonnengetrocknete Tomaten und Kalamata-Oliven - DESEO Warschau<\/title>\n<meta name=\"description\" content=\"Brot, sonnengetrocknete Tomaten &amp; Kalamata-Oliven - Die Kombination aus dem intensiven Geschmack von sonnengetrockneten Tomaten und ausdrucksstarken Oliven entf\u00fchrt uns in das mediterrane Klima...\" \/>\n<meta name=\"robots\" content=\"index, follow, max-snippet:-1, max-image-preview:large, max-video-preview:-1\" \/>\n<link rel=\"canonical\" href=\"https:\/\/deseopatisserie.com\/de\/produkt\/brot-sonnengetrocknete-tomaten-und-kalamata-oliven\/\" \/>\n<meta property=\"og:locale\" content=\"de_DE\" \/>\n<meta property=\"og:type\" content=\"article\" \/>\n<meta property=\"og:title\" content=\"Brot sonnengetrocknete Tomaten &amp; Oliven DESEO\" \/>\n<meta property=\"og:description\" content=\"Die Kombination aus dem intensiven Geschmack von sonnengetrockneten Tomaten und ausdrucksstarken Kalamata-Oliven entf\u00fchrt uns in das mediterrane Klima. Sonnengetrocknete Tomaten sorgen f\u00fcr eine nat\u00fcrliche S\u00fc\u00dfe und ein intensives Aroma, w\u00e4hrend Kalamata-Oliven eine leicht salzige Note einbringen. Perfekt zu Fetak\u00e4se, Rucola und etwas Oliven\u00f6l. Eine Traumreise ins sonnige Griechenland...\" \/>\n<meta property=\"og:url\" content=\"https:\/\/deseopatisserie.com\/de\/produkt\/brot-sonnengetrocknete-tomaten-und-kalamata-oliven\/\" \/>\n<meta property=\"og:site_name\" content=\"DESEO\" \/>\n<meta property=\"og:image\" content=\"https:\/\/deseopatisserie.com\/wp-content\/uploads\/2025\/03\/DESEO_chleb-suszone-pomidoryoliwki_3-1-1024x683.jpg\" \/>\n<meta name=\"twitter:card\" content=\"summary_large_image\" \/>\n<script type=\"application\/ld+json\" class=\"yoast-schema-graph\">{\"@context\":\"https:\\\/\\\/schema.org\",\"@graph\":[{\"@type\":\"WebPage\",\"@id\":\"https:\\\/\\\/deseopatisserie.com\\\/de\\\/produkt\\\/brot-sonnengetrocknete-tomaten-und-kalamata-oliven\\\/\",\"url\":\"https:\\\/\\\/deseopatisserie.com\\\/de\\\/produkt\\\/brot-sonnengetrocknete-tomaten-und-kalamata-oliven\\\/\",\"name\":\"Brot, sonnengetrocknete Tomaten und Kalamata-Oliven - DESEO Warschau\",\"isPartOf\":{\"@id\":\"https:\\\/\\\/deseopatisserie.com\\\/de\\\/#website\"},\"primaryImageOfPage\":{\"@id\":\"https:\\\/\\\/deseopatisserie.com\\\/de\\\/produkt\\\/brot-sonnengetrocknete-tomaten-und-kalamata-oliven\\\/#primaryimage\"},\"image\":{\"@id\":\"https:\\\/\\\/deseopatisserie.com\\\/de\\\/produkt\\\/brot-sonnengetrocknete-tomaten-und-kalamata-oliven\\\/#primaryimage\"},\"thumbnailUrl\":\"https:\\\/\\\/deseopatisserie.com\\\/\\\/wp-content\\\/uploads\\\/2025\\\/03\\\/DESEO_chleb-suszone-pomidoryoliwki_6.jpg\",\"datePublished\":\"2025-03-20T10:12:59+00:00\",\"description\":\"Brot, sonnengetrocknete Tomaten & Kalamata-Oliven - Die Kombination aus dem intensiven Geschmack von sonnengetrockneten Tomaten und ausdrucksstarken Oliven entf\u00fchrt uns in das mediterrane Klima...\",\"breadcrumb\":{\"@id\":\"https:\\\/\\\/deseopatisserie.com\\\/de\\\/produkt\\\/brot-sonnengetrocknete-tomaten-und-kalamata-oliven\\\/#breadcrumb\"},\"inLanguage\":\"de\",\"potentialAction\":[{\"@type\":\"ReadAction\",\"target\":[\"https:\\\/\\\/deseopatisserie.com\\\/de\\\/produkt\\\/brot-sonnengetrocknete-tomaten-und-kalamata-oliven\\\/\"]}]},{\"@type\":\"ImageObject\",\"inLanguage\":\"de\",\"@id\":\"https:\\\/\\\/deseopatisserie.com\\\/de\\\/produkt\\\/brot-sonnengetrocknete-tomaten-und-kalamata-oliven\\\/#primaryimage\",\"url\":\"https:\\\/\\\/deseopatisserie.com\\\/\\\/wp-content\\\/uploads\\\/2025\\\/03\\\/DESEO_chleb-suszone-pomidoryoliwki_6.jpg\",\"contentUrl\":\"https:\\\/\\\/deseopatisserie.com\\\/\\\/wp-content\\\/uploads\\\/2025\\\/03\\\/DESEO_chleb-suszone-pomidoryoliwki_6.jpg\",\"width\":2500,\"height\":1667,\"caption\":\"chleb suszone pomidory & oliwki DESEO\"},{\"@type\":\"BreadcrumbList\",\"@id\":\"https:\\\/\\\/deseopatisserie.com\\\/de\\\/produkt\\\/brot-sonnengetrocknete-tomaten-und-kalamata-oliven\\\/#breadcrumb\",\"itemListElement\":[{\"@type\":\"ListItem\",\"position\":1,\"name\":\"Strona g\u0142\u00f3wna\",\"item\":\"https:\\\/\\\/deseopatisserie.com\\\/de\\\/homepage\\\/\"},{\"@type\":\"ListItem\",\"position\":2,\"name\":\"Brot, sonnengetrocknete Tomaten und Kalamata-Oliven\"}]},{\"@type\":\"WebSite\",\"@id\":\"https:\\\/\\\/deseopatisserie.com\\\/de\\\/#website\",\"url\":\"https:\\\/\\\/deseopatisserie.com\\\/de\\\/\",\"name\":\"DESEO\",\"description\":\"Patisserie &amp; Chocolaterie\",\"potentialAction\":[{\"@type\":\"SearchAction\",\"target\":{\"@type\":\"EntryPoint\",\"urlTemplate\":\"https:\\\/\\\/deseopatisserie.com\\\/de\\\/?s={search_term_string}\"},\"query-input\":{\"@type\":\"PropertyValueSpecification\",\"valueRequired\":true,\"valueName\":\"search_term_string\"}}],\"inLanguage\":\"de\"}]}<\/script>\n<!-- \/ Yoast SEO plugin. -->","yoast_head_json":{"title":"Brot, sonnengetrocknete Tomaten und Kalamata-Oliven - DESEO Warschau","description":"Brot, sonnengetrocknete Tomaten & Kalamata-Oliven - Die Kombination aus dem intensiven Geschmack von sonnengetrockneten Tomaten und ausdrucksstarken Oliven entf\u00fchrt uns in das mediterrane Klima...","robots":{"index":"index","follow":"follow","max-snippet":"max-snippet:-1","max-image-preview":"max-image-preview:large","max-video-preview":"max-video-preview:-1"},"canonical":"https:\/\/deseopatisserie.com\/de\/produkt\/brot-sonnengetrocknete-tomaten-und-kalamata-oliven\/","og_locale":"de_DE","og_type":"article","og_title":"Brot sonnengetrocknete Tomaten & Oliven DESEO","og_description":"Die Kombination aus dem intensiven Geschmack von sonnengetrockneten Tomaten und ausdrucksstarken Kalamata-Oliven entf\u00fchrt uns in das mediterrane Klima. Sonnengetrocknete Tomaten sorgen f\u00fcr eine nat\u00fcrliche S\u00fc\u00dfe und ein intensives Aroma, w\u00e4hrend Kalamata-Oliven eine leicht salzige Note einbringen. Perfekt zu Fetak\u00e4se, Rucola und etwas Oliven\u00f6l. Eine Traumreise ins sonnige Griechenland...","og_url":"https:\/\/deseopatisserie.com\/de\/produkt\/brot-sonnengetrocknete-tomaten-und-kalamata-oliven\/","og_site_name":"DESEO","og_image":[{"url":"https:\/\/deseopatisserie.com\/wp-content\/uploads\/2025\/03\/DESEO_chleb-suszone-pomidoryoliwki_3-1-1024x683.jpg","type":"","width":"","height":""}],"twitter_card":"summary_large_image","schema":{"@context":"https:\/\/schema.org","@graph":[{"@type":"WebPage","@id":"https:\/\/deseopatisserie.com\/de\/produkt\/brot-sonnengetrocknete-tomaten-und-kalamata-oliven\/","url":"https:\/\/deseopatisserie.com\/de\/produkt\/brot-sonnengetrocknete-tomaten-und-kalamata-oliven\/","name":"Brot, sonnengetrocknete Tomaten und Kalamata-Oliven - DESEO Warschau","isPartOf":{"@id":"https:\/\/deseopatisserie.com\/de\/#website"},"primaryImageOfPage":{"@id":"https:\/\/deseopatisserie.com\/de\/produkt\/brot-sonnengetrocknete-tomaten-und-kalamata-oliven\/#primaryimage"},"image":{"@id":"https:\/\/deseopatisserie.com\/de\/produkt\/brot-sonnengetrocknete-tomaten-und-kalamata-oliven\/#primaryimage"},"thumbnailUrl":"https:\/\/deseopatisserie.com\/\/wp-content\/uploads\/2025\/03\/DESEO_chleb-suszone-pomidoryoliwki_6.jpg","datePublished":"2025-03-20T10:12:59+00:00","description":"Brot, sonnengetrocknete Tomaten & Kalamata-Oliven - Die Kombination aus dem intensiven Geschmack von sonnengetrockneten Tomaten und ausdrucksstarken Oliven entf\u00fchrt uns in das mediterrane Klima...","breadcrumb":{"@id":"https:\/\/deseopatisserie.com\/de\/produkt\/brot-sonnengetrocknete-tomaten-und-kalamata-oliven\/#breadcrumb"},"inLanguage":"de","potentialAction":[{"@type":"ReadAction","target":["https:\/\/deseopatisserie.com\/de\/produkt\/brot-sonnengetrocknete-tomaten-und-kalamata-oliven\/"]}]},{"@type":"ImageObject","inLanguage":"de","@id":"https:\/\/deseopatisserie.com\/de\/produkt\/brot-sonnengetrocknete-tomaten-und-kalamata-oliven\/#primaryimage","url":"https:\/\/deseopatisserie.com\/\/wp-content\/uploads\/2025\/03\/DESEO_chleb-suszone-pomidoryoliwki_6.jpg","contentUrl":"https:\/\/deseopatisserie.com\/\/wp-content\/uploads\/2025\/03\/DESEO_chleb-suszone-pomidoryoliwki_6.jpg","width":2500,"height":1667,"caption":"chleb suszone pomidory & oliwki DESEO"},{"@type":"BreadcrumbList","@id":"https:\/\/deseopatisserie.com\/de\/produkt\/brot-sonnengetrocknete-tomaten-und-kalamata-oliven\/#breadcrumb","itemListElement":[{"@type":"ListItem","position":1,"name":"Strona g\u0142\u00f3wna","item":"https:\/\/deseopatisserie.com\/de\/homepage\/"},{"@type":"ListItem","position":2,"name":"Brot, sonnengetrocknete Tomaten und Kalamata-Oliven"}]},{"@type":"WebSite","@id":"https:\/\/deseopatisserie.com\/de\/#website","url":"https:\/\/deseopatisserie.com\/de\/","name":"DESEO","description":"Patisserie &amp; Chocolaterie","potentialAction":[{"@type":"SearchAction","target":{"@type":"EntryPoint","urlTemplate":"https:\/\/deseopatisserie.com\/de\/?s={search_term_string}"},"query-input":{"@type":"PropertyValueSpecification","valueRequired":true,"valueName":"search_term_string"}}],"inLanguage":"de"}]}},"_links":{"self":[{"href":"https:\/\/deseopatisserie.com\/de\/wp-json\/wp\/v2\/product\/107663","targetHints":{"allow":["GET"]}}],"collection":[{"href":"https:\/\/deseopatisserie.com\/de\/wp-json\/wp\/v2\/product"}],"about":[{"href":"https:\/\/deseopatisserie.com\/de\/wp-json\/wp\/v2\/types\/product"}],"wp:featuredmedia":[{"embeddable":true,"href":"https:\/\/deseopatisserie.com\/de\/wp-json\/wp\/v2\/media\/106162"}],"wp:attachment":[{"href":"https:\/\/deseopatisserie.com\/de\/wp-json\/wp\/v2\/media?parent=107663"}],"wp:term":[{"taxonomy":"product_brand","embeddable":true,"href":"https:\/\/deseopatisserie.com\/de\/wp-json\/wp\/v2\/product_brand?post=107663"},{"taxonomy":"product_cat","embeddable":true,"href":"https:\/\/deseopatisserie.com\/de\/wp-json\/wp\/v2\/product_cat?post=107663"},{"taxonomy":"product_tag","embeddable":true,"href":"https:\/\/deseopatisserie.com\/de\/wp-json\/wp\/v2\/product_tag?post=107663"}],"curies":[{"name":"wp","href":"https:\/\/api.w.org\/{rel}","templated":true}]}}