{"id":107662,"date":"2025-03-20T10:51:08","date_gmt":"2025-03-20T09:51:08","guid":{"rendered":"https:\/\/deseopatisserie.com\/produkt\/cheddar-und-jalapeno-brot\/"},"modified":"2025-03-20T10:51:08","modified_gmt":"2025-03-20T09:51:08","slug":"cheddar-und-jalapeno-brot","status":"publish","type":"product","link":"https:\/\/deseopatisserie.com\/de\/produkt\/cheddar-und-jalapeno-brot\/","title":{"rendered":"Cheddar- und Jalape\u00f1o-Brot"},"content":{"rendered":"","protected":false},"excerpt":{"rendered":"<p>Weizen- und Roggenbrot \/ Cheddar \/ Jalape\u00f1o Pfeffer<\/p>\n<p>Gewicht: ca. 0,6kg <\/p>\n<p>Mit cremigem Cheddar-K\u00e4se und scharfen Jalape\u00f1os versetzt, sorgte dieses Brot auf unserer hauseigenen Verkostungstafel f\u00fcr Furore. Die Kombination aus dem intensiven Geschmack von reifem Cheddar mit der Sch\u00e4rfe von Jalape\u00f1o verleiht ihm Charakter und macht jeden Bissen k\u00f6stlich und unwiderstehlich zum n\u00e4chsten. Unser Cheddar- und Jalape\u00f1o-Brot ist die perfekte Sandwich-Basis f\u00fcr alle, die kr\u00e4ftige Aromen und ein bisschen W\u00fcrze im Leben m\u00f6gen. \ud83d\ude0a<\/p>\n<p>Empfohlene Anwendung:<\/p>\n<p><strong>\u00b7 Sandwich mit Guacamole, gegrilltem H\u00e4hnchen und frischem Koriander:<\/strong> Gegrillte H\u00e4hnchenbrust in Kombination mit cremiger Guacamole und frischem Koriander auf einer Scheibe dieses Brotes ergibt die perfekte Kombination von Aromen.<\/p>\n<p><strong>\u00b7 Speck-, Salat- und Tomatentoast (BLT) mit Chipotle-Mayonnaise:<\/strong> Der klassische BLT-Toast mit w\u00fcrziger Chipotle-Mayonnaise erh\u00e4lt mit dem ausgepr\u00e4gten Geschmack von Brot eine neue Dimension.<\/p>\n<p><strong>\u00b7 Frischk\u00e4se, R\u00e4ucherlachs und rote Zwiebelscheiben:<\/strong> Zarter R\u00e4ucherlachs und knusprige Zwiebel auf Toast mit Frischk\u00e4se sind eine tolle Erg\u00e4nzung zu diesem Brot<\/p>\n","protected":false},"featured_media":106024,"template":"","meta":{"_acf_changed":false},"product_brand":[],"product_cat":[2979,2980,2698],"product_tag":[],"class_list":{"0":"post-107662","1":"product","2":"type-product","3":"status-publish","4":"has-post-thumbnail","6":"product_cat-backerei","7":"product_cat-handwerklich-hergestelltes-brot","8":"product_cat-ostern","10":"first","11":"instock","12":"taxable","13":"shipping-taxable","14":"purchasable","15":"product-type-simple"},"acf":[],"yoast_head":"<!-- This site is optimized with the Yoast SEO plugin v27.4 - https:\/\/yoast.com\/product\/yoast-seo-wordpress\/ -->\n<title>Cheddar- und Jalape\u00f1o-Brot - DESEO Warschau<\/title>\n<meta name=\"description\" content=\"Cheddar &amp; Jalape\u00f1o Brot - Die Kombination aus dem intensiven Geschmack von reifem Cheddar mit der Sch\u00e4rfe von Jalape\u00f1o verleiht ihm Charakter und macht jeden Bissen mit seinem Geschmack k\u00f6stlich.\" \/>\n<meta name=\"robots\" content=\"index, follow, max-snippet:-1, max-image-preview:large, max-video-preview:-1\" \/>\n<link rel=\"canonical\" href=\"https:\/\/deseopatisserie.com\/de\/produkt\/cheddar-und-jalapeno-brot\/\" \/>\n<meta property=\"og:locale\" content=\"de_DE\" \/>\n<meta property=\"og:type\" content=\"article\" \/>\n<meta property=\"og:title\" content=\"Cheddar- und Jalape\u00f1o-Brot - DESEO\" \/>\n<meta property=\"og:description\" content=\"Mit cremigem Cheddar-K\u00e4se und scharfen Jalape\u00f1os versetzt, sorgte dieses Brot auf unserer hauseigenen Verkostungstafel f\u00fcr Furore. Die Kombination aus dem intensiven Geschmack von reifem Cheddar mit der Sch\u00e4rfe von Jalape\u00f1o verleiht ihm Charakter und macht jeden Bissen k\u00f6stlich und unwiderstehlich zum n\u00e4chsten.\" \/>\n<meta property=\"og:url\" content=\"https:\/\/deseopatisserie.com\/de\/produkt\/cheddar-und-jalapeno-brot\/\" \/>\n<meta property=\"og:site_name\" content=\"DESEO\" \/>\n<meta property=\"og:image\" content=\"https:\/\/deseopatisserie.com\/wp-content\/uploads\/2025\/03\/DESE_chleb-cheddarjalapeno_1-1024x683.jpg\" \/>\n<meta name=\"twitter:card\" content=\"summary_large_image\" \/>\n<script type=\"application\/ld+json\" class=\"yoast-schema-graph\">{\"@context\":\"https:\\\/\\\/schema.org\",\"@graph\":[{\"@type\":\"WebPage\",\"@id\":\"https:\\\/\\\/deseopatisserie.com\\\/de\\\/produkt\\\/cheddar-und-jalapeno-brot\\\/\",\"url\":\"https:\\\/\\\/deseopatisserie.com\\\/de\\\/produkt\\\/cheddar-und-jalapeno-brot\\\/\",\"name\":\"Cheddar- und Jalape\u00f1o-Brot - DESEO Warschau\",\"isPartOf\":{\"@id\":\"https:\\\/\\\/deseopatisserie.com\\\/de\\\/#website\"},\"primaryImageOfPage\":{\"@id\":\"https:\\\/\\\/deseopatisserie.com\\\/de\\\/produkt\\\/cheddar-und-jalapeno-brot\\\/#primaryimage\"},\"image\":{\"@id\":\"https:\\\/\\\/deseopatisserie.com\\\/de\\\/produkt\\\/cheddar-und-jalapeno-brot\\\/#primaryimage\"},\"thumbnailUrl\":\"https:\\\/\\\/deseopatisserie.com\\\/\\\/wp-content\\\/uploads\\\/2025\\\/03\\\/DESE_chleb-cheddarjalapeno_1.jpg\",\"datePublished\":\"2025-03-20T09:51:08+00:00\",\"description\":\"Cheddar & Jalape\u00f1o Brot - Die Kombination aus dem intensiven Geschmack von reifem Cheddar mit der Sch\u00e4rfe von Jalape\u00f1o verleiht ihm Charakter und macht jeden Bissen mit seinem Geschmack k\u00f6stlich.\",\"breadcrumb\":{\"@id\":\"https:\\\/\\\/deseopatisserie.com\\\/de\\\/produkt\\\/cheddar-und-jalapeno-brot\\\/#breadcrumb\"},\"inLanguage\":\"de\",\"potentialAction\":[{\"@type\":\"ReadAction\",\"target\":[\"https:\\\/\\\/deseopatisserie.com\\\/de\\\/produkt\\\/cheddar-und-jalapeno-brot\\\/\"]}]},{\"@type\":\"ImageObject\",\"inLanguage\":\"de\",\"@id\":\"https:\\\/\\\/deseopatisserie.com\\\/de\\\/produkt\\\/cheddar-und-jalapeno-brot\\\/#primaryimage\",\"url\":\"https:\\\/\\\/deseopatisserie.com\\\/\\\/wp-content\\\/uploads\\\/2025\\\/03\\\/DESE_chleb-cheddarjalapeno_1.jpg\",\"contentUrl\":\"https:\\\/\\\/deseopatisserie.com\\\/\\\/wp-content\\\/uploads\\\/2025\\\/03\\\/DESE_chleb-cheddarjalapeno_1.jpg\",\"width\":2500,\"height\":1667,\"caption\":\"Chleb cheddar & jalape\u00f1o DESEO\"},{\"@type\":\"BreadcrumbList\",\"@id\":\"https:\\\/\\\/deseopatisserie.com\\\/de\\\/produkt\\\/cheddar-und-jalapeno-brot\\\/#breadcrumb\",\"itemListElement\":[{\"@type\":\"ListItem\",\"position\":1,\"name\":\"Strona g\u0142\u00f3wna\",\"item\":\"https:\\\/\\\/deseopatisserie.com\\\/de\\\/homepage\\\/\"},{\"@type\":\"ListItem\",\"position\":2,\"name\":\"Cheddar- und Jalape\u00f1o-Brot\"}]},{\"@type\":\"WebSite\",\"@id\":\"https:\\\/\\\/deseopatisserie.com\\\/de\\\/#website\",\"url\":\"https:\\\/\\\/deseopatisserie.com\\\/de\\\/\",\"name\":\"DESEO\",\"description\":\"Patisserie &amp; Chocolaterie\",\"potentialAction\":[{\"@type\":\"SearchAction\",\"target\":{\"@type\":\"EntryPoint\",\"urlTemplate\":\"https:\\\/\\\/deseopatisserie.com\\\/de\\\/?s={search_term_string}\"},\"query-input\":{\"@type\":\"PropertyValueSpecification\",\"valueRequired\":true,\"valueName\":\"search_term_string\"}}],\"inLanguage\":\"de\"}]}<\/script>\n<!-- \/ Yoast SEO plugin. -->","yoast_head_json":{"title":"Cheddar- und Jalape\u00f1o-Brot - DESEO Warschau","description":"Cheddar & Jalape\u00f1o Brot - Die Kombination aus dem intensiven Geschmack von reifem Cheddar mit der Sch\u00e4rfe von Jalape\u00f1o verleiht ihm Charakter und macht jeden Bissen mit seinem Geschmack k\u00f6stlich.","robots":{"index":"index","follow":"follow","max-snippet":"max-snippet:-1","max-image-preview":"max-image-preview:large","max-video-preview":"max-video-preview:-1"},"canonical":"https:\/\/deseopatisserie.com\/de\/produkt\/cheddar-und-jalapeno-brot\/","og_locale":"de_DE","og_type":"article","og_title":"Cheddar- und Jalape\u00f1o-Brot - DESEO","og_description":"Mit cremigem Cheddar-K\u00e4se und scharfen Jalape\u00f1os versetzt, sorgte dieses Brot auf unserer hauseigenen Verkostungstafel f\u00fcr Furore. Die Kombination aus dem intensiven Geschmack von reifem Cheddar mit der Sch\u00e4rfe von Jalape\u00f1o verleiht ihm Charakter und macht jeden Bissen k\u00f6stlich und unwiderstehlich zum n\u00e4chsten.","og_url":"https:\/\/deseopatisserie.com\/de\/produkt\/cheddar-und-jalapeno-brot\/","og_site_name":"DESEO","og_image":[{"url":"https:\/\/deseopatisserie.com\/wp-content\/uploads\/2025\/03\/DESE_chleb-cheddarjalapeno_1-1024x683.jpg","type":"","width":"","height":""}],"twitter_card":"summary_large_image","schema":{"@context":"https:\/\/schema.org","@graph":[{"@type":"WebPage","@id":"https:\/\/deseopatisserie.com\/de\/produkt\/cheddar-und-jalapeno-brot\/","url":"https:\/\/deseopatisserie.com\/de\/produkt\/cheddar-und-jalapeno-brot\/","name":"Cheddar- und Jalape\u00f1o-Brot - DESEO Warschau","isPartOf":{"@id":"https:\/\/deseopatisserie.com\/de\/#website"},"primaryImageOfPage":{"@id":"https:\/\/deseopatisserie.com\/de\/produkt\/cheddar-und-jalapeno-brot\/#primaryimage"},"image":{"@id":"https:\/\/deseopatisserie.com\/de\/produkt\/cheddar-und-jalapeno-brot\/#primaryimage"},"thumbnailUrl":"https:\/\/deseopatisserie.com\/\/wp-content\/uploads\/2025\/03\/DESE_chleb-cheddarjalapeno_1.jpg","datePublished":"2025-03-20T09:51:08+00:00","description":"Cheddar & Jalape\u00f1o Brot - Die Kombination aus dem intensiven Geschmack von reifem Cheddar mit der Sch\u00e4rfe von Jalape\u00f1o verleiht ihm Charakter und macht jeden Bissen mit seinem Geschmack k\u00f6stlich.","breadcrumb":{"@id":"https:\/\/deseopatisserie.com\/de\/produkt\/cheddar-und-jalapeno-brot\/#breadcrumb"},"inLanguage":"de","potentialAction":[{"@type":"ReadAction","target":["https:\/\/deseopatisserie.com\/de\/produkt\/cheddar-und-jalapeno-brot\/"]}]},{"@type":"ImageObject","inLanguage":"de","@id":"https:\/\/deseopatisserie.com\/de\/produkt\/cheddar-und-jalapeno-brot\/#primaryimage","url":"https:\/\/deseopatisserie.com\/\/wp-content\/uploads\/2025\/03\/DESE_chleb-cheddarjalapeno_1.jpg","contentUrl":"https:\/\/deseopatisserie.com\/\/wp-content\/uploads\/2025\/03\/DESE_chleb-cheddarjalapeno_1.jpg","width":2500,"height":1667,"caption":"Chleb cheddar & jalape\u00f1o DESEO"},{"@type":"BreadcrumbList","@id":"https:\/\/deseopatisserie.com\/de\/produkt\/cheddar-und-jalapeno-brot\/#breadcrumb","itemListElement":[{"@type":"ListItem","position":1,"name":"Strona g\u0142\u00f3wna","item":"https:\/\/deseopatisserie.com\/de\/homepage\/"},{"@type":"ListItem","position":2,"name":"Cheddar- und Jalape\u00f1o-Brot"}]},{"@type":"WebSite","@id":"https:\/\/deseopatisserie.com\/de\/#website","url":"https:\/\/deseopatisserie.com\/de\/","name":"DESEO","description":"Patisserie &amp; Chocolaterie","potentialAction":[{"@type":"SearchAction","target":{"@type":"EntryPoint","urlTemplate":"https:\/\/deseopatisserie.com\/de\/?s={search_term_string}"},"query-input":{"@type":"PropertyValueSpecification","valueRequired":true,"valueName":"search_term_string"}}],"inLanguage":"de"}]}},"_links":{"self":[{"href":"https:\/\/deseopatisserie.com\/de\/wp-json\/wp\/v2\/product\/107662","targetHints":{"allow":["GET"]}}],"collection":[{"href":"https:\/\/deseopatisserie.com\/de\/wp-json\/wp\/v2\/product"}],"about":[{"href":"https:\/\/deseopatisserie.com\/de\/wp-json\/wp\/v2\/types\/product"}],"wp:featuredmedia":[{"embeddable":true,"href":"https:\/\/deseopatisserie.com\/de\/wp-json\/wp\/v2\/media\/106024"}],"wp:attachment":[{"href":"https:\/\/deseopatisserie.com\/de\/wp-json\/wp\/v2\/media?parent=107662"}],"wp:term":[{"taxonomy":"product_brand","embeddable":true,"href":"https:\/\/deseopatisserie.com\/de\/wp-json\/wp\/v2\/product_brand?post=107662"},{"taxonomy":"product_cat","embeddable":true,"href":"https:\/\/deseopatisserie.com\/de\/wp-json\/wp\/v2\/product_cat?post=107662"},{"taxonomy":"product_tag","embeddable":true,"href":"https:\/\/deseopatisserie.com\/de\/wp-json\/wp\/v2\/product_tag?post=107662"}],"curies":[{"name":"wp","href":"https:\/\/api.w.org\/{rel}","templated":true}]}}