{"id":107660,"date":"2025-03-20T10:19:36","date_gmt":"2025-03-20T09:19:36","guid":{"rendered":"https:\/\/deseopatisserie.com\/produkt\/cranberry-walnut-brot\/"},"modified":"2025-03-20T10:19:36","modified_gmt":"2025-03-20T09:19:36","slug":"cranberry-walnut-brot","status":"publish","type":"product","link":"https:\/\/deseopatisserie.com\/de\/produkt\/cranberry-walnut-brot\/","title":{"rendered":"Cranberry &amp; Walnut Brot"},"content":{"rendered":"","protected":false},"excerpt":{"rendered":"<p><strong>Brot zu festen Terminen erh\u00e4ltlich.<\/strong><\/p>\n<p>Weizen-Roggenbrot \/ getrocknete Cranberries \/ Waln\u00fcsse<\/p>\n<p>Gewicht: ca. 0,6kg <\/p>\n<p>Unser Weizen- und Roggenbrot mit getrockneten Preiselbeeren und Waln\u00fcssen ist eine Kombination aus traditionellem Brot mit Bel\u00e4gen, die nicht nur geschmacklich begeistern, sondern auch zahlreiche gesundheitliche Vorteile bieten. Saftige Cranberries und Waln\u00fcsse sorgen f\u00fcr einen harmonischen Geschmacksmix. Cranberries bringen fruchtige S\u00e4uerlichkeit, w\u00e4hrend Waln\u00fcsse f\u00fcr Tiefe und erdiges Aroma sorgen. Zusammen ergeben sie ein Brot mit einem komplexen und dennoch ausgewogenen Geschmack, perfekt f\u00fcr alle, die das Besondere suchen.   <\/p>\n<p>Empfohlene Anwendung:<\/p>\n<p>\u00b7 <strong>Toast mit Ricotta und Feigen:<\/strong> Die ger\u00f6stete Brotscheibe mit Ricotta bestreichen, frische Feigenscheiben darauf legen und mit Balsamico-Sauce betr\u00e4ufeln. Diese Kombination bereichert den Geschmack des Brotes mit einer trockenen Note. <\/p>\n<p>\u00b7 <strong>Gebratene Putenbrust und Rucola-Sandwich:<\/strong> Die Scheiben der gebratenen Putenbrust auf eine Scheibe Brot legen, den frischen Rucola dazugeben und mit Oliven\u00f6l betr\u00e4ufeln.<\/p>\n<p>\u00b7 <strong>Toast mit Frischk\u00e4se und Birne:<\/strong> Eine Scheibe Brot mit Frischk\u00e4se bestreichen, d\u00fcnne Birnenscheiben darauf legen und mit gehackten Waln\u00fcssen bestreuen.<\/p>\n","protected":false},"featured_media":105908,"template":"","meta":{"_acf_changed":false},"product_brand":[],"product_cat":[2979,2980],"product_tag":[],"class_list":{"0":"post-107660","1":"product","2":"type-product","3":"status-publish","4":"has-post-thumbnail","6":"product_cat-backerei","7":"product_cat-handwerklich-hergestelltes-brot","9":"first","10":"outofstock","11":"taxable","12":"shipping-taxable","13":"purchasable","14":"product-type-simple"},"acf":[],"yoast_head":"<!-- This site is optimized with the Yoast SEO plugin v27.5 - https:\/\/yoast.com\/product\/yoast-seo-wordpress\/ -->\n<title>Cranberry &amp; Walnut Brot - Cukiernia DESEO Warszawa<\/title>\n<meta name=\"description\" content=\"Cranberry &amp; Walnut Bread - Saftige Cranberries und Waln\u00fcsse sorgen f\u00fcr eine harmonische Geschmacksmischung. Cranberries bringen fruchtige S\u00e4uerlichkeit, w\u00e4hrend Waln\u00fcsse f\u00fcr Tiefe und erdiges Aroma sorgen.\" \/>\n<meta name=\"robots\" content=\"index, follow, max-snippet:-1, max-image-preview:large, max-video-preview:-1\" \/>\n<link rel=\"canonical\" href=\"https:\/\/deseopatisserie.com\/de\/produkt\/cranberry-walnut-brot\/\" \/>\n<meta property=\"og:locale\" content=\"de_DE\" \/>\n<meta property=\"og:type\" content=\"article\" \/>\n<meta property=\"og:title\" content=\"Cranberry &amp; Walnut Brot - DESEO\" \/>\n<meta property=\"og:description\" content=\"Saftige Cranberries und Waln\u00fcsse sorgen f\u00fcr einen harmonischen Geschmacksmix. Cranberries bringen fruchtige S\u00e4uerlichkeit, w\u00e4hrend Waln\u00fcsse f\u00fcr Tiefe und erdiges Aroma sorgen. Zusammen ergeben sie ein Brot mit einem komplexen und dennoch ausgewogenen Geschmack, perfekt f\u00fcr alle, die das Besondere suchen.\" \/>\n<meta property=\"og:url\" content=\"https:\/\/deseopatisserie.com\/de\/produkt\/cranberry-walnut-brot\/\" \/>\n<meta property=\"og:site_name\" content=\"DESEO\" \/>\n<meta property=\"og:image\" content=\"https:\/\/deseopatisserie.com\/wp-content\/uploads\/2025\/03\/45e2f1198d11a13fcf9631a425512686-1024x682.jpg\" \/>\n<meta name=\"twitter:card\" content=\"summary_large_image\" \/>\n<script type=\"application\/ld+json\" class=\"yoast-schema-graph\">{\"@context\":\"https:\\\/\\\/schema.org\",\"@graph\":[{\"@type\":\"WebPage\",\"@id\":\"https:\\\/\\\/deseopatisserie.com\\\/de\\\/produkt\\\/cranberry-walnut-brot\\\/\",\"url\":\"https:\\\/\\\/deseopatisserie.com\\\/de\\\/produkt\\\/cranberry-walnut-brot\\\/\",\"name\":\"Cranberry &amp; Walnut Brot - Cukiernia DESEO Warszawa\",\"isPartOf\":{\"@id\":\"https:\\\/\\\/deseopatisserie.com\\\/de\\\/#website\"},\"primaryImageOfPage\":{\"@id\":\"https:\\\/\\\/deseopatisserie.com\\\/de\\\/produkt\\\/cranberry-walnut-brot\\\/#primaryimage\"},\"image\":{\"@id\":\"https:\\\/\\\/deseopatisserie.com\\\/de\\\/produkt\\\/cranberry-walnut-brot\\\/#primaryimage\"},\"thumbnailUrl\":\"https:\\\/\\\/deseopatisserie.com\\\/\\\/wp-content\\\/uploads\\\/2025\\\/03\\\/DESEO_chleb-zurawinaorzech-wloski_3.jpg\",\"datePublished\":\"2025-03-20T09:19:36+00:00\",\"description\":\"Cranberry & Walnut Bread - Saftige Cranberries und Waln\u00fcsse sorgen f\u00fcr eine harmonische Geschmacksmischung. Cranberries bringen fruchtige S\u00e4uerlichkeit, w\u00e4hrend Waln\u00fcsse f\u00fcr Tiefe und erdiges Aroma sorgen.\",\"breadcrumb\":{\"@id\":\"https:\\\/\\\/deseopatisserie.com\\\/de\\\/produkt\\\/cranberry-walnut-brot\\\/#breadcrumb\"},\"inLanguage\":\"de\",\"potentialAction\":[{\"@type\":\"ReadAction\",\"target\":[\"https:\\\/\\\/deseopatisserie.com\\\/de\\\/produkt\\\/cranberry-walnut-brot\\\/\"]}]},{\"@type\":\"ImageObject\",\"inLanguage\":\"de\",\"@id\":\"https:\\\/\\\/deseopatisserie.com\\\/de\\\/produkt\\\/cranberry-walnut-brot\\\/#primaryimage\",\"url\":\"https:\\\/\\\/deseopatisserie.com\\\/\\\/wp-content\\\/uploads\\\/2025\\\/03\\\/DESEO_chleb-zurawinaorzech-wloski_3.jpg\",\"contentUrl\":\"https:\\\/\\\/deseopatisserie.com\\\/\\\/wp-content\\\/uploads\\\/2025\\\/03\\\/DESEO_chleb-zurawinaorzech-wloski_3.jpg\",\"width\":2500,\"height\":1667,\"caption\":\"CHLEB \u017bURAWINA & ORZECH W\u0141OSKI\"},{\"@type\":\"BreadcrumbList\",\"@id\":\"https:\\\/\\\/deseopatisserie.com\\\/de\\\/produkt\\\/cranberry-walnut-brot\\\/#breadcrumb\",\"itemListElement\":[{\"@type\":\"ListItem\",\"position\":1,\"name\":\"Strona g\u0142\u00f3wna\",\"item\":\"https:\\\/\\\/deseopatisserie.com\\\/de\\\/homepage\\\/\"},{\"@type\":\"ListItem\",\"position\":2,\"name\":\"Cranberry &amp; Walnut Brot\"}]},{\"@type\":\"WebSite\",\"@id\":\"https:\\\/\\\/deseopatisserie.com\\\/de\\\/#website\",\"url\":\"https:\\\/\\\/deseopatisserie.com\\\/de\\\/\",\"name\":\"DESEO\",\"description\":\"Patisserie &amp; Chocolaterie\",\"potentialAction\":[{\"@type\":\"SearchAction\",\"target\":{\"@type\":\"EntryPoint\",\"urlTemplate\":\"https:\\\/\\\/deseopatisserie.com\\\/de\\\/?s={search_term_string}\"},\"query-input\":{\"@type\":\"PropertyValueSpecification\",\"valueRequired\":true,\"valueName\":\"search_term_string\"}}],\"inLanguage\":\"de\"}]}<\/script>\n<!-- \/ Yoast SEO plugin. -->","yoast_head_json":{"title":"Cranberry &amp; Walnut Brot - Cukiernia DESEO Warszawa","description":"Cranberry & Walnut Bread - Saftige Cranberries und Waln\u00fcsse sorgen f\u00fcr eine harmonische Geschmacksmischung. Cranberries bringen fruchtige S\u00e4uerlichkeit, w\u00e4hrend Waln\u00fcsse f\u00fcr Tiefe und erdiges Aroma sorgen.","robots":{"index":"index","follow":"follow","max-snippet":"max-snippet:-1","max-image-preview":"max-image-preview:large","max-video-preview":"max-video-preview:-1"},"canonical":"https:\/\/deseopatisserie.com\/de\/produkt\/cranberry-walnut-brot\/","og_locale":"de_DE","og_type":"article","og_title":"Cranberry & Walnut Brot - DESEO","og_description":"Saftige Cranberries und Waln\u00fcsse sorgen f\u00fcr einen harmonischen Geschmacksmix. Cranberries bringen fruchtige S\u00e4uerlichkeit, w\u00e4hrend Waln\u00fcsse f\u00fcr Tiefe und erdiges Aroma sorgen. Zusammen ergeben sie ein Brot mit einem komplexen und dennoch ausgewogenen Geschmack, perfekt f\u00fcr alle, die das Besondere suchen.","og_url":"https:\/\/deseopatisserie.com\/de\/produkt\/cranberry-walnut-brot\/","og_site_name":"DESEO","og_image":[{"url":"https:\/\/deseopatisserie.com\/wp-content\/uploads\/2025\/03\/45e2f1198d11a13fcf9631a425512686-1024x682.jpg","type":"","width":"","height":""}],"twitter_card":"summary_large_image","schema":{"@context":"https:\/\/schema.org","@graph":[{"@type":"WebPage","@id":"https:\/\/deseopatisserie.com\/de\/produkt\/cranberry-walnut-brot\/","url":"https:\/\/deseopatisserie.com\/de\/produkt\/cranberry-walnut-brot\/","name":"Cranberry &amp; Walnut Brot - Cukiernia DESEO Warszawa","isPartOf":{"@id":"https:\/\/deseopatisserie.com\/de\/#website"},"primaryImageOfPage":{"@id":"https:\/\/deseopatisserie.com\/de\/produkt\/cranberry-walnut-brot\/#primaryimage"},"image":{"@id":"https:\/\/deseopatisserie.com\/de\/produkt\/cranberry-walnut-brot\/#primaryimage"},"thumbnailUrl":"https:\/\/deseopatisserie.com\/\/wp-content\/uploads\/2025\/03\/DESEO_chleb-zurawinaorzech-wloski_3.jpg","datePublished":"2025-03-20T09:19:36+00:00","description":"Cranberry & Walnut Bread - Saftige Cranberries und Waln\u00fcsse sorgen f\u00fcr eine harmonische Geschmacksmischung. Cranberries bringen fruchtige S\u00e4uerlichkeit, w\u00e4hrend Waln\u00fcsse f\u00fcr Tiefe und erdiges Aroma sorgen.","breadcrumb":{"@id":"https:\/\/deseopatisserie.com\/de\/produkt\/cranberry-walnut-brot\/#breadcrumb"},"inLanguage":"de","potentialAction":[{"@type":"ReadAction","target":["https:\/\/deseopatisserie.com\/de\/produkt\/cranberry-walnut-brot\/"]}]},{"@type":"ImageObject","inLanguage":"de","@id":"https:\/\/deseopatisserie.com\/de\/produkt\/cranberry-walnut-brot\/#primaryimage","url":"https:\/\/deseopatisserie.com\/\/wp-content\/uploads\/2025\/03\/DESEO_chleb-zurawinaorzech-wloski_3.jpg","contentUrl":"https:\/\/deseopatisserie.com\/\/wp-content\/uploads\/2025\/03\/DESEO_chleb-zurawinaorzech-wloski_3.jpg","width":2500,"height":1667,"caption":"CHLEB \u017bURAWINA & ORZECH W\u0141OSKI"},{"@type":"BreadcrumbList","@id":"https:\/\/deseopatisserie.com\/de\/produkt\/cranberry-walnut-brot\/#breadcrumb","itemListElement":[{"@type":"ListItem","position":1,"name":"Strona g\u0142\u00f3wna","item":"https:\/\/deseopatisserie.com\/de\/homepage\/"},{"@type":"ListItem","position":2,"name":"Cranberry &amp; Walnut Brot"}]},{"@type":"WebSite","@id":"https:\/\/deseopatisserie.com\/de\/#website","url":"https:\/\/deseopatisserie.com\/de\/","name":"DESEO","description":"Patisserie &amp; Chocolaterie","potentialAction":[{"@type":"SearchAction","target":{"@type":"EntryPoint","urlTemplate":"https:\/\/deseopatisserie.com\/de\/?s={search_term_string}"},"query-input":{"@type":"PropertyValueSpecification","valueRequired":true,"valueName":"search_term_string"}}],"inLanguage":"de"}]}},"_links":{"self":[{"href":"https:\/\/deseopatisserie.com\/de\/wp-json\/wp\/v2\/product\/107660","targetHints":{"allow":["GET"]}}],"collection":[{"href":"https:\/\/deseopatisserie.com\/de\/wp-json\/wp\/v2\/product"}],"about":[{"href":"https:\/\/deseopatisserie.com\/de\/wp-json\/wp\/v2\/types\/product"}],"wp:featuredmedia":[{"embeddable":true,"href":"https:\/\/deseopatisserie.com\/de\/wp-json\/wp\/v2\/media\/105908"}],"wp:attachment":[{"href":"https:\/\/deseopatisserie.com\/de\/wp-json\/wp\/v2\/media?parent=107660"}],"wp:term":[{"taxonomy":"product_brand","embeddable":true,"href":"https:\/\/deseopatisserie.com\/de\/wp-json\/wp\/v2\/product_brand?post=107660"},{"taxonomy":"product_cat","embeddable":true,"href":"https:\/\/deseopatisserie.com\/de\/wp-json\/wp\/v2\/product_cat?post=107660"},{"taxonomy":"product_tag","embeddable":true,"href":"https:\/\/deseopatisserie.com\/de\/wp-json\/wp\/v2\/product_tag?post=107660"}],"curies":[{"name":"wp","href":"https:\/\/api.w.org\/{rel}","templated":true}]}}