{"id":107657,"date":"2025-03-20T10:40:55","date_gmt":"2025-03-20T09:40:55","guid":{"rendered":"https:\/\/deseopatisserie.com\/produkt\/basilikum-pesto-brot-schwarzkuemmel\/"},"modified":"2025-09-29T14:31:16","modified_gmt":"2025-09-29T12:31:16","slug":"basilikum-pesto-brot-schwarzkuemmel","status":"publish","type":"product","link":"https:\/\/deseopatisserie.com\/de\/produkt\/basilikum-pesto-brot-schwarzkuemmel\/","title":{"rendered":"Basilikum-Pesto-Brot &amp; Schwarzk\u00fcmmel"},"content":{"rendered":"","protected":false},"excerpt":{"rendered":"<p>Weizen-Roggenbrot \/ Basilikumpesto \/ Schwarzk\u00fcmmel<\/p>\n<p>Gewicht: ca. 0,6kg <\/p>\n<p>Dieses Brot ist der Wahnsinn! Aromatisches Basilikumpesto in Kombination mit zartem Schwarzk\u00fcmmel schafft Brot mit unverwechselbarem Geschmack. Basilikumpesto, hergestellt aus frischen Basilikumbl\u00e4ttern, Pinienkernen und Oliven\u00f6l, verleiht dem Brot ein tiefes, krautiges Aroma. Die Zugabe von Schwarzk\u00fcmmel sorgt f\u00fcr eine dezente, leicht w\u00fcrzige Note, die sich perfekt mit den restlichen Zutaten verbindet.   <\/p>\n<p>Empfohlene Anwendung:<\/p>\n<p>\u00b7 <strong>Caprese-Sandwich:<\/strong> Scheiben von frischen Tomaten, Mozzarella und frischem Basilikum auf eine Scheibe Brot legen. Mit Oliven\u00f6l betr\u00e4ufeln und mit Salz und Pfeffer bestreuen.<br \/>\n <strong>Toast mit Avocado und Spiegelei:<\/strong> Toasten Sie eine Scheibe Brot, verteilen Sie dann die reife Avocado, f\u00fcgen Sie das Spiegelei hinzu und bestreuen Sie es mit Ihren Lieblingsgew\u00fcrzen. <\/p>\n<p>\u00b7 <strong> Lachs-Dill-Sandwich: <\/strong>Auf eine mit feinem K\u00e4se bestrichene Scheibe Brot in Scheiben ger\u00e4ucherten Lachs legen, frischen Dill hinzuf\u00fcgen und mit Zitronensaft betr\u00e4ufeln, um den Geschmack zu erfrischen<\/p>\n","protected":false},"featured_media":105979,"template":"","meta":{"_acf_changed":false},"product_brand":[],"product_cat":[2979,2980,2698],"product_tag":[],"class_list":{"0":"post-107657","1":"product","2":"type-product","3":"status-publish","4":"has-post-thumbnail","6":"product_cat-backerei","7":"product_cat-handwerklich-hergestelltes-brot","8":"product_cat-ostern","10":"first","11":"instock","12":"taxable","13":"shipping-taxable","14":"purchasable","15":"product-type-simple"},"acf":[],"yoast_head":"<!-- This site is optimized with the Yoast SEO plugin v27.4 - https:\/\/yoast.com\/product\/yoast-seo-wordpress\/ -->\n<title>Basilikum-Pesto-Brot &amp; Schwarzk\u00fcmmel - DESEO Warschau<\/title>\n<meta name=\"description\" content=\"Basilikum- und Schwarzk\u00fcmmel-Pesto-Brot - Aromatisches Basilikum-Pesto in Kombination mit zartem Schwarzk\u00fcmmel schafft ein Brot mit einem ausgepr\u00e4gten Geschmack...\" \/>\n<meta name=\"robots\" content=\"index, follow, max-snippet:-1, max-image-preview:large, max-video-preview:-1\" \/>\n<link rel=\"canonical\" href=\"https:\/\/deseopatisserie.com\/de\/produkt\/basilikum-pesto-brot-schwarzkuemmel\/\" \/>\n<meta property=\"og:locale\" content=\"de_DE\" \/>\n<meta property=\"og:type\" content=\"article\" \/>\n<meta property=\"og:title\" content=\"Basilikum-Schwarzk\u00fcmmel-Pesto-Brot - DESEO\" \/>\n<meta property=\"og:description\" content=\"Aromatisches Basilikumpesto in Kombination mit zartem Schwarzk\u00fcmmel schafft Brot mit unverwechselbarem Geschmack. Basilikumpesto, hergestellt aus frischen Basilikumbl\u00e4ttern, Pinienkernen und Oliven\u00f6l, verleiht dem Brot ein tiefes, krautiges Aroma. Die Zugabe von Schwarzk\u00fcmmel sorgt f\u00fcr eine dezente, leicht w\u00fcrzige Note, die sich perfekt mit den restlichen Zutaten verbindet.\" \/>\n<meta property=\"og:url\" content=\"https:\/\/deseopatisserie.com\/de\/produkt\/basilikum-pesto-brot-schwarzkuemmel\/\" \/>\n<meta property=\"og:site_name\" content=\"DESEO\" \/>\n<meta property=\"article:modified_time\" content=\"2025-09-29T12:31:16+00:00\" \/>\n<meta property=\"og:image\" content=\"https:\/\/deseopatisserie.com\/wp-content\/uploads\/2025\/03\/DESEO_chleb-pesto-bazylioweczarnuszka_3-1024x683.jpg\" \/>\n<meta name=\"twitter:card\" content=\"summary_large_image\" \/>\n<script type=\"application\/ld+json\" class=\"yoast-schema-graph\">{\"@context\":\"https:\\\/\\\/schema.org\",\"@graph\":[{\"@type\":\"WebPage\",\"@id\":\"https:\\\/\\\/deseopatisserie.com\\\/de\\\/produkt\\\/basilikum-pesto-brot-schwarzkuemmel\\\/\",\"url\":\"https:\\\/\\\/deseopatisserie.com\\\/de\\\/produkt\\\/basilikum-pesto-brot-schwarzkuemmel\\\/\",\"name\":\"Basilikum-Pesto-Brot &amp; Schwarzk\u00fcmmel - DESEO Warschau\",\"isPartOf\":{\"@id\":\"https:\\\/\\\/deseopatisserie.com\\\/de\\\/#website\"},\"primaryImageOfPage\":{\"@id\":\"https:\\\/\\\/deseopatisserie.com\\\/de\\\/produkt\\\/basilikum-pesto-brot-schwarzkuemmel\\\/#primaryimage\"},\"image\":{\"@id\":\"https:\\\/\\\/deseopatisserie.com\\\/de\\\/produkt\\\/basilikum-pesto-brot-schwarzkuemmel\\\/#primaryimage\"},\"thumbnailUrl\":\"https:\\\/\\\/deseopatisserie.com\\\/\\\/wp-content\\\/uploads\\\/2025\\\/03\\\/DESEO_chleb-pesto-bazylioweczarnuszka_3.jpg\",\"datePublished\":\"2025-03-20T09:40:55+00:00\",\"dateModified\":\"2025-09-29T12:31:16+00:00\",\"description\":\"Basilikum- und Schwarzk\u00fcmmel-Pesto-Brot - Aromatisches Basilikum-Pesto in Kombination mit zartem Schwarzk\u00fcmmel schafft ein Brot mit einem ausgepr\u00e4gten Geschmack...\",\"breadcrumb\":{\"@id\":\"https:\\\/\\\/deseopatisserie.com\\\/de\\\/produkt\\\/basilikum-pesto-brot-schwarzkuemmel\\\/#breadcrumb\"},\"inLanguage\":\"de\",\"potentialAction\":[{\"@type\":\"ReadAction\",\"target\":[\"https:\\\/\\\/deseopatisserie.com\\\/de\\\/produkt\\\/basilikum-pesto-brot-schwarzkuemmel\\\/\"]}]},{\"@type\":\"ImageObject\",\"inLanguage\":\"de\",\"@id\":\"https:\\\/\\\/deseopatisserie.com\\\/de\\\/produkt\\\/basilikum-pesto-brot-schwarzkuemmel\\\/#primaryimage\",\"url\":\"https:\\\/\\\/deseopatisserie.com\\\/\\\/wp-content\\\/uploads\\\/2025\\\/03\\\/DESEO_chleb-pesto-bazylioweczarnuszka_3.jpg\",\"contentUrl\":\"https:\\\/\\\/deseopatisserie.com\\\/\\\/wp-content\\\/uploads\\\/2025\\\/03\\\/DESEO_chleb-pesto-bazylioweczarnuszka_3.jpg\",\"width\":2500,\"height\":1667,\"caption\":\"chleb pesto bazyliowe & czarnuszka DESEO\"},{\"@type\":\"BreadcrumbList\",\"@id\":\"https:\\\/\\\/deseopatisserie.com\\\/de\\\/produkt\\\/basilikum-pesto-brot-schwarzkuemmel\\\/#breadcrumb\",\"itemListElement\":[{\"@type\":\"ListItem\",\"position\":1,\"name\":\"Strona g\u0142\u00f3wna\",\"item\":\"https:\\\/\\\/deseopatisserie.com\\\/de\\\/homepage\\\/\"},{\"@type\":\"ListItem\",\"position\":2,\"name\":\"Basilikum-Pesto-Brot &amp; Schwarzk\u00fcmmel\"}]},{\"@type\":\"WebSite\",\"@id\":\"https:\\\/\\\/deseopatisserie.com\\\/de\\\/#website\",\"url\":\"https:\\\/\\\/deseopatisserie.com\\\/de\\\/\",\"name\":\"DESEO\",\"description\":\"Patisserie &amp; Chocolaterie\",\"potentialAction\":[{\"@type\":\"SearchAction\",\"target\":{\"@type\":\"EntryPoint\",\"urlTemplate\":\"https:\\\/\\\/deseopatisserie.com\\\/de\\\/?s={search_term_string}\"},\"query-input\":{\"@type\":\"PropertyValueSpecification\",\"valueRequired\":true,\"valueName\":\"search_term_string\"}}],\"inLanguage\":\"de\"}]}<\/script>\n<!-- \/ Yoast SEO plugin. -->","yoast_head_json":{"title":"Basilikum-Pesto-Brot &amp; Schwarzk\u00fcmmel - DESEO Warschau","description":"Basilikum- und Schwarzk\u00fcmmel-Pesto-Brot - Aromatisches Basilikum-Pesto in Kombination mit zartem Schwarzk\u00fcmmel schafft ein Brot mit einem ausgepr\u00e4gten Geschmack...","robots":{"index":"index","follow":"follow","max-snippet":"max-snippet:-1","max-image-preview":"max-image-preview:large","max-video-preview":"max-video-preview:-1"},"canonical":"https:\/\/deseopatisserie.com\/de\/produkt\/basilikum-pesto-brot-schwarzkuemmel\/","og_locale":"de_DE","og_type":"article","og_title":"Basilikum-Schwarzk\u00fcmmel-Pesto-Brot - DESEO","og_description":"Aromatisches Basilikumpesto in Kombination mit zartem Schwarzk\u00fcmmel schafft Brot mit unverwechselbarem Geschmack. Basilikumpesto, hergestellt aus frischen Basilikumbl\u00e4ttern, Pinienkernen und Oliven\u00f6l, verleiht dem Brot ein tiefes, krautiges Aroma. Die Zugabe von Schwarzk\u00fcmmel sorgt f\u00fcr eine dezente, leicht w\u00fcrzige Note, die sich perfekt mit den restlichen Zutaten verbindet.","og_url":"https:\/\/deseopatisserie.com\/de\/produkt\/basilikum-pesto-brot-schwarzkuemmel\/","og_site_name":"DESEO","article_modified_time":"2025-09-29T12:31:16+00:00","og_image":[{"url":"https:\/\/deseopatisserie.com\/wp-content\/uploads\/2025\/03\/DESEO_chleb-pesto-bazylioweczarnuszka_3-1024x683.jpg","type":"","width":"","height":""}],"twitter_card":"summary_large_image","schema":{"@context":"https:\/\/schema.org","@graph":[{"@type":"WebPage","@id":"https:\/\/deseopatisserie.com\/de\/produkt\/basilikum-pesto-brot-schwarzkuemmel\/","url":"https:\/\/deseopatisserie.com\/de\/produkt\/basilikum-pesto-brot-schwarzkuemmel\/","name":"Basilikum-Pesto-Brot &amp; Schwarzk\u00fcmmel - DESEO Warschau","isPartOf":{"@id":"https:\/\/deseopatisserie.com\/de\/#website"},"primaryImageOfPage":{"@id":"https:\/\/deseopatisserie.com\/de\/produkt\/basilikum-pesto-brot-schwarzkuemmel\/#primaryimage"},"image":{"@id":"https:\/\/deseopatisserie.com\/de\/produkt\/basilikum-pesto-brot-schwarzkuemmel\/#primaryimage"},"thumbnailUrl":"https:\/\/deseopatisserie.com\/\/wp-content\/uploads\/2025\/03\/DESEO_chleb-pesto-bazylioweczarnuszka_3.jpg","datePublished":"2025-03-20T09:40:55+00:00","dateModified":"2025-09-29T12:31:16+00:00","description":"Basilikum- und Schwarzk\u00fcmmel-Pesto-Brot - Aromatisches Basilikum-Pesto in Kombination mit zartem Schwarzk\u00fcmmel schafft ein Brot mit einem ausgepr\u00e4gten Geschmack...","breadcrumb":{"@id":"https:\/\/deseopatisserie.com\/de\/produkt\/basilikum-pesto-brot-schwarzkuemmel\/#breadcrumb"},"inLanguage":"de","potentialAction":[{"@type":"ReadAction","target":["https:\/\/deseopatisserie.com\/de\/produkt\/basilikum-pesto-brot-schwarzkuemmel\/"]}]},{"@type":"ImageObject","inLanguage":"de","@id":"https:\/\/deseopatisserie.com\/de\/produkt\/basilikum-pesto-brot-schwarzkuemmel\/#primaryimage","url":"https:\/\/deseopatisserie.com\/\/wp-content\/uploads\/2025\/03\/DESEO_chleb-pesto-bazylioweczarnuszka_3.jpg","contentUrl":"https:\/\/deseopatisserie.com\/\/wp-content\/uploads\/2025\/03\/DESEO_chleb-pesto-bazylioweczarnuszka_3.jpg","width":2500,"height":1667,"caption":"chleb pesto bazyliowe & czarnuszka DESEO"},{"@type":"BreadcrumbList","@id":"https:\/\/deseopatisserie.com\/de\/produkt\/basilikum-pesto-brot-schwarzkuemmel\/#breadcrumb","itemListElement":[{"@type":"ListItem","position":1,"name":"Strona g\u0142\u00f3wna","item":"https:\/\/deseopatisserie.com\/de\/homepage\/"},{"@type":"ListItem","position":2,"name":"Basilikum-Pesto-Brot &amp; Schwarzk\u00fcmmel"}]},{"@type":"WebSite","@id":"https:\/\/deseopatisserie.com\/de\/#website","url":"https:\/\/deseopatisserie.com\/de\/","name":"DESEO","description":"Patisserie &amp; Chocolaterie","potentialAction":[{"@type":"SearchAction","target":{"@type":"EntryPoint","urlTemplate":"https:\/\/deseopatisserie.com\/de\/?s={search_term_string}"},"query-input":{"@type":"PropertyValueSpecification","valueRequired":true,"valueName":"search_term_string"}}],"inLanguage":"de"}]}},"_links":{"self":[{"href":"https:\/\/deseopatisserie.com\/de\/wp-json\/wp\/v2\/product\/107657","targetHints":{"allow":["GET"]}}],"collection":[{"href":"https:\/\/deseopatisserie.com\/de\/wp-json\/wp\/v2\/product"}],"about":[{"href":"https:\/\/deseopatisserie.com\/de\/wp-json\/wp\/v2\/types\/product"}],"wp:featuredmedia":[{"embeddable":true,"href":"https:\/\/deseopatisserie.com\/de\/wp-json\/wp\/v2\/media\/105979"}],"wp:attachment":[{"href":"https:\/\/deseopatisserie.com\/de\/wp-json\/wp\/v2\/media?parent=107657"}],"wp:term":[{"taxonomy":"product_brand","embeddable":true,"href":"https:\/\/deseopatisserie.com\/de\/wp-json\/wp\/v2\/product_brand?post=107657"},{"taxonomy":"product_cat","embeddable":true,"href":"https:\/\/deseopatisserie.com\/de\/wp-json\/wp\/v2\/product_cat?post=107657"},{"taxonomy":"product_tag","embeddable":true,"href":"https:\/\/deseopatisserie.com\/de\/wp-json\/wp\/v2\/product_tag?post=107657"}],"curies":[{"name":"wp","href":"https:\/\/api.w.org\/{rel}","templated":true}]}}