{"id":107656,"date":"2025-03-20T10:12:46","date_gmt":"2025-03-20T09:12:46","guid":{"rendered":"https:\/\/deseopatisserie.com\/produkt\/cheddar-mohnbrot\/"},"modified":"2025-03-20T10:12:46","modified_gmt":"2025-03-20T09:12:46","slug":"cheddar-mohnbrot","status":"publish","type":"product","link":"https:\/\/deseopatisserie.com\/de\/produkt\/cheddar-mohnbrot\/","title":{"rendered":"Cheddar &amp; Mohnbrot"},"content":{"rendered":"","protected":false},"excerpt":{"rendered":"<p><strong>Brot zu festen Terminen erh\u00e4ltlich.<\/strong><\/p>\n<p>Weizen-Roggenbrot \/ Cheddar \/ Mohn<\/p>\n<p>Gewicht: ca. 0,6kg <\/p>\n<p>Dieses Brot ist eines unserer Favoriten. Es wird sicherlich alle Liebhaber unterschiedlicher Aromen ansprechen. Die Kombination aus intensivem, leicht w\u00fcrzigem Cheddar-K\u00e4se mit der zarten Knusprigkeit von Mohn schafft eine harmonische Komposition, die unseren Gaumen begeistert. Er passt perfekt zu Parmaschinkenscheiben und Rucola. Du kannst es auch mit einem Spiegelei und Avocado zum Fr\u00fchst\u00fcck probieren.    <\/p>\n<p>Empfohlene Anwendung:<\/p>\n<p>\u00b7 <strong>Parmaschinken-Rucola-Sandwich:<\/strong> Parmaschinkenscheiben auf eine Scheibe Brot legen, frischen Rucola dazugeben und mit Tr\u00fcffel\u00f6l betr\u00e4ufeln.<\/p>\n<p>\u00b7 <strong>Toast mit Spiegelei und Avocado:<\/strong> Eine Scheibe Brot mit Butter bestreichen, das Spiegelei und die Avocadoscheiben dazugeben und mit Salz und Pfeffer w\u00fcrzen.<\/p>\n","protected":false},"featured_media":105848,"template":"","meta":{"_acf_changed":false},"product_brand":[],"product_cat":[2979,2980],"product_tag":[],"class_list":{"0":"post-107656","1":"product","2":"type-product","3":"status-publish","4":"has-post-thumbnail","6":"product_cat-backerei","7":"product_cat-handwerklich-hergestelltes-brot","9":"first","10":"outofstock","11":"taxable","12":"shipping-taxable","13":"purchasable","14":"product-type-simple"},"acf":[],"yoast_head":"<!-- This site is optimized with the Yoast SEO plugin v27.5 - https:\/\/yoast.com\/product\/yoast-seo-wordpress\/ -->\n<title>Cheddar &amp; Mohnbrot - DESEO Warschau<\/title>\n<meta name=\"description\" content=\"Cheddar &amp; Mohnbrot - Die Kombination aus intensivem, leicht w\u00fcrzigem Cheddar-K\u00e4se mit der zarten Knusprigkeit von Mohn schafft eine harmonische Komposition, die unseren Gaumen begeistert.\" \/>\n<meta name=\"robots\" content=\"index, follow, max-snippet:-1, max-image-preview:large, max-video-preview:-1\" \/>\n<link rel=\"canonical\" href=\"https:\/\/deseopatisserie.com\/de\/produkt\/cheddar-mohnbrot\/\" \/>\n<meta property=\"og:locale\" content=\"de_DE\" \/>\n<meta property=\"og:type\" content=\"article\" \/>\n<meta property=\"og:title\" content=\"Cheddar &amp; Mohnbrot - DESEO\" \/>\n<meta property=\"og:description\" content=\"Dieses Brot ist eines unserer Favoriten. Es wird sicherlich alle Liebhaber unterschiedlicher Aromen ansprechen. Die Kombination aus intensivem, leicht w\u00fcrzigem Cheddar-K\u00e4se mit der zarten Knusprigkeit von Mohn schafft eine harmonische Komposition, die unseren Gaumen begeistert.\" \/>\n<meta property=\"og:url\" content=\"https:\/\/deseopatisserie.com\/de\/produkt\/cheddar-mohnbrot\/\" \/>\n<meta property=\"og:site_name\" content=\"DESEO\" \/>\n<meta property=\"og:image\" content=\"https:\/\/deseopatisserie.com\/wp-content\/uploads\/2025\/03\/583ed1c215594c5280a62f932e7ec214-1024x683.jpg\" \/>\n<meta name=\"twitter:card\" content=\"summary_large_image\" \/>\n<script type=\"application\/ld+json\" class=\"yoast-schema-graph\">{\"@context\":\"https:\\\/\\\/schema.org\",\"@graph\":[{\"@type\":\"WebPage\",\"@id\":\"https:\\\/\\\/deseopatisserie.com\\\/de\\\/produkt\\\/cheddar-mohnbrot\\\/\",\"url\":\"https:\\\/\\\/deseopatisserie.com\\\/de\\\/produkt\\\/cheddar-mohnbrot\\\/\",\"name\":\"Cheddar &amp; Mohnbrot - DESEO Warschau\",\"isPartOf\":{\"@id\":\"https:\\\/\\\/deseopatisserie.com\\\/de\\\/#website\"},\"primaryImageOfPage\":{\"@id\":\"https:\\\/\\\/deseopatisserie.com\\\/de\\\/produkt\\\/cheddar-mohnbrot\\\/#primaryimage\"},\"image\":{\"@id\":\"https:\\\/\\\/deseopatisserie.com\\\/de\\\/produkt\\\/cheddar-mohnbrot\\\/#primaryimage\"},\"thumbnailUrl\":\"https:\\\/\\\/deseopatisserie.com\\\/\\\/wp-content\\\/uploads\\\/2025\\\/03\\\/583ed1c215594c5280a62f932e7ec214.jpg\",\"datePublished\":\"2025-03-20T09:12:46+00:00\",\"description\":\"Cheddar & Mohnbrot - Die Kombination aus intensivem, leicht w\u00fcrzigem Cheddar-K\u00e4se mit der zarten Knusprigkeit von Mohn schafft eine harmonische Komposition, die unseren Gaumen begeistert.\",\"breadcrumb\":{\"@id\":\"https:\\\/\\\/deseopatisserie.com\\\/de\\\/produkt\\\/cheddar-mohnbrot\\\/#breadcrumb\"},\"inLanguage\":\"de\",\"potentialAction\":[{\"@type\":\"ReadAction\",\"target\":[\"https:\\\/\\\/deseopatisserie.com\\\/de\\\/produkt\\\/cheddar-mohnbrot\\\/\"]}]},{\"@type\":\"ImageObject\",\"inLanguage\":\"de\",\"@id\":\"https:\\\/\\\/deseopatisserie.com\\\/de\\\/produkt\\\/cheddar-mohnbrot\\\/#primaryimage\",\"url\":\"https:\\\/\\\/deseopatisserie.com\\\/\\\/wp-content\\\/uploads\\\/2025\\\/03\\\/583ed1c215594c5280a62f932e7ec214.jpg\",\"contentUrl\":\"https:\\\/\\\/deseopatisserie.com\\\/\\\/wp-content\\\/uploads\\\/2025\\\/03\\\/583ed1c215594c5280a62f932e7ec214.jpg\",\"width\":1500,\"height\":1000,\"caption\":\"CHLEB CHEDDAR & MAK DESEO\"},{\"@type\":\"BreadcrumbList\",\"@id\":\"https:\\\/\\\/deseopatisserie.com\\\/de\\\/produkt\\\/cheddar-mohnbrot\\\/#breadcrumb\",\"itemListElement\":[{\"@type\":\"ListItem\",\"position\":1,\"name\":\"Strona g\u0142\u00f3wna\",\"item\":\"https:\\\/\\\/deseopatisserie.com\\\/de\\\/homepage\\\/\"},{\"@type\":\"ListItem\",\"position\":2,\"name\":\"Cheddar &amp; Mohnbrot\"}]},{\"@type\":\"WebSite\",\"@id\":\"https:\\\/\\\/deseopatisserie.com\\\/de\\\/#website\",\"url\":\"https:\\\/\\\/deseopatisserie.com\\\/de\\\/\",\"name\":\"DESEO\",\"description\":\"Patisserie &amp; Chocolaterie\",\"potentialAction\":[{\"@type\":\"SearchAction\",\"target\":{\"@type\":\"EntryPoint\",\"urlTemplate\":\"https:\\\/\\\/deseopatisserie.com\\\/de\\\/?s={search_term_string}\"},\"query-input\":{\"@type\":\"PropertyValueSpecification\",\"valueRequired\":true,\"valueName\":\"search_term_string\"}}],\"inLanguage\":\"de\"}]}<\/script>\n<!-- \/ Yoast SEO plugin. -->","yoast_head_json":{"title":"Cheddar &amp; Mohnbrot - DESEO Warschau","description":"Cheddar & Mohnbrot - Die Kombination aus intensivem, leicht w\u00fcrzigem Cheddar-K\u00e4se mit der zarten Knusprigkeit von Mohn schafft eine harmonische Komposition, die unseren Gaumen begeistert.","robots":{"index":"index","follow":"follow","max-snippet":"max-snippet:-1","max-image-preview":"max-image-preview:large","max-video-preview":"max-video-preview:-1"},"canonical":"https:\/\/deseopatisserie.com\/de\/produkt\/cheddar-mohnbrot\/","og_locale":"de_DE","og_type":"article","og_title":"Cheddar & Mohnbrot - DESEO","og_description":"Dieses Brot ist eines unserer Favoriten. Es wird sicherlich alle Liebhaber unterschiedlicher Aromen ansprechen. Die Kombination aus intensivem, leicht w\u00fcrzigem Cheddar-K\u00e4se mit der zarten Knusprigkeit von Mohn schafft eine harmonische Komposition, die unseren Gaumen begeistert.","og_url":"https:\/\/deseopatisserie.com\/de\/produkt\/cheddar-mohnbrot\/","og_site_name":"DESEO","og_image":[{"url":"https:\/\/deseopatisserie.com\/wp-content\/uploads\/2025\/03\/583ed1c215594c5280a62f932e7ec214-1024x683.jpg","type":"","width":"","height":""}],"twitter_card":"summary_large_image","schema":{"@context":"https:\/\/schema.org","@graph":[{"@type":"WebPage","@id":"https:\/\/deseopatisserie.com\/de\/produkt\/cheddar-mohnbrot\/","url":"https:\/\/deseopatisserie.com\/de\/produkt\/cheddar-mohnbrot\/","name":"Cheddar &amp; Mohnbrot - DESEO Warschau","isPartOf":{"@id":"https:\/\/deseopatisserie.com\/de\/#website"},"primaryImageOfPage":{"@id":"https:\/\/deseopatisserie.com\/de\/produkt\/cheddar-mohnbrot\/#primaryimage"},"image":{"@id":"https:\/\/deseopatisserie.com\/de\/produkt\/cheddar-mohnbrot\/#primaryimage"},"thumbnailUrl":"https:\/\/deseopatisserie.com\/\/wp-content\/uploads\/2025\/03\/583ed1c215594c5280a62f932e7ec214.jpg","datePublished":"2025-03-20T09:12:46+00:00","description":"Cheddar & Mohnbrot - Die Kombination aus intensivem, leicht w\u00fcrzigem Cheddar-K\u00e4se mit der zarten Knusprigkeit von Mohn schafft eine harmonische Komposition, die unseren Gaumen begeistert.","breadcrumb":{"@id":"https:\/\/deseopatisserie.com\/de\/produkt\/cheddar-mohnbrot\/#breadcrumb"},"inLanguage":"de","potentialAction":[{"@type":"ReadAction","target":["https:\/\/deseopatisserie.com\/de\/produkt\/cheddar-mohnbrot\/"]}]},{"@type":"ImageObject","inLanguage":"de","@id":"https:\/\/deseopatisserie.com\/de\/produkt\/cheddar-mohnbrot\/#primaryimage","url":"https:\/\/deseopatisserie.com\/\/wp-content\/uploads\/2025\/03\/583ed1c215594c5280a62f932e7ec214.jpg","contentUrl":"https:\/\/deseopatisserie.com\/\/wp-content\/uploads\/2025\/03\/583ed1c215594c5280a62f932e7ec214.jpg","width":1500,"height":1000,"caption":"CHLEB CHEDDAR & MAK DESEO"},{"@type":"BreadcrumbList","@id":"https:\/\/deseopatisserie.com\/de\/produkt\/cheddar-mohnbrot\/#breadcrumb","itemListElement":[{"@type":"ListItem","position":1,"name":"Strona g\u0142\u00f3wna","item":"https:\/\/deseopatisserie.com\/de\/homepage\/"},{"@type":"ListItem","position":2,"name":"Cheddar &amp; Mohnbrot"}]},{"@type":"WebSite","@id":"https:\/\/deseopatisserie.com\/de\/#website","url":"https:\/\/deseopatisserie.com\/de\/","name":"DESEO","description":"Patisserie &amp; Chocolaterie","potentialAction":[{"@type":"SearchAction","target":{"@type":"EntryPoint","urlTemplate":"https:\/\/deseopatisserie.com\/de\/?s={search_term_string}"},"query-input":{"@type":"PropertyValueSpecification","valueRequired":true,"valueName":"search_term_string"}}],"inLanguage":"de"}]}},"_links":{"self":[{"href":"https:\/\/deseopatisserie.com\/de\/wp-json\/wp\/v2\/product\/107656","targetHints":{"allow":["GET"]}}],"collection":[{"href":"https:\/\/deseopatisserie.com\/de\/wp-json\/wp\/v2\/product"}],"about":[{"href":"https:\/\/deseopatisserie.com\/de\/wp-json\/wp\/v2\/types\/product"}],"wp:featuredmedia":[{"embeddable":true,"href":"https:\/\/deseopatisserie.com\/de\/wp-json\/wp\/v2\/media\/105848"}],"wp:attachment":[{"href":"https:\/\/deseopatisserie.com\/de\/wp-json\/wp\/v2\/media?parent=107656"}],"wp:term":[{"taxonomy":"product_brand","embeddable":true,"href":"https:\/\/deseopatisserie.com\/de\/wp-json\/wp\/v2\/product_brand?post=107656"},{"taxonomy":"product_cat","embeddable":true,"href":"https:\/\/deseopatisserie.com\/de\/wp-json\/wp\/v2\/product_cat?post=107656"},{"taxonomy":"product_tag","embeddable":true,"href":"https:\/\/deseopatisserie.com\/de\/wp-json\/wp\/v2\/product_tag?post=107656"}],"curies":[{"name":"wp","href":"https:\/\/api.w.org\/{rel}","templated":true}]}}