{"id":107652,"date":"2025-03-20T10:00:45","date_gmt":"2025-03-20T09:00:45","guid":{"rendered":"https:\/\/deseopatisserie.com\/produkt\/miso-brot-schwarzer-sesam\/"},"modified":"2025-03-20T10:00:45","modified_gmt":"2025-03-20T09:00:45","slug":"miso-brot-schwarzer-sesam","status":"publish","type":"product","link":"https:\/\/deseopatisserie.com\/de\/produkt\/miso-brot-schwarzer-sesam\/","title":{"rendered":"Miso-Brot &amp; schwarzer Sesam"},"content":{"rendered":"","protected":false},"excerpt":{"rendered":"<p><strong>Brot zu festen Terminen erh\u00e4ltlich.<\/strong><\/p>\n<p>Weizen-Roggenbrot \/ Misopaste \/ schwarzer Sesam<\/p>\n<p>Gewicht: ca. 0,6kg <\/p>\n<p>Miso &amp; Schwarzes Sesambrot ist ein Angebot f\u00fcr Menschen, die auf der Suche nach neuen, tiefen Geschmacksrichtungen sind und sich f\u00fcr die asiatische K\u00fcche interessieren. Die Kombination aus Misopaste und schwarzem Sesam verleiht ihm einen einzigartigen Charakter, der auch die anspruchsvollsten Gaumen zufrieden stellt. <\/p>\n<p><strong>Miso-Paste<\/strong> ist eine traditionelle Zutat in der japanischen K\u00fcche, die durch Fermentation von Sojabohnen unter Zusatz von Salz und oft Reis, Gerste oder Roggen gewonnen wird. Es zeichnet sich durch einen intensiven Umami-Geschmack aus, der die Gerichte mit Tiefe und Geschmacksf\u00fclle bereichert. <strong>Schwarzer Sesam<\/strong> hingegen zeichnet sich im Vergleich zu wei\u00dfem Sesam durch einen ausgepr\u00e4gteren, nussigeren Geschmack aus. Es wird nicht nur wegen seines Geschmacks gesch\u00e4tzt, sondern auch wegen seiner gesundheitlichen Eigenschaften, wie z. B. der Unterst\u00fctzung des Verdauungssystems, der Verbesserung des Hautzustands und der antioxidativen Wirkung.   <\/p>\n<p>Dieses Brot ist einzigartig wegen der Kombination dieser beiden Zutaten. Die Miso-Paste sorgt f\u00fcr einen tiefen, leicht salzigen Geschmack, w\u00e4hrend der schwarze Sesam eine zarte Knusprigkeit und nussige Note hinzuf\u00fcgt. Zusammen bilden sie ein harmonisches Ganzes, das sich von anderen Vorschl\u00e4gen abhebt.  <\/p>\n<p>Empfohlene Anwendung:<\/p>\n<p>\u00b7 <strong>Toast mit Hummus und ger\u00f6stetem Gem\u00fcse:<\/strong> Eine d\u00fcnne Schicht Hummus auf eine ger\u00f6stete Scheibe Brot verteilen, ger\u00f6stetes Gem\u00fcse wie Auberginen, Zucchini und Paprika sowie frische Basilikumbl\u00e4tter hinzuf\u00fcgen. Diese Kombination bereichert den Geschmack des Brotes mit zus\u00e4tzlichen, aromatischen Akzenten. <\/p>\n<p>\u00b7 <strong>Gegrilltes Halloumi-K\u00e4se-Tomaten-Sandwich:<\/strong> Scheiben von gegrilltem Halloumi-K\u00e4se auf eine Scheibe Brot legen, frische Tomatenscheiben und Rucola dazugeben und mit Oliven\u00f6l betr\u00e4ufeln. Ein solches Sandwich ist eine Kombination aus salzigen und frischen Aromen, die gut zu Miso &amp; schwarzem Sesambrot passen. <\/p>\n","protected":false},"featured_media":105797,"template":"","meta":{"_acf_changed":false},"product_brand":[],"product_cat":[2979,2980],"product_tag":[],"class_list":{"0":"post-107652","1":"product","2":"type-product","3":"status-publish","4":"has-post-thumbnail","6":"product_cat-backerei","7":"product_cat-handwerklich-hergestelltes-brot","9":"first","10":"instock","11":"taxable","12":"shipping-taxable","13":"purchasable","14":"product-type-simple"},"acf":[],"yoast_head":"<!-- This site is optimized with the Yoast SEO plugin v27.5 - https:\/\/yoast.com\/product\/yoast-seo-wordpress\/ -->\n<title>Miso-Brot &amp; schwarzer Sesam - Cukiernia DESEO Warszawa<\/title>\n<meta name=\"description\" content=\"Miso &amp; Schwarzes Sesambrot ist ein Angebot f\u00fcr Menschen, die auf der Suche nach neuen Geschmacksrichtungen sind und sich f\u00fcr die asiatische K\u00fcche interessieren. Die Kombination aus Misopaste und schwarzem Sesam verleiht ihm einen einzigartigen Charakter, der auch die anspruchsvollsten Gaumen zufrieden stellt.\" \/>\n<meta name=\"robots\" content=\"index, follow, max-snippet:-1, max-image-preview:large, max-video-preview:-1\" \/>\n<link rel=\"canonical\" href=\"https:\/\/deseopatisserie.com\/de\/produkt\/miso-brot-schwarzer-sesam\/\" \/>\n<meta property=\"og:locale\" content=\"de_DE\" \/>\n<meta property=\"og:type\" content=\"article\" \/>\n<meta property=\"og:title\" content=\"Miso &amp; schwarzes Sesambrot - DESEO Warszawa\" \/>\n<meta property=\"og:description\" content=\"Miso &amp; Schwarzes Sesambrot ist ein Angebot f\u00fcr Menschen, die auf der Suche nach neuen, tiefen Geschmacksrichtungen sind und sich f\u00fcr die asiatische K\u00fcche interessieren. Die Kombination aus Misopaste und schwarzem Sesam verleiht ihm einen einzigartigen Charakter, der auch die anspruchsvollsten Gaumen zufrieden stellt.\" \/>\n<meta property=\"og:url\" content=\"https:\/\/deseopatisserie.com\/de\/produkt\/miso-brot-schwarzer-sesam\/\" \/>\n<meta property=\"og:site_name\" content=\"DESEO\" \/>\n<meta property=\"og:image\" content=\"https:\/\/deseopatisserie.com\/wp-content\/uploads\/2025\/03\/DESEO_chleb-miso-czarny-sezam_1-1-1024x683.jpg\" \/>\n<meta name=\"twitter:card\" content=\"summary_large_image\" \/>\n<script type=\"application\/ld+json\" class=\"yoast-schema-graph\">{\"@context\":\"https:\\\/\\\/schema.org\",\"@graph\":[{\"@type\":\"WebPage\",\"@id\":\"https:\\\/\\\/deseopatisserie.com\\\/de\\\/produkt\\\/miso-brot-schwarzer-sesam\\\/\",\"url\":\"https:\\\/\\\/deseopatisserie.com\\\/de\\\/produkt\\\/miso-brot-schwarzer-sesam\\\/\",\"name\":\"Miso-Brot &amp; schwarzer Sesam - Cukiernia DESEO Warszawa\",\"isPartOf\":{\"@id\":\"https:\\\/\\\/deseopatisserie.com\\\/de\\\/#website\"},\"primaryImageOfPage\":{\"@id\":\"https:\\\/\\\/deseopatisserie.com\\\/de\\\/produkt\\\/miso-brot-schwarzer-sesam\\\/#primaryimage\"},\"image\":{\"@id\":\"https:\\\/\\\/deseopatisserie.com\\\/de\\\/produkt\\\/miso-brot-schwarzer-sesam\\\/#primaryimage\"},\"thumbnailUrl\":\"https:\\\/\\\/deseopatisserie.com\\\/\\\/wp-content\\\/uploads\\\/2025\\\/03\\\/0482e3be4c84f7ba0033b6beab9c832d.jpg\",\"datePublished\":\"2025-03-20T09:00:45+00:00\",\"description\":\"Miso & Schwarzes Sesambrot ist ein Angebot f\u00fcr Menschen, die auf der Suche nach neuen Geschmacksrichtungen sind und sich f\u00fcr die asiatische K\u00fcche interessieren. Die Kombination aus Misopaste und schwarzem Sesam verleiht ihm einen einzigartigen Charakter, der auch die anspruchsvollsten Gaumen zufrieden stellt.\",\"breadcrumb\":{\"@id\":\"https:\\\/\\\/deseopatisserie.com\\\/de\\\/produkt\\\/miso-brot-schwarzer-sesam\\\/#breadcrumb\"},\"inLanguage\":\"de\",\"potentialAction\":[{\"@type\":\"ReadAction\",\"target\":[\"https:\\\/\\\/deseopatisserie.com\\\/de\\\/produkt\\\/miso-brot-schwarzer-sesam\\\/\"]}]},{\"@type\":\"ImageObject\",\"inLanguage\":\"de\",\"@id\":\"https:\\\/\\\/deseopatisserie.com\\\/de\\\/produkt\\\/miso-brot-schwarzer-sesam\\\/#primaryimage\",\"url\":\"https:\\\/\\\/deseopatisserie.com\\\/\\\/wp-content\\\/uploads\\\/2025\\\/03\\\/0482e3be4c84f7ba0033b6beab9c832d.jpg\",\"contentUrl\":\"https:\\\/\\\/deseopatisserie.com\\\/\\\/wp-content\\\/uploads\\\/2025\\\/03\\\/0482e3be4c84f7ba0033b6beab9c832d.jpg\",\"width\":1500,\"height\":1000,\"caption\":\"Chleb Miso & Czarny Sezam DESEO\"},{\"@type\":\"BreadcrumbList\",\"@id\":\"https:\\\/\\\/deseopatisserie.com\\\/de\\\/produkt\\\/miso-brot-schwarzer-sesam\\\/#breadcrumb\",\"itemListElement\":[{\"@type\":\"ListItem\",\"position\":1,\"name\":\"Strona g\u0142\u00f3wna\",\"item\":\"https:\\\/\\\/deseopatisserie.com\\\/de\\\/homepage\\\/\"},{\"@type\":\"ListItem\",\"position\":2,\"name\":\"Miso-Brot &amp; schwarzer Sesam\"}]},{\"@type\":\"WebSite\",\"@id\":\"https:\\\/\\\/deseopatisserie.com\\\/de\\\/#website\",\"url\":\"https:\\\/\\\/deseopatisserie.com\\\/de\\\/\",\"name\":\"DESEO\",\"description\":\"Patisserie &amp; Chocolaterie\",\"potentialAction\":[{\"@type\":\"SearchAction\",\"target\":{\"@type\":\"EntryPoint\",\"urlTemplate\":\"https:\\\/\\\/deseopatisserie.com\\\/de\\\/?s={search_term_string}\"},\"query-input\":{\"@type\":\"PropertyValueSpecification\",\"valueRequired\":true,\"valueName\":\"search_term_string\"}}],\"inLanguage\":\"de\"}]}<\/script>\n<!-- \/ Yoast SEO plugin. -->","yoast_head_json":{"title":"Miso-Brot &amp; schwarzer Sesam - Cukiernia DESEO Warszawa","description":"Miso & Schwarzes Sesambrot ist ein Angebot f\u00fcr Menschen, die auf der Suche nach neuen Geschmacksrichtungen sind und sich f\u00fcr die asiatische K\u00fcche interessieren. Die Kombination aus Misopaste und schwarzem Sesam verleiht ihm einen einzigartigen Charakter, der auch die anspruchsvollsten Gaumen zufrieden stellt.","robots":{"index":"index","follow":"follow","max-snippet":"max-snippet:-1","max-image-preview":"max-image-preview:large","max-video-preview":"max-video-preview:-1"},"canonical":"https:\/\/deseopatisserie.com\/de\/produkt\/miso-brot-schwarzer-sesam\/","og_locale":"de_DE","og_type":"article","og_title":"Miso & schwarzes Sesambrot - DESEO Warszawa","og_description":"Miso & Schwarzes Sesambrot ist ein Angebot f\u00fcr Menschen, die auf der Suche nach neuen, tiefen Geschmacksrichtungen sind und sich f\u00fcr die asiatische K\u00fcche interessieren. Die Kombination aus Misopaste und schwarzem Sesam verleiht ihm einen einzigartigen Charakter, der auch die anspruchsvollsten Gaumen zufrieden stellt.","og_url":"https:\/\/deseopatisserie.com\/de\/produkt\/miso-brot-schwarzer-sesam\/","og_site_name":"DESEO","og_image":[{"url":"https:\/\/deseopatisserie.com\/wp-content\/uploads\/2025\/03\/DESEO_chleb-miso-czarny-sezam_1-1-1024x683.jpg","type":"","width":"","height":""}],"twitter_card":"summary_large_image","schema":{"@context":"https:\/\/schema.org","@graph":[{"@type":"WebPage","@id":"https:\/\/deseopatisserie.com\/de\/produkt\/miso-brot-schwarzer-sesam\/","url":"https:\/\/deseopatisserie.com\/de\/produkt\/miso-brot-schwarzer-sesam\/","name":"Miso-Brot &amp; schwarzer Sesam - Cukiernia DESEO Warszawa","isPartOf":{"@id":"https:\/\/deseopatisserie.com\/de\/#website"},"primaryImageOfPage":{"@id":"https:\/\/deseopatisserie.com\/de\/produkt\/miso-brot-schwarzer-sesam\/#primaryimage"},"image":{"@id":"https:\/\/deseopatisserie.com\/de\/produkt\/miso-brot-schwarzer-sesam\/#primaryimage"},"thumbnailUrl":"https:\/\/deseopatisserie.com\/\/wp-content\/uploads\/2025\/03\/0482e3be4c84f7ba0033b6beab9c832d.jpg","datePublished":"2025-03-20T09:00:45+00:00","description":"Miso & Schwarzes Sesambrot ist ein Angebot f\u00fcr Menschen, die auf der Suche nach neuen Geschmacksrichtungen sind und sich f\u00fcr die asiatische K\u00fcche interessieren. Die Kombination aus Misopaste und schwarzem Sesam verleiht ihm einen einzigartigen Charakter, der auch die anspruchsvollsten Gaumen zufrieden stellt.","breadcrumb":{"@id":"https:\/\/deseopatisserie.com\/de\/produkt\/miso-brot-schwarzer-sesam\/#breadcrumb"},"inLanguage":"de","potentialAction":[{"@type":"ReadAction","target":["https:\/\/deseopatisserie.com\/de\/produkt\/miso-brot-schwarzer-sesam\/"]}]},{"@type":"ImageObject","inLanguage":"de","@id":"https:\/\/deseopatisserie.com\/de\/produkt\/miso-brot-schwarzer-sesam\/#primaryimage","url":"https:\/\/deseopatisserie.com\/\/wp-content\/uploads\/2025\/03\/0482e3be4c84f7ba0033b6beab9c832d.jpg","contentUrl":"https:\/\/deseopatisserie.com\/\/wp-content\/uploads\/2025\/03\/0482e3be4c84f7ba0033b6beab9c832d.jpg","width":1500,"height":1000,"caption":"Chleb Miso & Czarny Sezam DESEO"},{"@type":"BreadcrumbList","@id":"https:\/\/deseopatisserie.com\/de\/produkt\/miso-brot-schwarzer-sesam\/#breadcrumb","itemListElement":[{"@type":"ListItem","position":1,"name":"Strona g\u0142\u00f3wna","item":"https:\/\/deseopatisserie.com\/de\/homepage\/"},{"@type":"ListItem","position":2,"name":"Miso-Brot &amp; schwarzer Sesam"}]},{"@type":"WebSite","@id":"https:\/\/deseopatisserie.com\/de\/#website","url":"https:\/\/deseopatisserie.com\/de\/","name":"DESEO","description":"Patisserie &amp; Chocolaterie","potentialAction":[{"@type":"SearchAction","target":{"@type":"EntryPoint","urlTemplate":"https:\/\/deseopatisserie.com\/de\/?s={search_term_string}"},"query-input":{"@type":"PropertyValueSpecification","valueRequired":true,"valueName":"search_term_string"}}],"inLanguage":"de"}]}},"_links":{"self":[{"href":"https:\/\/deseopatisserie.com\/de\/wp-json\/wp\/v2\/product\/107652","targetHints":{"allow":["GET"]}}],"collection":[{"href":"https:\/\/deseopatisserie.com\/de\/wp-json\/wp\/v2\/product"}],"about":[{"href":"https:\/\/deseopatisserie.com\/de\/wp-json\/wp\/v2\/types\/product"}],"wp:featuredmedia":[{"embeddable":true,"href":"https:\/\/deseopatisserie.com\/de\/wp-json\/wp\/v2\/media\/105797"}],"wp:attachment":[{"href":"https:\/\/deseopatisserie.com\/de\/wp-json\/wp\/v2\/media?parent=107652"}],"wp:term":[{"taxonomy":"product_brand","embeddable":true,"href":"https:\/\/deseopatisserie.com\/de\/wp-json\/wp\/v2\/product_brand?post=107652"},{"taxonomy":"product_cat","embeddable":true,"href":"https:\/\/deseopatisserie.com\/de\/wp-json\/wp\/v2\/product_cat?post=107652"},{"taxonomy":"product_tag","embeddable":true,"href":"https:\/\/deseopatisserie.com\/de\/wp-json\/wp\/v2\/product_tag?post=107652"}],"curies":[{"name":"wp","href":"https:\/\/api.w.org\/{rel}","templated":true}]}}