{"id":107649,"date":"2025-03-18T16:33:27","date_gmt":"2025-03-18T15:33:27","guid":{"rendered":"https:\/\/deseopatisserie.com\/produkt\/dubai-dunkle-schokolade-set-ohne-form\/"},"modified":"2025-03-18T16:33:27","modified_gmt":"2025-03-18T15:33:27","slug":"dubai-dunkle-schokolade-set-ohne-form","status":"publish","type":"product","link":"https:\/\/deseopatisserie.com\/de\/produkt\/dubai-dunkle-schokolade-set-ohne-form\/","title":{"rendered":"Dubai Dunkle Schokolade Set ohne Form"},"content":{"rendered":"<p data-start=\"149\" data-end=\"216\"><strong data-start=\"149\" data-end=\"216\">Dubai Dunkle Schokolade Set ohne Form<\/strong><\/p>\n<p data-start=\"218\" data-end=\"780\">Dubai Chocolate ist einer der angesagtesten Desserttrends, der Instagram, TikTok und Konditoreien auf der ganzen Welt erobert. Was macht dieses Dessert so besonders? Es ist eine Tafel Schokolade, gef\u00fcllt mit einer luxuri\u00f6sen F\u00fcllung. Eine Kombination aus Pistaziencreme und knusprigem Kadayif, d\u00fcnnen F\u00e4den, die Nudeln \u00e4hneln und nach der richtigen Zubereitung knusprig und schmackhaft werden. Mit unserem <strong data-start=\"630\" data-end=\"669\">Dubai Dark Chocolate Moldless Set <\/strong>k\u00f6nnen Sie dieses Dessert zu Hause zubereiten. Denken Sie jedoch daran, dass eine Schokoladenform erforderlich ist, um sie herzustellen!     <\/p>\n<p data-start=\"782\" data-end=\"1283\"><strong data-start=\"782\" data-end=\"818\">Das Dubai Dark Chocolate Set ohne Form <\/strong>ist die perfekte L\u00f6sung, wenn Sie bereits eine Schokoladenform aus unserem vorherigen Set haben. Es handelt sich um eine Nachf\u00fcllung, d.h. eine Erg\u00e4nzung, die alle Zutaten enth\u00e4lt, die f\u00fcr die Herstellung des n\u00e4chsten Riegels erforderlich sind. <span style=\"color: #bf883b;\"><a style=\"color: #bf883b;\" href=\"https:\/\/deseopatisserie.com\/de\/produkt\/pistaziencreme-glatt-ohne-zucker-200g\/\">Zuckerfreie Pistaziencreme<\/a><\/span> mit intensivem Geschmack, knuspriger Kadayif-Kuchen und hochwertige trockene <span style=\"color: #bf883b;\"><a style=\"color: #bf883b;\" href=\"https:\/\/deseopatisserie.com\/de\/produkt\/trockene-schokoladentropfen-nicaragua-70-200g\/\">Schokolade<\/a><\/span>. Die Schokoladenform, die Sie f\u00fcr die Zubereitung dieses Desserts verwenden, ist nicht Teil dieses Sets, aber sie ist unerl\u00e4sslich, um die perfekte Schokoladentafel zu erhalten.  <\/p>\n<p data-start=\"1285\" data-end=\"1495\"><strong data-start=\"1299\" data-end=\"1328\">Die Zubereitung von Dubai Dark Chocolate<\/strong> ist schnell und einfach, und das Endergebnis wird Sie sicher begeistern. F\u00fchlen Sie sich wie in den besten Konditoreien der Welt, w\u00e4hrend Sie bequem von zu Hause aus ein luxuri\u00f6ses Dessert zubereiten. <\/p>\n","protected":false},"excerpt":{"rendered":"<p data-olk-copy-source=\"MessageBody\"><strong>Dubai Chocolate<\/strong> ist ein echter Hit! Dieses einzigartige Dessert hat die Herzen von Schokoladen- und Pistazienliebhabern auf der ganzen Welt erobert! <\/p>\n<p data-olk-copy-source=\"MessageBody\">Wir freuen uns, Ihnen das <strong>DUBAI DARK CHOCOLATE SET WITHOUT FORM<\/strong> vorstellen zu k\u00f6nnen, dank dem Sie dieses Dessert in einer herzhaften Version bei sich zu Hause zubereiten k\u00f6nnen.<\/p>\n<p>-200g unserer Nicaragua 70% Schokoladentropfen \u2013 f\u00fcr alle, die Schokolade mit intensivem Geschmack bevorzugen<\/p>\n<p>&#8211; 200 g Pistaziencreme 54% ZUCKERFREI <span data-olk-copy-source=\"MessageBody\">(mit Maltit ges\u00fc\u00dft) <\/span>\u2013 dicke, intensive Pistazie, ideal zum F\u00fcllen<\/p>\n<p>-100 g ger\u00f6steter Kadayif-Teig \u2013 eine knusprige Zutat, die eine einzigartige Struktur verleiht<\/p>\n<p>Und wenn du dich fragst, wie du diese Zutaten kombinieren kannst oder was du sonst noch daraus machen kannst, mach dir keine Sorgen! Das Rezept f\u00fcr Dubai-Schokolade finden Sie in unserem kostenlosen <span style=\"color: #bf883b;\"><a style=\"color: #bf883b;\" href=\"https:\/\/deseopatisserie.com\/de\/produkt\/deseo-schokolade-e-book-kopia\/\"><strong>DUBAI E-BOOK,<\/strong><\/a><\/span> das Sie Schritt f\u00fcr Schritt durch den gesamten Prozess f\u00fchrt. <\/p>\n<p><span data-olk-copy-source=\"MessageBody\">Diese Option ist die perfekte Wahl f\u00fcr Menschen, die trockene Schokolade mit hohem Kakaogehalt lieben.<\/span><\/p>\n","protected":false},"featured_media":106275,"template":"","meta":{"_acf_changed":false},"product_brand":[],"product_cat":[2956,1644],"product_tag":[],"class_list":{"0":"post-107649","1":"product","2":"type-product","3":"status-publish","4":"has-post-thumbnail","6":"product_cat-dubai-schokolade","7":"product_cat-geschenksets","9":"first","10":"instock","11":"taxable","12":"shipping-taxable","13":"purchasable","14":"product-type-yith_bundle"},"acf":[],"yoast_head":"<!-- This site is optimized with the Yoast SEO plugin v27.4 - https:\/\/yoast.com\/product\/yoast-seo-wordpress\/ -->\n<title>Dubai Dunkle Schokolade Set ohne Form - DESEO S\u00fc\u00dfwaren<\/title>\n<meta name=\"description\" content=\"Das Dubai Dark Chocolate Mouldless Set enth\u00e4lt alle Produkte, die Sie f\u00fcr die Herstellung von Dubai-Schokolade ben\u00f6tigen, und davon inspirierte Rezepte!\" \/>\n<meta name=\"robots\" content=\"index, follow, max-snippet:-1, max-image-preview:large, max-video-preview:-1\" \/>\n<link rel=\"canonical\" href=\"https:\/\/deseopatisserie.com\/de\/produkt\/dubai-dunkle-schokolade-set-ohne-form\/\" \/>\n<meta property=\"og:locale\" content=\"de_DE\" \/>\n<meta property=\"og:type\" content=\"article\" \/>\n<meta property=\"og:title\" content=\"Dubai Dunkle Schokolade Set ohne Form\" \/>\n<meta property=\"og:description\" content=\"Das Dubai Dark Chocolate Mouldless Set enth\u00e4lt alle Produkte, die Sie f\u00fcr die Herstellung von Dubai-Schokolade ben\u00f6tigen, und davon inspirierte Rezepte!\" \/>\n<meta property=\"og:url\" content=\"https:\/\/deseopatisserie.com\/de\/produkt\/dubai-dunkle-schokolade-set-ohne-form\/\" \/>\n<meta property=\"og:site_name\" content=\"DESEO\" \/>\n<meta property=\"og:image\" content=\"https:\/\/deseopatisserie.com\/wp-content\/uploads\/2025\/03\/FOTO-CIASTO-KADAYIF-dark-1024x682.jpg\" \/>\n<meta name=\"twitter:card\" content=\"summary_large_image\" \/>\n<meta name=\"twitter:label1\" content=\"Gesch\u00e4tzte Lesezeit\" \/>\n\t<meta name=\"twitter:data1\" content=\"1\u00a0Minute\" \/>\n<script type=\"application\/ld+json\" class=\"yoast-schema-graph\">{\"@context\":\"https:\\\/\\\/schema.org\",\"@graph\":[{\"@type\":\"WebPage\",\"@id\":\"https:\\\/\\\/deseopatisserie.com\\\/de\\\/produkt\\\/dubai-dunkle-schokolade-set-ohne-form\\\/\",\"url\":\"https:\\\/\\\/deseopatisserie.com\\\/de\\\/produkt\\\/dubai-dunkle-schokolade-set-ohne-form\\\/\",\"name\":\"Dubai Dunkle Schokolade Set ohne Form - DESEO S\u00fc\u00dfwaren\",\"isPartOf\":{\"@id\":\"https:\\\/\\\/deseopatisserie.com\\\/de\\\/#website\"},\"primaryImageOfPage\":{\"@id\":\"https:\\\/\\\/deseopatisserie.com\\\/de\\\/produkt\\\/dubai-dunkle-schokolade-set-ohne-form\\\/#primaryimage\"},\"image\":{\"@id\":\"https:\\\/\\\/deseopatisserie.com\\\/de\\\/produkt\\\/dubai-dunkle-schokolade-set-ohne-form\\\/#primaryimage\"},\"thumbnailUrl\":\"https:\\\/\\\/deseopatisserie.com\\\/\\\/wp-content\\\/uploads\\\/2025\\\/03\\\/FOTO-CIASTO-KADAYIF-dark.jpg\",\"datePublished\":\"2025-03-18T15:33:27+00:00\",\"description\":\"Das Dubai Dark Chocolate Mouldless Set enth\u00e4lt alle Produkte, die Sie f\u00fcr die Herstellung von Dubai-Schokolade ben\u00f6tigen, und davon inspirierte Rezepte!\",\"breadcrumb\":{\"@id\":\"https:\\\/\\\/deseopatisserie.com\\\/de\\\/produkt\\\/dubai-dunkle-schokolade-set-ohne-form\\\/#breadcrumb\"},\"inLanguage\":\"de\",\"potentialAction\":[{\"@type\":\"ReadAction\",\"target\":[\"https:\\\/\\\/deseopatisserie.com\\\/de\\\/produkt\\\/dubai-dunkle-schokolade-set-ohne-form\\\/\"]}]},{\"@type\":\"ImageObject\",\"inLanguage\":\"de\",\"@id\":\"https:\\\/\\\/deseopatisserie.com\\\/de\\\/produkt\\\/dubai-dunkle-schokolade-set-ohne-form\\\/#primaryimage\",\"url\":\"https:\\\/\\\/deseopatisserie.com\\\/\\\/wp-content\\\/uploads\\\/2025\\\/03\\\/FOTO-CIASTO-KADAYIF-dark.jpg\",\"contentUrl\":\"https:\\\/\\\/deseopatisserie.com\\\/\\\/wp-content\\\/uploads\\\/2025\\\/03\\\/FOTO-CIASTO-KADAYIF-dark.jpg\",\"width\":2000,\"height\":1333,\"caption\":\"Zestaw Dubai Dark Chocolate bez formy\"},{\"@type\":\"BreadcrumbList\",\"@id\":\"https:\\\/\\\/deseopatisserie.com\\\/de\\\/produkt\\\/dubai-dunkle-schokolade-set-ohne-form\\\/#breadcrumb\",\"itemListElement\":[{\"@type\":\"ListItem\",\"position\":1,\"name\":\"Strona g\u0142\u00f3wna\",\"item\":\"https:\\\/\\\/deseopatisserie.com\\\/de\\\/homepage\\\/\"},{\"@type\":\"ListItem\",\"position\":2,\"name\":\"Dubai Dunkle Schokolade Set ohne Form\"}]},{\"@type\":\"WebSite\",\"@id\":\"https:\\\/\\\/deseopatisserie.com\\\/de\\\/#website\",\"url\":\"https:\\\/\\\/deseopatisserie.com\\\/de\\\/\",\"name\":\"DESEO\",\"description\":\"Patisserie &amp; Chocolaterie\",\"potentialAction\":[{\"@type\":\"SearchAction\",\"target\":{\"@type\":\"EntryPoint\",\"urlTemplate\":\"https:\\\/\\\/deseopatisserie.com\\\/de\\\/?s={search_term_string}\"},\"query-input\":{\"@type\":\"PropertyValueSpecification\",\"valueRequired\":true,\"valueName\":\"search_term_string\"}}],\"inLanguage\":\"de\"}]}<\/script>\n<!-- \/ Yoast SEO plugin. -->","yoast_head_json":{"title":"Dubai Dunkle Schokolade Set ohne Form - DESEO S\u00fc\u00dfwaren","description":"Das Dubai Dark Chocolate Mouldless Set enth\u00e4lt alle Produkte, die Sie f\u00fcr die Herstellung von Dubai-Schokolade ben\u00f6tigen, und davon inspirierte Rezepte!","robots":{"index":"index","follow":"follow","max-snippet":"max-snippet:-1","max-image-preview":"max-image-preview:large","max-video-preview":"max-video-preview:-1"},"canonical":"https:\/\/deseopatisserie.com\/de\/produkt\/dubai-dunkle-schokolade-set-ohne-form\/","og_locale":"de_DE","og_type":"article","og_title":"Dubai Dunkle Schokolade Set ohne Form","og_description":"Das Dubai Dark Chocolate Mouldless Set enth\u00e4lt alle Produkte, die Sie f\u00fcr die Herstellung von Dubai-Schokolade ben\u00f6tigen, und davon inspirierte Rezepte!","og_url":"https:\/\/deseopatisserie.com\/de\/produkt\/dubai-dunkle-schokolade-set-ohne-form\/","og_site_name":"DESEO","og_image":[{"url":"https:\/\/deseopatisserie.com\/wp-content\/uploads\/2025\/03\/FOTO-CIASTO-KADAYIF-dark-1024x682.jpg","type":"","width":"","height":""}],"twitter_card":"summary_large_image","twitter_misc":{"Gesch\u00e4tzte Lesezeit":"1\u00a0Minute"},"schema":{"@context":"https:\/\/schema.org","@graph":[{"@type":"WebPage","@id":"https:\/\/deseopatisserie.com\/de\/produkt\/dubai-dunkle-schokolade-set-ohne-form\/","url":"https:\/\/deseopatisserie.com\/de\/produkt\/dubai-dunkle-schokolade-set-ohne-form\/","name":"Dubai Dunkle Schokolade Set ohne Form - DESEO S\u00fc\u00dfwaren","isPartOf":{"@id":"https:\/\/deseopatisserie.com\/de\/#website"},"primaryImageOfPage":{"@id":"https:\/\/deseopatisserie.com\/de\/produkt\/dubai-dunkle-schokolade-set-ohne-form\/#primaryimage"},"image":{"@id":"https:\/\/deseopatisserie.com\/de\/produkt\/dubai-dunkle-schokolade-set-ohne-form\/#primaryimage"},"thumbnailUrl":"https:\/\/deseopatisserie.com\/\/wp-content\/uploads\/2025\/03\/FOTO-CIASTO-KADAYIF-dark.jpg","datePublished":"2025-03-18T15:33:27+00:00","description":"Das Dubai Dark Chocolate Mouldless Set enth\u00e4lt alle Produkte, die Sie f\u00fcr die Herstellung von Dubai-Schokolade ben\u00f6tigen, und davon inspirierte Rezepte!","breadcrumb":{"@id":"https:\/\/deseopatisserie.com\/de\/produkt\/dubai-dunkle-schokolade-set-ohne-form\/#breadcrumb"},"inLanguage":"de","potentialAction":[{"@type":"ReadAction","target":["https:\/\/deseopatisserie.com\/de\/produkt\/dubai-dunkle-schokolade-set-ohne-form\/"]}]},{"@type":"ImageObject","inLanguage":"de","@id":"https:\/\/deseopatisserie.com\/de\/produkt\/dubai-dunkle-schokolade-set-ohne-form\/#primaryimage","url":"https:\/\/deseopatisserie.com\/\/wp-content\/uploads\/2025\/03\/FOTO-CIASTO-KADAYIF-dark.jpg","contentUrl":"https:\/\/deseopatisserie.com\/\/wp-content\/uploads\/2025\/03\/FOTO-CIASTO-KADAYIF-dark.jpg","width":2000,"height":1333,"caption":"Zestaw Dubai Dark Chocolate bez formy"},{"@type":"BreadcrumbList","@id":"https:\/\/deseopatisserie.com\/de\/produkt\/dubai-dunkle-schokolade-set-ohne-form\/#breadcrumb","itemListElement":[{"@type":"ListItem","position":1,"name":"Strona g\u0142\u00f3wna","item":"https:\/\/deseopatisserie.com\/de\/homepage\/"},{"@type":"ListItem","position":2,"name":"Dubai Dunkle Schokolade Set ohne Form"}]},{"@type":"WebSite","@id":"https:\/\/deseopatisserie.com\/de\/#website","url":"https:\/\/deseopatisserie.com\/de\/","name":"DESEO","description":"Patisserie &amp; Chocolaterie","potentialAction":[{"@type":"SearchAction","target":{"@type":"EntryPoint","urlTemplate":"https:\/\/deseopatisserie.com\/de\/?s={search_term_string}"},"query-input":{"@type":"PropertyValueSpecification","valueRequired":true,"valueName":"search_term_string"}}],"inLanguage":"de"}]}},"_links":{"self":[{"href":"https:\/\/deseopatisserie.com\/de\/wp-json\/wp\/v2\/product\/107649","targetHints":{"allow":["GET"]}}],"collection":[{"href":"https:\/\/deseopatisserie.com\/de\/wp-json\/wp\/v2\/product"}],"about":[{"href":"https:\/\/deseopatisserie.com\/de\/wp-json\/wp\/v2\/types\/product"}],"wp:featuredmedia":[{"embeddable":true,"href":"https:\/\/deseopatisserie.com\/de\/wp-json\/wp\/v2\/media\/106275"}],"wp:attachment":[{"href":"https:\/\/deseopatisserie.com\/de\/wp-json\/wp\/v2\/media?parent=107649"}],"wp:term":[{"taxonomy":"product_brand","embeddable":true,"href":"https:\/\/deseopatisserie.com\/de\/wp-json\/wp\/v2\/product_brand?post=107649"},{"taxonomy":"product_cat","embeddable":true,"href":"https:\/\/deseopatisserie.com\/de\/wp-json\/wp\/v2\/product_cat?post=107649"},{"taxonomy":"product_tag","embeddable":true,"href":"https:\/\/deseopatisserie.com\/de\/wp-json\/wp\/v2\/product_tag?post=107649"}],"curies":[{"name":"wp","href":"https:\/\/api.w.org\/{rel}","templated":true}]}}