{"id":107643,"date":"2025-03-04T10:53:37","date_gmt":"2025-03-04T09:53:37","guid":{"rendered":"https:\/\/deseopatisserie.com\/produkt\/dubai-schokoladen-set\/"},"modified":"2025-03-04T10:53:37","modified_gmt":"2025-03-04T09:53:37","slug":"dubai-schokoladen-set","status":"publish","type":"product","link":"https:\/\/deseopatisserie.com\/de\/produkt\/dubai-schokoladen-set\/","title":{"rendered":"Dubai Schokoladen-Set"},"content":{"rendered":"<p data-start=\"135\" data-end=\"192\"><strong data-start=\"135\" data-end=\"192\">Dubai Chocolate Set \u2013 Luxus-Dessert bei Ihnen zu Hause<\/strong><\/p>\n<p data-start=\"194\" data-end=\"686\">Dubai Chocolate ist einer der hei\u00dfesten Desserttrends, der Instagram, TikTok und Konditoreien auf der ganzen Welt im Sturm erobert. Aber was genau ist das? Es ist ein einzigartiger Schokoriegel, der mit einer luxuri\u00f6sen F\u00fcllung gef\u00fcllt ist. Er kombiniert Pistaziencreme mit knusprigen Kadayif \u2013 d\u00fcnnen F\u00e4den, die an Nudeln erinnern und bei richtiger Zubereitung knusprig und lecker werden. Mit unserem <strong data-start=\"593\" data-end=\"622\">Dubai Chocolate Set<\/strong> k\u00f6nnen Sie dieses einzigartige Dessert jetzt ganz bequem von zu Hause aus zubereiten.    <\/p>\n<p data-start=\"688\" data-end=\"1028\"><strong data-start=\"688\" data-end=\"714\">Das Dubai Chocolate Set<\/strong> ist eine One-Stop-L\u00f6sung, die alle notwendigen Zutaten f\u00fcr die Herstellung dieser Wairal-Schokolade enth\u00e4lt. <span style=\"color: #bf883b;\"><a style=\"color: #bf883b;\" href=\"https:\/\/deseopatisserie.com\/de\/produkt\/pistaziencreme-glatt-200g\/\">Pistaziencreme<\/a><\/span> mit ausgepr\u00e4gtem Geschmack harmoniert perfekt mit knusprigem Kadayif, und das Ganze wird durch <span style=\"color: #bf883b;\"><a style=\"color: #bf883b;\" href=\"https:\/\/deseopatisserie.com\/de\/produkt\/milchschokolade-drops-dominikanische-republik-52-200g\/\">Schokolade<\/a><\/span> von h\u00f6chster Qualit\u00e4t erg\u00e4nzt. <strong data-start=\"964\" data-end=\"983\">Die Zubereitung von Dubai-Schokolade<\/strong> zu Hause ist einfach und das Ergebnis ist k\u00f6stlich! <\/p>\n<p data-start=\"1030\" data-end=\"1199\">Genie\u00dfen Sie einen Hauch von Dubai, indem Sie diesen einzigartigen Schokoriegel mit unserem Set zubereiten, mit dem Sie sich wie in den besten Konditoreien der Welt f\u00fchlen werden.<\/p>\n","protected":false},"excerpt":{"rendered":"<p><strong>Dubai Chocolate<\/strong> ist ein echter Hit! Dieses einzigartige Dessert hat die Herzen von Schokoladenliebhabern auf der ganzen Welt erobert. Sie haben uns schon oft gefragt, ob wir unsere eigene Version dieser viralen Schokolade herstellen werden \u2013 und wissen Sie was? Wir konnten nicht widerstehen!   <\/p>\n<p>Da wir Bean-to-Bar-Schokolade von Grund auf neu herstellen, unsere eigene Pistaziencreme herstellen und die F\u00fcllung unserer Croissants mit knusprigem Kadayif-Teig versehen, wissen wir genau, wie wir diese Aromen zu etwas absolut Einzigartigem kombinieren k\u00f6nnen.<\/p>\n<p>Wir freuen uns, Ihnen das <strong>DUBAI CHOCOLATE SET<\/strong> vorstellen zu k\u00f6nnen, dank dem Sie dieses Dessert zu Hause zubereiten k\u00f6nnen. Im Inneren finden Sie alles, was Sie brauchen, um die perfekte Dubai-Schokolade zu kreieren:<\/p>\n<p>-200g unserer Dominikanische Republik 52% Schokoladentropfen \u2013 samtig, mit Noten von Kakao und dezenter S\u00fc\u00dfe<\/p>\n<p>-200g Pistaziencreme 54% \u2013 dickfl\u00fcssig, intensiv pistazienintensiv, ideal zum F\u00fcllen<\/p>\n<p>-100 g Kadayif-Teig \u2013 eine knusprige Zutat, die eine einzigartige Struktur verleiht<\/p>\n<p>&#8211; eine Silikonform in Form eines Schokoriegels, um dem Dessert die perfekte Form zu geben<\/p>\n<p>Und wenn du dich fragst, wie du diese Zutaten kombinieren kannst \u2013 mach dir keine Sorgen! Das Rezept f\u00fcr Dubai-Schokolade finden Sie in unserem kostenlosen <span style=\"color: #bf883b;\"><a style=\"color: #bf883b;\" href=\"https:\/\/deseopatisserie.com\/de\/produkt\/deseo-schokolade-e-book-kopia\/\"><strong>DUBAI E-BOOK,<\/strong><\/a><\/span> das Sie Schritt f\u00fcr Schritt durch den gesamten Prozess f\u00fchrt. <\/p>\n<p>Es ist ein ideales Angebot f\u00fcr alle Fans von Schokolade, Pistazien und Aromen aus dem Nahen Osten.<\/p>\n","protected":false},"featured_media":120047,"template":"","meta":{"_acf_changed":false},"product_brand":[],"product_cat":[2956,1644,2700],"product_tag":[],"class_list":{"0":"post-107643","1":"product","2":"type-product","3":"status-publish","4":"has-post-thumbnail","6":"product_cat-dubai-schokolade","7":"product_cat-geschenksets","8":"product_cat-kindertag","10":"first","11":"instock","12":"sale","13":"taxable","14":"shipping-taxable","15":"purchasable","16":"product-type-yith_bundle"},"acf":[],"yoast_head":"<!-- This site is optimized with the Yoast SEO plugin v27.3 - https:\/\/yoast.com\/product\/yoast-seo-wordpress\/ -->\n<title>Dubai Schokoladen-Set - Cukiernia DESEO Warszawa<\/title>\n<meta name=\"description\" content=\"Wir freuen uns sehr, Ihnen das Dubai Chocolate Set vorstellen zu k\u00f6nnen! Im Inneren finden Sie alles, was Sie brauchen, um die perfekte Dubai-Schokolade zu kreieren.\" \/>\n<meta name=\"robots\" content=\"index, follow, max-snippet:-1, max-image-preview:large, max-video-preview:-1\" \/>\n<link rel=\"canonical\" href=\"https:\/\/deseopatisserie.com\/de\/produkt\/dubai-schokoladen-set\/\" \/>\n<meta property=\"og:locale\" content=\"de_DE\" \/>\n<meta property=\"og:type\" content=\"article\" \/>\n<meta property=\"og:title\" content=\"Dubai Schokoladen-Set\" \/>\n<meta property=\"og:description\" content=\"Wir freuen uns, Ihnen das DUBAI CHOCOLATE SET vorstellen zu k\u00f6nnen, dank dem Sie dieses Dessert zu Hause zubereiten k\u00f6nnen. Im Inneren finden Sie alles, was Sie brauchen, um die perfekte Dubai-Schokolade zu kreieren.\" \/>\n<meta property=\"og:url\" content=\"https:\/\/deseopatisserie.com\/de\/produkt\/dubai-schokoladen-set\/\" \/>\n<meta property=\"og:site_name\" content=\"DESEO\" \/>\n<meta property=\"og:image\" content=\"https:\/\/deseopatisserie.com\/wp-content\/uploads\/2025\/03\/FOTO-CIASTO-KADAYIF-prazone-004A4493-1024x682.jpg\" \/>\n<meta name=\"twitter:card\" content=\"summary_large_image\" \/>\n<meta name=\"twitter:label1\" content=\"Gesch\u00e4tzte Lesezeit\" \/>\n\t<meta name=\"twitter:data1\" content=\"1\u00a0Minute\" \/>\n<script type=\"application\/ld+json\" class=\"yoast-schema-graph\">{\"@context\":\"https:\\\/\\\/schema.org\",\"@graph\":[{\"@type\":\"WebPage\",\"@id\":\"https:\\\/\\\/deseopatisserie.com\\\/de\\\/produkt\\\/dubai-schokoladen-set\\\/\",\"url\":\"https:\\\/\\\/deseopatisserie.com\\\/de\\\/produkt\\\/dubai-schokoladen-set\\\/\",\"name\":\"Dubai Schokoladen-Set - Cukiernia DESEO Warszawa\",\"isPartOf\":{\"@id\":\"https:\\\/\\\/deseopatisserie.com\\\/de\\\/#website\"},\"primaryImageOfPage\":{\"@id\":\"https:\\\/\\\/deseopatisserie.com\\\/de\\\/produkt\\\/dubai-schokoladen-set\\\/#primaryimage\"},\"image\":{\"@id\":\"https:\\\/\\\/deseopatisserie.com\\\/de\\\/produkt\\\/dubai-schokoladen-set\\\/#primaryimage\"},\"thumbnailUrl\":\"https:\\\/\\\/deseopatisserie.com\\\/\\\/wp-content\\\/uploads\\\/2025\\\/10\\\/Zestaw-Dubai-Chocolate.jpg\",\"datePublished\":\"2025-03-04T09:53:37+00:00\",\"description\":\"Wir freuen uns sehr, Ihnen das Dubai Chocolate Set vorstellen zu k\u00f6nnen! Im Inneren finden Sie alles, was Sie brauchen, um die perfekte Dubai-Schokolade zu kreieren.\",\"breadcrumb\":{\"@id\":\"https:\\\/\\\/deseopatisserie.com\\\/de\\\/produkt\\\/dubai-schokoladen-set\\\/#breadcrumb\"},\"inLanguage\":\"de\",\"potentialAction\":[{\"@type\":\"ReadAction\",\"target\":[\"https:\\\/\\\/deseopatisserie.com\\\/de\\\/produkt\\\/dubai-schokoladen-set\\\/\"]}]},{\"@type\":\"ImageObject\",\"inLanguage\":\"de\",\"@id\":\"https:\\\/\\\/deseopatisserie.com\\\/de\\\/produkt\\\/dubai-schokoladen-set\\\/#primaryimage\",\"url\":\"https:\\\/\\\/deseopatisserie.com\\\/\\\/wp-content\\\/uploads\\\/2025\\\/10\\\/Zestaw-Dubai-Chocolate.jpg\",\"contentUrl\":\"https:\\\/\\\/deseopatisserie.com\\\/\\\/wp-content\\\/uploads\\\/2025\\\/10\\\/Zestaw-Dubai-Chocolate.jpg\",\"width\":1080,\"height\":1080,\"caption\":\"Zestaw Dubai Chocolate\"},{\"@type\":\"BreadcrumbList\",\"@id\":\"https:\\\/\\\/deseopatisserie.com\\\/de\\\/produkt\\\/dubai-schokoladen-set\\\/#breadcrumb\",\"itemListElement\":[{\"@type\":\"ListItem\",\"position\":1,\"name\":\"Strona g\u0142\u00f3wna\",\"item\":\"https:\\\/\\\/deseopatisserie.com\\\/de\\\/homepage\\\/\"},{\"@type\":\"ListItem\",\"position\":2,\"name\":\"Dubai Schokoladen-Set\"}]},{\"@type\":\"WebSite\",\"@id\":\"https:\\\/\\\/deseopatisserie.com\\\/de\\\/#website\",\"url\":\"https:\\\/\\\/deseopatisserie.com\\\/de\\\/\",\"name\":\"DESEO\",\"description\":\"Patisserie &amp; Chocolaterie\",\"potentialAction\":[{\"@type\":\"SearchAction\",\"target\":{\"@type\":\"EntryPoint\",\"urlTemplate\":\"https:\\\/\\\/deseopatisserie.com\\\/de\\\/?s={search_term_string}\"},\"query-input\":{\"@type\":\"PropertyValueSpecification\",\"valueRequired\":true,\"valueName\":\"search_term_string\"}}],\"inLanguage\":\"de\"}]}<\/script>\n<!-- \/ Yoast SEO plugin. -->","yoast_head_json":{"title":"Dubai Schokoladen-Set - Cukiernia DESEO Warszawa","description":"Wir freuen uns sehr, Ihnen das Dubai Chocolate Set vorstellen zu k\u00f6nnen! Im Inneren finden Sie alles, was Sie brauchen, um die perfekte Dubai-Schokolade zu kreieren.","robots":{"index":"index","follow":"follow","max-snippet":"max-snippet:-1","max-image-preview":"max-image-preview:large","max-video-preview":"max-video-preview:-1"},"canonical":"https:\/\/deseopatisserie.com\/de\/produkt\/dubai-schokoladen-set\/","og_locale":"de_DE","og_type":"article","og_title":"Dubai Schokoladen-Set","og_description":"Wir freuen uns, Ihnen das DUBAI CHOCOLATE SET vorstellen zu k\u00f6nnen, dank dem Sie dieses Dessert zu Hause zubereiten k\u00f6nnen. Im Inneren finden Sie alles, was Sie brauchen, um die perfekte Dubai-Schokolade zu kreieren.","og_url":"https:\/\/deseopatisserie.com\/de\/produkt\/dubai-schokoladen-set\/","og_site_name":"DESEO","og_image":[{"url":"https:\/\/deseopatisserie.com\/wp-content\/uploads\/2025\/03\/FOTO-CIASTO-KADAYIF-prazone-004A4493-1024x682.jpg","type":"","width":"","height":""}],"twitter_card":"summary_large_image","twitter_misc":{"Gesch\u00e4tzte Lesezeit":"1\u00a0Minute"},"schema":{"@context":"https:\/\/schema.org","@graph":[{"@type":"WebPage","@id":"https:\/\/deseopatisserie.com\/de\/produkt\/dubai-schokoladen-set\/","url":"https:\/\/deseopatisserie.com\/de\/produkt\/dubai-schokoladen-set\/","name":"Dubai Schokoladen-Set - Cukiernia DESEO Warszawa","isPartOf":{"@id":"https:\/\/deseopatisserie.com\/de\/#website"},"primaryImageOfPage":{"@id":"https:\/\/deseopatisserie.com\/de\/produkt\/dubai-schokoladen-set\/#primaryimage"},"image":{"@id":"https:\/\/deseopatisserie.com\/de\/produkt\/dubai-schokoladen-set\/#primaryimage"},"thumbnailUrl":"https:\/\/deseopatisserie.com\/\/wp-content\/uploads\/2025\/10\/Zestaw-Dubai-Chocolate.jpg","datePublished":"2025-03-04T09:53:37+00:00","description":"Wir freuen uns sehr, Ihnen das Dubai Chocolate Set vorstellen zu k\u00f6nnen! Im Inneren finden Sie alles, was Sie brauchen, um die perfekte Dubai-Schokolade zu kreieren.","breadcrumb":{"@id":"https:\/\/deseopatisserie.com\/de\/produkt\/dubai-schokoladen-set\/#breadcrumb"},"inLanguage":"de","potentialAction":[{"@type":"ReadAction","target":["https:\/\/deseopatisserie.com\/de\/produkt\/dubai-schokoladen-set\/"]}]},{"@type":"ImageObject","inLanguage":"de","@id":"https:\/\/deseopatisserie.com\/de\/produkt\/dubai-schokoladen-set\/#primaryimage","url":"https:\/\/deseopatisserie.com\/\/wp-content\/uploads\/2025\/10\/Zestaw-Dubai-Chocolate.jpg","contentUrl":"https:\/\/deseopatisserie.com\/\/wp-content\/uploads\/2025\/10\/Zestaw-Dubai-Chocolate.jpg","width":1080,"height":1080,"caption":"Zestaw Dubai Chocolate"},{"@type":"BreadcrumbList","@id":"https:\/\/deseopatisserie.com\/de\/produkt\/dubai-schokoladen-set\/#breadcrumb","itemListElement":[{"@type":"ListItem","position":1,"name":"Strona g\u0142\u00f3wna","item":"https:\/\/deseopatisserie.com\/de\/homepage\/"},{"@type":"ListItem","position":2,"name":"Dubai Schokoladen-Set"}]},{"@type":"WebSite","@id":"https:\/\/deseopatisserie.com\/de\/#website","url":"https:\/\/deseopatisserie.com\/de\/","name":"DESEO","description":"Patisserie &amp; Chocolaterie","potentialAction":[{"@type":"SearchAction","target":{"@type":"EntryPoint","urlTemplate":"https:\/\/deseopatisserie.com\/de\/?s={search_term_string}"},"query-input":{"@type":"PropertyValueSpecification","valueRequired":true,"valueName":"search_term_string"}}],"inLanguage":"de"}]}},"_links":{"self":[{"href":"https:\/\/deseopatisserie.com\/de\/wp-json\/wp\/v2\/product\/107643","targetHints":{"allow":["GET"]}}],"collection":[{"href":"https:\/\/deseopatisserie.com\/de\/wp-json\/wp\/v2\/product"}],"about":[{"href":"https:\/\/deseopatisserie.com\/de\/wp-json\/wp\/v2\/types\/product"}],"wp:featuredmedia":[{"embeddable":true,"href":"https:\/\/deseopatisserie.com\/de\/wp-json\/wp\/v2\/media\/120047"}],"wp:attachment":[{"href":"https:\/\/deseopatisserie.com\/de\/wp-json\/wp\/v2\/media?parent=107643"}],"wp:term":[{"taxonomy":"product_brand","embeddable":true,"href":"https:\/\/deseopatisserie.com\/de\/wp-json\/wp\/v2\/product_brand?post=107643"},{"taxonomy":"product_cat","embeddable":true,"href":"https:\/\/deseopatisserie.com\/de\/wp-json\/wp\/v2\/product_cat?post=107643"},{"taxonomy":"product_tag","embeddable":true,"href":"https:\/\/deseopatisserie.com\/de\/wp-json\/wp\/v2\/product_tag?post=107643"}],"curies":[{"name":"wp","href":"https:\/\/api.w.org\/{rel}","templated":true}]}}