{"id":107636,"date":"2025-02-20T11:22:32","date_gmt":"2025-02-20T10:22:32","guid":{"rendered":"https:\/\/deseopatisserie.com\/produkt\/nuesse-beeren-geschenkset\/"},"modified":"2025-02-20T11:22:32","modified_gmt":"2025-02-20T10:22:32","slug":"nuesse-beeren-geschenkset","status":"publish","type":"product","link":"https:\/\/deseopatisserie.com\/de\/produkt\/nuesse-beeren-geschenkset\/","title":{"rendered":"N\u00dcSSE &amp; BEEREN Geschenkset"},"content":{"rendered":"","protected":false},"excerpt":{"rendered":"<p><b>Sind Sie auf der Suche nach einem einzigartigen Geschenk f\u00fcr Ihre Lieben?<\/b><br \/>\nBei Deseo Patisserie finden Sie einzigartige <b>Geschenksets<\/b>, die jeden begeistern werden! Unsere Produkte sind eine Garantie f\u00fcr die h\u00f6chste Qualit\u00e4t der Zutaten und den einzigartigen Geschmack. <\/p>\n<p><b>N\u00fcsse &amp; Beeren Geschenkset \u2013 Produktbeschreibung:<\/b><\/p>\n<p><strong>Pistazie CRUNCHY Schokolade <\/strong>\u2013 ein Bestseller, geliebt von allen Pistazien-Fans. HINWEIS: Es ist so gut, dass es s\u00fcchtig macht! <\/p>\n<p><strong>JOY Himbeerschokolade<\/strong> \u2013 der wei\u00dfen Schokolade wurde gefriergetrocknetes Himbeerpulver zugesetzt, das ihr eine sch\u00f6ne rosa Farbe, eine zarte S\u00e4ure und einen fruchtigen Nachgeschmack verleiht. Fans von rosa Schokolade werden diesen Geschmack auf jeden Fall lieben! <\/p>\n<p><strong>Matcha Uji Intense Schokolade<\/strong> \u2013 ein Traum aus Japan in einer Tafel Schokolade. Wir haben die wei\u00dfe Bean-to-Bar-Schokolade mit hochwertigem japanischem Matcha-Gr\u00fcntee versehen. <\/p>\n<p><strong>Schokoladencluster Himbeere Schokolade<\/strong> \u2013 der perfekte Geschmack f\u00fcr Erwachsene und Kinder, z.B. Himbeeren, Himbeeren, Himbeeren&#8230; und Vanille-Crumble. Wer leichte, fruchtige Aromen liebt, wird auf jeden Fall zufrieden sein. <\/p>\n<p><strong>Schokoladencluster Pistazien- und Vanille-Crumble<\/strong> \u2013 im Falle dieser Cluster auf Basis von Pistazienpaste und wei\u00dfer Schokolade haben wir zuerst Pistazienschokolade kreiert. Wir haben zerkleinerte Pistazien, Vanillestreusel und franz\u00f6sische Chips hinzugef\u00fcgt, um es knuspriger zu machen. <\/p>\n<p><strong>Chocolate Clusters White Chocolate &amp; Coconut &amp; Almond<\/strong> \u2013 wenn Sie unseren COCO-Keks geliebt haben, werden Sie auch Clusters White Chocolate lieben. Eine gro\u00dfe Menge Kokosraspeln und Mandelbl\u00e4ttchen, alles kombiniert mit wei\u00dfer Schokolade. Kokosn\u00fcsse von DESEO!  <\/p>\n","protected":false},"featured_media":105338,"template":"","meta":{"_acf_changed":false},"product_brand":[],"product_cat":[2613,1644],"product_tag":[],"class_list":{"0":"post-107636","1":"product","2":"type-product","3":"status-publish","4":"has-post-thumbnail","6":"product_cat-frauentag","7":"product_cat-geschenksets","9":"first","10":"instock","11":"taxable","12":"shipping-taxable","13":"purchasable","14":"product-type-yith_bundle"},"acf":[],"yoast_head":"<!-- This site is optimized with the Yoast SEO plugin v27.5 - https:\/\/yoast.com\/product\/yoast-seo-wordpress\/ -->\n<title>N\u00dcSSE &amp; BEEREN Geschenkset - DESEO S\u00fc\u00dfwaren<\/title>\n<meta name=\"description\" content=\"Das Geschenkset NUTS &amp; BERRIES von Deseo wird jeden begeistern! Unsere Produkte sind eine Garantie f\u00fcr die h\u00f6chste Qualit\u00e4t der Zutaten und den einzigartigen Geschmack\" \/>\n<meta name=\"robots\" content=\"index, follow, max-snippet:-1, max-image-preview:large, max-video-preview:-1\" \/>\n<link rel=\"canonical\" href=\"https:\/\/deseopatisserie.com\/de\/produkt\/nuesse-beeren-geschenkset\/\" \/>\n<meta property=\"og:locale\" content=\"de_DE\" \/>\n<meta property=\"og:type\" content=\"article\" \/>\n<meta property=\"og:title\" content=\"N\u00dcSSE &amp; BEEREN Geschenkset\" \/>\n<meta property=\"og:description\" content=\"Das Geschenkset NUTS &amp; BERRIES von Deseo wird jeden begeistern! Unsere Produkte sind eine Garantie f\u00fcr die h\u00f6chste Qualit\u00e4t der Zutaten und den einzigartigen Geschmack\" \/>\n<meta property=\"og:url\" content=\"https:\/\/deseopatisserie.com\/de\/produkt\/nuesse-beeren-geschenkset\/\" \/>\n<meta property=\"og:site_name\" content=\"DESEO\" \/>\n<meta property=\"og:image\" content=\"https:\/\/deseopatisserie.com\/wp-content\/uploads\/2025\/02\/zestaw-Dubai-Chocolate-bez-formy-zdjecia-do-esklepu-2-1024x683.jpg\" \/>\n<meta name=\"twitter:card\" content=\"summary_large_image\" \/>\n<script type=\"application\/ld+json\" class=\"yoast-schema-graph\">{\"@context\":\"https:\\\/\\\/schema.org\",\"@graph\":[{\"@type\":\"WebPage\",\"@id\":\"https:\\\/\\\/deseopatisserie.com\\\/de\\\/produkt\\\/nuesse-beeren-geschenkset\\\/\",\"url\":\"https:\\\/\\\/deseopatisserie.com\\\/de\\\/produkt\\\/nuesse-beeren-geschenkset\\\/\",\"name\":\"N\u00dcSSE &amp; BEEREN Geschenkset - DESEO S\u00fc\u00dfwaren\",\"isPartOf\":{\"@id\":\"https:\\\/\\\/deseopatisserie.com\\\/de\\\/#website\"},\"primaryImageOfPage\":{\"@id\":\"https:\\\/\\\/deseopatisserie.com\\\/de\\\/produkt\\\/nuesse-beeren-geschenkset\\\/#primaryimage\"},\"image\":{\"@id\":\"https:\\\/\\\/deseopatisserie.com\\\/de\\\/produkt\\\/nuesse-beeren-geschenkset\\\/#primaryimage\"},\"thumbnailUrl\":\"https:\\\/\\\/deseopatisserie.com\\\/\\\/wp-content\\\/uploads\\\/2025\\\/02\\\/zestaw-Dubai-Chocolate-bez-formy-zdjecia-do-esklepu-2.jpg\",\"datePublished\":\"2025-02-20T10:22:32+00:00\",\"description\":\"Das Geschenkset NUTS & BERRIES von Deseo wird jeden begeistern! Unsere Produkte sind eine Garantie f\u00fcr die h\u00f6chste Qualit\u00e4t der Zutaten und den einzigartigen Geschmack\",\"breadcrumb\":{\"@id\":\"https:\\\/\\\/deseopatisserie.com\\\/de\\\/produkt\\\/nuesse-beeren-geschenkset\\\/#breadcrumb\"},\"inLanguage\":\"de\",\"potentialAction\":[{\"@type\":\"ReadAction\",\"target\":[\"https:\\\/\\\/deseopatisserie.com\\\/de\\\/produkt\\\/nuesse-beeren-geschenkset\\\/\"]}]},{\"@type\":\"ImageObject\",\"inLanguage\":\"de\",\"@id\":\"https:\\\/\\\/deseopatisserie.com\\\/de\\\/produkt\\\/nuesse-beeren-geschenkset\\\/#primaryimage\",\"url\":\"https:\\\/\\\/deseopatisserie.com\\\/\\\/wp-content\\\/uploads\\\/2025\\\/02\\\/zestaw-Dubai-Chocolate-bez-formy-zdjecia-do-esklepu-2.jpg\",\"contentUrl\":\"https:\\\/\\\/deseopatisserie.com\\\/\\\/wp-content\\\/uploads\\\/2025\\\/02\\\/zestaw-Dubai-Chocolate-bez-formy-zdjecia-do-esklepu-2.jpg\",\"width\":2500,\"height\":1667,\"caption\":\"Zestaw prezentowy DESEO\"},{\"@type\":\"BreadcrumbList\",\"@id\":\"https:\\\/\\\/deseopatisserie.com\\\/de\\\/produkt\\\/nuesse-beeren-geschenkset\\\/#breadcrumb\",\"itemListElement\":[{\"@type\":\"ListItem\",\"position\":1,\"name\":\"Strona g\u0142\u00f3wna\",\"item\":\"https:\\\/\\\/deseopatisserie.com\\\/de\\\/homepage\\\/\"},{\"@type\":\"ListItem\",\"position\":2,\"name\":\"N\u00dcSSE &amp; BEEREN Geschenkset\"}]},{\"@type\":\"WebSite\",\"@id\":\"https:\\\/\\\/deseopatisserie.com\\\/de\\\/#website\",\"url\":\"https:\\\/\\\/deseopatisserie.com\\\/de\\\/\",\"name\":\"DESEO\",\"description\":\"Patisserie &amp; Chocolaterie\",\"potentialAction\":[{\"@type\":\"SearchAction\",\"target\":{\"@type\":\"EntryPoint\",\"urlTemplate\":\"https:\\\/\\\/deseopatisserie.com\\\/de\\\/?s={search_term_string}\"},\"query-input\":{\"@type\":\"PropertyValueSpecification\",\"valueRequired\":true,\"valueName\":\"search_term_string\"}}],\"inLanguage\":\"de\"}]}<\/script>\n<!-- \/ Yoast SEO plugin. -->","yoast_head_json":{"title":"N\u00dcSSE &amp; BEEREN Geschenkset - DESEO S\u00fc\u00dfwaren","description":"Das Geschenkset NUTS & BERRIES von Deseo wird jeden begeistern! Unsere Produkte sind eine Garantie f\u00fcr die h\u00f6chste Qualit\u00e4t der Zutaten und den einzigartigen Geschmack","robots":{"index":"index","follow":"follow","max-snippet":"max-snippet:-1","max-image-preview":"max-image-preview:large","max-video-preview":"max-video-preview:-1"},"canonical":"https:\/\/deseopatisserie.com\/de\/produkt\/nuesse-beeren-geschenkset\/","og_locale":"de_DE","og_type":"article","og_title":"N\u00dcSSE & BEEREN Geschenkset","og_description":"Das Geschenkset NUTS & BERRIES von Deseo wird jeden begeistern! Unsere Produkte sind eine Garantie f\u00fcr die h\u00f6chste Qualit\u00e4t der Zutaten und den einzigartigen Geschmack","og_url":"https:\/\/deseopatisserie.com\/de\/produkt\/nuesse-beeren-geschenkset\/","og_site_name":"DESEO","og_image":[{"url":"https:\/\/deseopatisserie.com\/wp-content\/uploads\/2025\/02\/zestaw-Dubai-Chocolate-bez-formy-zdjecia-do-esklepu-2-1024x683.jpg","type":"","width":"","height":""}],"twitter_card":"summary_large_image","schema":{"@context":"https:\/\/schema.org","@graph":[{"@type":"WebPage","@id":"https:\/\/deseopatisserie.com\/de\/produkt\/nuesse-beeren-geschenkset\/","url":"https:\/\/deseopatisserie.com\/de\/produkt\/nuesse-beeren-geschenkset\/","name":"N\u00dcSSE &amp; BEEREN Geschenkset - DESEO S\u00fc\u00dfwaren","isPartOf":{"@id":"https:\/\/deseopatisserie.com\/de\/#website"},"primaryImageOfPage":{"@id":"https:\/\/deseopatisserie.com\/de\/produkt\/nuesse-beeren-geschenkset\/#primaryimage"},"image":{"@id":"https:\/\/deseopatisserie.com\/de\/produkt\/nuesse-beeren-geschenkset\/#primaryimage"},"thumbnailUrl":"https:\/\/deseopatisserie.com\/\/wp-content\/uploads\/2025\/02\/zestaw-Dubai-Chocolate-bez-formy-zdjecia-do-esklepu-2.jpg","datePublished":"2025-02-20T10:22:32+00:00","description":"Das Geschenkset NUTS & BERRIES von Deseo wird jeden begeistern! Unsere Produkte sind eine Garantie f\u00fcr die h\u00f6chste Qualit\u00e4t der Zutaten und den einzigartigen Geschmack","breadcrumb":{"@id":"https:\/\/deseopatisserie.com\/de\/produkt\/nuesse-beeren-geschenkset\/#breadcrumb"},"inLanguage":"de","potentialAction":[{"@type":"ReadAction","target":["https:\/\/deseopatisserie.com\/de\/produkt\/nuesse-beeren-geschenkset\/"]}]},{"@type":"ImageObject","inLanguage":"de","@id":"https:\/\/deseopatisserie.com\/de\/produkt\/nuesse-beeren-geschenkset\/#primaryimage","url":"https:\/\/deseopatisserie.com\/\/wp-content\/uploads\/2025\/02\/zestaw-Dubai-Chocolate-bez-formy-zdjecia-do-esklepu-2.jpg","contentUrl":"https:\/\/deseopatisserie.com\/\/wp-content\/uploads\/2025\/02\/zestaw-Dubai-Chocolate-bez-formy-zdjecia-do-esklepu-2.jpg","width":2500,"height":1667,"caption":"Zestaw prezentowy DESEO"},{"@type":"BreadcrumbList","@id":"https:\/\/deseopatisserie.com\/de\/produkt\/nuesse-beeren-geschenkset\/#breadcrumb","itemListElement":[{"@type":"ListItem","position":1,"name":"Strona g\u0142\u00f3wna","item":"https:\/\/deseopatisserie.com\/de\/homepage\/"},{"@type":"ListItem","position":2,"name":"N\u00dcSSE &amp; BEEREN Geschenkset"}]},{"@type":"WebSite","@id":"https:\/\/deseopatisserie.com\/de\/#website","url":"https:\/\/deseopatisserie.com\/de\/","name":"DESEO","description":"Patisserie &amp; Chocolaterie","potentialAction":[{"@type":"SearchAction","target":{"@type":"EntryPoint","urlTemplate":"https:\/\/deseopatisserie.com\/de\/?s={search_term_string}"},"query-input":{"@type":"PropertyValueSpecification","valueRequired":true,"valueName":"search_term_string"}}],"inLanguage":"de"}]}},"_links":{"self":[{"href":"https:\/\/deseopatisserie.com\/de\/wp-json\/wp\/v2\/product\/107636","targetHints":{"allow":["GET"]}}],"collection":[{"href":"https:\/\/deseopatisserie.com\/de\/wp-json\/wp\/v2\/product"}],"about":[{"href":"https:\/\/deseopatisserie.com\/de\/wp-json\/wp\/v2\/types\/product"}],"wp:featuredmedia":[{"embeddable":true,"href":"https:\/\/deseopatisserie.com\/de\/wp-json\/wp\/v2\/media\/105338"}],"wp:attachment":[{"href":"https:\/\/deseopatisserie.com\/de\/wp-json\/wp\/v2\/media?parent=107636"}],"wp:term":[{"taxonomy":"product_brand","embeddable":true,"href":"https:\/\/deseopatisserie.com\/de\/wp-json\/wp\/v2\/product_brand?post=107636"},{"taxonomy":"product_cat","embeddable":true,"href":"https:\/\/deseopatisserie.com\/de\/wp-json\/wp\/v2\/product_cat?post=107636"},{"taxonomy":"product_tag","embeddable":true,"href":"https:\/\/deseopatisserie.com\/de\/wp-json\/wp\/v2\/product_tag?post=107636"}],"curies":[{"name":"wp","href":"https:\/\/api.w.org\/{rel}","templated":true}]}}