{"id":107634,"date":"2025-02-20T10:55:33","date_gmt":"2025-02-20T09:55:33","guid":{"rendered":"https:\/\/deseopatisserie.com\/produkt\/choco-nuts-geschenkset\/"},"modified":"2025-02-20T10:55:33","modified_gmt":"2025-02-20T09:55:33","slug":"choco-nuts-geschenkset","status":"publish","type":"product","link":"https:\/\/deseopatisserie.com\/de\/produkt\/choco-nuts-geschenkset\/","title":{"rendered":"CHOCO NUTS Geschenkset"},"content":{"rendered":"","protected":false},"excerpt":{"rendered":"<p><b>Sind Sie auf der Suche nach einem einzigartigen Geschenk f\u00fcr Ihre Lieben?<\/b><br \/>\nBei Deseo Patisserie finden Sie einzigartige <b>Geschenksets<\/b>, die jeden begeistern werden! Unsere Produkte sind eine Garantie f\u00fcr die h\u00f6chste Qualit\u00e4t der Zutaten und den einzigartigen Geschmack. <\/p>\n<p><b>Choco Nuts Geschenkset \u2013 Produktbeschreibung:<\/b><\/p>\n<p><strong>Pistazie CRUNCHY Schokolade <\/strong>\u2013 ein Bestseller, geliebt von allen Pistazien-Fans. HINWEIS: Es ist so gut, dass es s\u00fcchtig macht! <\/p>\n<p><strong>Mexiko Trockenschokolade 70%<\/strong> \u2013 hat einen dunklen Charakter, gro\u00dfe Tiefe, Aroma von Brombeeren und roten reifen Fr\u00fcchten.<\/p>\n<p><strong>Schokoladencluster Pistazien- und Vanille-Crumble<\/strong> \u2013 im Falle dieser Cluster auf Basis von Pistazienpaste und wei\u00dfer Schokolade haben wir zuerst Pistazienschokolade kreiert. Wir haben zerkleinerte Pistazien, Vanillestreusel und franz\u00f6sische Chips hinzugef\u00fcgt, um es knuspriger zu machen. <\/p>\n<p><strong>CHOCOLATE CLUSTERS Milchschokolade &amp; Haseln\u00fcsse <\/strong>&#8211; Knusprige Haseln\u00fcsse &amp; Milchbohne-to-Bar Schokolade Togo 42%! Haselnussnougatine und eine Prise Salz hinzuf\u00fcgen, um den Geschmack zu brechen. <\/p>\n<p><strong>Chocolate Clusters Pecans &amp; Chocolate Gold &amp; Salty Pretzels<\/strong> \u2013 wei\u00dfe Schokolade mit Karamell, ger\u00f6steten Pekann\u00fcssen, salzigen Brezeln und Paillet\u00e9 feuilletine&#8230; Perfekt f\u00fcr Fans von Pekann\u00fcssen und diejenigen, die&#8230; Knabbern Sie an salzigen Brezeln mit etwas S\u00fc\u00dfem. <\/p>\n","protected":false},"featured_media":105338,"template":"","meta":{"_acf_changed":false},"product_brand":[],"product_cat":[2613,1644],"product_tag":[],"class_list":{"0":"post-107634","1":"product","2":"type-product","3":"status-publish","4":"has-post-thumbnail","6":"product_cat-frauentag","7":"product_cat-geschenksets","9":"first","10":"instock","11":"taxable","12":"shipping-taxable","13":"product-type-yith_bundle"},"acf":[],"yoast_head":"<!-- This site is optimized with the Yoast SEO plugin v27.3 - https:\/\/yoast.com\/product\/yoast-seo-wordpress\/ -->\n<title>CHOCO NUTS Geschenkset - Cukiernia DESEO Warszawa<\/title>\n<meta name=\"description\" content=\"CHOCO NUTS Geschenkset von DESEO f\u00fcr alle! Unsere Produkte sind eine Garantie f\u00fcr die h\u00f6chste Qualit\u00e4t der Zutaten und den einzigartigen Geschmack.\" \/>\n<meta name=\"robots\" content=\"index, follow, max-snippet:-1, max-image-preview:large, max-video-preview:-1\" \/>\n<link rel=\"canonical\" href=\"https:\/\/deseopatisserie.com\/de\/produkt\/choco-nuts-geschenkset\/\" \/>\n<meta property=\"og:locale\" content=\"de_DE\" \/>\n<meta property=\"og:type\" content=\"article\" \/>\n<meta property=\"og:title\" content=\"CHOCO NUTS Geschenkset - DESEO Konditorei Warschau\" \/>\n<meta property=\"og:description\" content=\"CHOCO NUTS Geschenkset von DESEO f\u00fcr alle! Unsere Produkte sind eine Garantie f\u00fcr die h\u00f6chste Qualit\u00e4t der Zutaten und den einzigartigen Geschmack.\" \/>\n<meta property=\"og:url\" content=\"https:\/\/deseopatisserie.com\/de\/produkt\/choco-nuts-geschenkset\/\" \/>\n<meta property=\"og:site_name\" content=\"DESEO\" \/>\n<meta property=\"og:image\" content=\"https:\/\/deseopatisserie.com\/wp-content\/uploads\/2025\/02\/zestaw-Dubai-Chocolate-bez-formy-zdjecia-do-esklepu-2-1024x683.jpg\" \/>\n<meta name=\"twitter:card\" content=\"summary_large_image\" \/>\n<script type=\"application\/ld+json\" class=\"yoast-schema-graph\">{\"@context\":\"https:\\\/\\\/schema.org\",\"@graph\":[{\"@type\":\"WebPage\",\"@id\":\"https:\\\/\\\/deseopatisserie.com\\\/de\\\/produkt\\\/choco-nuts-geschenkset\\\/\",\"url\":\"https:\\\/\\\/deseopatisserie.com\\\/de\\\/produkt\\\/choco-nuts-geschenkset\\\/\",\"name\":\"CHOCO NUTS Geschenkset - Cukiernia DESEO Warszawa\",\"isPartOf\":{\"@id\":\"https:\\\/\\\/deseopatisserie.com\\\/de\\\/#website\"},\"primaryImageOfPage\":{\"@id\":\"https:\\\/\\\/deseopatisserie.com\\\/de\\\/produkt\\\/choco-nuts-geschenkset\\\/#primaryimage\"},\"image\":{\"@id\":\"https:\\\/\\\/deseopatisserie.com\\\/de\\\/produkt\\\/choco-nuts-geschenkset\\\/#primaryimage\"},\"thumbnailUrl\":\"https:\\\/\\\/deseopatisserie.com\\\/\\\/wp-content\\\/uploads\\\/2025\\\/02\\\/zestaw-Dubai-Chocolate-bez-formy-zdjecia-do-esklepu-2.jpg\",\"datePublished\":\"2025-02-20T09:55:33+00:00\",\"description\":\"CHOCO NUTS Geschenkset von DESEO f\u00fcr alle! Unsere Produkte sind eine Garantie f\u00fcr die h\u00f6chste Qualit\u00e4t der Zutaten und den einzigartigen Geschmack.\",\"breadcrumb\":{\"@id\":\"https:\\\/\\\/deseopatisserie.com\\\/de\\\/produkt\\\/choco-nuts-geschenkset\\\/#breadcrumb\"},\"inLanguage\":\"de\",\"potentialAction\":[{\"@type\":\"ReadAction\",\"target\":[\"https:\\\/\\\/deseopatisserie.com\\\/de\\\/produkt\\\/choco-nuts-geschenkset\\\/\"]}]},{\"@type\":\"ImageObject\",\"inLanguage\":\"de\",\"@id\":\"https:\\\/\\\/deseopatisserie.com\\\/de\\\/produkt\\\/choco-nuts-geschenkset\\\/#primaryimage\",\"url\":\"https:\\\/\\\/deseopatisserie.com\\\/\\\/wp-content\\\/uploads\\\/2025\\\/02\\\/zestaw-Dubai-Chocolate-bez-formy-zdjecia-do-esklepu-2.jpg\",\"contentUrl\":\"https:\\\/\\\/deseopatisserie.com\\\/\\\/wp-content\\\/uploads\\\/2025\\\/02\\\/zestaw-Dubai-Chocolate-bez-formy-zdjecia-do-esklepu-2.jpg\",\"width\":2500,\"height\":1667,\"caption\":\"Zestaw prezentowy DESEO\"},{\"@type\":\"BreadcrumbList\",\"@id\":\"https:\\\/\\\/deseopatisserie.com\\\/de\\\/produkt\\\/choco-nuts-geschenkset\\\/#breadcrumb\",\"itemListElement\":[{\"@type\":\"ListItem\",\"position\":1,\"name\":\"Strona g\u0142\u00f3wna\",\"item\":\"https:\\\/\\\/deseopatisserie.com\\\/de\\\/homepage\\\/\"},{\"@type\":\"ListItem\",\"position\":2,\"name\":\"CHOCO NUTS Geschenkset\"}]},{\"@type\":\"WebSite\",\"@id\":\"https:\\\/\\\/deseopatisserie.com\\\/de\\\/#website\",\"url\":\"https:\\\/\\\/deseopatisserie.com\\\/de\\\/\",\"name\":\"DESEO\",\"description\":\"Patisserie &amp; Chocolaterie\",\"potentialAction\":[{\"@type\":\"SearchAction\",\"target\":{\"@type\":\"EntryPoint\",\"urlTemplate\":\"https:\\\/\\\/deseopatisserie.com\\\/de\\\/?s={search_term_string}\"},\"query-input\":{\"@type\":\"PropertyValueSpecification\",\"valueRequired\":true,\"valueName\":\"search_term_string\"}}],\"inLanguage\":\"de\"}]}<\/script>\n<!-- \/ Yoast SEO plugin. -->","yoast_head_json":{"title":"CHOCO NUTS Geschenkset - Cukiernia DESEO Warszawa","description":"CHOCO NUTS Geschenkset von DESEO f\u00fcr alle! Unsere Produkte sind eine Garantie f\u00fcr die h\u00f6chste Qualit\u00e4t der Zutaten und den einzigartigen Geschmack.","robots":{"index":"index","follow":"follow","max-snippet":"max-snippet:-1","max-image-preview":"max-image-preview:large","max-video-preview":"max-video-preview:-1"},"canonical":"https:\/\/deseopatisserie.com\/de\/produkt\/choco-nuts-geschenkset\/","og_locale":"de_DE","og_type":"article","og_title":"CHOCO NUTS Geschenkset - DESEO Konditorei Warschau","og_description":"CHOCO NUTS Geschenkset von DESEO f\u00fcr alle! Unsere Produkte sind eine Garantie f\u00fcr die h\u00f6chste Qualit\u00e4t der Zutaten und den einzigartigen Geschmack.","og_url":"https:\/\/deseopatisserie.com\/de\/produkt\/choco-nuts-geschenkset\/","og_site_name":"DESEO","og_image":[{"url":"https:\/\/deseopatisserie.com\/wp-content\/uploads\/2025\/02\/zestaw-Dubai-Chocolate-bez-formy-zdjecia-do-esklepu-2-1024x683.jpg","type":"","width":"","height":""}],"twitter_card":"summary_large_image","schema":{"@context":"https:\/\/schema.org","@graph":[{"@type":"WebPage","@id":"https:\/\/deseopatisserie.com\/de\/produkt\/choco-nuts-geschenkset\/","url":"https:\/\/deseopatisserie.com\/de\/produkt\/choco-nuts-geschenkset\/","name":"CHOCO NUTS Geschenkset - Cukiernia DESEO Warszawa","isPartOf":{"@id":"https:\/\/deseopatisserie.com\/de\/#website"},"primaryImageOfPage":{"@id":"https:\/\/deseopatisserie.com\/de\/produkt\/choco-nuts-geschenkset\/#primaryimage"},"image":{"@id":"https:\/\/deseopatisserie.com\/de\/produkt\/choco-nuts-geschenkset\/#primaryimage"},"thumbnailUrl":"https:\/\/deseopatisserie.com\/\/wp-content\/uploads\/2025\/02\/zestaw-Dubai-Chocolate-bez-formy-zdjecia-do-esklepu-2.jpg","datePublished":"2025-02-20T09:55:33+00:00","description":"CHOCO NUTS Geschenkset von DESEO f\u00fcr alle! Unsere Produkte sind eine Garantie f\u00fcr die h\u00f6chste Qualit\u00e4t der Zutaten und den einzigartigen Geschmack.","breadcrumb":{"@id":"https:\/\/deseopatisserie.com\/de\/produkt\/choco-nuts-geschenkset\/#breadcrumb"},"inLanguage":"de","potentialAction":[{"@type":"ReadAction","target":["https:\/\/deseopatisserie.com\/de\/produkt\/choco-nuts-geschenkset\/"]}]},{"@type":"ImageObject","inLanguage":"de","@id":"https:\/\/deseopatisserie.com\/de\/produkt\/choco-nuts-geschenkset\/#primaryimage","url":"https:\/\/deseopatisserie.com\/\/wp-content\/uploads\/2025\/02\/zestaw-Dubai-Chocolate-bez-formy-zdjecia-do-esklepu-2.jpg","contentUrl":"https:\/\/deseopatisserie.com\/\/wp-content\/uploads\/2025\/02\/zestaw-Dubai-Chocolate-bez-formy-zdjecia-do-esklepu-2.jpg","width":2500,"height":1667,"caption":"Zestaw prezentowy DESEO"},{"@type":"BreadcrumbList","@id":"https:\/\/deseopatisserie.com\/de\/produkt\/choco-nuts-geschenkset\/#breadcrumb","itemListElement":[{"@type":"ListItem","position":1,"name":"Strona g\u0142\u00f3wna","item":"https:\/\/deseopatisserie.com\/de\/homepage\/"},{"@type":"ListItem","position":2,"name":"CHOCO NUTS Geschenkset"}]},{"@type":"WebSite","@id":"https:\/\/deseopatisserie.com\/de\/#website","url":"https:\/\/deseopatisserie.com\/de\/","name":"DESEO","description":"Patisserie &amp; Chocolaterie","potentialAction":[{"@type":"SearchAction","target":{"@type":"EntryPoint","urlTemplate":"https:\/\/deseopatisserie.com\/de\/?s={search_term_string}"},"query-input":{"@type":"PropertyValueSpecification","valueRequired":true,"valueName":"search_term_string"}}],"inLanguage":"de"}]}},"_links":{"self":[{"href":"https:\/\/deseopatisserie.com\/de\/wp-json\/wp\/v2\/product\/107634","targetHints":{"allow":["GET"]}}],"collection":[{"href":"https:\/\/deseopatisserie.com\/de\/wp-json\/wp\/v2\/product"}],"about":[{"href":"https:\/\/deseopatisserie.com\/de\/wp-json\/wp\/v2\/types\/product"}],"wp:featuredmedia":[{"embeddable":true,"href":"https:\/\/deseopatisserie.com\/de\/wp-json\/wp\/v2\/media\/105338"}],"wp:attachment":[{"href":"https:\/\/deseopatisserie.com\/de\/wp-json\/wp\/v2\/media?parent=107634"}],"wp:term":[{"taxonomy":"product_brand","embeddable":true,"href":"https:\/\/deseopatisserie.com\/de\/wp-json\/wp\/v2\/product_brand?post=107634"},{"taxonomy":"product_cat","embeddable":true,"href":"https:\/\/deseopatisserie.com\/de\/wp-json\/wp\/v2\/product_cat?post=107634"},{"taxonomy":"product_tag","embeddable":true,"href":"https:\/\/deseopatisserie.com\/de\/wp-json\/wp\/v2\/product_tag?post=107634"}],"curies":[{"name":"wp","href":"https:\/\/api.w.org\/{rel}","templated":true}]}}