{"id":107633,"date":"2025-02-20T09:14:57","date_gmt":"2025-02-20T08:14:57","guid":{"rendered":"https:\/\/deseopatisserie.com\/produkt\/kirsch-dame\/"},"modified":"2025-02-20T09:14:57","modified_gmt":"2025-02-20T08:14:57","slug":"kirsch-dame","status":"publish","type":"product","link":"https:\/\/deseopatisserie.com\/de\/produkt\/kirsch-dame\/","title":{"rendered":"Kirsch-Dame"},"content":{"rendered":"<h3 class=\"\" data-start=\"0\" data-end=\"46\">Cherry Lady Monoportion \u2013 neu bei DESEO!<\/h3>\n<p class=\"\" data-start=\"48\" data-end=\"265\"><strong data-start=\"62\" data-end=\"88\">Cherry Lady<\/strong> <strong>\u2013 ein<\/strong> Dessert, das den intensiven Geschmack von Kirschen mit samtiger wei\u00dfer Schokolade und einem Hauch von Vanille kombiniert. Es ist eine einzigartige Kombination von Aromen, die jeden Liebhaber s\u00fc\u00dfer Gen\u00fcsse begeistern wird! <\/p>\n<p class=\"\" data-start=\"267\" data-end=\"550\">Was genau ist <strong data-start=\"287\" data-end=\"301\">eine Monoportion<\/strong>? Es handelt sich um einen kleinen, individuellen Kuchen mit perfekt verfeinerter Form und Struktur, der nicht nur durch seinen Geschmack, sondern auch durch sein Aussehen besticht. Jede Monoportion ist ein kleines Kunstwerk der S\u00fc\u00dfwarenkunst, das verschiedene Texturen und Geschmacksrichtungen in einer perfekten Portion vereint.  <\/p>\n<p class=\"\" data-start=\"552\" data-end=\"954\">In unserer <strong data-start=\"561\" data-end=\"587\">Cherry Lady Monoportion<\/strong> finden Sie <strong data-start=\"599\" data-end=\"629\">Sauerkirschcoulis<\/strong> mit Fruchtst\u00fccken, die dem Geschmack von frisch gepfl\u00fcckten Kirschen \u00e4hneln. Es ist von <strong data-start=\"708\" data-end=\"742\">einer ger\u00f6steten wei\u00dfen Schokoladenmousse<\/strong> umgeben, die mit aromatischen Tonkabohnen angereichert ist und dem Ganzen eine einzigartige Tiefe verleiht. Der Boden besteht aus zarten <strong data-start=\"844\" data-end=\"872\">Blondies aus Goldschokolade<\/strong>, und das Ganze wird durch <strong data-start=\"892\" data-end=\"913\">Vanillestreusel<\/strong> erg\u00e4nzt, die dem Dessert einen leichten Crunch verleihen.  <\/p>\n<p class=\"\" data-start=\"956\" data-end=\"1063\">Probieren Sie die neuen Produkte bei DESEO und verlieben Sie sich in die <strong data-start=\"997\" data-end=\"1023\">Monoportion Cherry Lady<\/strong> \u2013 es ist ein Dessert, das Ihr Herz stehlen wird!<\/p>\n<p>Entdecken Sie alle unsere  <span style=\"color: #bf883b;\"><a style=\"color: #bf883b;\" href=\"https:\/\/deseopatisserie.com\/ciastka-petit-gateau\/\">Monoporationen<\/a><\/span>.<\/p>\n","protected":false},"excerpt":{"rendered":"<p data-olk-copy-source=\"MessageBody\">Ger\u00f6stete wei\u00dfe Schokoladenmousse mit Tonka \/ Kirschcoulis mit Kirschchips \/ Blondie auf Basis von Goldschokolade \/ Vanille-Crumble<\/p>\n<p>Hier ist eine absolute NEUHEIT bei DESEO! Kirsch-Dame! Wir tr\u00e4umen schon lange von einer Kirsch-Monoportion. In unserer Kirsche haben wir angenehm saure Kirschguris versteckt, die nach dem ersten Bissen Kirschen \u00e4hnelt, die direkt von Omas Baum auf dem Grundst\u00fcck gegessen werden. Wir umgaben sie mit einer ger\u00f6steten wei\u00dfen Schokoladenmousse mit etwas Tonkabohne. Den Abschluss des Ganzen haben wir mit einem Blondie-Kuchen und einem Vanille-Crumble gemacht.     <\/p>\n","protected":false},"featured_media":104149,"template":"","meta":{"_acf_changed":false},"product_brand":[],"product_cat":[2613,1750,2697],"product_tag":[],"class_list":{"0":"post-107633","1":"product","2":"type-product","3":"status-publish","4":"has-post-thumbnail","6":"product_cat-frauentag","7":"product_cat-petit-gateau-kekse","8":"product_cat-valentinstag","10":"first","11":"instock","12":"taxable","13":"shipping-taxable","14":"purchasable","15":"product-type-simple"},"acf":[],"yoast_head":"<!-- This site is optimized with the Yoast SEO plugin v27.3 - https:\/\/yoast.com\/product\/yoast-seo-wordpress\/ -->\n<title>Monoporcja Kirsch-Dame - DESEO S\u00fc\u00dfwaren Warschau<\/title>\n<meta name=\"description\" content=\"Eine Monoportion Cherry Lady Dessert, die den intensiven Geschmack von Kirschen mit samtiger wei\u00dfer Schokolade und einem Hauch von Vanille kombiniert. Diese einzigartige Geschmackskombination wird jeden begeistern!\" \/>\n<meta name=\"robots\" content=\"index, follow, max-snippet:-1, max-image-preview:large, max-video-preview:-1\" \/>\n<link rel=\"canonical\" href=\"https:\/\/deseopatisserie.com\/de\/produkt\/kirsch-dame\/\" \/>\n<meta property=\"og:locale\" content=\"de_DE\" \/>\n<meta property=\"og:type\" content=\"article\" \/>\n<meta property=\"og:title\" content=\"Cherry Lady - DESEO Konditorei Warschau\" \/>\n<meta property=\"og:description\" content=\"Hier ist eine absolute NEUHEIT bei DESEO! Wir tr\u00e4umen schon lange von einer Kirsch-Monoportion. In unserer Kirsche haben wir angenehm saure Kirschguris versteckt, die nach dem ersten Bissen Kirschen \u00e4hnelt, die direkt von Omas Baum auf dem Grundst\u00fcck gegessen werden. Wir umgaben sie mit einer ger\u00f6steten wei\u00dfen Schokoladenmousse mit etwas Tonkabohne. Den Abschluss des Ganzen haben wir mit einem Blondie-Kuchen und einem Vanille-Crumble gemacht.\" \/>\n<meta property=\"og:url\" content=\"https:\/\/deseopatisserie.com\/de\/produkt\/kirsch-dame\/\" \/>\n<meta property=\"og:site_name\" content=\"DESEO\" \/>\n<meta property=\"og:image\" content=\"https:\/\/deseopatisserie.com\/wp-content\/uploads\/2025\/02\/CHERRY-LADY-do-esklepu-6-1024x683.jpg\" \/>\n<meta name=\"twitter:card\" content=\"summary_large_image\" \/>\n<meta name=\"twitter:label1\" content=\"Gesch\u00e4tzte Lesezeit\" \/>\n\t<meta name=\"twitter:data1\" content=\"1\u00a0Minute\" \/>\n<script type=\"application\/ld+json\" class=\"yoast-schema-graph\">{\"@context\":\"https:\\\/\\\/schema.org\",\"@graph\":[{\"@type\":\"WebPage\",\"@id\":\"https:\\\/\\\/deseopatisserie.com\\\/de\\\/produkt\\\/kirsch-dame\\\/\",\"url\":\"https:\\\/\\\/deseopatisserie.com\\\/de\\\/produkt\\\/kirsch-dame\\\/\",\"name\":\"Monoporcja Kirsch-Dame - DESEO S\u00fc\u00dfwaren Warschau\",\"isPartOf\":{\"@id\":\"https:\\\/\\\/deseopatisserie.com\\\/de\\\/#website\"},\"primaryImageOfPage\":{\"@id\":\"https:\\\/\\\/deseopatisserie.com\\\/de\\\/produkt\\\/kirsch-dame\\\/#primaryimage\"},\"image\":{\"@id\":\"https:\\\/\\\/deseopatisserie.com\\\/de\\\/produkt\\\/kirsch-dame\\\/#primaryimage\"},\"thumbnailUrl\":\"https:\\\/\\\/deseopatisserie.com\\\/\\\/wp-content\\\/uploads\\\/2025\\\/02\\\/CHERRY-LADY-do-esklepu-7-scaled.jpg\",\"datePublished\":\"2025-02-20T08:14:57+00:00\",\"description\":\"Eine Monoportion Cherry Lady Dessert, die den intensiven Geschmack von Kirschen mit samtiger wei\u00dfer Schokolade und einem Hauch von Vanille kombiniert. Diese einzigartige Geschmackskombination wird jeden begeistern!\",\"breadcrumb\":{\"@id\":\"https:\\\/\\\/deseopatisserie.com\\\/de\\\/produkt\\\/kirsch-dame\\\/#breadcrumb\"},\"inLanguage\":\"de\",\"potentialAction\":[{\"@type\":\"ReadAction\",\"target\":[\"https:\\\/\\\/deseopatisserie.com\\\/de\\\/produkt\\\/kirsch-dame\\\/\"]}]},{\"@type\":\"ImageObject\",\"inLanguage\":\"de\",\"@id\":\"https:\\\/\\\/deseopatisserie.com\\\/de\\\/produkt\\\/kirsch-dame\\\/#primaryimage\",\"url\":\"https:\\\/\\\/deseopatisserie.com\\\/\\\/wp-content\\\/uploads\\\/2025\\\/02\\\/CHERRY-LADY-do-esklepu-7-scaled.jpg\",\"contentUrl\":\"https:\\\/\\\/deseopatisserie.com\\\/\\\/wp-content\\\/uploads\\\/2025\\\/02\\\/CHERRY-LADY-do-esklepu-7-scaled.jpg\",\"width\":2560,\"height\":1707,\"caption\":\"Cherry Lady - DESEO\"},{\"@type\":\"BreadcrumbList\",\"@id\":\"https:\\\/\\\/deseopatisserie.com\\\/de\\\/produkt\\\/kirsch-dame\\\/#breadcrumb\",\"itemListElement\":[{\"@type\":\"ListItem\",\"position\":1,\"name\":\"Strona g\u0142\u00f3wna\",\"item\":\"https:\\\/\\\/deseopatisserie.com\\\/de\\\/homepage\\\/\"},{\"@type\":\"ListItem\",\"position\":2,\"name\":\"Kirsch-Dame\"}]},{\"@type\":\"WebSite\",\"@id\":\"https:\\\/\\\/deseopatisserie.com\\\/de\\\/#website\",\"url\":\"https:\\\/\\\/deseopatisserie.com\\\/de\\\/\",\"name\":\"DESEO\",\"description\":\"Patisserie &amp; Chocolaterie\",\"potentialAction\":[{\"@type\":\"SearchAction\",\"target\":{\"@type\":\"EntryPoint\",\"urlTemplate\":\"https:\\\/\\\/deseopatisserie.com\\\/de\\\/?s={search_term_string}\"},\"query-input\":{\"@type\":\"PropertyValueSpecification\",\"valueRequired\":true,\"valueName\":\"search_term_string\"}}],\"inLanguage\":\"de\"}]}<\/script>\n<!-- \/ Yoast SEO plugin. -->","yoast_head_json":{"title":"Monoporcja Kirsch-Dame - DESEO S\u00fc\u00dfwaren Warschau","description":"Eine Monoportion Cherry Lady Dessert, die den intensiven Geschmack von Kirschen mit samtiger wei\u00dfer Schokolade und einem Hauch von Vanille kombiniert. Diese einzigartige Geschmackskombination wird jeden begeistern!","robots":{"index":"index","follow":"follow","max-snippet":"max-snippet:-1","max-image-preview":"max-image-preview:large","max-video-preview":"max-video-preview:-1"},"canonical":"https:\/\/deseopatisserie.com\/de\/produkt\/kirsch-dame\/","og_locale":"de_DE","og_type":"article","og_title":"Cherry Lady - DESEO Konditorei Warschau","og_description":"Hier ist eine absolute NEUHEIT bei DESEO! Wir tr\u00e4umen schon lange von einer Kirsch-Monoportion. In unserer Kirsche haben wir angenehm saure Kirschguris versteckt, die nach dem ersten Bissen Kirschen \u00e4hnelt, die direkt von Omas Baum auf dem Grundst\u00fcck gegessen werden. Wir umgaben sie mit einer ger\u00f6steten wei\u00dfen Schokoladenmousse mit etwas Tonkabohne. Den Abschluss des Ganzen haben wir mit einem Blondie-Kuchen und einem Vanille-Crumble gemacht.","og_url":"https:\/\/deseopatisserie.com\/de\/produkt\/kirsch-dame\/","og_site_name":"DESEO","og_image":[{"url":"https:\/\/deseopatisserie.com\/wp-content\/uploads\/2025\/02\/CHERRY-LADY-do-esklepu-6-1024x683.jpg","type":"","width":"","height":""}],"twitter_card":"summary_large_image","twitter_misc":{"Gesch\u00e4tzte Lesezeit":"1\u00a0Minute"},"schema":{"@context":"https:\/\/schema.org","@graph":[{"@type":"WebPage","@id":"https:\/\/deseopatisserie.com\/de\/produkt\/kirsch-dame\/","url":"https:\/\/deseopatisserie.com\/de\/produkt\/kirsch-dame\/","name":"Monoporcja Kirsch-Dame - DESEO S\u00fc\u00dfwaren Warschau","isPartOf":{"@id":"https:\/\/deseopatisserie.com\/de\/#website"},"primaryImageOfPage":{"@id":"https:\/\/deseopatisserie.com\/de\/produkt\/kirsch-dame\/#primaryimage"},"image":{"@id":"https:\/\/deseopatisserie.com\/de\/produkt\/kirsch-dame\/#primaryimage"},"thumbnailUrl":"https:\/\/deseopatisserie.com\/\/wp-content\/uploads\/2025\/02\/CHERRY-LADY-do-esklepu-7-scaled.jpg","datePublished":"2025-02-20T08:14:57+00:00","description":"Eine Monoportion Cherry Lady Dessert, die den intensiven Geschmack von Kirschen mit samtiger wei\u00dfer Schokolade und einem Hauch von Vanille kombiniert. Diese einzigartige Geschmackskombination wird jeden begeistern!","breadcrumb":{"@id":"https:\/\/deseopatisserie.com\/de\/produkt\/kirsch-dame\/#breadcrumb"},"inLanguage":"de","potentialAction":[{"@type":"ReadAction","target":["https:\/\/deseopatisserie.com\/de\/produkt\/kirsch-dame\/"]}]},{"@type":"ImageObject","inLanguage":"de","@id":"https:\/\/deseopatisserie.com\/de\/produkt\/kirsch-dame\/#primaryimage","url":"https:\/\/deseopatisserie.com\/\/wp-content\/uploads\/2025\/02\/CHERRY-LADY-do-esklepu-7-scaled.jpg","contentUrl":"https:\/\/deseopatisserie.com\/\/wp-content\/uploads\/2025\/02\/CHERRY-LADY-do-esklepu-7-scaled.jpg","width":2560,"height":1707,"caption":"Cherry Lady - DESEO"},{"@type":"BreadcrumbList","@id":"https:\/\/deseopatisserie.com\/de\/produkt\/kirsch-dame\/#breadcrumb","itemListElement":[{"@type":"ListItem","position":1,"name":"Strona g\u0142\u00f3wna","item":"https:\/\/deseopatisserie.com\/de\/homepage\/"},{"@type":"ListItem","position":2,"name":"Kirsch-Dame"}]},{"@type":"WebSite","@id":"https:\/\/deseopatisserie.com\/de\/#website","url":"https:\/\/deseopatisserie.com\/de\/","name":"DESEO","description":"Patisserie &amp; Chocolaterie","potentialAction":[{"@type":"SearchAction","target":{"@type":"EntryPoint","urlTemplate":"https:\/\/deseopatisserie.com\/de\/?s={search_term_string}"},"query-input":{"@type":"PropertyValueSpecification","valueRequired":true,"valueName":"search_term_string"}}],"inLanguage":"de"}]}},"_links":{"self":[{"href":"https:\/\/deseopatisserie.com\/de\/wp-json\/wp\/v2\/product\/107633","targetHints":{"allow":["GET"]}}],"collection":[{"href":"https:\/\/deseopatisserie.com\/de\/wp-json\/wp\/v2\/product"}],"about":[{"href":"https:\/\/deseopatisserie.com\/de\/wp-json\/wp\/v2\/types\/product"}],"wp:featuredmedia":[{"embeddable":true,"href":"https:\/\/deseopatisserie.com\/de\/wp-json\/wp\/v2\/media\/104149"}],"wp:attachment":[{"href":"https:\/\/deseopatisserie.com\/de\/wp-json\/wp\/v2\/media?parent=107633"}],"wp:term":[{"taxonomy":"product_brand","embeddable":true,"href":"https:\/\/deseopatisserie.com\/de\/wp-json\/wp\/v2\/product_brand?post=107633"},{"taxonomy":"product_cat","embeddable":true,"href":"https:\/\/deseopatisserie.com\/de\/wp-json\/wp\/v2\/product_cat?post=107633"},{"taxonomy":"product_tag","embeddable":true,"href":"https:\/\/deseopatisserie.com\/de\/wp-json\/wp\/v2\/product_tag?post=107633"}],"curies":[{"name":"wp","href":"https:\/\/api.w.org\/{rel}","templated":true}]}}