{"id":107626,"date":"2025-02-04T14:32:05","date_gmt":"2025-02-04T13:32:05","guid":{"rendered":"https:\/\/deseopatisserie.com\/produkt\/set-mit-2-x-dubai-schokoladen-donut\/"},"modified":"2025-02-04T14:32:05","modified_gmt":"2025-02-04T13:32:05","slug":"set-mit-2-x-dubai-schokoladen-donut","status":"publish","type":"product","link":"https:\/\/deseopatisserie.com\/de\/produkt\/set-mit-2-x-dubai-schokoladen-donut\/","title":{"rendered":"Set mit 2 x Dubai Schokoladen-Donut"},"content":{"rendered":"","protected":false},"excerpt":{"rendered":"<p><strong>Das Set enth\u00e4lt zwei Donuts mit Dubai-Schokoladenf\u00fcllung.<\/strong><\/p>\n<p class=\"x_MsoNormal\">Eine luxuri\u00f6se Geschmacksrichtung, inspiriert von der trendigsten Geschmacksrichtung der Saison \u2013 jetzt in einer Donut-Version! Im Inneren befindet sich eine samtige Pistaziencreme, deren intensiver Charakter perfekt mit ultra-knusprigem, ger\u00f6stetem Kataifi-Teig kombiniert wird. <\/p>\n<p class=\"x_MsoNormal\">\u00dcberziehen Sie das Ganze mit einem Topping auf Basis von Togo 42% Bean-to-Bar-Schokolade. Erg\u00e4nzt wird es durch aromatische, ger\u00f6stete Pistazien \u2013 f\u00fcr die perfekte Balance von Geschmack und Textur. Volle Ausschweifung, p\u00fcnktlich zum Fetten Donnerstag!  <\/p>\n","protected":false},"featured_media":103162,"template":"","meta":{"_acf_changed":false},"product_brand":[],"product_cat":[2696],"product_tag":[],"class_list":{"0":"post-107626","1":"product","2":"type-product","3":"status-publish","4":"has-post-thumbnail","6":"product_cat-donuts","8":"first","9":"outofstock","10":"taxable","11":"shipping-taxable","12":"purchasable","13":"product-type-yith_bundle"},"acf":[],"yoast_head":"<!-- This site is optimized with the Yoast SEO plugin v27.5 - https:\/\/yoast.com\/product\/yoast-seo-wordpress\/ -->\n<title>Set mit 2 x Dubai Schokoladen-Donut - Cukiernia DESEO Warszawa<\/title>\n<meta name=\"robots\" content=\"index, follow, max-snippet:-1, max-image-preview:large, max-video-preview:-1\" \/>\n<link rel=\"canonical\" href=\"https:\/\/deseopatisserie.com\/de\/produkt\/set-mit-2-x-dubai-schokoladen-donut\/\" \/>\n<meta property=\"og:locale\" content=\"de_DE\" \/>\n<meta property=\"og:type\" content=\"article\" \/>\n<meta property=\"og:title\" content=\"Set mit 2 x Dubai Schokoladen-Donut - Cukiernia DESEO Warszawa\" \/>\n<meta property=\"og:description\" content=\"Das Set enth\u00e4lt zwei Donuts mit Dubai-Schokoladenf\u00fcllung. Eine luxuri\u00f6se Geschmacksrichtung, inspiriert von der trendigsten Geschmacksrichtung der Saison \u2013 jetzt in einer Donut-Version! Im Inneren befindet sich eine samtige Pistaziencreme, deren intensiver Charakter perfekt mit ultra-knusprigem, ger\u00f6stetem Kataifi-Teig kombiniert wird. \u00dcberziehen Sie das Ganze mit einem Topping auf Basis von Togo 42% Bean-to-Bar-Schokolade. Erg\u00e4nzt wird es durch aromatische, ger\u00f6stete Pistazien \u2013 f\u00fcr die perfekte Balance von Geschmack und Textur. Volle Ausschweifung, p\u00fcnktlich zum Fetten Donnerstag!\" \/>\n<meta property=\"og:url\" content=\"https:\/\/deseopatisserie.com\/de\/produkt\/set-mit-2-x-dubai-schokoladen-donut\/\" \/>\n<meta property=\"og:site_name\" content=\"DESEO\" \/>\n<meta property=\"og:image\" content=\"https:\/\/deseopatisserie.com\/\/wp-content\/uploads\/2025\/02\/004A3714-1024x683.jpg\" \/>\n\t<meta property=\"og:image:width\" content=\"1024\" \/>\n\t<meta property=\"og:image:height\" content=\"683\" \/>\n\t<meta property=\"og:image:type\" content=\"image\/jpeg\" \/>\n<meta name=\"twitter:card\" content=\"summary_large_image\" \/>\n<script type=\"application\/ld+json\" class=\"yoast-schema-graph\">{\"@context\":\"https:\\\/\\\/schema.org\",\"@graph\":[{\"@type\":\"WebPage\",\"@id\":\"https:\\\/\\\/deseopatisserie.com\\\/de\\\/produkt\\\/set-mit-2-x-dubai-schokoladen-donut\\\/\",\"url\":\"https:\\\/\\\/deseopatisserie.com\\\/de\\\/produkt\\\/set-mit-2-x-dubai-schokoladen-donut\\\/\",\"name\":\"Set mit 2 x Dubai Schokoladen-Donut - Cukiernia DESEO Warszawa\",\"isPartOf\":{\"@id\":\"https:\\\/\\\/deseopatisserie.com\\\/de\\\/#website\"},\"primaryImageOfPage\":{\"@id\":\"https:\\\/\\\/deseopatisserie.com\\\/de\\\/produkt\\\/set-mit-2-x-dubai-schokoladen-donut\\\/#primaryimage\"},\"image\":{\"@id\":\"https:\\\/\\\/deseopatisserie.com\\\/de\\\/produkt\\\/set-mit-2-x-dubai-schokoladen-donut\\\/#primaryimage\"},\"thumbnailUrl\":\"https:\\\/\\\/deseopatisserie.com\\\/\\\/wp-content\\\/uploads\\\/2025\\\/02\\\/004A3714.jpg\",\"datePublished\":\"2025-02-04T13:32:05+00:00\",\"breadcrumb\":{\"@id\":\"https:\\\/\\\/deseopatisserie.com\\\/de\\\/produkt\\\/set-mit-2-x-dubai-schokoladen-donut\\\/#breadcrumb\"},\"inLanguage\":\"de\",\"potentialAction\":[{\"@type\":\"ReadAction\",\"target\":[\"https:\\\/\\\/deseopatisserie.com\\\/de\\\/produkt\\\/set-mit-2-x-dubai-schokoladen-donut\\\/\"]}]},{\"@type\":\"ImageObject\",\"inLanguage\":\"de\",\"@id\":\"https:\\\/\\\/deseopatisserie.com\\\/de\\\/produkt\\\/set-mit-2-x-dubai-schokoladen-donut\\\/#primaryimage\",\"url\":\"https:\\\/\\\/deseopatisserie.com\\\/\\\/wp-content\\\/uploads\\\/2025\\\/02\\\/004A3714.jpg\",\"contentUrl\":\"https:\\\/\\\/deseopatisserie.com\\\/\\\/wp-content\\\/uploads\\\/2025\\\/02\\\/004A3714.jpg\",\"width\":2500,\"height\":1667,\"caption\":\"DESEO P\u0105czek Dubai Chocolate\"},{\"@type\":\"BreadcrumbList\",\"@id\":\"https:\\\/\\\/deseopatisserie.com\\\/de\\\/produkt\\\/set-mit-2-x-dubai-schokoladen-donut\\\/#breadcrumb\",\"itemListElement\":[{\"@type\":\"ListItem\",\"position\":1,\"name\":\"Strona g\u0142\u00f3wna\",\"item\":\"https:\\\/\\\/deseopatisserie.com\\\/de\\\/homepage\\\/\"},{\"@type\":\"ListItem\",\"position\":2,\"name\":\"Set mit 2 x Dubai Schokoladen-Donut\"}]},{\"@type\":\"WebSite\",\"@id\":\"https:\\\/\\\/deseopatisserie.com\\\/de\\\/#website\",\"url\":\"https:\\\/\\\/deseopatisserie.com\\\/de\\\/\",\"name\":\"DESEO\",\"description\":\"Patisserie &amp; Chocolaterie\",\"potentialAction\":[{\"@type\":\"SearchAction\",\"target\":{\"@type\":\"EntryPoint\",\"urlTemplate\":\"https:\\\/\\\/deseopatisserie.com\\\/de\\\/?s={search_term_string}\"},\"query-input\":{\"@type\":\"PropertyValueSpecification\",\"valueRequired\":true,\"valueName\":\"search_term_string\"}}],\"inLanguage\":\"de\"}]}<\/script>\n<!-- \/ Yoast SEO plugin. -->","yoast_head_json":{"title":"Set mit 2 x Dubai Schokoladen-Donut - Cukiernia DESEO Warszawa","robots":{"index":"index","follow":"follow","max-snippet":"max-snippet:-1","max-image-preview":"max-image-preview:large","max-video-preview":"max-video-preview:-1"},"canonical":"https:\/\/deseopatisserie.com\/de\/produkt\/set-mit-2-x-dubai-schokoladen-donut\/","og_locale":"de_DE","og_type":"article","og_title":"Set mit 2 x Dubai Schokoladen-Donut - Cukiernia DESEO Warszawa","og_description":"Das Set enth\u00e4lt zwei Donuts mit Dubai-Schokoladenf\u00fcllung. Eine luxuri\u00f6se Geschmacksrichtung, inspiriert von der trendigsten Geschmacksrichtung der Saison \u2013 jetzt in einer Donut-Version! Im Inneren befindet sich eine samtige Pistaziencreme, deren intensiver Charakter perfekt mit ultra-knusprigem, ger\u00f6stetem Kataifi-Teig kombiniert wird. \u00dcberziehen Sie das Ganze mit einem Topping auf Basis von Togo 42% Bean-to-Bar-Schokolade. Erg\u00e4nzt wird es durch aromatische, ger\u00f6stete Pistazien \u2013 f\u00fcr die perfekte Balance von Geschmack und Textur. Volle Ausschweifung, p\u00fcnktlich zum Fetten Donnerstag!","og_url":"https:\/\/deseopatisserie.com\/de\/produkt\/set-mit-2-x-dubai-schokoladen-donut\/","og_site_name":"DESEO","og_image":[{"width":1024,"height":683,"url":"https:\/\/deseopatisserie.com\/\/wp-content\/uploads\/2025\/02\/004A3714-1024x683.jpg","type":"image\/jpeg"}],"twitter_card":"summary_large_image","schema":{"@context":"https:\/\/schema.org","@graph":[{"@type":"WebPage","@id":"https:\/\/deseopatisserie.com\/de\/produkt\/set-mit-2-x-dubai-schokoladen-donut\/","url":"https:\/\/deseopatisserie.com\/de\/produkt\/set-mit-2-x-dubai-schokoladen-donut\/","name":"Set mit 2 x Dubai Schokoladen-Donut - Cukiernia DESEO Warszawa","isPartOf":{"@id":"https:\/\/deseopatisserie.com\/de\/#website"},"primaryImageOfPage":{"@id":"https:\/\/deseopatisserie.com\/de\/produkt\/set-mit-2-x-dubai-schokoladen-donut\/#primaryimage"},"image":{"@id":"https:\/\/deseopatisserie.com\/de\/produkt\/set-mit-2-x-dubai-schokoladen-donut\/#primaryimage"},"thumbnailUrl":"https:\/\/deseopatisserie.com\/\/wp-content\/uploads\/2025\/02\/004A3714.jpg","datePublished":"2025-02-04T13:32:05+00:00","breadcrumb":{"@id":"https:\/\/deseopatisserie.com\/de\/produkt\/set-mit-2-x-dubai-schokoladen-donut\/#breadcrumb"},"inLanguage":"de","potentialAction":[{"@type":"ReadAction","target":["https:\/\/deseopatisserie.com\/de\/produkt\/set-mit-2-x-dubai-schokoladen-donut\/"]}]},{"@type":"ImageObject","inLanguage":"de","@id":"https:\/\/deseopatisserie.com\/de\/produkt\/set-mit-2-x-dubai-schokoladen-donut\/#primaryimage","url":"https:\/\/deseopatisserie.com\/\/wp-content\/uploads\/2025\/02\/004A3714.jpg","contentUrl":"https:\/\/deseopatisserie.com\/\/wp-content\/uploads\/2025\/02\/004A3714.jpg","width":2500,"height":1667,"caption":"DESEO P\u0105czek Dubai Chocolate"},{"@type":"BreadcrumbList","@id":"https:\/\/deseopatisserie.com\/de\/produkt\/set-mit-2-x-dubai-schokoladen-donut\/#breadcrumb","itemListElement":[{"@type":"ListItem","position":1,"name":"Strona g\u0142\u00f3wna","item":"https:\/\/deseopatisserie.com\/de\/homepage\/"},{"@type":"ListItem","position":2,"name":"Set mit 2 x Dubai Schokoladen-Donut"}]},{"@type":"WebSite","@id":"https:\/\/deseopatisserie.com\/de\/#website","url":"https:\/\/deseopatisserie.com\/de\/","name":"DESEO","description":"Patisserie &amp; Chocolaterie","potentialAction":[{"@type":"SearchAction","target":{"@type":"EntryPoint","urlTemplate":"https:\/\/deseopatisserie.com\/de\/?s={search_term_string}"},"query-input":{"@type":"PropertyValueSpecification","valueRequired":true,"valueName":"search_term_string"}}],"inLanguage":"de"}]}},"_links":{"self":[{"href":"https:\/\/deseopatisserie.com\/de\/wp-json\/wp\/v2\/product\/107626","targetHints":{"allow":["GET"]}}],"collection":[{"href":"https:\/\/deseopatisserie.com\/de\/wp-json\/wp\/v2\/product"}],"about":[{"href":"https:\/\/deseopatisserie.com\/de\/wp-json\/wp\/v2\/types\/product"}],"wp:featuredmedia":[{"embeddable":true,"href":"https:\/\/deseopatisserie.com\/de\/wp-json\/wp\/v2\/media\/103162"}],"wp:attachment":[{"href":"https:\/\/deseopatisserie.com\/de\/wp-json\/wp\/v2\/media?parent=107626"}],"wp:term":[{"taxonomy":"product_brand","embeddable":true,"href":"https:\/\/deseopatisserie.com\/de\/wp-json\/wp\/v2\/product_brand?post=107626"},{"taxonomy":"product_cat","embeddable":true,"href":"https:\/\/deseopatisserie.com\/de\/wp-json\/wp\/v2\/product_cat?post=107626"},{"taxonomy":"product_tag","embeddable":true,"href":"https:\/\/deseopatisserie.com\/de\/wp-json\/wp\/v2\/product_tag?post=107626"}],"curies":[{"name":"wp","href":"https:\/\/api.w.org\/{rel}","templated":true}]}}