{"id":107624,"date":"2025-02-04T14:15:24","date_gmt":"2025-02-04T13:15:24","guid":{"rendered":"https:\/\/deseopatisserie.com\/produkt\/dubai-schokoladen-donut\/"},"modified":"2025-02-04T14:15:24","modified_gmt":"2025-02-04T13:15:24","slug":"dubai-schokoladen-donut","status":"publish","type":"product","link":"https:\/\/deseopatisserie.com\/de\/produkt\/dubai-schokoladen-donut\/","title":{"rendered":"Dubai Schokoladen-Donut"},"content":{"rendered":"","protected":false},"excerpt":{"rendered":"<p class=\"x_MsoNormal\" data-olk-copy-source=\"MessageBody\">Pistaziencreme \/ ger\u00f6steter Kataifi-Kuchen \/ Toan-to-Bar-Schokoladen\u00fcberzug Togo 42% \/ ger\u00f6stete Pistazien<\/p>\n<p>&nbsp;<\/p>\n<p class=\"x_MsoNormal\">Eine luxuri\u00f6se Geschmacksrichtung, inspiriert von der trendigsten Geschmacksrichtung der Saison \u2013 jetzt in einer Donut-Version! Im Inneren befindet sich eine samtige Pistaziencreme, deren intensiver Charakter perfekt mit ultra-knusprigem, ger\u00f6stetem Kataifi-Teig kombiniert wird. <\/p>\n<p class=\"x_MsoNormal\">\u00dcberziehen Sie das Ganze mit einem Topping auf Basis von Togo Bean-to-Bar Schokolade 42%. Erg\u00e4nzt wird es durch aromatische, ger\u00f6stete Pistazien \u2013 f\u00fcr die perfekte Balance von Geschmack und Textur. Volle Ausschweifung, p\u00fcnktlich zum Fetten Donnerstag!  <\/p>\n","protected":false},"featured_media":103142,"template":"","meta":{"_acf_changed":false},"product_brand":[],"product_cat":[2696],"product_tag":[],"class_list":{"0":"post-107624","1":"product","2":"type-product","3":"status-publish","4":"has-post-thumbnail","6":"product_cat-donuts","8":"first","9":"outofstock","10":"taxable","11":"shipping-taxable","12":"purchasable","13":"product-type-simple"},"acf":[],"yoast_head":"<!-- This site is optimized with the Yoast SEO plugin v27.4 - https:\/\/yoast.com\/product\/yoast-seo-wordpress\/ -->\n<title>Dubai Schokoladen-Donut - Cukiernia DESEO Warszawa<\/title>\n<meta name=\"description\" content=\"Eine luxuri\u00f6se Geschmacksrichtung, inspiriert von der trendigsten Geschmacksrichtung der Saison \u2013 jetzt in einer Donut-Version! Eine luxuri\u00f6se Geschmacksrichtung, inspiriert von der trendigsten Geschmacksrichtung der Saison \u2013 jetzt in einer Donut-Version! Volle Ausschweifung, p\u00fcnktlich zum Fetten Donnerstag!\" \/>\n<meta name=\"robots\" content=\"index, follow, max-snippet:-1, max-image-preview:large, max-video-preview:-1\" \/>\n<link rel=\"canonical\" href=\"https:\/\/deseopatisserie.com\/de\/produkt\/dubai-schokoladen-donut\/\" \/>\n<meta property=\"og:locale\" content=\"de_DE\" \/>\n<meta property=\"og:type\" content=\"article\" \/>\n<meta property=\"og:title\" content=\"Donut Dubai Schokolade - S\u00fc\u00dfwaren DESEO Warszawa\" \/>\n<meta property=\"og:description\" content=\"Eine luxuri\u00f6se Geschmacksrichtung, inspiriert von der trendigsten Geschmacksrichtung der Saison \u2013 jetzt in einer Donut-Version! Eine luxuri\u00f6se Geschmacksrichtung, inspiriert von der trendigsten Geschmacksrichtung der Saison \u2013 jetzt in einer Donut-Version! Volle Ausschweifung, p\u00fcnktlich zum Fetten Donnerstag!\" \/>\n<meta property=\"og:url\" content=\"https:\/\/deseopatisserie.com\/de\/produkt\/dubai-schokoladen-donut\/\" \/>\n<meta property=\"og:site_name\" content=\"DESEO\" \/>\n<meta property=\"og:image\" content=\"https:\/\/deseopatisserie.com\/wp-content\/uploads\/2025\/02\/a0331275ba5781c648d10f6cf500bb13-1024x682.jpg\" \/>\n<meta name=\"twitter:card\" content=\"summary_large_image\" \/>\n<script type=\"application\/ld+json\" class=\"yoast-schema-graph\">{\"@context\":\"https:\\\/\\\/schema.org\",\"@graph\":[{\"@type\":\"WebPage\",\"@id\":\"https:\\\/\\\/deseopatisserie.com\\\/de\\\/produkt\\\/dubai-schokoladen-donut\\\/\",\"url\":\"https:\\\/\\\/deseopatisserie.com\\\/de\\\/produkt\\\/dubai-schokoladen-donut\\\/\",\"name\":\"Dubai Schokoladen-Donut - Cukiernia DESEO Warszawa\",\"isPartOf\":{\"@id\":\"https:\\\/\\\/deseopatisserie.com\\\/de\\\/#website\"},\"primaryImageOfPage\":{\"@id\":\"https:\\\/\\\/deseopatisserie.com\\\/de\\\/produkt\\\/dubai-schokoladen-donut\\\/#primaryimage\"},\"image\":{\"@id\":\"https:\\\/\\\/deseopatisserie.com\\\/de\\\/produkt\\\/dubai-schokoladen-donut\\\/#primaryimage\"},\"thumbnailUrl\":\"https:\\\/\\\/deseopatisserie.com\\\/\\\/wp-content\\\/uploads\\\/2025\\\/02\\\/a0331275ba5781c648d10f6cf500bb13.jpg\",\"datePublished\":\"2025-02-04T13:15:24+00:00\",\"description\":\"Eine luxuri\u00f6se Geschmacksrichtung, inspiriert von der trendigsten Geschmacksrichtung der Saison \u2013 jetzt in einer Donut-Version! Eine luxuri\u00f6se Geschmacksrichtung, inspiriert von der trendigsten Geschmacksrichtung der Saison \u2013 jetzt in einer Donut-Version! Volle Ausschweifung, p\u00fcnktlich zum Fetten Donnerstag!\",\"breadcrumb\":{\"@id\":\"https:\\\/\\\/deseopatisserie.com\\\/de\\\/produkt\\\/dubai-schokoladen-donut\\\/#breadcrumb\"},\"inLanguage\":\"de\",\"potentialAction\":[{\"@type\":\"ReadAction\",\"target\":[\"https:\\\/\\\/deseopatisserie.com\\\/de\\\/produkt\\\/dubai-schokoladen-donut\\\/\"]}]},{\"@type\":\"ImageObject\",\"inLanguage\":\"de\",\"@id\":\"https:\\\/\\\/deseopatisserie.com\\\/de\\\/produkt\\\/dubai-schokoladen-donut\\\/#primaryimage\",\"url\":\"https:\\\/\\\/deseopatisserie.com\\\/\\\/wp-content\\\/uploads\\\/2025\\\/02\\\/a0331275ba5781c648d10f6cf500bb13.jpg\",\"contentUrl\":\"https:\\\/\\\/deseopatisserie.com\\\/\\\/wp-content\\\/uploads\\\/2025\\\/02\\\/a0331275ba5781c648d10f6cf500bb13.jpg\",\"width\":2000,\"height\":1333,\"caption\":\"P\u0105czek Dubai Chocolate\"},{\"@type\":\"BreadcrumbList\",\"@id\":\"https:\\\/\\\/deseopatisserie.com\\\/de\\\/produkt\\\/dubai-schokoladen-donut\\\/#breadcrumb\",\"itemListElement\":[{\"@type\":\"ListItem\",\"position\":1,\"name\":\"Strona g\u0142\u00f3wna\",\"item\":\"https:\\\/\\\/deseopatisserie.com\\\/de\\\/homepage\\\/\"},{\"@type\":\"ListItem\",\"position\":2,\"name\":\"Dubai Schokoladen-Donut\"}]},{\"@type\":\"WebSite\",\"@id\":\"https:\\\/\\\/deseopatisserie.com\\\/de\\\/#website\",\"url\":\"https:\\\/\\\/deseopatisserie.com\\\/de\\\/\",\"name\":\"DESEO\",\"description\":\"Patisserie &amp; Chocolaterie\",\"potentialAction\":[{\"@type\":\"SearchAction\",\"target\":{\"@type\":\"EntryPoint\",\"urlTemplate\":\"https:\\\/\\\/deseopatisserie.com\\\/de\\\/?s={search_term_string}\"},\"query-input\":{\"@type\":\"PropertyValueSpecification\",\"valueRequired\":true,\"valueName\":\"search_term_string\"}}],\"inLanguage\":\"de\"}]}<\/script>\n<!-- \/ Yoast SEO plugin. -->","yoast_head_json":{"title":"Dubai Schokoladen-Donut - Cukiernia DESEO Warszawa","description":"Eine luxuri\u00f6se Geschmacksrichtung, inspiriert von der trendigsten Geschmacksrichtung der Saison \u2013 jetzt in einer Donut-Version! Eine luxuri\u00f6se Geschmacksrichtung, inspiriert von der trendigsten Geschmacksrichtung der Saison \u2013 jetzt in einer Donut-Version! Volle Ausschweifung, p\u00fcnktlich zum Fetten Donnerstag!","robots":{"index":"index","follow":"follow","max-snippet":"max-snippet:-1","max-image-preview":"max-image-preview:large","max-video-preview":"max-video-preview:-1"},"canonical":"https:\/\/deseopatisserie.com\/de\/produkt\/dubai-schokoladen-donut\/","og_locale":"de_DE","og_type":"article","og_title":"Donut Dubai Schokolade - S\u00fc\u00dfwaren DESEO Warszawa","og_description":"Eine luxuri\u00f6se Geschmacksrichtung, inspiriert von der trendigsten Geschmacksrichtung der Saison \u2013 jetzt in einer Donut-Version! Eine luxuri\u00f6se Geschmacksrichtung, inspiriert von der trendigsten Geschmacksrichtung der Saison \u2013 jetzt in einer Donut-Version! Volle Ausschweifung, p\u00fcnktlich zum Fetten Donnerstag!","og_url":"https:\/\/deseopatisserie.com\/de\/produkt\/dubai-schokoladen-donut\/","og_site_name":"DESEO","og_image":[{"url":"https:\/\/deseopatisserie.com\/wp-content\/uploads\/2025\/02\/a0331275ba5781c648d10f6cf500bb13-1024x682.jpg","type":"","width":"","height":""}],"twitter_card":"summary_large_image","schema":{"@context":"https:\/\/schema.org","@graph":[{"@type":"WebPage","@id":"https:\/\/deseopatisserie.com\/de\/produkt\/dubai-schokoladen-donut\/","url":"https:\/\/deseopatisserie.com\/de\/produkt\/dubai-schokoladen-donut\/","name":"Dubai Schokoladen-Donut - Cukiernia DESEO Warszawa","isPartOf":{"@id":"https:\/\/deseopatisserie.com\/de\/#website"},"primaryImageOfPage":{"@id":"https:\/\/deseopatisserie.com\/de\/produkt\/dubai-schokoladen-donut\/#primaryimage"},"image":{"@id":"https:\/\/deseopatisserie.com\/de\/produkt\/dubai-schokoladen-donut\/#primaryimage"},"thumbnailUrl":"https:\/\/deseopatisserie.com\/\/wp-content\/uploads\/2025\/02\/a0331275ba5781c648d10f6cf500bb13.jpg","datePublished":"2025-02-04T13:15:24+00:00","description":"Eine luxuri\u00f6se Geschmacksrichtung, inspiriert von der trendigsten Geschmacksrichtung der Saison \u2013 jetzt in einer Donut-Version! Eine luxuri\u00f6se Geschmacksrichtung, inspiriert von der trendigsten Geschmacksrichtung der Saison \u2013 jetzt in einer Donut-Version! Volle Ausschweifung, p\u00fcnktlich zum Fetten Donnerstag!","breadcrumb":{"@id":"https:\/\/deseopatisserie.com\/de\/produkt\/dubai-schokoladen-donut\/#breadcrumb"},"inLanguage":"de","potentialAction":[{"@type":"ReadAction","target":["https:\/\/deseopatisserie.com\/de\/produkt\/dubai-schokoladen-donut\/"]}]},{"@type":"ImageObject","inLanguage":"de","@id":"https:\/\/deseopatisserie.com\/de\/produkt\/dubai-schokoladen-donut\/#primaryimage","url":"https:\/\/deseopatisserie.com\/\/wp-content\/uploads\/2025\/02\/a0331275ba5781c648d10f6cf500bb13.jpg","contentUrl":"https:\/\/deseopatisserie.com\/\/wp-content\/uploads\/2025\/02\/a0331275ba5781c648d10f6cf500bb13.jpg","width":2000,"height":1333,"caption":"P\u0105czek Dubai Chocolate"},{"@type":"BreadcrumbList","@id":"https:\/\/deseopatisserie.com\/de\/produkt\/dubai-schokoladen-donut\/#breadcrumb","itemListElement":[{"@type":"ListItem","position":1,"name":"Strona g\u0142\u00f3wna","item":"https:\/\/deseopatisserie.com\/de\/homepage\/"},{"@type":"ListItem","position":2,"name":"Dubai Schokoladen-Donut"}]},{"@type":"WebSite","@id":"https:\/\/deseopatisserie.com\/de\/#website","url":"https:\/\/deseopatisserie.com\/de\/","name":"DESEO","description":"Patisserie &amp; Chocolaterie","potentialAction":[{"@type":"SearchAction","target":{"@type":"EntryPoint","urlTemplate":"https:\/\/deseopatisserie.com\/de\/?s={search_term_string}"},"query-input":{"@type":"PropertyValueSpecification","valueRequired":true,"valueName":"search_term_string"}}],"inLanguage":"de"}]}},"_links":{"self":[{"href":"https:\/\/deseopatisserie.com\/de\/wp-json\/wp\/v2\/product\/107624","targetHints":{"allow":["GET"]}}],"collection":[{"href":"https:\/\/deseopatisserie.com\/de\/wp-json\/wp\/v2\/product"}],"about":[{"href":"https:\/\/deseopatisserie.com\/de\/wp-json\/wp\/v2\/types\/product"}],"wp:featuredmedia":[{"embeddable":true,"href":"https:\/\/deseopatisserie.com\/de\/wp-json\/wp\/v2\/media\/103142"}],"wp:attachment":[{"href":"https:\/\/deseopatisserie.com\/de\/wp-json\/wp\/v2\/media?parent=107624"}],"wp:term":[{"taxonomy":"product_brand","embeddable":true,"href":"https:\/\/deseopatisserie.com\/de\/wp-json\/wp\/v2\/product_brand?post=107624"},{"taxonomy":"product_cat","embeddable":true,"href":"https:\/\/deseopatisserie.com\/de\/wp-json\/wp\/v2\/product_cat?post=107624"},{"taxonomy":"product_tag","embeddable":true,"href":"https:\/\/deseopatisserie.com\/de\/wp-json\/wp\/v2\/product_tag?post=107624"}],"curies":[{"name":"wp","href":"https:\/\/api.w.org\/{rel}","templated":true}]}}