{"id":107608,"date":"2025-01-21T15:25:03","date_gmt":"2025-01-21T14:25:03","guid":{"rendered":"https:\/\/deseopatisserie.com\/produkt\/4er-set-kokosnuss-passionsfrucht-donut\/"},"modified":"2025-01-21T15:25:03","modified_gmt":"2025-01-21T14:25:03","slug":"4er-set-kokosnuss-passionsfrucht-donut","status":"publish","type":"product","link":"https:\/\/deseopatisserie.com\/de\/produkt\/4er-set-kokosnuss-passionsfrucht-donut\/","title":{"rendered":"4er Set Kokosnuss &amp; Passionsfrucht Donut"},"content":{"rendered":"","protected":false},"excerpt":{"rendered":"<p><strong>Das Set enth\u00e4lt vier Donuts mit Kokos- und Maracujaf\u00fcllung.<\/strong><\/p>\n<p>Das Kokos &amp; Maracuja Donut-Set ist ein wahr gewordener Traum von einem exotischen Strand mitten im polnischen Winter! Teleportiert sich direkt an die Str\u00e4nde von Thailand, Kambodscha oder vielleicht Mexiko? Die Donuts haben wir mit Kokoscreme verpackt, die ihr in unserem Supreme Coconut &amp; Almond bereits kennen und lieben lernen konntet. Es ist g\u00f6ttlich, nicht wahr? \ud83d\ude42 Diesmal haben wir uns jedoch von der Kombination aus Kokos und Mandel entfernt und sind in eine ganz andere Richtung gegangen. Die S\u00fc\u00dfe der Kokoscreme brachen wir mit einer fl\u00fcssigen, angenehm s\u00e4uerlichen Passionsfrucht.     <\/p>\n<p>Ausschweifungen f\u00fcr Liebhaber von Kokosnuss und exotischen Aromen.<\/p>\n","protected":false},"featured_media":102115,"template":"","meta":{"_acf_changed":false},"product_brand":[],"product_cat":[2696],"product_tag":[],"class_list":{"0":"post-107608","1":"product","2":"type-product","3":"status-publish","4":"has-post-thumbnail","6":"product_cat-donuts","8":"first","9":"outofstock","10":"taxable","11":"shipping-taxable","12":"purchasable","13":"product-type-yith_bundle"},"acf":[],"yoast_head":"<!-- This site is optimized with the Yoast SEO plugin v27.4 - https:\/\/yoast.com\/product\/yoast-seo-wordpress\/ -->\n<title>4er Set Kokosnuss &amp; Passionsfrucht Donut - Cukiernia DESEO Warszawa<\/title>\n<meta name=\"description\" content=\"Das Kokos &amp; Maracuja Donut-Set ist ein wahr gewordener Traum von einem exotischen Strand mitten im polnischen Winter! Teleportiert sich direkt an die Str\u00e4nde von Thailand, Kambodscha oder vielleicht Mexiko? Die Donuts haben wir mit Kokoscreme verpackt, die ihr in unserem Supreme Coconut &amp; Almond bereits kennen und lieben lernen konntet. Es ist g\u00f6ttlich, nicht wahr? \ud83d\ude42 Diesmal haben wir uns jedoch von der Kombination aus Kokos und Mandel entfernt und sind in eine ganz andere Richtung gegangen. Die S\u00fc\u00dfe der Kokoscreme brachen wir mit einer fl\u00fcssigen, angenehm s\u00e4uerlichen Passionsfrucht.\" \/>\n<meta name=\"robots\" content=\"index, follow, max-snippet:-1, max-image-preview:large, max-video-preview:-1\" \/>\n<link rel=\"canonical\" href=\"https:\/\/deseopatisserie.com\/de\/produkt\/4er-set-kokosnuss-passionsfrucht-donut\/\" \/>\n<meta property=\"og:locale\" content=\"de_DE\" \/>\n<meta property=\"og:type\" content=\"article\" \/>\n<meta property=\"og:title\" content=\"4er Set Kokosnuss &amp; Passionsfrucht Donut\" \/>\n<meta property=\"og:description\" content=\"Das Kokos &amp; Maracuja Donut-Set ist ein wahr gewordener Traum von einem exotischen Strand mitten im polnischen Winter! Teleportiert sich direkt an die Str\u00e4nde von Thailand, Kambodscha oder vielleicht Mexiko? Die Donuts haben wir mit Kokoscreme verpackt, die ihr in unserem Supreme Coconut &amp; Almond bereits kennen und lieben lernen konntet. Es ist g\u00f6ttlich, nicht wahr? \ud83d\ude42 Diesmal haben wir uns jedoch von der Kombination aus Kokos und Mandel entfernt und sind in eine ganz andere Richtung gegangen. Die S\u00fc\u00dfe der Kokoscreme brachen wir mit einer fl\u00fcssigen, angenehm s\u00e4uerlichen Passionsfrucht.\" \/>\n<meta property=\"og:url\" content=\"https:\/\/deseopatisserie.com\/de\/produkt\/4er-set-kokosnuss-passionsfrucht-donut\/\" \/>\n<meta property=\"og:site_name\" content=\"DESEO\" \/>\n<meta property=\"og:image\" content=\"https:\/\/deseopatisserie.com\/wp-content\/uploads\/2024\/01\/Deseo-Paczki-7859-kopia-1-1024x683.jpg\" \/>\n<meta name=\"twitter:card\" content=\"summary_large_image\" \/>\n<script type=\"application\/ld+json\" class=\"yoast-schema-graph\">{\"@context\":\"https:\\\/\\\/schema.org\",\"@graph\":[{\"@type\":\"WebPage\",\"@id\":\"https:\\\/\\\/deseopatisserie.com\\\/de\\\/produkt\\\/4er-set-kokosnuss-passionsfrucht-donut\\\/\",\"url\":\"https:\\\/\\\/deseopatisserie.com\\\/de\\\/produkt\\\/4er-set-kokosnuss-passionsfrucht-donut\\\/\",\"name\":\"4er Set Kokosnuss &amp; Passionsfrucht Donut - Cukiernia DESEO Warszawa\",\"isPartOf\":{\"@id\":\"https:\\\/\\\/deseopatisserie.com\\\/de\\\/#website\"},\"primaryImageOfPage\":{\"@id\":\"https:\\\/\\\/deseopatisserie.com\\\/de\\\/produkt\\\/4er-set-kokosnuss-passionsfrucht-donut\\\/#primaryimage\"},\"image\":{\"@id\":\"https:\\\/\\\/deseopatisserie.com\\\/de\\\/produkt\\\/4er-set-kokosnuss-passionsfrucht-donut\\\/#primaryimage\"},\"thumbnailUrl\":\"https:\\\/\\\/deseopatisserie.com\\\/\\\/wp-content\\\/uploads\\\/2025\\\/01\\\/0b86ba5c0d6bd6a1d70e0840ccb92dd8-scaled.jpg\",\"datePublished\":\"2025-01-21T14:25:03+00:00\",\"description\":\"Das Kokos & Maracuja Donut-Set ist ein wahr gewordener Traum von einem exotischen Strand mitten im polnischen Winter! Teleportiert sich direkt an die Str\u00e4nde von Thailand, Kambodscha oder vielleicht Mexiko? Die Donuts haben wir mit Kokoscreme verpackt, die ihr in unserem Supreme Coconut & Almond bereits kennen und lieben lernen konntet. Es ist g\u00f6ttlich, nicht wahr? \ud83d\ude42 Diesmal haben wir uns jedoch von der Kombination aus Kokos und Mandel entfernt und sind in eine ganz andere Richtung gegangen. Die S\u00fc\u00dfe der Kokoscreme brachen wir mit einer fl\u00fcssigen, angenehm s\u00e4uerlichen Passionsfrucht.\",\"breadcrumb\":{\"@id\":\"https:\\\/\\\/deseopatisserie.com\\\/de\\\/produkt\\\/4er-set-kokosnuss-passionsfrucht-donut\\\/#breadcrumb\"},\"inLanguage\":\"de\",\"potentialAction\":[{\"@type\":\"ReadAction\",\"target\":[\"https:\\\/\\\/deseopatisserie.com\\\/de\\\/produkt\\\/4er-set-kokosnuss-passionsfrucht-donut\\\/\"]}]},{\"@type\":\"ImageObject\",\"inLanguage\":\"de\",\"@id\":\"https:\\\/\\\/deseopatisserie.com\\\/de\\\/produkt\\\/4er-set-kokosnuss-passionsfrucht-donut\\\/#primaryimage\",\"url\":\"https:\\\/\\\/deseopatisserie.com\\\/\\\/wp-content\\\/uploads\\\/2025\\\/01\\\/0b86ba5c0d6bd6a1d70e0840ccb92dd8-scaled.jpg\",\"contentUrl\":\"https:\\\/\\\/deseopatisserie.com\\\/\\\/wp-content\\\/uploads\\\/2025\\\/01\\\/0b86ba5c0d6bd6a1d70e0840ccb92dd8-scaled.jpg\",\"width\":2560,\"height\":1707},{\"@type\":\"BreadcrumbList\",\"@id\":\"https:\\\/\\\/deseopatisserie.com\\\/de\\\/produkt\\\/4er-set-kokosnuss-passionsfrucht-donut\\\/#breadcrumb\",\"itemListElement\":[{\"@type\":\"ListItem\",\"position\":1,\"name\":\"Strona g\u0142\u00f3wna\",\"item\":\"https:\\\/\\\/deseopatisserie.com\\\/de\\\/homepage\\\/\"},{\"@type\":\"ListItem\",\"position\":2,\"name\":\"4er Set Kokosnuss &amp; Passionsfrucht Donut\"}]},{\"@type\":\"WebSite\",\"@id\":\"https:\\\/\\\/deseopatisserie.com\\\/de\\\/#website\",\"url\":\"https:\\\/\\\/deseopatisserie.com\\\/de\\\/\",\"name\":\"DESEO\",\"description\":\"Patisserie &amp; Chocolaterie\",\"potentialAction\":[{\"@type\":\"SearchAction\",\"target\":{\"@type\":\"EntryPoint\",\"urlTemplate\":\"https:\\\/\\\/deseopatisserie.com\\\/de\\\/?s={search_term_string}\"},\"query-input\":{\"@type\":\"PropertyValueSpecification\",\"valueRequired\":true,\"valueName\":\"search_term_string\"}}],\"inLanguage\":\"de\"}]}<\/script>\n<!-- \/ Yoast SEO plugin. -->","yoast_head_json":{"title":"4er Set Kokosnuss &amp; Passionsfrucht Donut - Cukiernia DESEO Warszawa","description":"Das Kokos & Maracuja Donut-Set ist ein wahr gewordener Traum von einem exotischen Strand mitten im polnischen Winter! Teleportiert sich direkt an die Str\u00e4nde von Thailand, Kambodscha oder vielleicht Mexiko? Die Donuts haben wir mit Kokoscreme verpackt, die ihr in unserem Supreme Coconut & Almond bereits kennen und lieben lernen konntet. Es ist g\u00f6ttlich, nicht wahr? \ud83d\ude42 Diesmal haben wir uns jedoch von der Kombination aus Kokos und Mandel entfernt und sind in eine ganz andere Richtung gegangen. Die S\u00fc\u00dfe der Kokoscreme brachen wir mit einer fl\u00fcssigen, angenehm s\u00e4uerlichen Passionsfrucht.","robots":{"index":"index","follow":"follow","max-snippet":"max-snippet:-1","max-image-preview":"max-image-preview:large","max-video-preview":"max-video-preview:-1"},"canonical":"https:\/\/deseopatisserie.com\/de\/produkt\/4er-set-kokosnuss-passionsfrucht-donut\/","og_locale":"de_DE","og_type":"article","og_title":"4er Set Kokosnuss & Passionsfrucht Donut","og_description":"Das Kokos & Maracuja Donut-Set ist ein wahr gewordener Traum von einem exotischen Strand mitten im polnischen Winter! Teleportiert sich direkt an die Str\u00e4nde von Thailand, Kambodscha oder vielleicht Mexiko? Die Donuts haben wir mit Kokoscreme verpackt, die ihr in unserem Supreme Coconut & Almond bereits kennen und lieben lernen konntet. Es ist g\u00f6ttlich, nicht wahr? \ud83d\ude42 Diesmal haben wir uns jedoch von der Kombination aus Kokos und Mandel entfernt und sind in eine ganz andere Richtung gegangen. Die S\u00fc\u00dfe der Kokoscreme brachen wir mit einer fl\u00fcssigen, angenehm s\u00e4uerlichen Passionsfrucht.","og_url":"https:\/\/deseopatisserie.com\/de\/produkt\/4er-set-kokosnuss-passionsfrucht-donut\/","og_site_name":"DESEO","og_image":[{"url":"https:\/\/deseopatisserie.com\/wp-content\/uploads\/2024\/01\/Deseo-Paczki-7859-kopia-1-1024x683.jpg","type":"","width":"","height":""}],"twitter_card":"summary_large_image","schema":{"@context":"https:\/\/schema.org","@graph":[{"@type":"WebPage","@id":"https:\/\/deseopatisserie.com\/de\/produkt\/4er-set-kokosnuss-passionsfrucht-donut\/","url":"https:\/\/deseopatisserie.com\/de\/produkt\/4er-set-kokosnuss-passionsfrucht-donut\/","name":"4er Set Kokosnuss &amp; Passionsfrucht Donut - Cukiernia DESEO Warszawa","isPartOf":{"@id":"https:\/\/deseopatisserie.com\/de\/#website"},"primaryImageOfPage":{"@id":"https:\/\/deseopatisserie.com\/de\/produkt\/4er-set-kokosnuss-passionsfrucht-donut\/#primaryimage"},"image":{"@id":"https:\/\/deseopatisserie.com\/de\/produkt\/4er-set-kokosnuss-passionsfrucht-donut\/#primaryimage"},"thumbnailUrl":"https:\/\/deseopatisserie.com\/\/wp-content\/uploads\/2025\/01\/0b86ba5c0d6bd6a1d70e0840ccb92dd8-scaled.jpg","datePublished":"2025-01-21T14:25:03+00:00","description":"Das Kokos & Maracuja Donut-Set ist ein wahr gewordener Traum von einem exotischen Strand mitten im polnischen Winter! Teleportiert sich direkt an die Str\u00e4nde von Thailand, Kambodscha oder vielleicht Mexiko? Die Donuts haben wir mit Kokoscreme verpackt, die ihr in unserem Supreme Coconut & Almond bereits kennen und lieben lernen konntet. Es ist g\u00f6ttlich, nicht wahr? \ud83d\ude42 Diesmal haben wir uns jedoch von der Kombination aus Kokos und Mandel entfernt und sind in eine ganz andere Richtung gegangen. Die S\u00fc\u00dfe der Kokoscreme brachen wir mit einer fl\u00fcssigen, angenehm s\u00e4uerlichen Passionsfrucht.","breadcrumb":{"@id":"https:\/\/deseopatisserie.com\/de\/produkt\/4er-set-kokosnuss-passionsfrucht-donut\/#breadcrumb"},"inLanguage":"de","potentialAction":[{"@type":"ReadAction","target":["https:\/\/deseopatisserie.com\/de\/produkt\/4er-set-kokosnuss-passionsfrucht-donut\/"]}]},{"@type":"ImageObject","inLanguage":"de","@id":"https:\/\/deseopatisserie.com\/de\/produkt\/4er-set-kokosnuss-passionsfrucht-donut\/#primaryimage","url":"https:\/\/deseopatisserie.com\/\/wp-content\/uploads\/2025\/01\/0b86ba5c0d6bd6a1d70e0840ccb92dd8-scaled.jpg","contentUrl":"https:\/\/deseopatisserie.com\/\/wp-content\/uploads\/2025\/01\/0b86ba5c0d6bd6a1d70e0840ccb92dd8-scaled.jpg","width":2560,"height":1707},{"@type":"BreadcrumbList","@id":"https:\/\/deseopatisserie.com\/de\/produkt\/4er-set-kokosnuss-passionsfrucht-donut\/#breadcrumb","itemListElement":[{"@type":"ListItem","position":1,"name":"Strona g\u0142\u00f3wna","item":"https:\/\/deseopatisserie.com\/de\/homepage\/"},{"@type":"ListItem","position":2,"name":"4er Set Kokosnuss &amp; Passionsfrucht Donut"}]},{"@type":"WebSite","@id":"https:\/\/deseopatisserie.com\/de\/#website","url":"https:\/\/deseopatisserie.com\/de\/","name":"DESEO","description":"Patisserie &amp; Chocolaterie","potentialAction":[{"@type":"SearchAction","target":{"@type":"EntryPoint","urlTemplate":"https:\/\/deseopatisserie.com\/de\/?s={search_term_string}"},"query-input":{"@type":"PropertyValueSpecification","valueRequired":true,"valueName":"search_term_string"}}],"inLanguage":"de"}]}},"_links":{"self":[{"href":"https:\/\/deseopatisserie.com\/de\/wp-json\/wp\/v2\/product\/107608","targetHints":{"allow":["GET"]}}],"collection":[{"href":"https:\/\/deseopatisserie.com\/de\/wp-json\/wp\/v2\/product"}],"about":[{"href":"https:\/\/deseopatisserie.com\/de\/wp-json\/wp\/v2\/types\/product"}],"wp:featuredmedia":[{"embeddable":true,"href":"https:\/\/deseopatisserie.com\/de\/wp-json\/wp\/v2\/media\/102115"}],"wp:attachment":[{"href":"https:\/\/deseopatisserie.com\/de\/wp-json\/wp\/v2\/media?parent=107608"}],"wp:term":[{"taxonomy":"product_brand","embeddable":true,"href":"https:\/\/deseopatisserie.com\/de\/wp-json\/wp\/v2\/product_brand?post=107608"},{"taxonomy":"product_cat","embeddable":true,"href":"https:\/\/deseopatisserie.com\/de\/wp-json\/wp\/v2\/product_cat?post=107608"},{"taxonomy":"product_tag","embeddable":true,"href":"https:\/\/deseopatisserie.com\/de\/wp-json\/wp\/v2\/product_tag?post=107608"}],"curies":[{"name":"wp","href":"https:\/\/api.w.org\/{rel}","templated":true}]}}