{"id":107604,"date":"2025-01-21T15:14:26","date_gmt":"2025-01-21T14:14:26","guid":{"rendered":"https:\/\/deseopatisserie.com\/produkt\/set-mit-4-x-karamell-tonka-donut\/"},"modified":"2025-01-21T15:14:26","modified_gmt":"2025-01-21T14:14:26","slug":"set-mit-4-x-karamell-tonka-donut","status":"publish","type":"product","link":"https:\/\/deseopatisserie.com\/de\/produkt\/set-mit-4-x-karamell-tonka-donut\/","title":{"rendered":"Set mit 4 x Karamell &amp; Tonka Donut"},"content":{"rendered":"","protected":false},"excerpt":{"rendered":"<p><strong>Das Set enth\u00e4lt vier Donuts mit Karamell-Tonka-F\u00fcllung.<\/strong><\/p>\n<p>Das Karamel &amp; Tonka Donut-Set ist die perfekte Wahl f\u00fcr alle Karamell-Liebhaber. Wir haben sie mit samtiger Namelaka-Creme mit einem angenehmen Karamellgeschmack gef\u00fcllt. Die Creme &#8222;namelaka&#8220; stammt aus unserem geliebten Japan, und das Wort &#8222;namelaka&#8220; selbst bedeutet ultra-cremig \/ extrem cremig. So sieht unsere Karamellcreme aus!   <\/p>\n<p>Wir haben einen kr\u00e4ftigen Schuss Karamell hinzugef\u00fcgt, diesmal mit Tonka. Es ist die Tonka, die f\u00fcr das charakteristische, ja faszinierende Aroma verantwortlich ist. Sp\u00fcren Sie einen zarten Nachgeschmack von Vanille? Oder doch lieber Mandeln? Das ist der Verdienst von Tonka.    <\/p>\n<p>Unsere Caramel &amp; Tonka Donuts sind mit Karamellcreme dekoriert und mit knusprigen French Crispies bestreut, die du von unseren Monoportionen und Pralinen kennst. Ganz? M\u00e4rchen!  <\/p>\n","protected":false},"featured_media":102105,"template":"","meta":{"_acf_changed":false},"product_brand":[],"product_cat":[2696],"product_tag":[],"class_list":{"0":"post-107604","1":"product","2":"type-product","3":"status-publish","4":"has-post-thumbnail","6":"product_cat-donuts","8":"first","9":"outofstock","10":"taxable","11":"shipping-taxable","12":"purchasable","13":"product-type-yith_bundle"},"acf":[],"yoast_head":"<!-- This site is optimized with the Yoast SEO plugin v27.5 - https:\/\/yoast.com\/product\/yoast-seo-wordpress\/ -->\n<title>Set mit 4 x Karamell &amp; Tonka Donut - Cukiernia DESEO Warszawa<\/title>\n<meta name=\"description\" content=\"Das Karamel &amp; Tonka Donut-Set ist die perfekte Wahl f\u00fcr alle Karamell-Liebhaber. Wir haben sie mit samtiger Namelaka-Creme mit einem angenehmen Karamellgeschmack gef\u00fcllt. Wir haben einen kr\u00e4ftigen Schuss Karamell hinzugef\u00fcgt, diesmal mit Tonka.\" \/>\n<meta name=\"robots\" content=\"index, follow, max-snippet:-1, max-image-preview:large, max-video-preview:-1\" \/>\n<link rel=\"canonical\" href=\"https:\/\/deseopatisserie.com\/de\/produkt\/set-mit-4-x-karamell-tonka-donut\/\" \/>\n<meta property=\"og:locale\" content=\"de_DE\" \/>\n<meta property=\"og:type\" content=\"article\" \/>\n<meta property=\"og:title\" content=\"Set mit 4 x Karamell &amp; Tonka Donut\" \/>\n<meta property=\"og:description\" content=\"Das Karamel &amp; Tonka Donut-Set ist die perfekte Wahl f\u00fcr alle Karamell-Liebhaber. Wir haben sie mit samtiger Namelaka-Creme mit einem angenehmen Karamellgeschmack gef\u00fcllt. Wir haben einen kr\u00e4ftigen Schuss Karamell hinzugef\u00fcgt, diesmal mit Tonka.\" \/>\n<meta property=\"og:url\" content=\"https:\/\/deseopatisserie.com\/de\/produkt\/set-mit-4-x-karamell-tonka-donut\/\" \/>\n<meta property=\"og:site_name\" content=\"DESEO\" \/>\n<meta property=\"og:image\" content=\"https:\/\/deseopatisserie.com\/wp-content\/uploads\/2024\/01\/Deseo-Paczki-7772-kopia-1-1024x683.jpg\" \/>\n<meta name=\"twitter:card\" content=\"summary_large_image\" \/>\n<script type=\"application\/ld+json\" class=\"yoast-schema-graph\">{\"@context\":\"https:\\\/\\\/schema.org\",\"@graph\":[{\"@type\":\"WebPage\",\"@id\":\"https:\\\/\\\/deseopatisserie.com\\\/de\\\/produkt\\\/set-mit-4-x-karamell-tonka-donut\\\/\",\"url\":\"https:\\\/\\\/deseopatisserie.com\\\/de\\\/produkt\\\/set-mit-4-x-karamell-tonka-donut\\\/\",\"name\":\"Set mit 4 x Karamell &amp; Tonka Donut - Cukiernia DESEO Warszawa\",\"isPartOf\":{\"@id\":\"https:\\\/\\\/deseopatisserie.com\\\/de\\\/#website\"},\"primaryImageOfPage\":{\"@id\":\"https:\\\/\\\/deseopatisserie.com\\\/de\\\/produkt\\\/set-mit-4-x-karamell-tonka-donut\\\/#primaryimage\"},\"image\":{\"@id\":\"https:\\\/\\\/deseopatisserie.com\\\/de\\\/produkt\\\/set-mit-4-x-karamell-tonka-donut\\\/#primaryimage\"},\"thumbnailUrl\":\"https:\\\/\\\/deseopatisserie.com\\\/\\\/wp-content\\\/uploads\\\/2025\\\/01\\\/cef14ccee4fab4b15e58354dfe4c67bd-scaled.jpg\",\"datePublished\":\"2025-01-21T14:14:26+00:00\",\"description\":\"Das Karamel & Tonka Donut-Set ist die perfekte Wahl f\u00fcr alle Karamell-Liebhaber. Wir haben sie mit samtiger Namelaka-Creme mit einem angenehmen Karamellgeschmack gef\u00fcllt. Wir haben einen kr\u00e4ftigen Schuss Karamell hinzugef\u00fcgt, diesmal mit Tonka.\",\"breadcrumb\":{\"@id\":\"https:\\\/\\\/deseopatisserie.com\\\/de\\\/produkt\\\/set-mit-4-x-karamell-tonka-donut\\\/#breadcrumb\"},\"inLanguage\":\"de\",\"potentialAction\":[{\"@type\":\"ReadAction\",\"target\":[\"https:\\\/\\\/deseopatisserie.com\\\/de\\\/produkt\\\/set-mit-4-x-karamell-tonka-donut\\\/\"]}]},{\"@type\":\"ImageObject\",\"inLanguage\":\"de\",\"@id\":\"https:\\\/\\\/deseopatisserie.com\\\/de\\\/produkt\\\/set-mit-4-x-karamell-tonka-donut\\\/#primaryimage\",\"url\":\"https:\\\/\\\/deseopatisserie.com\\\/\\\/wp-content\\\/uploads\\\/2025\\\/01\\\/cef14ccee4fab4b15e58354dfe4c67bd-scaled.jpg\",\"contentUrl\":\"https:\\\/\\\/deseopatisserie.com\\\/\\\/wp-content\\\/uploads\\\/2025\\\/01\\\/cef14ccee4fab4b15e58354dfe4c67bd-scaled.jpg\",\"width\":2560,\"height\":1707},{\"@type\":\"BreadcrumbList\",\"@id\":\"https:\\\/\\\/deseopatisserie.com\\\/de\\\/produkt\\\/set-mit-4-x-karamell-tonka-donut\\\/#breadcrumb\",\"itemListElement\":[{\"@type\":\"ListItem\",\"position\":1,\"name\":\"Strona g\u0142\u00f3wna\",\"item\":\"https:\\\/\\\/deseopatisserie.com\\\/de\\\/homepage\\\/\"},{\"@type\":\"ListItem\",\"position\":2,\"name\":\"Set mit 4 x Karamell &amp; Tonka Donut\"}]},{\"@type\":\"WebSite\",\"@id\":\"https:\\\/\\\/deseopatisserie.com\\\/de\\\/#website\",\"url\":\"https:\\\/\\\/deseopatisserie.com\\\/de\\\/\",\"name\":\"DESEO\",\"description\":\"Patisserie &amp; Chocolaterie\",\"potentialAction\":[{\"@type\":\"SearchAction\",\"target\":{\"@type\":\"EntryPoint\",\"urlTemplate\":\"https:\\\/\\\/deseopatisserie.com\\\/de\\\/?s={search_term_string}\"},\"query-input\":{\"@type\":\"PropertyValueSpecification\",\"valueRequired\":true,\"valueName\":\"search_term_string\"}}],\"inLanguage\":\"de\"}]}<\/script>\n<!-- \/ Yoast SEO plugin. -->","yoast_head_json":{"title":"Set mit 4 x Karamell &amp; Tonka Donut - Cukiernia DESEO Warszawa","description":"Das Karamel & Tonka Donut-Set ist die perfekte Wahl f\u00fcr alle Karamell-Liebhaber. Wir haben sie mit samtiger Namelaka-Creme mit einem angenehmen Karamellgeschmack gef\u00fcllt. Wir haben einen kr\u00e4ftigen Schuss Karamell hinzugef\u00fcgt, diesmal mit Tonka.","robots":{"index":"index","follow":"follow","max-snippet":"max-snippet:-1","max-image-preview":"max-image-preview:large","max-video-preview":"max-video-preview:-1"},"canonical":"https:\/\/deseopatisserie.com\/de\/produkt\/set-mit-4-x-karamell-tonka-donut\/","og_locale":"de_DE","og_type":"article","og_title":"Set mit 4 x Karamell & Tonka Donut","og_description":"Das Karamel & Tonka Donut-Set ist die perfekte Wahl f\u00fcr alle Karamell-Liebhaber. Wir haben sie mit samtiger Namelaka-Creme mit einem angenehmen Karamellgeschmack gef\u00fcllt. Wir haben einen kr\u00e4ftigen Schuss Karamell hinzugef\u00fcgt, diesmal mit Tonka.","og_url":"https:\/\/deseopatisserie.com\/de\/produkt\/set-mit-4-x-karamell-tonka-donut\/","og_site_name":"DESEO","og_image":[{"url":"https:\/\/deseopatisserie.com\/wp-content\/uploads\/2024\/01\/Deseo-Paczki-7772-kopia-1-1024x683.jpg","type":"","width":"","height":""}],"twitter_card":"summary_large_image","schema":{"@context":"https:\/\/schema.org","@graph":[{"@type":"WebPage","@id":"https:\/\/deseopatisserie.com\/de\/produkt\/set-mit-4-x-karamell-tonka-donut\/","url":"https:\/\/deseopatisserie.com\/de\/produkt\/set-mit-4-x-karamell-tonka-donut\/","name":"Set mit 4 x Karamell &amp; Tonka Donut - Cukiernia DESEO Warszawa","isPartOf":{"@id":"https:\/\/deseopatisserie.com\/de\/#website"},"primaryImageOfPage":{"@id":"https:\/\/deseopatisserie.com\/de\/produkt\/set-mit-4-x-karamell-tonka-donut\/#primaryimage"},"image":{"@id":"https:\/\/deseopatisserie.com\/de\/produkt\/set-mit-4-x-karamell-tonka-donut\/#primaryimage"},"thumbnailUrl":"https:\/\/deseopatisserie.com\/\/wp-content\/uploads\/2025\/01\/cef14ccee4fab4b15e58354dfe4c67bd-scaled.jpg","datePublished":"2025-01-21T14:14:26+00:00","description":"Das Karamel & Tonka Donut-Set ist die perfekte Wahl f\u00fcr alle Karamell-Liebhaber. Wir haben sie mit samtiger Namelaka-Creme mit einem angenehmen Karamellgeschmack gef\u00fcllt. Wir haben einen kr\u00e4ftigen Schuss Karamell hinzugef\u00fcgt, diesmal mit Tonka.","breadcrumb":{"@id":"https:\/\/deseopatisserie.com\/de\/produkt\/set-mit-4-x-karamell-tonka-donut\/#breadcrumb"},"inLanguage":"de","potentialAction":[{"@type":"ReadAction","target":["https:\/\/deseopatisserie.com\/de\/produkt\/set-mit-4-x-karamell-tonka-donut\/"]}]},{"@type":"ImageObject","inLanguage":"de","@id":"https:\/\/deseopatisserie.com\/de\/produkt\/set-mit-4-x-karamell-tonka-donut\/#primaryimage","url":"https:\/\/deseopatisserie.com\/\/wp-content\/uploads\/2025\/01\/cef14ccee4fab4b15e58354dfe4c67bd-scaled.jpg","contentUrl":"https:\/\/deseopatisserie.com\/\/wp-content\/uploads\/2025\/01\/cef14ccee4fab4b15e58354dfe4c67bd-scaled.jpg","width":2560,"height":1707},{"@type":"BreadcrumbList","@id":"https:\/\/deseopatisserie.com\/de\/produkt\/set-mit-4-x-karamell-tonka-donut\/#breadcrumb","itemListElement":[{"@type":"ListItem","position":1,"name":"Strona g\u0142\u00f3wna","item":"https:\/\/deseopatisserie.com\/de\/homepage\/"},{"@type":"ListItem","position":2,"name":"Set mit 4 x Karamell &amp; Tonka Donut"}]},{"@type":"WebSite","@id":"https:\/\/deseopatisserie.com\/de\/#website","url":"https:\/\/deseopatisserie.com\/de\/","name":"DESEO","description":"Patisserie &amp; Chocolaterie","potentialAction":[{"@type":"SearchAction","target":{"@type":"EntryPoint","urlTemplate":"https:\/\/deseopatisserie.com\/de\/?s={search_term_string}"},"query-input":{"@type":"PropertyValueSpecification","valueRequired":true,"valueName":"search_term_string"}}],"inLanguage":"de"}]}},"_links":{"self":[{"href":"https:\/\/deseopatisserie.com\/de\/wp-json\/wp\/v2\/product\/107604","targetHints":{"allow":["GET"]}}],"collection":[{"href":"https:\/\/deseopatisserie.com\/de\/wp-json\/wp\/v2\/product"}],"about":[{"href":"https:\/\/deseopatisserie.com\/de\/wp-json\/wp\/v2\/types\/product"}],"wp:featuredmedia":[{"embeddable":true,"href":"https:\/\/deseopatisserie.com\/de\/wp-json\/wp\/v2\/media\/102105"}],"wp:attachment":[{"href":"https:\/\/deseopatisserie.com\/de\/wp-json\/wp\/v2\/media?parent=107604"}],"wp:term":[{"taxonomy":"product_brand","embeddable":true,"href":"https:\/\/deseopatisserie.com\/de\/wp-json\/wp\/v2\/product_brand?post=107604"},{"taxonomy":"product_cat","embeddable":true,"href":"https:\/\/deseopatisserie.com\/de\/wp-json\/wp\/v2\/product_cat?post=107604"},{"taxonomy":"product_tag","embeddable":true,"href":"https:\/\/deseopatisserie.com\/de\/wp-json\/wp\/v2\/product_tag?post=107604"}],"curies":[{"name":"wp","href":"https:\/\/api.w.org\/{rel}","templated":true}]}}