{"id":107600,"date":"2025-01-21T15:04:47","date_gmt":"2025-01-21T14:04:47","guid":{"rendered":"https:\/\/deseopatisserie.com\/produkt\/set-mit-4-x-madagaskar-bourbon-vanille-donut\/"},"modified":"2025-01-21T15:04:47","modified_gmt":"2025-01-21T14:04:47","slug":"set-mit-4-x-madagaskar-bourbon-vanille-donut","status":"publish","type":"product","link":"https:\/\/deseopatisserie.com\/de\/produkt\/set-mit-4-x-madagaskar-bourbon-vanille-donut\/","title":{"rendered":"Set mit 4 x Madagaskar Bourbon Vanille Donut"},"content":{"rendered":"","protected":false},"excerpt":{"rendered":"<p><strong>Das Set enth\u00e4lt vier Donuts mit Vanillef\u00fcllung.<\/strong><\/p>\n<p>Vanille. Die echte schmeckt so gut, dass es schwer ist, eine Person zu finden, die sie nicht liebt! Bourbon-Vanille aus Madagaskar ist die wertvollste Vanille der Welt! Sie ist wunderbar intensiv im Geschmack, weshalb sie hier die HAUPTFIGUR ist. Wir haben sie bewusst nicht mit Fr\u00fcchten, Nusspraline oder Schokolade gebrochen. Diese Knospe ist eine Hommage an die Vanille!     <\/p>\n<p>Wenn es um die Konsistenz der Creme geht, haben wir uns f\u00fcr die ultra-cremige japanische Namelaka-Creme entschieden. Totale Ausschweifung! <\/p>\n","protected":false},"featured_media":102096,"template":"","meta":{"_acf_changed":false},"product_brand":[],"product_cat":[2696],"product_tag":[],"class_list":{"0":"post-107600","1":"product","2":"type-product","3":"status-publish","4":"has-post-thumbnail","6":"product_cat-donuts","8":"first","9":"outofstock","10":"taxable","11":"shipping-taxable","12":"purchasable","13":"product-type-yith_bundle"},"acf":[],"yoast_head":"<!-- This site is optimized with the Yoast SEO plugin v27.5 - https:\/\/yoast.com\/product\/yoast-seo-wordpress\/ -->\n<title>Set mit 4 x Madagaskar Bourbon Vanille Donut - Cukiernia DESEO Warszawa<\/title>\n<meta name=\"description\" content=\"Diese Knospen sind eine Hommage an die Vanille! Wenn es um die Konsistenz der Creme geht, haben wir uns f\u00fcr die ultra-cremige japanische Namelaka-Creme entschieden. Totale Ausschweifung! Ausschweifend und s\u00fc\u00df!\" \/>\n<meta name=\"robots\" content=\"index, follow, max-snippet:-1, max-image-preview:large, max-video-preview:-1\" \/>\n<link rel=\"canonical\" href=\"https:\/\/deseopatisserie.com\/de\/produkt\/set-mit-4-x-madagaskar-bourbon-vanille-donut\/\" \/>\n<meta property=\"og:locale\" content=\"de_DE\" \/>\n<meta property=\"og:type\" content=\"article\" \/>\n<meta property=\"og:title\" content=\"Set mit 4 x Madagaskar Bourbon Vanille Donut\" \/>\n<meta property=\"og:description\" content=\"Diese Knospen sind eine Hommage an die Vanille! Wenn es um die Konsistenz der Creme geht, haben wir uns f\u00fcr die ultra-cremige japanische Namelaka-Creme entschieden. Totale Ausschweifung! Ausschweifend und s\u00fc\u00df!\" \/>\n<meta property=\"og:url\" content=\"https:\/\/deseopatisserie.com\/de\/produkt\/set-mit-4-x-madagaskar-bourbon-vanille-donut\/\" \/>\n<meta property=\"og:site_name\" content=\"DESEO\" \/>\n<meta property=\"og:image\" content=\"https:\/\/deseopatisserie.com\/wp-content\/uploads\/2024\/01\/Deseo-Paczki-7887-kopia-1024x683.jpg\" \/>\n<meta name=\"twitter:card\" content=\"summary_large_image\" \/>\n<script type=\"application\/ld+json\" class=\"yoast-schema-graph\">{\"@context\":\"https:\\\/\\\/schema.org\",\"@graph\":[{\"@type\":\"WebPage\",\"@id\":\"https:\\\/\\\/deseopatisserie.com\\\/de\\\/produkt\\\/set-mit-4-x-madagaskar-bourbon-vanille-donut\\\/\",\"url\":\"https:\\\/\\\/deseopatisserie.com\\\/de\\\/produkt\\\/set-mit-4-x-madagaskar-bourbon-vanille-donut\\\/\",\"name\":\"Set mit 4 x Madagaskar Bourbon Vanille Donut - Cukiernia DESEO Warszawa\",\"isPartOf\":{\"@id\":\"https:\\\/\\\/deseopatisserie.com\\\/de\\\/#website\"},\"primaryImageOfPage\":{\"@id\":\"https:\\\/\\\/deseopatisserie.com\\\/de\\\/produkt\\\/set-mit-4-x-madagaskar-bourbon-vanille-donut\\\/#primaryimage\"},\"image\":{\"@id\":\"https:\\\/\\\/deseopatisserie.com\\\/de\\\/produkt\\\/set-mit-4-x-madagaskar-bourbon-vanille-donut\\\/#primaryimage\"},\"thumbnailUrl\":\"https:\\\/\\\/deseopatisserie.com\\\/\\\/wp-content\\\/uploads\\\/2025\\\/01\\\/391e59f1a9329874d9ce8437530fb0e5-scaled.jpg\",\"datePublished\":\"2025-01-21T14:04:47+00:00\",\"description\":\"Diese Knospen sind eine Hommage an die Vanille! Wenn es um die Konsistenz der Creme geht, haben wir uns f\u00fcr die ultra-cremige japanische Namelaka-Creme entschieden. Totale Ausschweifung! Ausschweifend und s\u00fc\u00df!\",\"breadcrumb\":{\"@id\":\"https:\\\/\\\/deseopatisserie.com\\\/de\\\/produkt\\\/set-mit-4-x-madagaskar-bourbon-vanille-donut\\\/#breadcrumb\"},\"inLanguage\":\"de\",\"potentialAction\":[{\"@type\":\"ReadAction\",\"target\":[\"https:\\\/\\\/deseopatisserie.com\\\/de\\\/produkt\\\/set-mit-4-x-madagaskar-bourbon-vanille-donut\\\/\"]}]},{\"@type\":\"ImageObject\",\"inLanguage\":\"de\",\"@id\":\"https:\\\/\\\/deseopatisserie.com\\\/de\\\/produkt\\\/set-mit-4-x-madagaskar-bourbon-vanille-donut\\\/#primaryimage\",\"url\":\"https:\\\/\\\/deseopatisserie.com\\\/\\\/wp-content\\\/uploads\\\/2025\\\/01\\\/391e59f1a9329874d9ce8437530fb0e5-scaled.jpg\",\"contentUrl\":\"https:\\\/\\\/deseopatisserie.com\\\/\\\/wp-content\\\/uploads\\\/2025\\\/01\\\/391e59f1a9329874d9ce8437530fb0e5-scaled.jpg\",\"width\":2560,\"height\":1707},{\"@type\":\"BreadcrumbList\",\"@id\":\"https:\\\/\\\/deseopatisserie.com\\\/de\\\/produkt\\\/set-mit-4-x-madagaskar-bourbon-vanille-donut\\\/#breadcrumb\",\"itemListElement\":[{\"@type\":\"ListItem\",\"position\":1,\"name\":\"Strona g\u0142\u00f3wna\",\"item\":\"https:\\\/\\\/deseopatisserie.com\\\/de\\\/homepage\\\/\"},{\"@type\":\"ListItem\",\"position\":2,\"name\":\"Set mit 4 x Madagaskar Bourbon Vanille Donut\"}]},{\"@type\":\"WebSite\",\"@id\":\"https:\\\/\\\/deseopatisserie.com\\\/de\\\/#website\",\"url\":\"https:\\\/\\\/deseopatisserie.com\\\/de\\\/\",\"name\":\"DESEO\",\"description\":\"Patisserie &amp; Chocolaterie\",\"potentialAction\":[{\"@type\":\"SearchAction\",\"target\":{\"@type\":\"EntryPoint\",\"urlTemplate\":\"https:\\\/\\\/deseopatisserie.com\\\/de\\\/?s={search_term_string}\"},\"query-input\":{\"@type\":\"PropertyValueSpecification\",\"valueRequired\":true,\"valueName\":\"search_term_string\"}}],\"inLanguage\":\"de\"}]}<\/script>\n<!-- \/ Yoast SEO plugin. -->","yoast_head_json":{"title":"Set mit 4 x Madagaskar Bourbon Vanille Donut - Cukiernia DESEO Warszawa","description":"Diese Knospen sind eine Hommage an die Vanille! Wenn es um die Konsistenz der Creme geht, haben wir uns f\u00fcr die ultra-cremige japanische Namelaka-Creme entschieden. Totale Ausschweifung! Ausschweifend und s\u00fc\u00df!","robots":{"index":"index","follow":"follow","max-snippet":"max-snippet:-1","max-image-preview":"max-image-preview:large","max-video-preview":"max-video-preview:-1"},"canonical":"https:\/\/deseopatisserie.com\/de\/produkt\/set-mit-4-x-madagaskar-bourbon-vanille-donut\/","og_locale":"de_DE","og_type":"article","og_title":"Set mit 4 x Madagaskar Bourbon Vanille Donut","og_description":"Diese Knospen sind eine Hommage an die Vanille! Wenn es um die Konsistenz der Creme geht, haben wir uns f\u00fcr die ultra-cremige japanische Namelaka-Creme entschieden. Totale Ausschweifung! Ausschweifend und s\u00fc\u00df!","og_url":"https:\/\/deseopatisserie.com\/de\/produkt\/set-mit-4-x-madagaskar-bourbon-vanille-donut\/","og_site_name":"DESEO","og_image":[{"url":"https:\/\/deseopatisserie.com\/wp-content\/uploads\/2024\/01\/Deseo-Paczki-7887-kopia-1024x683.jpg","type":"","width":"","height":""}],"twitter_card":"summary_large_image","schema":{"@context":"https:\/\/schema.org","@graph":[{"@type":"WebPage","@id":"https:\/\/deseopatisserie.com\/de\/produkt\/set-mit-4-x-madagaskar-bourbon-vanille-donut\/","url":"https:\/\/deseopatisserie.com\/de\/produkt\/set-mit-4-x-madagaskar-bourbon-vanille-donut\/","name":"Set mit 4 x Madagaskar Bourbon Vanille Donut - Cukiernia DESEO Warszawa","isPartOf":{"@id":"https:\/\/deseopatisserie.com\/de\/#website"},"primaryImageOfPage":{"@id":"https:\/\/deseopatisserie.com\/de\/produkt\/set-mit-4-x-madagaskar-bourbon-vanille-donut\/#primaryimage"},"image":{"@id":"https:\/\/deseopatisserie.com\/de\/produkt\/set-mit-4-x-madagaskar-bourbon-vanille-donut\/#primaryimage"},"thumbnailUrl":"https:\/\/deseopatisserie.com\/\/wp-content\/uploads\/2025\/01\/391e59f1a9329874d9ce8437530fb0e5-scaled.jpg","datePublished":"2025-01-21T14:04:47+00:00","description":"Diese Knospen sind eine Hommage an die Vanille! Wenn es um die Konsistenz der Creme geht, haben wir uns f\u00fcr die ultra-cremige japanische Namelaka-Creme entschieden. Totale Ausschweifung! Ausschweifend und s\u00fc\u00df!","breadcrumb":{"@id":"https:\/\/deseopatisserie.com\/de\/produkt\/set-mit-4-x-madagaskar-bourbon-vanille-donut\/#breadcrumb"},"inLanguage":"de","potentialAction":[{"@type":"ReadAction","target":["https:\/\/deseopatisserie.com\/de\/produkt\/set-mit-4-x-madagaskar-bourbon-vanille-donut\/"]}]},{"@type":"ImageObject","inLanguage":"de","@id":"https:\/\/deseopatisserie.com\/de\/produkt\/set-mit-4-x-madagaskar-bourbon-vanille-donut\/#primaryimage","url":"https:\/\/deseopatisserie.com\/\/wp-content\/uploads\/2025\/01\/391e59f1a9329874d9ce8437530fb0e5-scaled.jpg","contentUrl":"https:\/\/deseopatisserie.com\/\/wp-content\/uploads\/2025\/01\/391e59f1a9329874d9ce8437530fb0e5-scaled.jpg","width":2560,"height":1707},{"@type":"BreadcrumbList","@id":"https:\/\/deseopatisserie.com\/de\/produkt\/set-mit-4-x-madagaskar-bourbon-vanille-donut\/#breadcrumb","itemListElement":[{"@type":"ListItem","position":1,"name":"Strona g\u0142\u00f3wna","item":"https:\/\/deseopatisserie.com\/de\/homepage\/"},{"@type":"ListItem","position":2,"name":"Set mit 4 x Madagaskar Bourbon Vanille Donut"}]},{"@type":"WebSite","@id":"https:\/\/deseopatisserie.com\/de\/#website","url":"https:\/\/deseopatisserie.com\/de\/","name":"DESEO","description":"Patisserie &amp; Chocolaterie","potentialAction":[{"@type":"SearchAction","target":{"@type":"EntryPoint","urlTemplate":"https:\/\/deseopatisserie.com\/de\/?s={search_term_string}"},"query-input":{"@type":"PropertyValueSpecification","valueRequired":true,"valueName":"search_term_string"}}],"inLanguage":"de"}]}},"_links":{"self":[{"href":"https:\/\/deseopatisserie.com\/de\/wp-json\/wp\/v2\/product\/107600","targetHints":{"allow":["GET"]}}],"collection":[{"href":"https:\/\/deseopatisserie.com\/de\/wp-json\/wp\/v2\/product"}],"about":[{"href":"https:\/\/deseopatisserie.com\/de\/wp-json\/wp\/v2\/types\/product"}],"wp:featuredmedia":[{"embeddable":true,"href":"https:\/\/deseopatisserie.com\/de\/wp-json\/wp\/v2\/media\/102096"}],"wp:attachment":[{"href":"https:\/\/deseopatisserie.com\/de\/wp-json\/wp\/v2\/media?parent=107600"}],"wp:term":[{"taxonomy":"product_brand","embeddable":true,"href":"https:\/\/deseopatisserie.com\/de\/wp-json\/wp\/v2\/product_brand?post=107600"},{"taxonomy":"product_cat","embeddable":true,"href":"https:\/\/deseopatisserie.com\/de\/wp-json\/wp\/v2\/product_cat?post=107600"},{"taxonomy":"product_tag","embeddable":true,"href":"https:\/\/deseopatisserie.com\/de\/wp-json\/wp\/v2\/product_tag?post=107600"}],"curies":[{"name":"wp","href":"https:\/\/api.w.org\/{rel}","templated":true}]}}