{"id":107598,"date":"2025-01-21T14:54:02","date_gmt":"2025-01-21T13:54:02","guid":{"rendered":"https:\/\/deseopatisserie.com\/produkt\/4er-set-x-himbeer-donut\/"},"modified":"2025-01-21T14:54:02","modified_gmt":"2025-01-21T13:54:02","slug":"4er-set-x-himbeer-donut","status":"publish","type":"product","link":"https:\/\/deseopatisserie.com\/de\/produkt\/4er-set-x-himbeer-donut\/","title":{"rendered":"4er-Set x Himbeer-Donut"},"content":{"rendered":"","protected":false},"excerpt":{"rendered":"<p><strong>Das Set enth\u00e4lt vier Donuts mit Himbeerf\u00fcllung<\/strong><\/p>\n<p>Es gibt nichts Klassischeres als einen Marmeladen-Donut! Es scheint ein Klischee zu sein. Anscheinend gibt es solche Donuts \u00fcberall. Und doch schafft die Kombination von Himbeermarmelade auf Basis ganzer Himbeeren mit einer dicken Creme und dem Zusatz von Bourbon-Vanille aus Madagaskar etwas \u00e4u\u00dferst Attraktives! Es ist wie eine Erinnerung an einen hei\u00dfen Sommer!<\/p>\n","protected":false},"featured_media":102087,"template":"","meta":{"_acf_changed":false},"product_brand":[],"product_cat":[2696],"product_tag":[],"class_list":{"0":"post-107598","1":"product","2":"type-product","3":"status-publish","4":"has-post-thumbnail","6":"product_cat-donuts","8":"first","9":"outofstock","10":"taxable","11":"shipping-taxable","12":"purchasable","13":"product-type-yith_bundle"},"acf":[],"yoast_head":"<!-- This site is optimized with the Yoast SEO plugin v27.5 - https:\/\/yoast.com\/product\/yoast-seo-wordpress\/ -->\n<title>4er-Set x Himbeer-Donut - Cukiernia DESEO Warszawa<\/title>\n<meta name=\"description\" content=\"Es gibt nichts Klassischeres als einen Marmeladen-Donut! Es scheint ein Klischee zu sein. Anscheinend gibt es solche Donuts \u00fcberall. Und doch schafft die Kombination von Himbeermarmelade auf Basis ganzer Himbeeren mit einer dicken Creme und dem Zusatz von Bourbon-Vanille aus Madagaskar etwas \u00e4u\u00dferst Attraktives! Es ist wie eine Erinnerung an einen hei\u00dfen Sommer!\" \/>\n<meta name=\"robots\" content=\"index, follow, max-snippet:-1, max-image-preview:large, max-video-preview:-1\" \/>\n<link rel=\"canonical\" href=\"https:\/\/deseopatisserie.com\/de\/produkt\/4er-set-x-himbeer-donut\/\" \/>\n<meta property=\"og:locale\" content=\"de_DE\" \/>\n<meta property=\"og:type\" content=\"article\" \/>\n<meta property=\"og:title\" content=\"4er-Set x Himbeer-Donut\" \/>\n<meta property=\"og:description\" content=\"Es gibt nichts Klassischeres als einen Marmeladen-Donut! Es scheint ein Klischee zu sein. Anscheinend gibt es solche Donuts \u00fcberall. Und doch schafft die Kombination von Himbeermarmelade auf Basis ganzer Himbeeren mit einer dicken Creme und dem Zusatz von Bourbon-Vanille aus Madagaskar etwas \u00e4u\u00dferst Attraktives! Es ist wie eine Erinnerung an einen hei\u00dfen Sommer!\" \/>\n<meta property=\"og:url\" content=\"https:\/\/deseopatisserie.com\/de\/produkt\/4er-set-x-himbeer-donut\/\" \/>\n<meta property=\"og:site_name\" content=\"DESEO\" \/>\n<meta property=\"og:image\" content=\"https:\/\/deseopatisserie.com\/wp-content\/uploads\/2024\/01\/DESEO-PACZEK-MALINA-1-1024x683.jpg\" \/>\n<meta name=\"twitter:card\" content=\"summary_large_image\" \/>\n<script type=\"application\/ld+json\" class=\"yoast-schema-graph\">{\"@context\":\"https:\\\/\\\/schema.org\",\"@graph\":[{\"@type\":\"WebPage\",\"@id\":\"https:\\\/\\\/deseopatisserie.com\\\/de\\\/produkt\\\/4er-set-x-himbeer-donut\\\/\",\"url\":\"https:\\\/\\\/deseopatisserie.com\\\/de\\\/produkt\\\/4er-set-x-himbeer-donut\\\/\",\"name\":\"4er-Set x Himbeer-Donut - Cukiernia DESEO Warszawa\",\"isPartOf\":{\"@id\":\"https:\\\/\\\/deseopatisserie.com\\\/de\\\/#website\"},\"primaryImageOfPage\":{\"@id\":\"https:\\\/\\\/deseopatisserie.com\\\/de\\\/produkt\\\/4er-set-x-himbeer-donut\\\/#primaryimage\"},\"image\":{\"@id\":\"https:\\\/\\\/deseopatisserie.com\\\/de\\\/produkt\\\/4er-set-x-himbeer-donut\\\/#primaryimage\"},\"thumbnailUrl\":\"https:\\\/\\\/deseopatisserie.com\\\/\\\/wp-content\\\/uploads\\\/2025\\\/01\\\/143541e7b7c28f8cde0c168c78a5f9c8-scaled.jpg\",\"datePublished\":\"2025-01-21T13:54:02+00:00\",\"description\":\"Es gibt nichts Klassischeres als einen Marmeladen-Donut! Es scheint ein Klischee zu sein. Anscheinend gibt es solche Donuts \u00fcberall. Und doch schafft die Kombination von Himbeermarmelade auf Basis ganzer Himbeeren mit einer dicken Creme und dem Zusatz von Bourbon-Vanille aus Madagaskar etwas \u00e4u\u00dferst Attraktives! Es ist wie eine Erinnerung an einen hei\u00dfen Sommer!\",\"breadcrumb\":{\"@id\":\"https:\\\/\\\/deseopatisserie.com\\\/de\\\/produkt\\\/4er-set-x-himbeer-donut\\\/#breadcrumb\"},\"inLanguage\":\"de\",\"potentialAction\":[{\"@type\":\"ReadAction\",\"target\":[\"https:\\\/\\\/deseopatisserie.com\\\/de\\\/produkt\\\/4er-set-x-himbeer-donut\\\/\"]}]},{\"@type\":\"ImageObject\",\"inLanguage\":\"de\",\"@id\":\"https:\\\/\\\/deseopatisserie.com\\\/de\\\/produkt\\\/4er-set-x-himbeer-donut\\\/#primaryimage\",\"url\":\"https:\\\/\\\/deseopatisserie.com\\\/\\\/wp-content\\\/uploads\\\/2025\\\/01\\\/143541e7b7c28f8cde0c168c78a5f9c8-scaled.jpg\",\"contentUrl\":\"https:\\\/\\\/deseopatisserie.com\\\/\\\/wp-content\\\/uploads\\\/2025\\\/01\\\/143541e7b7c28f8cde0c168c78a5f9c8-scaled.jpg\",\"width\":2560,\"height\":1707},{\"@type\":\"BreadcrumbList\",\"@id\":\"https:\\\/\\\/deseopatisserie.com\\\/de\\\/produkt\\\/4er-set-x-himbeer-donut\\\/#breadcrumb\",\"itemListElement\":[{\"@type\":\"ListItem\",\"position\":1,\"name\":\"Strona g\u0142\u00f3wna\",\"item\":\"https:\\\/\\\/deseopatisserie.com\\\/de\\\/homepage\\\/\"},{\"@type\":\"ListItem\",\"position\":2,\"name\":\"4er-Set x Himbeer-Donut\"}]},{\"@type\":\"WebSite\",\"@id\":\"https:\\\/\\\/deseopatisserie.com\\\/de\\\/#website\",\"url\":\"https:\\\/\\\/deseopatisserie.com\\\/de\\\/\",\"name\":\"DESEO\",\"description\":\"Patisserie &amp; Chocolaterie\",\"potentialAction\":[{\"@type\":\"SearchAction\",\"target\":{\"@type\":\"EntryPoint\",\"urlTemplate\":\"https:\\\/\\\/deseopatisserie.com\\\/de\\\/?s={search_term_string}\"},\"query-input\":{\"@type\":\"PropertyValueSpecification\",\"valueRequired\":true,\"valueName\":\"search_term_string\"}}],\"inLanguage\":\"de\"}]}<\/script>\n<!-- \/ Yoast SEO plugin. -->","yoast_head_json":{"title":"4er-Set x Himbeer-Donut - Cukiernia DESEO Warszawa","description":"Es gibt nichts Klassischeres als einen Marmeladen-Donut! Es scheint ein Klischee zu sein. Anscheinend gibt es solche Donuts \u00fcberall. Und doch schafft die Kombination von Himbeermarmelade auf Basis ganzer Himbeeren mit einer dicken Creme und dem Zusatz von Bourbon-Vanille aus Madagaskar etwas \u00e4u\u00dferst Attraktives! Es ist wie eine Erinnerung an einen hei\u00dfen Sommer!","robots":{"index":"index","follow":"follow","max-snippet":"max-snippet:-1","max-image-preview":"max-image-preview:large","max-video-preview":"max-video-preview:-1"},"canonical":"https:\/\/deseopatisserie.com\/de\/produkt\/4er-set-x-himbeer-donut\/","og_locale":"de_DE","og_type":"article","og_title":"4er-Set x Himbeer-Donut","og_description":"Es gibt nichts Klassischeres als einen Marmeladen-Donut! Es scheint ein Klischee zu sein. Anscheinend gibt es solche Donuts \u00fcberall. Und doch schafft die Kombination von Himbeermarmelade auf Basis ganzer Himbeeren mit einer dicken Creme und dem Zusatz von Bourbon-Vanille aus Madagaskar etwas \u00e4u\u00dferst Attraktives! Es ist wie eine Erinnerung an einen hei\u00dfen Sommer!","og_url":"https:\/\/deseopatisserie.com\/de\/produkt\/4er-set-x-himbeer-donut\/","og_site_name":"DESEO","og_image":[{"url":"https:\/\/deseopatisserie.com\/wp-content\/uploads\/2024\/01\/DESEO-PACZEK-MALINA-1-1024x683.jpg","type":"","width":"","height":""}],"twitter_card":"summary_large_image","schema":{"@context":"https:\/\/schema.org","@graph":[{"@type":"WebPage","@id":"https:\/\/deseopatisserie.com\/de\/produkt\/4er-set-x-himbeer-donut\/","url":"https:\/\/deseopatisserie.com\/de\/produkt\/4er-set-x-himbeer-donut\/","name":"4er-Set x Himbeer-Donut - Cukiernia DESEO Warszawa","isPartOf":{"@id":"https:\/\/deseopatisserie.com\/de\/#website"},"primaryImageOfPage":{"@id":"https:\/\/deseopatisserie.com\/de\/produkt\/4er-set-x-himbeer-donut\/#primaryimage"},"image":{"@id":"https:\/\/deseopatisserie.com\/de\/produkt\/4er-set-x-himbeer-donut\/#primaryimage"},"thumbnailUrl":"https:\/\/deseopatisserie.com\/\/wp-content\/uploads\/2025\/01\/143541e7b7c28f8cde0c168c78a5f9c8-scaled.jpg","datePublished":"2025-01-21T13:54:02+00:00","description":"Es gibt nichts Klassischeres als einen Marmeladen-Donut! Es scheint ein Klischee zu sein. Anscheinend gibt es solche Donuts \u00fcberall. Und doch schafft die Kombination von Himbeermarmelade auf Basis ganzer Himbeeren mit einer dicken Creme und dem Zusatz von Bourbon-Vanille aus Madagaskar etwas \u00e4u\u00dferst Attraktives! Es ist wie eine Erinnerung an einen hei\u00dfen Sommer!","breadcrumb":{"@id":"https:\/\/deseopatisserie.com\/de\/produkt\/4er-set-x-himbeer-donut\/#breadcrumb"},"inLanguage":"de","potentialAction":[{"@type":"ReadAction","target":["https:\/\/deseopatisserie.com\/de\/produkt\/4er-set-x-himbeer-donut\/"]}]},{"@type":"ImageObject","inLanguage":"de","@id":"https:\/\/deseopatisserie.com\/de\/produkt\/4er-set-x-himbeer-donut\/#primaryimage","url":"https:\/\/deseopatisserie.com\/\/wp-content\/uploads\/2025\/01\/143541e7b7c28f8cde0c168c78a5f9c8-scaled.jpg","contentUrl":"https:\/\/deseopatisserie.com\/\/wp-content\/uploads\/2025\/01\/143541e7b7c28f8cde0c168c78a5f9c8-scaled.jpg","width":2560,"height":1707},{"@type":"BreadcrumbList","@id":"https:\/\/deseopatisserie.com\/de\/produkt\/4er-set-x-himbeer-donut\/#breadcrumb","itemListElement":[{"@type":"ListItem","position":1,"name":"Strona g\u0142\u00f3wna","item":"https:\/\/deseopatisserie.com\/de\/homepage\/"},{"@type":"ListItem","position":2,"name":"4er-Set x Himbeer-Donut"}]},{"@type":"WebSite","@id":"https:\/\/deseopatisserie.com\/de\/#website","url":"https:\/\/deseopatisserie.com\/de\/","name":"DESEO","description":"Patisserie &amp; Chocolaterie","potentialAction":[{"@type":"SearchAction","target":{"@type":"EntryPoint","urlTemplate":"https:\/\/deseopatisserie.com\/de\/?s={search_term_string}"},"query-input":{"@type":"PropertyValueSpecification","valueRequired":true,"valueName":"search_term_string"}}],"inLanguage":"de"}]}},"_links":{"self":[{"href":"https:\/\/deseopatisserie.com\/de\/wp-json\/wp\/v2\/product\/107598","targetHints":{"allow":["GET"]}}],"collection":[{"href":"https:\/\/deseopatisserie.com\/de\/wp-json\/wp\/v2\/product"}],"about":[{"href":"https:\/\/deseopatisserie.com\/de\/wp-json\/wp\/v2\/types\/product"}],"wp:featuredmedia":[{"embeddable":true,"href":"https:\/\/deseopatisserie.com\/de\/wp-json\/wp\/v2\/media\/102087"}],"wp:attachment":[{"href":"https:\/\/deseopatisserie.com\/de\/wp-json\/wp\/v2\/media?parent=107598"}],"wp:term":[{"taxonomy":"product_brand","embeddable":true,"href":"https:\/\/deseopatisserie.com\/de\/wp-json\/wp\/v2\/product_brand?post=107598"},{"taxonomy":"product_cat","embeddable":true,"href":"https:\/\/deseopatisserie.com\/de\/wp-json\/wp\/v2\/product_cat?post=107598"},{"taxonomy":"product_tag","embeddable":true,"href":"https:\/\/deseopatisserie.com\/de\/wp-json\/wp\/v2\/product_tag?post=107598"}],"curies":[{"name":"wp","href":"https:\/\/api.w.org\/{rel}","templated":true}]}}