{"id":107477,"date":"2025-01-02T11:28:26","date_gmt":"2025-01-02T10:28:26","guid":{"rendered":"https:\/\/deseopatisserie.com\/produkt\/haselnuesse-geschenkset\/"},"modified":"2025-01-02T11:28:26","modified_gmt":"2025-01-02T10:28:26","slug":"haselnuesse-geschenkset","status":"publish","type":"product","link":"https:\/\/deseopatisserie.com\/de\/produkt\/haselnuesse-geschenkset\/","title":{"rendered":"HASELN\u00dcSSE Geschenkset"},"content":{"rendered":"<h3 data-start=\"0\" data-end=\"83\">HASELN\u00dcSSE Geschenkset \u2013 die perfekte Wahl f\u00fcr Haselnuss-Liebhaber<\/h3>\n<p data-start=\"85\" data-end=\"397\">Sind Sie auf der Suche nach einem einzigartigen Geschenk, das Sie mit seinem Geschmack und seiner Qualit\u00e4t begeistern wird? <strong data-start=\"156\" data-end=\"187\">Das HAZELNUTS Geschenkset<\/strong> ist eine Kombination aus den besten Produkten auf Basis von Haseln\u00fcssen und Schokolade. Jedes Element des Sets wurde sorgf\u00e4ltig ausgew\u00e4hlt, um eine harmonische Komposition aus nat\u00fcrlicher S\u00fc\u00dfe, Cremigkeit und Knusprigkeit zu liefern. <\/p>\n<p data-start=\"399\" data-end=\"680\">Es ist ein perfektes Geschenk f\u00fcr Kenner s\u00fc\u00dfer Gen\u00fcsse, Liebhaber nussiger Noten und Menschen, die nat\u00fcrliche, hochwertige Zutaten sch\u00e4tzen. Es eignet sich f\u00fcr jeden Anlass \u2013 Geburtstage, Feiertage, Jubil\u00e4en oder als einzigartige Geste f\u00fcr einen geliebten Menschen. <\/p>\n<p data-start=\"682\" data-end=\"977\">Die im Set enthaltenen Produkte zeichnen sich durch ihren einzigartigen Geschmack, ihr Aroma und die perfekte Balance zwischen S\u00fc\u00dfe und Intensit\u00e4t der Haseln\u00fcsse aus. Es ist ein Angebot f\u00fcr alle, die mehr als gew\u00f6hnliche S\u00fc\u00dfigkeiten suchen \u2013 eine subtile Kombination aus raffiniertem Geschmack und nat\u00fcrlichen Zutaten. <\/p>\n<p data-start=\"979\" data-end=\"1122\" data-is-last-node=\"\" data-is-only-node=\"\">Setzen Sie auf Qualit\u00e4t und Geschmack, die Ihnen in Erinnerung bleiben. Schenken Sie Ihren Lieben einen Moment echter Freude. \ud83c\udf81\u2728  <\/p>\n<p>Sehen Sie sich alle unsere <span style=\"color: #bf883b;\"><a style=\"color: #bf883b;\" href=\"https:\/\/deseopatisserie.com\/de\/zestaw-prezentowy-2\/\">Geschenksets<\/a> an<\/span><\/p>\n","protected":false},"excerpt":{"rendered":"<p><span style=\"color: #000000;\"><b>Sind Sie auf der Suche nach einem einzigartigen Geschenk f\u00fcr Ihre Lieben?<\/b><\/span><br \/>\nBei Deseo Patisserie finden Sie einzigartige <span style=\"color: #000000;\"><b>Geschenksets<\/b><\/span>, die jeden begeistern werden! Unsere Produkte sind eine Garantie f\u00fcr die h\u00f6chste Qualit\u00e4t der Zutaten und den einzigartigen Geschmack. <\/p>\n<p><span style=\"color: #000000;\"><b>HASELN\u00dcSSE Geschenkset &#8211; Produktbeschreibung:<br \/>\n<\/b><\/span><br \/>\n<span style=\"color: #000000;\"><strong>Schokolade &amp; Haselnuss Creme 200g<\/strong><br \/>\nAngenehm schokoladig mit einem ausgepr\u00e4gten Nachgeschmack von Haseln\u00fcssen, denn ihr Gehalt in unserer Sahne betr\u00e4gt fast 42%! Es eignet sich perfekt als Erg\u00e4nzung zu Pfannkuchen, Waffeln, Desserts, zum Aufstreichen von Fr\u00fchst\u00fcckscroissants, aber auch als F\u00fcllung f\u00fcr Croissants, Donuts oder Muffins. <\/span><\/p>\n<p><strong><span style=\"color: #000000;\">SCHOKOLADEN-CLUSTER Milchschokolade &amp; Haseln\u00fcsse ca. 140g <\/span><br \/>\n<\/strong>Unsere original Cluster sind ein bew\u00e4hrter s\u00fc\u00dfer Snack unterwegs oder f\u00fcr einen Abend mit Ihrer Lieblingsserie. Knusprige Haseln\u00fcsse und Milchschokolade Bean-to-Bar Togo 42%! Haselnussnougatine und eine Prise Salz hinzuf\u00fcgen, um den Geschmack zu brechen.  <strong><br \/>\n<\/strong><\/p>\n<p><span style=\"color: #000000;\"><strong>Ger\u00f6stete Haseln\u00fcsse 250g<\/strong><br \/>\nDie Verwendung des richtigen Ofens (Br\u00e4ters), die R\u00f6stzeit und die Temperatur machen unsere N\u00fcsse perfekt! Sie k\u00f6nnen sie direkt aus der Packung knuspern, zu Backwaren, Salaten oder zum t\u00e4glichen Fr\u00fchst\u00fcck hinzuf\u00fcgen. Sie eignen sich perfekt f\u00fcr Kuchen und Desserts.<br \/>\n<\/span><\/p>\n<p><strong><span style=\"color: #000000;\">Milchschokolade Drops Dominikanische Republik 52% 200g<br \/>\n<\/span><\/strong>Dominikanische Milchschokolade 52% mit einer samtigen und cremigen Textur zeichnet sich durch einen \u00e4u\u00dferst angenehmen, tiefen Schokoladengeschmack aus. In der Dominikanischen Republik 52% Schokolade gibt es Noten von Karamell und roten Fr\u00fcchten. <\/p>\n<p><span style=\"color: #000000;\"><strong>Haselnusspaste 100% 200g<br \/>\n<\/strong>Handgemachte Haselnusspaste zeichnet sich durch ein angenehmes und tiefes Aroma aus. Wir bereiten es aus 100% Haseln\u00fcssen zu, es enth\u00e4lt keine zus\u00e4tzlichen Zutaten. Ihren einzigartigen Geschmack verdankt sie dem richtigen R\u00f6sten der N\u00fcsse.  <\/span><\/p>\n","protected":false},"featured_media":105338,"template":"","meta":{"_acf_changed":false},"product_brand":[],"product_cat":[2613,1644,2695,2697],"product_tag":[],"class_list":{"0":"post-107477","1":"product","2":"type-product","3":"status-publish","4":"has-post-thumbnail","6":"product_cat-frauentag","7":"product_cat-geschenksets","8":"product_cat-tag-der-grossmutter-und-des-grossvaters","9":"product_cat-valentinstag","11":"first","12":"instock","13":"taxable","14":"shipping-taxable","15":"purchasable","16":"product-type-yith_bundle"},"acf":[],"yoast_head":"<!-- This site is optimized with the Yoast SEO plugin v27.5 - https:\/\/yoast.com\/product\/yoast-seo-wordpress\/ -->\n<title>HASELN\u00dcSSE Geschenkset - Cukiernia DESEO Warszawa<\/title>\n<meta name=\"description\" content=\"Das HAZELNUTS Geschenkset von Deseo wird jeden begeistern! Unsere Produkte sind eine Garantie f\u00fcr die h\u00f6chste Qualit\u00e4t der Zutaten und den einzigartigen Geschmack\" \/>\n<meta name=\"robots\" content=\"index, follow, max-snippet:-1, max-image-preview:large, max-video-preview:-1\" \/>\n<link rel=\"canonical\" href=\"https:\/\/deseopatisserie.com\/de\/produkt\/haselnuesse-geschenkset\/\" \/>\n<meta property=\"og:locale\" content=\"de_DE\" \/>\n<meta property=\"og:type\" content=\"article\" \/>\n<meta property=\"og:title\" content=\"HASELN\u00dcSSE Geschenkset\" \/>\n<meta property=\"og:description\" content=\"Das HAZELNUTS Geschenkset von Deseo wird jeden begeistern! Unsere Produkte sind eine Garantie f\u00fcr die h\u00f6chste Qualit\u00e4t der Zutaten und den einzigartigen Geschmack\" \/>\n<meta property=\"og:url\" content=\"https:\/\/deseopatisserie.com\/de\/produkt\/haselnuesse-geschenkset\/\" \/>\n<meta property=\"og:site_name\" content=\"DESEO\" \/>\n<meta property=\"og:image\" content=\"https:\/\/deseopatisserie.com\/wp-content\/uploads\/2025\/02\/zestaw-Dubai-Chocolate-bez-formy-zdjecia-do-esklepu-2-1024x683.jpg\" \/>\n<meta name=\"twitter:card\" content=\"summary_large_image\" \/>\n<meta name=\"twitter:label1\" content=\"Gesch\u00e4tzte Lesezeit\" \/>\n\t<meta name=\"twitter:data1\" content=\"1\u00a0Minute\" \/>\n<script type=\"application\/ld+json\" class=\"yoast-schema-graph\">{\"@context\":\"https:\\\/\\\/schema.org\",\"@graph\":[{\"@type\":\"WebPage\",\"@id\":\"https:\\\/\\\/deseopatisserie.com\\\/de\\\/produkt\\\/haselnuesse-geschenkset\\\/\",\"url\":\"https:\\\/\\\/deseopatisserie.com\\\/de\\\/produkt\\\/haselnuesse-geschenkset\\\/\",\"name\":\"HASELN\u00dcSSE Geschenkset - Cukiernia DESEO Warszawa\",\"isPartOf\":{\"@id\":\"https:\\\/\\\/deseopatisserie.com\\\/de\\\/#website\"},\"primaryImageOfPage\":{\"@id\":\"https:\\\/\\\/deseopatisserie.com\\\/de\\\/produkt\\\/haselnuesse-geschenkset\\\/#primaryimage\"},\"image\":{\"@id\":\"https:\\\/\\\/deseopatisserie.com\\\/de\\\/produkt\\\/haselnuesse-geschenkset\\\/#primaryimage\"},\"thumbnailUrl\":\"https:\\\/\\\/deseopatisserie.com\\\/\\\/wp-content\\\/uploads\\\/2025\\\/02\\\/zestaw-Dubai-Chocolate-bez-formy-zdjecia-do-esklepu-2.jpg\",\"datePublished\":\"2025-01-02T10:28:26+00:00\",\"description\":\"Das HAZELNUTS Geschenkset von Deseo wird jeden begeistern! Unsere Produkte sind eine Garantie f\u00fcr die h\u00f6chste Qualit\u00e4t der Zutaten und den einzigartigen Geschmack\",\"breadcrumb\":{\"@id\":\"https:\\\/\\\/deseopatisserie.com\\\/de\\\/produkt\\\/haselnuesse-geschenkset\\\/#breadcrumb\"},\"inLanguage\":\"de\",\"potentialAction\":[{\"@type\":\"ReadAction\",\"target\":[\"https:\\\/\\\/deseopatisserie.com\\\/de\\\/produkt\\\/haselnuesse-geschenkset\\\/\"]}]},{\"@type\":\"ImageObject\",\"inLanguage\":\"de\",\"@id\":\"https:\\\/\\\/deseopatisserie.com\\\/de\\\/produkt\\\/haselnuesse-geschenkset\\\/#primaryimage\",\"url\":\"https:\\\/\\\/deseopatisserie.com\\\/\\\/wp-content\\\/uploads\\\/2025\\\/02\\\/zestaw-Dubai-Chocolate-bez-formy-zdjecia-do-esklepu-2.jpg\",\"contentUrl\":\"https:\\\/\\\/deseopatisserie.com\\\/\\\/wp-content\\\/uploads\\\/2025\\\/02\\\/zestaw-Dubai-Chocolate-bez-formy-zdjecia-do-esklepu-2.jpg\",\"width\":2500,\"height\":1667,\"caption\":\"Zestaw prezentowy DESEO\"},{\"@type\":\"BreadcrumbList\",\"@id\":\"https:\\\/\\\/deseopatisserie.com\\\/de\\\/produkt\\\/haselnuesse-geschenkset\\\/#breadcrumb\",\"itemListElement\":[{\"@type\":\"ListItem\",\"position\":1,\"name\":\"Strona g\u0142\u00f3wna\",\"item\":\"https:\\\/\\\/deseopatisserie.com\\\/de\\\/homepage\\\/\"},{\"@type\":\"ListItem\",\"position\":2,\"name\":\"HASELN\u00dcSSE Geschenkset\"}]},{\"@type\":\"WebSite\",\"@id\":\"https:\\\/\\\/deseopatisserie.com\\\/de\\\/#website\",\"url\":\"https:\\\/\\\/deseopatisserie.com\\\/de\\\/\",\"name\":\"DESEO\",\"description\":\"Patisserie &amp; Chocolaterie\",\"potentialAction\":[{\"@type\":\"SearchAction\",\"target\":{\"@type\":\"EntryPoint\",\"urlTemplate\":\"https:\\\/\\\/deseopatisserie.com\\\/de\\\/?s={search_term_string}\"},\"query-input\":{\"@type\":\"PropertyValueSpecification\",\"valueRequired\":true,\"valueName\":\"search_term_string\"}}],\"inLanguage\":\"de\"}]}<\/script>\n<!-- \/ Yoast SEO plugin. -->","yoast_head_json":{"title":"HASELN\u00dcSSE Geschenkset - Cukiernia DESEO Warszawa","description":"Das HAZELNUTS Geschenkset von Deseo wird jeden begeistern! Unsere Produkte sind eine Garantie f\u00fcr die h\u00f6chste Qualit\u00e4t der Zutaten und den einzigartigen Geschmack","robots":{"index":"index","follow":"follow","max-snippet":"max-snippet:-1","max-image-preview":"max-image-preview:large","max-video-preview":"max-video-preview:-1"},"canonical":"https:\/\/deseopatisserie.com\/de\/produkt\/haselnuesse-geschenkset\/","og_locale":"de_DE","og_type":"article","og_title":"HASELN\u00dcSSE Geschenkset","og_description":"Das HAZELNUTS Geschenkset von Deseo wird jeden begeistern! Unsere Produkte sind eine Garantie f\u00fcr die h\u00f6chste Qualit\u00e4t der Zutaten und den einzigartigen Geschmack","og_url":"https:\/\/deseopatisserie.com\/de\/produkt\/haselnuesse-geschenkset\/","og_site_name":"DESEO","og_image":[{"url":"https:\/\/deseopatisserie.com\/wp-content\/uploads\/2025\/02\/zestaw-Dubai-Chocolate-bez-formy-zdjecia-do-esklepu-2-1024x683.jpg","type":"","width":"","height":""}],"twitter_card":"summary_large_image","twitter_misc":{"Gesch\u00e4tzte Lesezeit":"1\u00a0Minute"},"schema":{"@context":"https:\/\/schema.org","@graph":[{"@type":"WebPage","@id":"https:\/\/deseopatisserie.com\/de\/produkt\/haselnuesse-geschenkset\/","url":"https:\/\/deseopatisserie.com\/de\/produkt\/haselnuesse-geschenkset\/","name":"HASELN\u00dcSSE Geschenkset - Cukiernia DESEO Warszawa","isPartOf":{"@id":"https:\/\/deseopatisserie.com\/de\/#website"},"primaryImageOfPage":{"@id":"https:\/\/deseopatisserie.com\/de\/produkt\/haselnuesse-geschenkset\/#primaryimage"},"image":{"@id":"https:\/\/deseopatisserie.com\/de\/produkt\/haselnuesse-geschenkset\/#primaryimage"},"thumbnailUrl":"https:\/\/deseopatisserie.com\/\/wp-content\/uploads\/2025\/02\/zestaw-Dubai-Chocolate-bez-formy-zdjecia-do-esklepu-2.jpg","datePublished":"2025-01-02T10:28:26+00:00","description":"Das HAZELNUTS Geschenkset von Deseo wird jeden begeistern! Unsere Produkte sind eine Garantie f\u00fcr die h\u00f6chste Qualit\u00e4t der Zutaten und den einzigartigen Geschmack","breadcrumb":{"@id":"https:\/\/deseopatisserie.com\/de\/produkt\/haselnuesse-geschenkset\/#breadcrumb"},"inLanguage":"de","potentialAction":[{"@type":"ReadAction","target":["https:\/\/deseopatisserie.com\/de\/produkt\/haselnuesse-geschenkset\/"]}]},{"@type":"ImageObject","inLanguage":"de","@id":"https:\/\/deseopatisserie.com\/de\/produkt\/haselnuesse-geschenkset\/#primaryimage","url":"https:\/\/deseopatisserie.com\/\/wp-content\/uploads\/2025\/02\/zestaw-Dubai-Chocolate-bez-formy-zdjecia-do-esklepu-2.jpg","contentUrl":"https:\/\/deseopatisserie.com\/\/wp-content\/uploads\/2025\/02\/zestaw-Dubai-Chocolate-bez-formy-zdjecia-do-esklepu-2.jpg","width":2500,"height":1667,"caption":"Zestaw prezentowy DESEO"},{"@type":"BreadcrumbList","@id":"https:\/\/deseopatisserie.com\/de\/produkt\/haselnuesse-geschenkset\/#breadcrumb","itemListElement":[{"@type":"ListItem","position":1,"name":"Strona g\u0142\u00f3wna","item":"https:\/\/deseopatisserie.com\/de\/homepage\/"},{"@type":"ListItem","position":2,"name":"HASELN\u00dcSSE Geschenkset"}]},{"@type":"WebSite","@id":"https:\/\/deseopatisserie.com\/de\/#website","url":"https:\/\/deseopatisserie.com\/de\/","name":"DESEO","description":"Patisserie &amp; Chocolaterie","potentialAction":[{"@type":"SearchAction","target":{"@type":"EntryPoint","urlTemplate":"https:\/\/deseopatisserie.com\/de\/?s={search_term_string}"},"query-input":{"@type":"PropertyValueSpecification","valueRequired":true,"valueName":"search_term_string"}}],"inLanguage":"de"}]}},"_links":{"self":[{"href":"https:\/\/deseopatisserie.com\/de\/wp-json\/wp\/v2\/product\/107477","targetHints":{"allow":["GET"]}}],"collection":[{"href":"https:\/\/deseopatisserie.com\/de\/wp-json\/wp\/v2\/product"}],"about":[{"href":"https:\/\/deseopatisserie.com\/de\/wp-json\/wp\/v2\/types\/product"}],"wp:featuredmedia":[{"embeddable":true,"href":"https:\/\/deseopatisserie.com\/de\/wp-json\/wp\/v2\/media\/105338"}],"wp:attachment":[{"href":"https:\/\/deseopatisserie.com\/de\/wp-json\/wp\/v2\/media?parent=107477"}],"wp:term":[{"taxonomy":"product_brand","embeddable":true,"href":"https:\/\/deseopatisserie.com\/de\/wp-json\/wp\/v2\/product_brand?post=107477"},{"taxonomy":"product_cat","embeddable":true,"href":"https:\/\/deseopatisserie.com\/de\/wp-json\/wp\/v2\/product_cat?post=107477"},{"taxonomy":"product_tag","embeddable":true,"href":"https:\/\/deseopatisserie.com\/de\/wp-json\/wp\/v2\/product_tag?post=107477"}],"curies":[{"name":"wp","href":"https:\/\/api.w.org\/{rel}","templated":true}]}}