{"id":107461,"date":"2024-11-20T10:33:22","date_gmt":"2024-11-20T09:33:22","guid":{"rendered":"https:\/\/deseopatisserie.com\/produkt\/set-mit-3-nusscremes-2\/"},"modified":"2024-11-20T10:33:22","modified_gmt":"2024-11-20T09:33:22","slug":"set-mit-3-nusscremes-2","status":"publish","type":"product","link":"https:\/\/deseopatisserie.com\/de\/produkt\/set-mit-3-nusscremes-2\/","title":{"rendered":"Set mit 3 Nusscremes"},"content":{"rendered":"<p data-start=\"0\" data-end=\"96\"><strong data-start=\"0\" data-end=\"96\">Set mit 3 Erdnusscremes \u2013 Die perfekte Geschmackskombination f\u00fcr Liebhaber von N\u00fcssen, Schokolade und Kokosnuss!<\/strong><\/p>\n<p data-start=\"98\" data-end=\"428\">Sind Sie auf der Suche nach einem einzigartigen Geschmack, der die besten N\u00fcsse, Schokolade und Kokosnuss in einem vereint? Unser <strong data-start=\"184\" data-end=\"215\">Set mit 3 Nusscremes<\/strong> ist die perfekte Wahl f\u00fcr Sie! Diese Cremes sind k\u00f6stlich und machen absolut s\u00fcchtig. Jeder von ihnen wird Sie mit seinem intensiven Geschmack begeistern, der sowohl als Erg\u00e4nzung zu Ihren Lieblingsgerichten als auch als eigenst\u00e4ndiger Snack funktioniert.   <\/p>\n<p data-start=\"430\" data-end=\"674\">Das Set eignet sich perfekt zur Bereicherung des Fr\u00fchst\u00fccks \u2013 Sie k\u00f6nnen es zu Pfannkuchen, Pfannkuchen, Haferbrei oder Ihrem Lieblingsgeb\u00e4ck hinzuf\u00fcgen. Und wenn Sie das Besondere wollen, steht dem Genuss direkt aus dem Glas nichts mehr im Wege! <\/p>\n<p data-start=\"676\" data-end=\"872\" data-is-last-node=\"\" data-is-only-node=\"\">Warten Sie nicht \u2013 genie\u00dfen Sie den Geschmack von Cremes, die ein fester Bestandteil Ihres Tages sein werden. Es ist eine ausgezeichnete Wahl f\u00fcr alle, die sich einzigartige Aromen in ihrer K\u00fcche w\u00fcnschen! <\/p>\n<p data-start=\"676\" data-end=\"872\" data-is-last-node=\"\" data-is-only-node=\"\">Entdecken Sie unsere <span style=\"color: #bf883b;\"><a style=\"color: #bf883b;\" href=\"https:\/\/deseopatisserie.com\/pasty-kremy-do-smarowania\/\">Spreads und Spreads<\/a>.<\/span><\/p>\n","protected":false},"excerpt":{"rendered":"<p>Das perfekte Set f\u00fcr alle, die die Kombination aus N\u00fcssen und Schokolade lieben und sich nicht f\u00fcr eine Geschmacksrichtung entscheiden k\u00f6nnen!<\/p>\n<p>Bemerkung! Unsere Cremes sind ausschweifend und machen s\u00fcchtig! Jeder von ihnen ist k\u00f6stlich und \u00fcberraschend!  <\/p>\n<p>Sie eignen sich sowohl als Zugabe zu Pfannkuchen, Pfannkuchen, Haferbrei oder Fr\u00fchst\u00fccken, als auch als hochwertige S\u00fc\u00dfe, die direkt aus dem Glas gegessen wird.<\/p>\n<p><strong>Sie k\u00f6nnen aus den folgenden Optionen w\u00e4hlen:<\/strong><\/p>\n<p>&#8211; <strong><strong>Pistazienreis<\/strong> &#8211; 54% ger\u00f6stete Pistazien! Pistaziencreme mit einem h\u00f6heren Pistazienanteil wirst du wahrscheinlich nicht finden!<\/strong> <\/p>\n<p>&#8211; <strong>Schoko-Haselnuss-Creme<\/strong> &#8211; angenehm schokoladig mit einem ausgepr\u00e4gten Nachgeschmack von Haseln\u00fcssen, denn ihr Gehalt in unserer Creme liegt bei fast 42%<\/p>\n<p>&#8211; <strong>Zuckerfreie Pistaziencreme<\/strong> &#8211; das sind bis zu 54% der ger\u00f6steten Pistazien! Zucker hingegen wurde in diesem Fall durch Maltit ersetzt. <\/p>\n<p>&#8211; <strong>Kokoscreme mit Mandeln \u2013 die erste vegane Creme<\/strong> ! Eine Kombination aus Kokos- und Mandelpaste! <\/p>\n<p>Mixen Sie nach Belieben!<\/p>\n","protected":false},"featured_media":99255,"template":"","meta":{"_acf_changed":false},"product_brand":[],"product_cat":[1644],"product_tag":[],"class_list":{"0":"post-107461","1":"product","2":"type-product","3":"status-publish","4":"has-post-thumbnail","6":"product_cat-geschenksets","8":"first","9":"instock","10":"taxable","11":"shipping-taxable","12":"purchasable","13":"product-type-variable","14":"has-default-attributes"},"acf":[],"yoast_head":"<!-- This site is optimized with the Yoast SEO plugin v27.4 - https:\/\/yoast.com\/product\/yoast-seo-wordpress\/ -->\n<title>Set mit 3 Nusscremes - Cukiernia DESEO Warszawa<\/title>\n<meta name=\"description\" content=\"Set mit 3 Erdnusscremes - Perfekt f\u00fcr alle, die die Kombination aus N\u00fcssen und Schokolade lieben und sich nicht f\u00fcr eine Geschmacksrichtung entscheiden k\u00f6nnen!\" \/>\n<meta name=\"robots\" content=\"index, follow, max-snippet:-1, max-image-preview:large, max-video-preview:-1\" \/>\n<link rel=\"canonical\" href=\"https:\/\/deseopatisserie.com\/de\/produkt\/set-mit-3-nusscremes-2\/\" \/>\n<meta property=\"og:locale\" content=\"de_DE\" \/>\n<meta property=\"og:type\" content=\"article\" \/>\n<meta property=\"og:title\" content=\"Set mit 3 Nusscremes - Cukiernia DESEO\" \/>\n<meta property=\"og:description\" content=\"Das perfekte Set f\u00fcr alle, die die Kombination aus N\u00fcssen und Schokolade lieben und sich nicht f\u00fcr eine Geschmacksrichtung entscheiden k\u00f6nnen! Bemerkung! Unsere Cremes sind ausschweifend und machen s\u00fcchtig! Jeder von ihnen ist k\u00f6stlich und \u00fcberraschend!\" \/>\n<meta property=\"og:url\" content=\"https:\/\/deseopatisserie.com\/de\/produkt\/set-mit-3-nusscremes-2\/\" \/>\n<meta property=\"og:site_name\" content=\"DESEO\" \/>\n<meta property=\"og:image\" content=\"https:\/\/deseopatisserie.com\/wp-content\/uploads\/2024\/01\/Projekt-bez-nazwy-1024x683.png\" \/>\n<meta name=\"twitter:card\" content=\"summary_large_image\" \/>\n<meta name=\"twitter:label1\" content=\"Gesch\u00e4tzte Lesezeit\" \/>\n\t<meta name=\"twitter:data1\" content=\"1\u00a0Minute\" \/>\n<script type=\"application\/ld+json\" class=\"yoast-schema-graph\">{\"@context\":\"https:\\\/\\\/schema.org\",\"@graph\":[{\"@type\":\"WebPage\",\"@id\":\"https:\\\/\\\/deseopatisserie.com\\\/de\\\/produkt\\\/set-mit-3-nusscremes-2\\\/\",\"url\":\"https:\\\/\\\/deseopatisserie.com\\\/de\\\/produkt\\\/set-mit-3-nusscremes-2\\\/\",\"name\":\"Set mit 3 Nusscremes - Cukiernia DESEO Warszawa\",\"isPartOf\":{\"@id\":\"https:\\\/\\\/deseopatisserie.com\\\/de\\\/#website\"},\"primaryImageOfPage\":{\"@id\":\"https:\\\/\\\/deseopatisserie.com\\\/de\\\/produkt\\\/set-mit-3-nusscremes-2\\\/#primaryimage\"},\"image\":{\"@id\":\"https:\\\/\\\/deseopatisserie.com\\\/de\\\/produkt\\\/set-mit-3-nusscremes-2\\\/#primaryimage\"},\"thumbnailUrl\":\"https:\\\/\\\/deseopatisserie.com\\\/\\\/wp-content\\\/uploads\\\/2024\\\/11\\\/zestaw-3-kremow.png\",\"datePublished\":\"2024-11-20T09:33:22+00:00\",\"description\":\"Set mit 3 Erdnusscremes - Perfekt f\u00fcr alle, die die Kombination aus N\u00fcssen und Schokolade lieben und sich nicht f\u00fcr eine Geschmacksrichtung entscheiden k\u00f6nnen!\",\"breadcrumb\":{\"@id\":\"https:\\\/\\\/deseopatisserie.com\\\/de\\\/produkt\\\/set-mit-3-nusscremes-2\\\/#breadcrumb\"},\"inLanguage\":\"de\",\"potentialAction\":[{\"@type\":\"ReadAction\",\"target\":[\"https:\\\/\\\/deseopatisserie.com\\\/de\\\/produkt\\\/set-mit-3-nusscremes-2\\\/\"]}]},{\"@type\":\"ImageObject\",\"inLanguage\":\"de\",\"@id\":\"https:\\\/\\\/deseopatisserie.com\\\/de\\\/produkt\\\/set-mit-3-nusscremes-2\\\/#primaryimage\",\"url\":\"https:\\\/\\\/deseopatisserie.com\\\/\\\/wp-content\\\/uploads\\\/2024\\\/11\\\/zestaw-3-kremow.png\",\"contentUrl\":\"https:\\\/\\\/deseopatisserie.com\\\/\\\/wp-content\\\/uploads\\\/2024\\\/11\\\/zestaw-3-kremow.png\",\"width\":2500,\"height\":1667,\"caption\":\"zestaw 3 krem\u00f3w orzechowych\"},{\"@type\":\"BreadcrumbList\",\"@id\":\"https:\\\/\\\/deseopatisserie.com\\\/de\\\/produkt\\\/set-mit-3-nusscremes-2\\\/#breadcrumb\",\"itemListElement\":[{\"@type\":\"ListItem\",\"position\":1,\"name\":\"Strona g\u0142\u00f3wna\",\"item\":\"https:\\\/\\\/deseopatisserie.com\\\/de\\\/homepage\\\/\"},{\"@type\":\"ListItem\",\"position\":2,\"name\":\"Set mit 3 Nusscremes\"}]},{\"@type\":\"WebSite\",\"@id\":\"https:\\\/\\\/deseopatisserie.com\\\/de\\\/#website\",\"url\":\"https:\\\/\\\/deseopatisserie.com\\\/de\\\/\",\"name\":\"DESEO\",\"description\":\"Patisserie &amp; Chocolaterie\",\"potentialAction\":[{\"@type\":\"SearchAction\",\"target\":{\"@type\":\"EntryPoint\",\"urlTemplate\":\"https:\\\/\\\/deseopatisserie.com\\\/de\\\/?s={search_term_string}\"},\"query-input\":{\"@type\":\"PropertyValueSpecification\",\"valueRequired\":true,\"valueName\":\"search_term_string\"}}],\"inLanguage\":\"de\"}]}<\/script>\n<!-- \/ Yoast SEO plugin. -->","yoast_head_json":{"title":"Set mit 3 Nusscremes - Cukiernia DESEO Warszawa","description":"Set mit 3 Erdnusscremes - Perfekt f\u00fcr alle, die die Kombination aus N\u00fcssen und Schokolade lieben und sich nicht f\u00fcr eine Geschmacksrichtung entscheiden k\u00f6nnen!","robots":{"index":"index","follow":"follow","max-snippet":"max-snippet:-1","max-image-preview":"max-image-preview:large","max-video-preview":"max-video-preview:-1"},"canonical":"https:\/\/deseopatisserie.com\/de\/produkt\/set-mit-3-nusscremes-2\/","og_locale":"de_DE","og_type":"article","og_title":"Set mit 3 Nusscremes - Cukiernia DESEO","og_description":"Das perfekte Set f\u00fcr alle, die die Kombination aus N\u00fcssen und Schokolade lieben und sich nicht f\u00fcr eine Geschmacksrichtung entscheiden k\u00f6nnen! Bemerkung! Unsere Cremes sind ausschweifend und machen s\u00fcchtig! Jeder von ihnen ist k\u00f6stlich und \u00fcberraschend!","og_url":"https:\/\/deseopatisserie.com\/de\/produkt\/set-mit-3-nusscremes-2\/","og_site_name":"DESEO","og_image":[{"url":"https:\/\/deseopatisserie.com\/wp-content\/uploads\/2024\/01\/Projekt-bez-nazwy-1024x683.png","type":"","width":"","height":""}],"twitter_card":"summary_large_image","twitter_misc":{"Gesch\u00e4tzte Lesezeit":"1\u00a0Minute"},"schema":{"@context":"https:\/\/schema.org","@graph":[{"@type":"WebPage","@id":"https:\/\/deseopatisserie.com\/de\/produkt\/set-mit-3-nusscremes-2\/","url":"https:\/\/deseopatisserie.com\/de\/produkt\/set-mit-3-nusscremes-2\/","name":"Set mit 3 Nusscremes - Cukiernia DESEO Warszawa","isPartOf":{"@id":"https:\/\/deseopatisserie.com\/de\/#website"},"primaryImageOfPage":{"@id":"https:\/\/deseopatisserie.com\/de\/produkt\/set-mit-3-nusscremes-2\/#primaryimage"},"image":{"@id":"https:\/\/deseopatisserie.com\/de\/produkt\/set-mit-3-nusscremes-2\/#primaryimage"},"thumbnailUrl":"https:\/\/deseopatisserie.com\/\/wp-content\/uploads\/2024\/11\/zestaw-3-kremow.png","datePublished":"2024-11-20T09:33:22+00:00","description":"Set mit 3 Erdnusscremes - Perfekt f\u00fcr alle, die die Kombination aus N\u00fcssen und Schokolade lieben und sich nicht f\u00fcr eine Geschmacksrichtung entscheiden k\u00f6nnen!","breadcrumb":{"@id":"https:\/\/deseopatisserie.com\/de\/produkt\/set-mit-3-nusscremes-2\/#breadcrumb"},"inLanguage":"de","potentialAction":[{"@type":"ReadAction","target":["https:\/\/deseopatisserie.com\/de\/produkt\/set-mit-3-nusscremes-2\/"]}]},{"@type":"ImageObject","inLanguage":"de","@id":"https:\/\/deseopatisserie.com\/de\/produkt\/set-mit-3-nusscremes-2\/#primaryimage","url":"https:\/\/deseopatisserie.com\/\/wp-content\/uploads\/2024\/11\/zestaw-3-kremow.png","contentUrl":"https:\/\/deseopatisserie.com\/\/wp-content\/uploads\/2024\/11\/zestaw-3-kremow.png","width":2500,"height":1667,"caption":"zestaw 3 krem\u00f3w orzechowych"},{"@type":"BreadcrumbList","@id":"https:\/\/deseopatisserie.com\/de\/produkt\/set-mit-3-nusscremes-2\/#breadcrumb","itemListElement":[{"@type":"ListItem","position":1,"name":"Strona g\u0142\u00f3wna","item":"https:\/\/deseopatisserie.com\/de\/homepage\/"},{"@type":"ListItem","position":2,"name":"Set mit 3 Nusscremes"}]},{"@type":"WebSite","@id":"https:\/\/deseopatisserie.com\/de\/#website","url":"https:\/\/deseopatisserie.com\/de\/","name":"DESEO","description":"Patisserie &amp; Chocolaterie","potentialAction":[{"@type":"SearchAction","target":{"@type":"EntryPoint","urlTemplate":"https:\/\/deseopatisserie.com\/de\/?s={search_term_string}"},"query-input":{"@type":"PropertyValueSpecification","valueRequired":true,"valueName":"search_term_string"}}],"inLanguage":"de"}]}},"_links":{"self":[{"href":"https:\/\/deseopatisserie.com\/de\/wp-json\/wp\/v2\/product\/107461","targetHints":{"allow":["GET"]}}],"collection":[{"href":"https:\/\/deseopatisserie.com\/de\/wp-json\/wp\/v2\/product"}],"about":[{"href":"https:\/\/deseopatisserie.com\/de\/wp-json\/wp\/v2\/types\/product"}],"wp:featuredmedia":[{"embeddable":true,"href":"https:\/\/deseopatisserie.com\/de\/wp-json\/wp\/v2\/media\/99255"}],"wp:attachment":[{"href":"https:\/\/deseopatisserie.com\/de\/wp-json\/wp\/v2\/media?parent=107461"}],"wp:term":[{"taxonomy":"product_brand","embeddable":true,"href":"https:\/\/deseopatisserie.com\/de\/wp-json\/wp\/v2\/product_brand?post=107461"},{"taxonomy":"product_cat","embeddable":true,"href":"https:\/\/deseopatisserie.com\/de\/wp-json\/wp\/v2\/product_cat?post=107461"},{"taxonomy":"product_tag","embeddable":true,"href":"https:\/\/deseopatisserie.com\/de\/wp-json\/wp\/v2\/product_tag?post=107461"}],"curies":[{"name":"wp","href":"https:\/\/api.w.org\/{rel}","templated":true}]}}