{"id":104861,"date":"2025-03-03T08:59:39","date_gmt":"2025-03-03T07:59:39","guid":{"rendered":"https:\/\/deseopatisserie.com\/?post_type=product&#038;p=104861"},"modified":"2025-04-02T15:36:22","modified_gmt":"2025-04-02T13:36:22","slug":"schokoladen-halloween-workshop-kinder-kopia-kopia-kopia-kopia","status":"publish","type":"product","link":"https:\/\/deseopatisserie.com\/de\/produkt\/schokoladen-halloween-workshop-kinder-kopia-kopia-kopia-kopia\/","title":{"rendered":"DESEO Chocolate Queens Schokoladen-Workshops"},"content":{"rendered":"<p><strong>Schokoladenk\u00f6niginnen mit Deseo-Rei\u00dfverschluss<\/strong><\/p>\n<p>Verbringen Sie einen femininen Abend voller Aroma, Geschmack und Schokolade! Tauchen Sie ein in eine Welt der s\u00fc\u00dfen Gen\u00fcsse <\/p>\n<p>Dies ist die perfekte Gelegenheit, sich wie eine echte Schokoladenk\u00f6nigin zu f\u00fchlen! Wir werden nicht nur eine tolle Zeit haben, unsere eigenen Schokoladen zu probieren, kennenzulernen und zu kreieren, sondern wir werden auch die einzigartige Monoportion Cherry Lady probieren, die Sie mit ihrem Geschmack und ihrer Eleganz begeistern wird! <\/p>\n<p><strong>Was erwartet Sie?<\/strong><\/p>\n<p>W\u00e4hrend der Chocolate Queens-Workshops entdecken Sie die Geheimnisse der Welt der Schokolade in einer intimen, stimmungsvollen Atmosph\u00e4re.<\/p>\n<p><strong>Theoretischer Teil:<\/strong><\/p>\n<p>\u2022 Sie lernen den Prozess der Herstellung von &#8222;Bean-to-Bar&#8220;-Schokolade kennen \u2013 von der Kakaobohne bis zur Tafel.<br \/>\n\u2022 Du erf\u00e4hrst, wie und wo Kakao w\u00e4chst, sowie die Unterschiede zwischen wei\u00dfer, Milch- und Trockenschokolade.<br \/>\n\u2022 Sie reisen zu Kakaoplantagen in Mexiko, Costa Rica und Guatemala, wo DESEO-Besitzer von diesem einzigartigen Rohstoff erfuhren.<br \/>\n\u2022 Sie probieren verschiedene Schokoladensorten, darunter auch unsere originellen Rezepte \u2013 das Entdecken von Aromen macht auch gro\u00dfen Spa\u00df!<\/p>\n<p><strong>Praktischer Teil:<\/strong><\/p>\n<p>\u2022 Eigene Schokoriegel kreieren (jeder Teilnehmer kreiert zwei Riegel): Dies ist der Lieblingsteil aller Teilnehmer. Wir w\u00e4hlen unsere Lieblings-Toppings aus und kreieren einzigartige Pralinen. Es liegt an Ihnen, ob sie mit N\u00fcssen und Trockenfr\u00fcchten oder vielleicht verr\u00fcckter sein werden? Bei uns k\u00f6nnen Sie Ihre Kindheitstr\u00e4ume wahr werden lassen. Nach dem Dekorieren verpacken wir die Pralinen zusammen und du nimmst sie mit nach Hause. Du kannst sie selbst essen, mit deinen Lieben teilen oder vielleicht jemandem eine selbstgemachte Bean-to-Bar-Schokolade schenken.     <\/p>\n<p>\u2022 Verkostung der CHERRY LADY Monoportion! Cherry Monoportion in dieser Version ist eine M\u00e4rz-NEUHEIT bei DESEO! Es sieht wunderbar aus und schmeckt hervorragend! Es erwarten Sie eine samtige Mousse auf Basis von gebrannter wei\u00dfer Schokolade, Kirschcoulis mit Kirschst\u00fcckchen, Blondies auf Basis von Goldschokolade und knusprige Streusel.   <\/p>\n<p><strong>Organisatorisches:<\/strong><\/p>\n<p><strong>Dauer: 2 Stunden<br \/>\n<\/strong><strong>Preis: 125 PLN pro Person<br \/>\n<\/strong><strong>Veranstaltungsort: DESEO Patisserie &amp; Chocolaterie, Suwak 3, Warschau<br \/>\n<\/strong><strong>Mindestalter des Teilnehmers: 16 Jahre<\/strong><\/p>\n<p>Nehmen Sie an unserem Schokoladenabenteuer f\u00fcr Frauen teil Sie k\u00f6nnen sich selbst anmelden, Sie k\u00f6nnen eine Freundin, Mutter, Schwester oder&#8230; eine Tochter im Teenageralter! Wir warten auf alle Schokoladenk\u00f6niginnen! Buchen Sie noch heute Ihren Termin!  <\/p>\n<p><strong>Die Anzahl der Pl\u00e4tze ist begrenzt.<br \/>\n<\/strong>Wenn Sie Fragen haben, senden Sie uns bitte eine E-Mail an: contact@deseopatisserie.com<\/p>\n<p>Wir laden Sie zu Schokoladen-Workshops bei DESEO Suwak ein!<\/p>\n","protected":false},"excerpt":{"rendered":"<p><strong><u>Stw\u00f3rz w\u0142asne tabliczki czekolady \u2013 takie jak najbardziej lubisz!<\/u><\/strong>Sp\u0119d\u017a wiecz\u00f3r pe\u0142en aromatu i smaku, zanurz si\u0119 w \u015bwiecie s\u0142odkich przyjemno\u015bci.<\/p>\n<p>To idealna okazja, by poczu\u0107 si\u0119 jak prawdziwa czekoladowa kr\u00f3lowa! B\u0119dzie to wyj\u0105tkowy wiecz\u00f3r, r\u00f3wnie\u017c dlatego, \u017ce mamy przygotowane na t\u0105 okazj\u0119 nowe ciastko \ud83d\ude09<\/p>\n<style>.bookero-plugin-header {    background: #bf883b !important;}.calendar-days-list-cell.is-valid , .hours-section .hours-wrapper .hours-list-item {    background: #f4efea !important;    border: 1px solid #bf883b !important;    color: #bf883b !important;}.calendar-days-list-cell.is-selected , .hours-section .hours-wrapper .hours-list-item.is-selected {    background: #bf883b !important;    border-color: #bf883b !important;    color: #fff !important;}.submit-section .submit-button[data-v-1f0e9bc0] {    background: #bf883b !important;    border-radius: 1.5625rem !important;    height: 3.125rem !important;    margin-top: 1.25rem !important;    -webkit-transition: .3s background !important;    transition: .3s background !important;    width: 100% !important;}.submit-section .submit-button[data-v-1f0e9bc0]:hover {    background: #000 !important;}#bookero-plugin {    padding-top: 5px !important;    padding-bottom: 5px !important;    background-color: #f1f1f1 !important;}.is-waiting-list {    cursor: not-allowed !important;}.hours-section .hours-wrapper .hours-list-item.is-waiting-list:after {    background: #e63939 !important;    content: \"lista rezerwowa\" !important;    height: 7px !important;    font-size: 6.5px !important;    color: white !important;    width: 85% !important;}<\/style>\n<div id=\"bookero\"><\/div>\n<p><script type=\"text\/javascript\">var bookero_config = {\n    id: 'tidr1tlWQGo8',\n    container: 'bookero',\n    type: 'calendar',\n    position: '',\n    plugin_css: true,\n    lang: 'pl',\n    custom_config: {use_service_id: 71150}\n  };\n  (function() {\n  var d = document, s = d.createElement('script');\n  s.src = 'https:\/\/cdn.bookero.pl\/plugin\/v2\/js\/bookero-compiled.js';\n  d.body.appendChild(s);\n  })();\n<\/script><\/p>\n","protected":false},"featured_media":85198,"template":"","meta":{"_acf_changed":false},"product_brand":[],"product_cat":[2613,1850],"product_tag":[],"class_list":{"0":"post-104861","1":"product","2":"type-product","3":"status-publish","4":"has-post-thumbnail","6":"product_cat-frauentag","7":"product_cat-workshop","9":"first","10":"instock","11":"taxable","12":"shipping-taxable","13":"product-type-external"},"acf":[],"yoast_head":"<!-- This site is optimized with the Yoast SEO plugin v27.4 - https:\/\/yoast.com\/product\/yoast-seo-wordpress\/ -->\n<title>DESEO Chocolate Queens Schokoladen-Workshops - DESEO S\u00fc\u00dfwaren<\/title>\n<meta name=\"description\" content=\"DESEO Chocolate Queens Chocolate Workshops - Wir werden nicht nur eine tolle Zeit haben, unsere eigenen Schokoladen zu probieren, zu lernen und zu kreieren, sondern wir werden auch die einzigartige Cherry Lady Monoportion probieren, die Sie mit ihrem Geschmack und ihrer Eleganz begeistern wird!\" \/>\n<meta name=\"robots\" content=\"index, follow, max-snippet:-1, max-image-preview:large, max-video-preview:-1\" \/>\n<link rel=\"canonical\" href=\"https:\/\/deseopatisserie.com\/de\/produkt\/schokoladen-halloween-workshop-kinder-kopia-kopia-kopia-kopia\/\" \/>\n<meta property=\"og:locale\" content=\"de_DE\" \/>\n<meta property=\"og:type\" content=\"article\" \/>\n<meta property=\"og:title\" content=\"DESEO Chocolate Queens Schokoladen-Workshops\" \/>\n<meta property=\"og:description\" content=\"Dies ist die perfekte Gelegenheit, sich wie eine echte Schokoladenk\u00f6nigin zu f\u00fchlen! Wir werden nicht nur eine tolle Zeit haben, unsere eigenen Schokoladen zu probieren, kennenzulernen und zu kreieren, sondern wir werden auch die einzigartige Monoportion Cherry Lady probieren, die Sie mit ihrem Geschmack und ihrer Eleganz begeistern wird!\" \/>\n<meta property=\"og:url\" content=\"https:\/\/deseopatisserie.com\/de\/produkt\/schokoladen-halloween-workshop-kinder-kopia-kopia-kopia-kopia\/\" \/>\n<meta property=\"og:site_name\" content=\"DESEO\" \/>\n<meta property=\"article:modified_time\" content=\"2025-04-02T13:36:22+00:00\" \/>\n<meta property=\"og:image\" content=\"https:\/\/deseopatisserie.com\/wp-content\/uploads\/2022\/09\/DESEO-warsztaty-czekoladowe_11-1024x768.jpg\" \/>\n<meta name=\"twitter:card\" content=\"summary_large_image\" \/>\n<meta name=\"twitter:label1\" content=\"Gesch\u00e4tzte Lesezeit\" \/>\n\t<meta name=\"twitter:data1\" content=\"4\u00a0Minute\" \/>\n<script type=\"application\/ld+json\" class=\"yoast-schema-graph\">{\"@context\":\"https:\\\/\\\/schema.org\",\"@graph\":[{\"@type\":\"WebPage\",\"@id\":\"https:\\\/\\\/deseopatisserie.com\\\/de\\\/produkt\\\/schokoladen-halloween-workshop-kinder-kopia-kopia-kopia-kopia\\\/\",\"url\":\"https:\\\/\\\/deseopatisserie.com\\\/de\\\/produkt\\\/schokoladen-halloween-workshop-kinder-kopia-kopia-kopia-kopia\\\/\",\"name\":\"DESEO Chocolate Queens Schokoladen-Workshops - DESEO S\u00fc\u00dfwaren\",\"isPartOf\":{\"@id\":\"https:\\\/\\\/deseopatisserie.com\\\/de\\\/#website\"},\"primaryImageOfPage\":{\"@id\":\"https:\\\/\\\/deseopatisserie.com\\\/de\\\/produkt\\\/schokoladen-halloween-workshop-kinder-kopia-kopia-kopia-kopia\\\/#primaryimage\"},\"image\":{\"@id\":\"https:\\\/\\\/deseopatisserie.com\\\/de\\\/produkt\\\/schokoladen-halloween-workshop-kinder-kopia-kopia-kopia-kopia\\\/#primaryimage\"},\"thumbnailUrl\":\"https:\\\/\\\/deseopatisserie.com\\\/\\\/wp-content\\\/uploads\\\/2024\\\/02\\\/Deseo-Dzien-Kobiet-8632i-czekolada-w-ciastku-kopia.jpg\",\"datePublished\":\"2025-03-03T07:59:39+00:00\",\"dateModified\":\"2025-04-02T13:36:22+00:00\",\"description\":\"DESEO Chocolate Queens Chocolate Workshops - Wir werden nicht nur eine tolle Zeit haben, unsere eigenen Schokoladen zu probieren, zu lernen und zu kreieren, sondern wir werden auch die einzigartige Cherry Lady Monoportion probieren, die Sie mit ihrem Geschmack und ihrer Eleganz begeistern wird!\",\"breadcrumb\":{\"@id\":\"https:\\\/\\\/deseopatisserie.com\\\/de\\\/produkt\\\/schokoladen-halloween-workshop-kinder-kopia-kopia-kopia-kopia\\\/#breadcrumb\"},\"inLanguage\":\"de\",\"potentialAction\":[{\"@type\":\"ReadAction\",\"target\":[\"https:\\\/\\\/deseopatisserie.com\\\/de\\\/produkt\\\/schokoladen-halloween-workshop-kinder-kopia-kopia-kopia-kopia\\\/\"]}]},{\"@type\":\"ImageObject\",\"inLanguage\":\"de\",\"@id\":\"https:\\\/\\\/deseopatisserie.com\\\/de\\\/produkt\\\/schokoladen-halloween-workshop-kinder-kopia-kopia-kopia-kopia\\\/#primaryimage\",\"url\":\"https:\\\/\\\/deseopatisserie.com\\\/\\\/wp-content\\\/uploads\\\/2024\\\/02\\\/Deseo-Dzien-Kobiet-8632i-czekolada-w-ciastku-kopia.jpg\",\"contentUrl\":\"https:\\\/\\\/deseopatisserie.com\\\/\\\/wp-content\\\/uploads\\\/2024\\\/02\\\/Deseo-Dzien-Kobiet-8632i-czekolada-w-ciastku-kopia.jpg\",\"width\":2000,\"height\":1333},{\"@type\":\"BreadcrumbList\",\"@id\":\"https:\\\/\\\/deseopatisserie.com\\\/de\\\/produkt\\\/schokoladen-halloween-workshop-kinder-kopia-kopia-kopia-kopia\\\/#breadcrumb\",\"itemListElement\":[{\"@type\":\"ListItem\",\"position\":1,\"name\":\"Strona g\u0142\u00f3wna\",\"item\":\"https:\\\/\\\/deseopatisserie.com\\\/de\\\/homepage\\\/\"},{\"@type\":\"ListItem\",\"position\":2,\"name\":\"Prywatne: DESEO Chocolate Queens Schokoladen-Workshops\"}]},{\"@type\":\"WebSite\",\"@id\":\"https:\\\/\\\/deseopatisserie.com\\\/de\\\/#website\",\"url\":\"https:\\\/\\\/deseopatisserie.com\\\/de\\\/\",\"name\":\"DESEO\",\"description\":\"Patisserie &amp; Chocolaterie\",\"potentialAction\":[{\"@type\":\"SearchAction\",\"target\":{\"@type\":\"EntryPoint\",\"urlTemplate\":\"https:\\\/\\\/deseopatisserie.com\\\/de\\\/?s={search_term_string}\"},\"query-input\":{\"@type\":\"PropertyValueSpecification\",\"valueRequired\":true,\"valueName\":\"search_term_string\"}}],\"inLanguage\":\"de\"}]}<\/script>\n<!-- \/ Yoast SEO plugin. -->","yoast_head_json":{"title":"DESEO Chocolate Queens Schokoladen-Workshops - DESEO S\u00fc\u00dfwaren","description":"DESEO Chocolate Queens Chocolate Workshops - Wir werden nicht nur eine tolle Zeit haben, unsere eigenen Schokoladen zu probieren, zu lernen und zu kreieren, sondern wir werden auch die einzigartige Cherry Lady Monoportion probieren, die Sie mit ihrem Geschmack und ihrer Eleganz begeistern wird!","robots":{"index":"index","follow":"follow","max-snippet":"max-snippet:-1","max-image-preview":"max-image-preview:large","max-video-preview":"max-video-preview:-1"},"canonical":"https:\/\/deseopatisserie.com\/de\/produkt\/schokoladen-halloween-workshop-kinder-kopia-kopia-kopia-kopia\/","og_locale":"de_DE","og_type":"article","og_title":"DESEO Chocolate Queens Schokoladen-Workshops","og_description":"Dies ist die perfekte Gelegenheit, sich wie eine echte Schokoladenk\u00f6nigin zu f\u00fchlen! Wir werden nicht nur eine tolle Zeit haben, unsere eigenen Schokoladen zu probieren, kennenzulernen und zu kreieren, sondern wir werden auch die einzigartige Monoportion Cherry Lady probieren, die Sie mit ihrem Geschmack und ihrer Eleganz begeistern wird!","og_url":"https:\/\/deseopatisserie.com\/de\/produkt\/schokoladen-halloween-workshop-kinder-kopia-kopia-kopia-kopia\/","og_site_name":"DESEO","article_modified_time":"2025-04-02T13:36:22+00:00","og_image":[{"url":"https:\/\/deseopatisserie.com\/wp-content\/uploads\/2022\/09\/DESEO-warsztaty-czekoladowe_11-1024x768.jpg","type":"","width":"","height":""}],"twitter_card":"summary_large_image","twitter_misc":{"Gesch\u00e4tzte Lesezeit":"4\u00a0Minute"},"schema":{"@context":"https:\/\/schema.org","@graph":[{"@type":"WebPage","@id":"https:\/\/deseopatisserie.com\/de\/produkt\/schokoladen-halloween-workshop-kinder-kopia-kopia-kopia-kopia\/","url":"https:\/\/deseopatisserie.com\/de\/produkt\/schokoladen-halloween-workshop-kinder-kopia-kopia-kopia-kopia\/","name":"DESEO Chocolate Queens Schokoladen-Workshops - DESEO S\u00fc\u00dfwaren","isPartOf":{"@id":"https:\/\/deseopatisserie.com\/de\/#website"},"primaryImageOfPage":{"@id":"https:\/\/deseopatisserie.com\/de\/produkt\/schokoladen-halloween-workshop-kinder-kopia-kopia-kopia-kopia\/#primaryimage"},"image":{"@id":"https:\/\/deseopatisserie.com\/de\/produkt\/schokoladen-halloween-workshop-kinder-kopia-kopia-kopia-kopia\/#primaryimage"},"thumbnailUrl":"https:\/\/deseopatisserie.com\/\/wp-content\/uploads\/2024\/02\/Deseo-Dzien-Kobiet-8632i-czekolada-w-ciastku-kopia.jpg","datePublished":"2025-03-03T07:59:39+00:00","dateModified":"2025-04-02T13:36:22+00:00","description":"DESEO Chocolate Queens Chocolate Workshops - Wir werden nicht nur eine tolle Zeit haben, unsere eigenen Schokoladen zu probieren, zu lernen und zu kreieren, sondern wir werden auch die einzigartige Cherry Lady Monoportion probieren, die Sie mit ihrem Geschmack und ihrer Eleganz begeistern wird!","breadcrumb":{"@id":"https:\/\/deseopatisserie.com\/de\/produkt\/schokoladen-halloween-workshop-kinder-kopia-kopia-kopia-kopia\/#breadcrumb"},"inLanguage":"de","potentialAction":[{"@type":"ReadAction","target":["https:\/\/deseopatisserie.com\/de\/produkt\/schokoladen-halloween-workshop-kinder-kopia-kopia-kopia-kopia\/"]}]},{"@type":"ImageObject","inLanguage":"de","@id":"https:\/\/deseopatisserie.com\/de\/produkt\/schokoladen-halloween-workshop-kinder-kopia-kopia-kopia-kopia\/#primaryimage","url":"https:\/\/deseopatisserie.com\/\/wp-content\/uploads\/2024\/02\/Deseo-Dzien-Kobiet-8632i-czekolada-w-ciastku-kopia.jpg","contentUrl":"https:\/\/deseopatisserie.com\/\/wp-content\/uploads\/2024\/02\/Deseo-Dzien-Kobiet-8632i-czekolada-w-ciastku-kopia.jpg","width":2000,"height":1333},{"@type":"BreadcrumbList","@id":"https:\/\/deseopatisserie.com\/de\/produkt\/schokoladen-halloween-workshop-kinder-kopia-kopia-kopia-kopia\/#breadcrumb","itemListElement":[{"@type":"ListItem","position":1,"name":"Strona g\u0142\u00f3wna","item":"https:\/\/deseopatisserie.com\/de\/homepage\/"},{"@type":"ListItem","position":2,"name":"Prywatne: DESEO Chocolate Queens Schokoladen-Workshops"}]},{"@type":"WebSite","@id":"https:\/\/deseopatisserie.com\/de\/#website","url":"https:\/\/deseopatisserie.com\/de\/","name":"DESEO","description":"Patisserie &amp; Chocolaterie","potentialAction":[{"@type":"SearchAction","target":{"@type":"EntryPoint","urlTemplate":"https:\/\/deseopatisserie.com\/de\/?s={search_term_string}"},"query-input":{"@type":"PropertyValueSpecification","valueRequired":true,"valueName":"search_term_string"}}],"inLanguage":"de"}]}},"_links":{"self":[{"href":"https:\/\/deseopatisserie.com\/de\/wp-json\/wp\/v2\/product\/104861","targetHints":{"allow":["GET"]}}],"collection":[{"href":"https:\/\/deseopatisserie.com\/de\/wp-json\/wp\/v2\/product"}],"about":[{"href":"https:\/\/deseopatisserie.com\/de\/wp-json\/wp\/v2\/types\/product"}],"wp:featuredmedia":[{"embeddable":true,"href":"https:\/\/deseopatisserie.com\/de\/wp-json\/wp\/v2\/media\/85198"}],"wp:attachment":[{"href":"https:\/\/deseopatisserie.com\/de\/wp-json\/wp\/v2\/media?parent=104861"}],"wp:term":[{"taxonomy":"product_brand","embeddable":true,"href":"https:\/\/deseopatisserie.com\/de\/wp-json\/wp\/v2\/product_brand?post=104861"},{"taxonomy":"product_cat","embeddable":true,"href":"https:\/\/deseopatisserie.com\/de\/wp-json\/wp\/v2\/product_cat?post=104861"},{"taxonomy":"product_tag","embeddable":true,"href":"https:\/\/deseopatisserie.com\/de\/wp-json\/wp\/v2\/product_tag?post=104861"}],"curies":[{"name":"wp","href":"https:\/\/api.w.org\/{rel}","templated":true}]}}