{"id":93257,"date":"2020-04-08T12:29:49","date_gmt":"2020-04-08T10:29:49","guid":{"rendered":"https:\/\/deseopatisserie.com\/kontakt\/"},"modified":"2025-04-02T14:44:50","modified_gmt":"2025-04-02T12:44:50","slug":"kontakt","status":"publish","type":"page","link":"https:\/\/deseopatisserie.com\/de\/kontakt\/","title":{"rendered":"Kontakt"},"content":{"rendered":"<p style=\"text-align: center; margin-top: -100px;\">DESEO Patisserie &amp; Chocolaterie ist eine Warschauer Luxuskonditorei, die sich auf kleine Tortenkekse, Kuchen und Schokoladenpralinen spezialisiert hat.<\/p>\n<p style=\"text-align: center;\">Sehen Sie sich alle unsere Standorte an:<\/p>\n<p style=\"text-align: center;\"><strong>Warschau<\/strong><br \/>\n<span style=\"color: #bf883b;\"><a style=\"color: #bf883b;\" href=\"https:\/\/deseopatisserie.com\/de\/lokal\/deseo-suesswaren-warschau-suwak\/\">DESEO 3 Suwak Street, Warschau <\/a><\/span><br \/>\n<span style=\"color: #bf883b;\"><a style=\"color: #bf883b;\" href=\"https:\/\/deseopatisserie.com\/de\/lokal\/deseo-suesswaren-warschau-burakowska\/\">DESEO 5\/7 Burakowska Stra\u00dfe, Warschau <\/a><\/span><br \/>\n<span style=\"color: #bf883b;\"><a style=\"color: #bf883b;\" href=\"https:\/\/deseopatisserie.com\/de\/lokal\/deseo-konditorei-warschau-fort-sluzew\/\">DESEO 1b Fort S\u0142u\u017cew Stra\u00dfe, Warschau <\/a><\/span><br \/>\n<span style=\"color: #bf883b;\"><a style=\"color: #bf883b;\" href=\"https:\/\/deseopatisserie.com\/de\/lokal\/deseo-suesswaren-warschau-warschauer-brauereien\/\">DESEO Warsaw Brewery, Krochmalna Stra\u00dfe 59, Warschau <\/a><\/span><br \/>\n<span style=\"color: #bf883b;\"><a style=\"color: #bf883b;\" href=\"https:\/\/deseopatisserie.com\/de\/lokal\/deseo-suesswaren-warschau-przyczolkowa\/\">DESEO 223 Przycz\u00f3\u0142kowa Stra\u00dfe, Warschau <\/a><\/span><br \/>\n<span style=\"color: #bf883b;\"><a style=\"color: #bf883b;\" href=\"https:\/\/deseopatisserie.com\/de\/lokal\/deseo-suesswaren-warschau-marszalkowska\/\">DESEO Marsza\u0142kowska Stra\u00dfe 89, Warschau <\/a><\/span><\/p>\n<p style=\"text-align: center;\"><strong>Posen<\/strong><br \/>\n<span style=\"color: #bf883b;\"><a style=\"color: #bf883b;\" href=\"https:\/\/deseopatisserie.com\/de\/lokal\/deseo-konditorei-poznan-stary-browar\/\">DESEO Stary Browar, P\u00f3\u0142wiejska Stra\u00dfe 42, Pozna\u0144 <\/a><\/span><\/p>\n<p style=\"text-align: center;\"><strong>Danzig<\/strong><br \/>\n<span style=\"color: #bf883b;\"><a style=\"color: #bf883b;\" href=\"https:\/\/deseopatisserie.com\/de\/lokal\/deseo-konditorei-gdansk-montownia-food-hall\/\">DESEO Montownia Food Hall, Lisia Grobla Stra\u00dfe 7, Danzig <\/a><\/span><\/p>\n<p style=\"text-align: center;\"><strong>Zoppot<\/strong><br \/>\n<span style=\"color: #bf883b;\"><a style=\"color: #bf883b;\" href=\"https:\/\/deseopatisserie.com\/de\/lokal\/deseo-konditorei-sopot-spa-square\/\">DESEO Plac Zdrojowy 2, Zoppot<\/a><\/span><\/p>\n<p style=\"text-align: center;\"><strong>Breslau<\/strong><br \/>\n<span style=\"color: #bf883b;\"><a style=\"color: #bf883b;\" href=\"https:\/\/deseopatisserie.com\/de\/lokal\/deseo-konditorei-breslau-boule\/\">DESEO 11 Ksi\u0119cia Witolda Stra\u00dfe, Breslau <\/a><\/span><\/p>\n<p style=\"text-align: center; margin-bottom: 50px;\"><strong>Boot<\/strong><br \/>\n<span style=\"color: #bf883b;\"><a style=\"color: #bf883b;\" href=\"https:\/\/deseopatisserie.com\/de\/lokal\/deseo-suesswaren-lodz-fuzja\/\">DESEO 11E Pfarrer Bischof Tymienieckiego Stra\u00dfe, \u0141\u00f3d\u017a  <\/a><\/span><\/p>\n","protected":false},"excerpt":{"rendered":"<p>DESEO Patisserie &amp; Chocolaterie ist eine Warschauer Luxuskonditorei, die sich auf kleine Tortenkekse, Kuchen und Schokoladenpralinen spezialisiert hat. Sehen Sie sich alle unsere Standorte an: Warschau DESEO 3 Suwak Street, Warschau DESEO 5\/7 Burakowska Stra\u00dfe, Warschau DESEO 1b Fort S\u0142u\u017cew Stra\u00dfe, Warschau DESEO Warsaw Brewery, Krochmalna Stra\u00dfe 59, Warschau DESEO 223 Przycz\u00f3\u0142kowa Stra\u00dfe, Warschau DESEO Marsza\u0142kowska Stra\u00dfe 89, Warschau Posen DESEO Stary Browar, P\u00f3\u0142wiejska Stra\u00dfe 42, Pozna\u0144 Danzig DESEO Montownia Food Hall, Lisia Grobla Stra\u00dfe 7, Danzig Zoppot DESEO Plac Zdrojowy 2, Zoppot Breslau DESEO 11 Ksi\u0119cia Witolda Stra\u00dfe, Breslau Boot DESEO 11E Pfarrer Bischof Tymienieckiego Stra\u00dfe, \u0141\u00f3d\u017a<\/p>\n","protected":false},"author":1,"featured_media":86196,"parent":0,"menu_order":4,"comment_status":"closed","ping_status":"closed","template":"single-locations.php","meta":{"_acf_changed":false,"footnotes":""},"class_list":["post-93257","page","type-page","status-publish","has-post-thumbnail","hentry"],"acf":[],"yoast_head":"<!-- This site is optimized with the Yoast SEO plugin v27.4 - https:\/\/yoast.com\/product\/yoast-seo-wordpress\/ -->\n<title>Kontakt mit der Konditorei DESEO in Warschau<\/title>\n<meta name=\"description\" content=\"M\u00f6chten Sie eine Bestellung aufgeben, denken Sie \u00fcber eine Zusammenarbeit nach oder haben Sie Fragen an uns? Treten Sie ein und kontaktieren Sie uns. Willkommen!\" \/>\n<meta name=\"robots\" content=\"index, follow, max-snippet:-1, max-image-preview:large, max-video-preview:-1\" \/>\n<link rel=\"canonical\" href=\"https:\/\/deseopatisserie.com\/de\/kontakt\/\" \/>\n<meta property=\"og:locale\" content=\"de_DE\" \/>\n<meta property=\"og:type\" content=\"article\" \/>\n<meta property=\"og:title\" content=\"Kontakt mit der Konditorei DESEO in Warschau\" \/>\n<meta property=\"og:description\" content=\"M\u00f6chten Sie eine Bestellung aufgeben, denken Sie \u00fcber eine Zusammenarbeit nach oder haben Sie Fragen an uns? Treten Sie ein und kontaktieren Sie uns. Willkommen!\" \/>\n<meta property=\"og:url\" content=\"https:\/\/deseopatisserie.com\/de\/kontakt\/\" \/>\n<meta property=\"og:site_name\" content=\"DESEO\" \/>\n<meta property=\"article:modified_time\" content=\"2025-04-02T12:44:50+00:00\" \/>\n<meta property=\"og:image\" content=\"https:\/\/deseopatisserie.com\/wp-content\/uploads\/2024\/02\/Deseo-Dzien-Kobiet-8620i-czekolada-w-ciastku-kopia.jpg\" \/>\n<meta name=\"twitter:card\" content=\"summary_large_image\" \/>\n<meta name=\"twitter:label1\" content=\"Gesch\u00e4tzte Lesezeit\" \/>\n\t<meta name=\"twitter:data1\" content=\"1\u00a0Minute\" \/>\n<script type=\"application\/ld+json\" class=\"yoast-schema-graph\">{\"@context\":\"https:\\\/\\\/schema.org\",\"@graph\":[{\"@type\":\"WebPage\",\"@id\":\"https:\\\/\\\/deseopatisserie.com\\\/de\\\/kontakt\\\/\",\"url\":\"https:\\\/\\\/deseopatisserie.com\\\/de\\\/kontakt\\\/\",\"name\":\"Kontakt mit der Konditorei DESEO in Warschau\",\"isPartOf\":{\"@id\":\"https:\\\/\\\/deseopatisserie.com\\\/de\\\/#website\"},\"primaryImageOfPage\":{\"@id\":\"https:\\\/\\\/deseopatisserie.com\\\/de\\\/kontakt\\\/#primaryimage\"},\"image\":{\"@id\":\"https:\\\/\\\/deseopatisserie.com\\\/de\\\/kontakt\\\/#primaryimage\"},\"thumbnailUrl\":\"https:\\\/\\\/deseopatisserie.com\\\/\\\/wp-content\\\/uploads\\\/2024\\\/09\\\/PG_MG_5031.jpg\",\"datePublished\":\"2020-04-08T10:29:49+00:00\",\"dateModified\":\"2025-04-02T12:44:50+00:00\",\"description\":\"M\u00f6chten Sie eine Bestellung aufgeben, denken Sie \u00fcber eine Zusammenarbeit nach oder haben Sie Fragen an uns? Treten Sie ein und kontaktieren Sie uns. Willkommen!\",\"breadcrumb\":{\"@id\":\"https:\\\/\\\/deseopatisserie.com\\\/de\\\/kontakt\\\/#breadcrumb\"},\"inLanguage\":\"de\",\"potentialAction\":[{\"@type\":\"ReadAction\",\"target\":[\"https:\\\/\\\/deseopatisserie.com\\\/de\\\/kontakt\\\/\"]}]},{\"@type\":\"ImageObject\",\"inLanguage\":\"de\",\"@id\":\"https:\\\/\\\/deseopatisserie.com\\\/de\\\/kontakt\\\/#primaryimage\",\"url\":\"https:\\\/\\\/deseopatisserie.com\\\/\\\/wp-content\\\/uploads\\\/2024\\\/09\\\/PG_MG_5031.jpg\",\"contentUrl\":\"https:\\\/\\\/deseopatisserie.com\\\/\\\/wp-content\\\/uploads\\\/2024\\\/09\\\/PG_MG_5031.jpg\",\"width\":2048,\"height\":1365,\"caption\":\"deseo lodz\"},{\"@type\":\"BreadcrumbList\",\"@id\":\"https:\\\/\\\/deseopatisserie.com\\\/de\\\/kontakt\\\/#breadcrumb\",\"itemListElement\":[{\"@type\":\"ListItem\",\"position\":1,\"name\":\"Strona g\u0142\u00f3wna\",\"item\":\"https:\\\/\\\/deseopatisserie.com\\\/de\\\/homepage\\\/\"},{\"@type\":\"ListItem\",\"position\":2,\"name\":\"Kontakt\"}]},{\"@type\":\"WebSite\",\"@id\":\"https:\\\/\\\/deseopatisserie.com\\\/de\\\/#website\",\"url\":\"https:\\\/\\\/deseopatisserie.com\\\/de\\\/\",\"name\":\"DESEO\",\"description\":\"Patisserie &amp; Chocolaterie\",\"potentialAction\":[{\"@type\":\"SearchAction\",\"target\":{\"@type\":\"EntryPoint\",\"urlTemplate\":\"https:\\\/\\\/deseopatisserie.com\\\/de\\\/?s={search_term_string}\"},\"query-input\":{\"@type\":\"PropertyValueSpecification\",\"valueRequired\":true,\"valueName\":\"search_term_string\"}}],\"inLanguage\":\"de\"}]}<\/script>\n<!-- \/ Yoast SEO plugin. -->","yoast_head_json":{"title":"Kontakt mit der Konditorei DESEO in Warschau","description":"M\u00f6chten Sie eine Bestellung aufgeben, denken Sie \u00fcber eine Zusammenarbeit nach oder haben Sie Fragen an uns? Treten Sie ein und kontaktieren Sie uns. Willkommen!","robots":{"index":"index","follow":"follow","max-snippet":"max-snippet:-1","max-image-preview":"max-image-preview:large","max-video-preview":"max-video-preview:-1"},"canonical":"https:\/\/deseopatisserie.com\/de\/kontakt\/","og_locale":"de_DE","og_type":"article","og_title":"Kontakt mit der Konditorei DESEO in Warschau","og_description":"M\u00f6chten Sie eine Bestellung aufgeben, denken Sie \u00fcber eine Zusammenarbeit nach oder haben Sie Fragen an uns? Treten Sie ein und kontaktieren Sie uns. Willkommen!","og_url":"https:\/\/deseopatisserie.com\/de\/kontakt\/","og_site_name":"DESEO","article_modified_time":"2025-04-02T12:44:50+00:00","og_image":[{"url":"https:\/\/deseopatisserie.com\/wp-content\/uploads\/2024\/02\/Deseo-Dzien-Kobiet-8620i-czekolada-w-ciastku-kopia.jpg","type":"","width":"","height":""}],"twitter_card":"summary_large_image","twitter_misc":{"Gesch\u00e4tzte Lesezeit":"1\u00a0Minute"},"schema":{"@context":"https:\/\/schema.org","@graph":[{"@type":"WebPage","@id":"https:\/\/deseopatisserie.com\/de\/kontakt\/","url":"https:\/\/deseopatisserie.com\/de\/kontakt\/","name":"Kontakt mit der Konditorei DESEO in Warschau","isPartOf":{"@id":"https:\/\/deseopatisserie.com\/de\/#website"},"primaryImageOfPage":{"@id":"https:\/\/deseopatisserie.com\/de\/kontakt\/#primaryimage"},"image":{"@id":"https:\/\/deseopatisserie.com\/de\/kontakt\/#primaryimage"},"thumbnailUrl":"https:\/\/deseopatisserie.com\/\/wp-content\/uploads\/2024\/09\/PG_MG_5031.jpg","datePublished":"2020-04-08T10:29:49+00:00","dateModified":"2025-04-02T12:44:50+00:00","description":"M\u00f6chten Sie eine Bestellung aufgeben, denken Sie \u00fcber eine Zusammenarbeit nach oder haben Sie Fragen an uns? Treten Sie ein und kontaktieren Sie uns. Willkommen!","breadcrumb":{"@id":"https:\/\/deseopatisserie.com\/de\/kontakt\/#breadcrumb"},"inLanguage":"de","potentialAction":[{"@type":"ReadAction","target":["https:\/\/deseopatisserie.com\/de\/kontakt\/"]}]},{"@type":"ImageObject","inLanguage":"de","@id":"https:\/\/deseopatisserie.com\/de\/kontakt\/#primaryimage","url":"https:\/\/deseopatisserie.com\/\/wp-content\/uploads\/2024\/09\/PG_MG_5031.jpg","contentUrl":"https:\/\/deseopatisserie.com\/\/wp-content\/uploads\/2024\/09\/PG_MG_5031.jpg","width":2048,"height":1365,"caption":"deseo lodz"},{"@type":"BreadcrumbList","@id":"https:\/\/deseopatisserie.com\/de\/kontakt\/#breadcrumb","itemListElement":[{"@type":"ListItem","position":1,"name":"Strona g\u0142\u00f3wna","item":"https:\/\/deseopatisserie.com\/de\/homepage\/"},{"@type":"ListItem","position":2,"name":"Kontakt"}]},{"@type":"WebSite","@id":"https:\/\/deseopatisserie.com\/de\/#website","url":"https:\/\/deseopatisserie.com\/de\/","name":"DESEO","description":"Patisserie &amp; Chocolaterie","potentialAction":[{"@type":"SearchAction","target":{"@type":"EntryPoint","urlTemplate":"https:\/\/deseopatisserie.com\/de\/?s={search_term_string}"},"query-input":{"@type":"PropertyValueSpecification","valueRequired":true,"valueName":"search_term_string"}}],"inLanguage":"de"}]}},"_links":{"self":[{"href":"https:\/\/deseopatisserie.com\/de\/wp-json\/wp\/v2\/pages\/93257","targetHints":{"allow":["GET"]}}],"collection":[{"href":"https:\/\/deseopatisserie.com\/de\/wp-json\/wp\/v2\/pages"}],"about":[{"href":"https:\/\/deseopatisserie.com\/de\/wp-json\/wp\/v2\/types\/page"}],"author":[{"embeddable":true,"href":"https:\/\/deseopatisserie.com\/de\/wp-json\/wp\/v2\/users\/1"}],"replies":[{"embeddable":true,"href":"https:\/\/deseopatisserie.com\/de\/wp-json\/wp\/v2\/comments?post=93257"}],"version-history":[{"count":0,"href":"https:\/\/deseopatisserie.com\/de\/wp-json\/wp\/v2\/pages\/93257\/revisions"}],"wp:featuredmedia":[{"embeddable":true,"href":"https:\/\/deseopatisserie.com\/de\/wp-json\/wp\/v2\/media\/86196"}],"wp:attachment":[{"href":"https:\/\/deseopatisserie.com\/de\/wp-json\/wp\/v2\/media?parent=93257"}],"curies":[{"name":"wp","href":"https:\/\/api.w.org\/{rel}","templated":true}]}}