{"id":93065,"date":"2020-04-08T10:48:25","date_gmt":"2020-04-08T08:48:25","guid":{"rendered":"https:\/\/deseopatisserie.com\/homepage\/"},"modified":"2026-03-23T11:59:21","modified_gmt":"2026-03-23T10:59:21","slug":"homepage","status":"publish","type":"page","link":"https:\/\/deseopatisserie.com\/de\/","title":{"rendered":"Homepage"},"content":{"rendered":"","protected":false},"excerpt":{"rendered":"","protected":false},"author":1,"featured_media":0,"parent":0,"menu_order":1,"comment_status":"closed","ping_status":"open","template":"front-page.php","meta":{"_acf_changed":false,"footnotes":""},"class_list":["post-93065","page","type-page","status-publish","hentry"],"acf":[],"yoast_head":"<!-- This site is optimized with the Yoast SEO plugin v27.4 - https:\/\/yoast.com\/product\/yoast-seo-wordpress\/ -->\n<title>Luxus-S\u00fc\u00dfwaren DESEO Patisserie &amp; Chocolaterie in Warschau<\/title>\n<meta name=\"description\" content=\"Die luxuri\u00f6se Konditorei DESEO Patisserie &amp; Chocolaterie in Warschau bietet m.in, Kuchen und Kuchen aus den hochwertigsten Zutaten\" \/>\n<meta name=\"robots\" content=\"index, follow, max-snippet:-1, max-image-preview:large, max-video-preview:-1\" \/>\n<link rel=\"canonical\" href=\"https:\/\/deseopatisserie.com\/de\/\" \/>\n<meta property=\"og:locale\" content=\"de_DE\" \/>\n<meta property=\"og:type\" content=\"article\" \/>\n<meta property=\"og:title\" content=\"DESEO\" \/>\n<meta property=\"og:description\" content=\"Die luxuri\u00f6se Konditorei DESEO Patisserie &amp; Chocolaterie in Warschau bietet m.in, Kuchen und Kuchen aus den hochwertigsten Zutaten\" \/>\n<meta property=\"og:url\" content=\"https:\/\/deseopatisserie.com\/de\/\" \/>\n<meta property=\"og:site_name\" content=\"DESEO\" \/>\n<meta property=\"article:modified_time\" content=\"2026-03-23T10:59:21+00:00\" \/>\n<meta property=\"og:image\" content=\"https:\/\/deseopatisserie.com\/wp-content\/uploads\/2023\/05\/DESEO_Croissant-Pistacjowy_1-1024x683.jpg\" \/>\n<meta name=\"twitter:card\" content=\"summary_large_image\" \/>\n<script type=\"application\/ld+json\" class=\"yoast-schema-graph\">{\"@context\":\"https:\\\/\\\/schema.org\",\"@graph\":[{\"@type\":\"WebPage\",\"@id\":\"https:\\\/\\\/deseopatisserie.com\\\/de\\\/\",\"url\":\"https:\\\/\\\/deseopatisserie.com\\\/de\\\/\",\"name\":\"Luxus-S\u00fc\u00dfwaren DESEO Patisserie & Chocolaterie in Warschau\",\"isPartOf\":{\"@id\":\"https:\\\/\\\/deseopatisserie.com\\\/de\\\/#website\"},\"datePublished\":\"2020-04-08T08:48:25+00:00\",\"dateModified\":\"2026-03-23T10:59:21+00:00\",\"description\":\"Die luxuri\u00f6se Konditorei DESEO Patisserie & Chocolaterie in Warschau bietet m.in, Kuchen und Kuchen aus den hochwertigsten Zutaten\",\"breadcrumb\":{\"@id\":\"https:\\\/\\\/deseopatisserie.com\\\/de\\\/#breadcrumb\"},\"inLanguage\":\"de\",\"potentialAction\":[{\"@type\":\"ReadAction\",\"target\":[\"https:\\\/\\\/deseopatisserie.com\\\/de\\\/\"]}]},{\"@type\":\"BreadcrumbList\",\"@id\":\"https:\\\/\\\/deseopatisserie.com\\\/de\\\/#breadcrumb\",\"itemListElement\":[{\"@type\":\"ListItem\",\"position\":1,\"name\":\"Strona g\u0142\u00f3wna\",\"item\":\"https:\\\/\\\/deseopatisserie.com\\\/de\\\/homepage\\\/\"},{\"@type\":\"ListItem\",\"position\":2,\"name\":\"Homepage\"}]},{\"@type\":\"WebSite\",\"@id\":\"https:\\\/\\\/deseopatisserie.com\\\/de\\\/#website\",\"url\":\"https:\\\/\\\/deseopatisserie.com\\\/de\\\/\",\"name\":\"DESEO\",\"description\":\"Patisserie &amp; Chocolaterie\",\"potentialAction\":[{\"@type\":\"SearchAction\",\"target\":{\"@type\":\"EntryPoint\",\"urlTemplate\":\"https:\\\/\\\/deseopatisserie.com\\\/de\\\/?s={search_term_string}\"},\"query-input\":{\"@type\":\"PropertyValueSpecification\",\"valueRequired\":true,\"valueName\":\"search_term_string\"}}],\"inLanguage\":\"de\"}]}<\/script>\n<!-- \/ Yoast SEO plugin. -->","yoast_head_json":{"title":"Luxus-S\u00fc\u00dfwaren DESEO Patisserie & Chocolaterie in Warschau","description":"Die luxuri\u00f6se Konditorei DESEO Patisserie & Chocolaterie in Warschau bietet m.in, Kuchen und Kuchen aus den hochwertigsten Zutaten","robots":{"index":"index","follow":"follow","max-snippet":"max-snippet:-1","max-image-preview":"max-image-preview:large","max-video-preview":"max-video-preview:-1"},"canonical":"https:\/\/deseopatisserie.com\/de\/","og_locale":"de_DE","og_type":"article","og_title":"DESEO","og_description":"Die luxuri\u00f6se Konditorei DESEO Patisserie & Chocolaterie in Warschau bietet m.in, Kuchen und Kuchen aus den hochwertigsten Zutaten","og_url":"https:\/\/deseopatisserie.com\/de\/","og_site_name":"DESEO","article_modified_time":"2026-03-23T10:59:21+00:00","og_image":[{"url":"https:\/\/deseopatisserie.com\/wp-content\/uploads\/2023\/05\/DESEO_Croissant-Pistacjowy_1-1024x683.jpg","type":"","width":"","height":""}],"twitter_card":"summary_large_image","schema":{"@context":"https:\/\/schema.org","@graph":[{"@type":"WebPage","@id":"https:\/\/deseopatisserie.com\/de\/","url":"https:\/\/deseopatisserie.com\/de\/","name":"Luxus-S\u00fc\u00dfwaren DESEO Patisserie & Chocolaterie in Warschau","isPartOf":{"@id":"https:\/\/deseopatisserie.com\/de\/#website"},"datePublished":"2020-04-08T08:48:25+00:00","dateModified":"2026-03-23T10:59:21+00:00","description":"Die luxuri\u00f6se Konditorei DESEO Patisserie & Chocolaterie in Warschau bietet m.in, Kuchen und Kuchen aus den hochwertigsten Zutaten","breadcrumb":{"@id":"https:\/\/deseopatisserie.com\/de\/#breadcrumb"},"inLanguage":"de","potentialAction":[{"@type":"ReadAction","target":["https:\/\/deseopatisserie.com\/de\/"]}]},{"@type":"BreadcrumbList","@id":"https:\/\/deseopatisserie.com\/de\/#breadcrumb","itemListElement":[{"@type":"ListItem","position":1,"name":"Strona g\u0142\u00f3wna","item":"https:\/\/deseopatisserie.com\/de\/homepage\/"},{"@type":"ListItem","position":2,"name":"Homepage"}]},{"@type":"WebSite","@id":"https:\/\/deseopatisserie.com\/de\/#website","url":"https:\/\/deseopatisserie.com\/de\/","name":"DESEO","description":"Patisserie &amp; Chocolaterie","potentialAction":[{"@type":"SearchAction","target":{"@type":"EntryPoint","urlTemplate":"https:\/\/deseopatisserie.com\/de\/?s={search_term_string}"},"query-input":{"@type":"PropertyValueSpecification","valueRequired":true,"valueName":"search_term_string"}}],"inLanguage":"de"}]}},"_links":{"self":[{"href":"https:\/\/deseopatisserie.com\/de\/wp-json\/wp\/v2\/pages\/93065","targetHints":{"allow":["GET"]}}],"collection":[{"href":"https:\/\/deseopatisserie.com\/de\/wp-json\/wp\/v2\/pages"}],"about":[{"href":"https:\/\/deseopatisserie.com\/de\/wp-json\/wp\/v2\/types\/page"}],"author":[{"embeddable":true,"href":"https:\/\/deseopatisserie.com\/de\/wp-json\/wp\/v2\/users\/1"}],"replies":[{"embeddable":true,"href":"https:\/\/deseopatisserie.com\/de\/wp-json\/wp\/v2\/comments?post=93065"}],"version-history":[{"count":1,"href":"https:\/\/deseopatisserie.com\/de\/wp-json\/wp\/v2\/pages\/93065\/revisions"}],"predecessor-version":[{"id":128060,"href":"https:\/\/deseopatisserie.com\/de\/wp-json\/wp\/v2\/pages\/93065\/revisions\/128060"}],"wp:attachment":[{"href":"https:\/\/deseopatisserie.com\/de\/wp-json\/wp\/v2\/media?parent=93065"}],"curies":[{"name":"wp","href":"https:\/\/api.w.org\/{rel}","templated":true}]}}