{"id":107347,"date":"2024-09-30T10:09:30","date_gmt":"2024-09-30T08:09:30","guid":{"rendered":"https:\/\/deseopatisserie.com\/croissants-boot\/"},"modified":"2024-09-30T10:09:30","modified_gmt":"2024-09-30T08:09:30","slug":"croissants-boot","status":"publish","type":"page","link":"https:\/\/deseopatisserie.com\/de\/croissants-boot\/","title":{"rendered":"Croissants Boot"},"content":{"rendered":"","protected":false},"excerpt":{"rendered":"","protected":false},"author":6807,"featured_media":86254,"parent":0,"menu_order":0,"comment_status":"closed","ping_status":"closed","template":"page-offer.php","meta":{"_acf_changed":false,"footnotes":""},"class_list":["post-107347","page","type-page","status-publish","has-post-thumbnail","hentry"],"acf":[],"yoast_head":"<!-- This site is optimized with the Yoast SEO plugin v27.4 - https:\/\/yoast.com\/product\/yoast-seo-wordpress\/ -->\n<title>Croissants Boot - DESEO<\/title>\n<meta name=\"description\" content=\"Croissants im Deseo \u0141\u00f3d\u017a sind ein wahrer Genuss f\u00fcr Liebhaber von raffiniertem Geb\u00e4ck. Deseo, bekannt f\u00fcr seine s\u00fc\u00dfen Spezialit\u00e4ten von ausgezeichneter Qualit\u00e4t, serviert Croissants, die mit ihrer Leichtigkeit und ihrem einzigartigen Geschmack begeistern.\" \/>\n<meta name=\"robots\" content=\"index, follow, max-snippet:-1, max-image-preview:large, max-video-preview:-1\" \/>\n<link rel=\"canonical\" href=\"https:\/\/deseopatisserie.com\/de\/croissants-boot\/\" \/>\n<meta property=\"og:locale\" content=\"de_DE\" \/>\n<meta property=\"og:type\" content=\"article\" \/>\n<meta property=\"og:title\" content=\"Croissants Boot - DESEO\" \/>\n<meta property=\"og:description\" content=\"Croissants im Deseo \u0141\u00f3d\u017a sind ein wahrer Genuss f\u00fcr Liebhaber von raffiniertem Geb\u00e4ck. Deseo, bekannt f\u00fcr seine s\u00fc\u00dfen Spezialit\u00e4ten von ausgezeichneter Qualit\u00e4t, serviert Croissants, die mit ihrer Leichtigkeit und ihrem einzigartigen Geschmack begeistern.\" \/>\n<meta property=\"og:url\" content=\"https:\/\/deseopatisserie.com\/de\/croissants-boot\/\" \/>\n<meta property=\"og:site_name\" content=\"DESEO\" \/>\n<meta property=\"og:image\" content=\"https:\/\/deseopatisserie.com\/\/wp-content\/uploads\/2024\/09\/DESEO-Croissant-Pistacjowy_4-scaled-1.jpg\" \/>\n\t<meta property=\"og:image:width\" content=\"2560\" \/>\n\t<meta property=\"og:image:height\" content=\"1410\" \/>\n\t<meta property=\"og:image:type\" content=\"image\/jpeg\" \/>\n<meta name=\"twitter:card\" content=\"summary_large_image\" \/>\n<script type=\"application\/ld+json\" class=\"yoast-schema-graph\">{\"@context\":\"https:\\\/\\\/schema.org\",\"@graph\":[{\"@type\":\"WebPage\",\"@id\":\"https:\\\/\\\/deseopatisserie.com\\\/de\\\/croissants-boot\\\/\",\"url\":\"https:\\\/\\\/deseopatisserie.com\\\/de\\\/croissants-boot\\\/\",\"name\":\"Croissants Boot - DESEO\",\"isPartOf\":{\"@id\":\"https:\\\/\\\/deseopatisserie.com\\\/de\\\/#website\"},\"primaryImageOfPage\":{\"@id\":\"https:\\\/\\\/deseopatisserie.com\\\/de\\\/croissants-boot\\\/#primaryimage\"},\"image\":{\"@id\":\"https:\\\/\\\/deseopatisserie.com\\\/de\\\/croissants-boot\\\/#primaryimage\"},\"thumbnailUrl\":\"https:\\\/\\\/deseopatisserie.com\\\/\\\/wp-content\\\/uploads\\\/2024\\\/09\\\/DESEO-Croissant-Pistacjowy_4-scaled-1.jpg\",\"datePublished\":\"2024-09-30T08:09:30+00:00\",\"description\":\"Croissants im Deseo \u0141\u00f3d\u017a sind ein wahrer Genuss f\u00fcr Liebhaber von raffiniertem Geb\u00e4ck. Deseo, bekannt f\u00fcr seine s\u00fc\u00dfen Spezialit\u00e4ten von ausgezeichneter Qualit\u00e4t, serviert Croissants, die mit ihrer Leichtigkeit und ihrem einzigartigen Geschmack begeistern.\",\"breadcrumb\":{\"@id\":\"https:\\\/\\\/deseopatisserie.com\\\/de\\\/croissants-boot\\\/#breadcrumb\"},\"inLanguage\":\"de\",\"potentialAction\":[{\"@type\":\"ReadAction\",\"target\":[\"https:\\\/\\\/deseopatisserie.com\\\/de\\\/croissants-boot\\\/\"]}]},{\"@type\":\"ImageObject\",\"inLanguage\":\"de\",\"@id\":\"https:\\\/\\\/deseopatisserie.com\\\/de\\\/croissants-boot\\\/#primaryimage\",\"url\":\"https:\\\/\\\/deseopatisserie.com\\\/\\\/wp-content\\\/uploads\\\/2024\\\/09\\\/DESEO-Croissant-Pistacjowy_4-scaled-1.jpg\",\"contentUrl\":\"https:\\\/\\\/deseopatisserie.com\\\/\\\/wp-content\\\/uploads\\\/2024\\\/09\\\/DESEO-Croissant-Pistacjowy_4-scaled-1.jpg\",\"width\":2560,\"height\":1410,\"caption\":\"DESEO-Croissant-Pistacjowy\"},{\"@type\":\"BreadcrumbList\",\"@id\":\"https:\\\/\\\/deseopatisserie.com\\\/de\\\/croissants-boot\\\/#breadcrumb\",\"itemListElement\":[{\"@type\":\"ListItem\",\"position\":1,\"name\":\"Strona g\u0142\u00f3wna\",\"item\":\"https:\\\/\\\/deseopatisserie.com\\\/de\\\/homepage\\\/\"},{\"@type\":\"ListItem\",\"position\":2,\"name\":\"Croissants Boot\"}]},{\"@type\":\"WebSite\",\"@id\":\"https:\\\/\\\/deseopatisserie.com\\\/de\\\/#website\",\"url\":\"https:\\\/\\\/deseopatisserie.com\\\/de\\\/\",\"name\":\"DESEO\",\"description\":\"Patisserie &amp; Chocolaterie\",\"potentialAction\":[{\"@type\":\"SearchAction\",\"target\":{\"@type\":\"EntryPoint\",\"urlTemplate\":\"https:\\\/\\\/deseopatisserie.com\\\/de\\\/?s={search_term_string}\"},\"query-input\":{\"@type\":\"PropertyValueSpecification\",\"valueRequired\":true,\"valueName\":\"search_term_string\"}}],\"inLanguage\":\"de\"}]}<\/script>\n<!-- \/ Yoast SEO plugin. -->","yoast_head_json":{"title":"Croissants Boot - DESEO","description":"Croissants im Deseo \u0141\u00f3d\u017a sind ein wahrer Genuss f\u00fcr Liebhaber von raffiniertem Geb\u00e4ck. Deseo, bekannt f\u00fcr seine s\u00fc\u00dfen Spezialit\u00e4ten von ausgezeichneter Qualit\u00e4t, serviert Croissants, die mit ihrer Leichtigkeit und ihrem einzigartigen Geschmack begeistern.","robots":{"index":"index","follow":"follow","max-snippet":"max-snippet:-1","max-image-preview":"max-image-preview:large","max-video-preview":"max-video-preview:-1"},"canonical":"https:\/\/deseopatisserie.com\/de\/croissants-boot\/","og_locale":"de_DE","og_type":"article","og_title":"Croissants Boot - DESEO","og_description":"Croissants im Deseo \u0141\u00f3d\u017a sind ein wahrer Genuss f\u00fcr Liebhaber von raffiniertem Geb\u00e4ck. Deseo, bekannt f\u00fcr seine s\u00fc\u00dfen Spezialit\u00e4ten von ausgezeichneter Qualit\u00e4t, serviert Croissants, die mit ihrer Leichtigkeit und ihrem einzigartigen Geschmack begeistern.","og_url":"https:\/\/deseopatisserie.com\/de\/croissants-boot\/","og_site_name":"DESEO","og_image":[{"width":2560,"height":1410,"url":"https:\/\/deseopatisserie.com\/\/wp-content\/uploads\/2024\/09\/DESEO-Croissant-Pistacjowy_4-scaled-1.jpg","type":"image\/jpeg"}],"twitter_card":"summary_large_image","schema":{"@context":"https:\/\/schema.org","@graph":[{"@type":"WebPage","@id":"https:\/\/deseopatisserie.com\/de\/croissants-boot\/","url":"https:\/\/deseopatisserie.com\/de\/croissants-boot\/","name":"Croissants Boot - DESEO","isPartOf":{"@id":"https:\/\/deseopatisserie.com\/de\/#website"},"primaryImageOfPage":{"@id":"https:\/\/deseopatisserie.com\/de\/croissants-boot\/#primaryimage"},"image":{"@id":"https:\/\/deseopatisserie.com\/de\/croissants-boot\/#primaryimage"},"thumbnailUrl":"https:\/\/deseopatisserie.com\/\/wp-content\/uploads\/2024\/09\/DESEO-Croissant-Pistacjowy_4-scaled-1.jpg","datePublished":"2024-09-30T08:09:30+00:00","description":"Croissants im Deseo \u0141\u00f3d\u017a sind ein wahrer Genuss f\u00fcr Liebhaber von raffiniertem Geb\u00e4ck. Deseo, bekannt f\u00fcr seine s\u00fc\u00dfen Spezialit\u00e4ten von ausgezeichneter Qualit\u00e4t, serviert Croissants, die mit ihrer Leichtigkeit und ihrem einzigartigen Geschmack begeistern.","breadcrumb":{"@id":"https:\/\/deseopatisserie.com\/de\/croissants-boot\/#breadcrumb"},"inLanguage":"de","potentialAction":[{"@type":"ReadAction","target":["https:\/\/deseopatisserie.com\/de\/croissants-boot\/"]}]},{"@type":"ImageObject","inLanguage":"de","@id":"https:\/\/deseopatisserie.com\/de\/croissants-boot\/#primaryimage","url":"https:\/\/deseopatisserie.com\/\/wp-content\/uploads\/2024\/09\/DESEO-Croissant-Pistacjowy_4-scaled-1.jpg","contentUrl":"https:\/\/deseopatisserie.com\/\/wp-content\/uploads\/2024\/09\/DESEO-Croissant-Pistacjowy_4-scaled-1.jpg","width":2560,"height":1410,"caption":"DESEO-Croissant-Pistacjowy"},{"@type":"BreadcrumbList","@id":"https:\/\/deseopatisserie.com\/de\/croissants-boot\/#breadcrumb","itemListElement":[{"@type":"ListItem","position":1,"name":"Strona g\u0142\u00f3wna","item":"https:\/\/deseopatisserie.com\/de\/homepage\/"},{"@type":"ListItem","position":2,"name":"Croissants Boot"}]},{"@type":"WebSite","@id":"https:\/\/deseopatisserie.com\/de\/#website","url":"https:\/\/deseopatisserie.com\/de\/","name":"DESEO","description":"Patisserie &amp; Chocolaterie","potentialAction":[{"@type":"SearchAction","target":{"@type":"EntryPoint","urlTemplate":"https:\/\/deseopatisserie.com\/de\/?s={search_term_string}"},"query-input":{"@type":"PropertyValueSpecification","valueRequired":true,"valueName":"search_term_string"}}],"inLanguage":"de"}]}},"_links":{"self":[{"href":"https:\/\/deseopatisserie.com\/de\/wp-json\/wp\/v2\/pages\/107347","targetHints":{"allow":["GET"]}}],"collection":[{"href":"https:\/\/deseopatisserie.com\/de\/wp-json\/wp\/v2\/pages"}],"about":[{"href":"https:\/\/deseopatisserie.com\/de\/wp-json\/wp\/v2\/types\/page"}],"author":[{"embeddable":true,"href":"https:\/\/deseopatisserie.com\/de\/wp-json\/wp\/v2\/users\/6807"}],"replies":[{"embeddable":true,"href":"https:\/\/deseopatisserie.com\/de\/wp-json\/wp\/v2\/comments?post=107347"}],"version-history":[{"count":0,"href":"https:\/\/deseopatisserie.com\/de\/wp-json\/wp\/v2\/pages\/107347\/revisions"}],"wp:featuredmedia":[{"embeddable":true,"href":"https:\/\/deseopatisserie.com\/de\/wp-json\/wp\/v2\/media\/86254"}],"wp:attachment":[{"href":"https:\/\/deseopatisserie.com\/de\/wp-json\/wp\/v2\/media?parent=107347"}],"curies":[{"name":"wp","href":"https:\/\/api.w.org\/{rel}","templated":true}]}}