{"id":107345,"date":"2024-09-30T11:13:44","date_gmt":"2024-09-30T09:13:44","guid":{"rendered":"https:\/\/deseopatisserie.com\/croissants-poznan\/"},"modified":"2024-09-30T11:13:44","modified_gmt":"2024-09-30T09:13:44","slug":"croissants-poznan","status":"publish","type":"page","link":"https:\/\/deseopatisserie.com\/de\/croissants-poznan\/","title":{"rendered":"Croissants Poznan"},"content":{"rendered":"","protected":false},"excerpt":{"rendered":"","protected":false},"author":6807,"featured_media":84147,"parent":0,"menu_order":0,"comment_status":"closed","ping_status":"closed","template":"page-offer.php","meta":{"_acf_changed":false,"footnotes":""},"class_list":["post-107345","page","type-page","status-publish","has-post-thumbnail","hentry"],"acf":[],"yoast_head":"<!-- This site is optimized with the Yoast SEO plugin v27.4 - https:\/\/yoast.com\/product\/yoast-seo-wordpress\/ -->\n<title>Croissants Poznan - DESEO<\/title>\n<meta name=\"description\" content=\"Bekannt f\u00fcr ihre hervorragende Qualit\u00e4t und ihren au\u00dfergew\u00f6hnlichen Geschmack, sind unsere Croissants die perfekte Wahl f\u00fcr jeden Morgen- oder Nachmittagssnack. Zubereitet mit den frischesten Zutaten, sind sie leicht, buttrig und zergehen auf der Zunge.\" \/>\n<meta name=\"robots\" content=\"index, follow, max-snippet:-1, max-image-preview:large, max-video-preview:-1\" \/>\n<link rel=\"canonical\" href=\"https:\/\/deseopatisserie.com\/de\/croissants-poznan\/\" \/>\n<meta property=\"og:locale\" content=\"de_DE\" \/>\n<meta property=\"og:type\" content=\"article\" \/>\n<meta property=\"og:title\" content=\"Croissants Poznan - DESEO\" \/>\n<meta property=\"og:description\" content=\"Bekannt f\u00fcr ihre hervorragende Qualit\u00e4t und ihren au\u00dfergew\u00f6hnlichen Geschmack, sind unsere Croissants die perfekte Wahl f\u00fcr jeden Morgen- oder Nachmittagssnack. Zubereitet mit den frischesten Zutaten, sind sie leicht, buttrig und zergehen auf der Zunge.\" \/>\n<meta property=\"og:url\" content=\"https:\/\/deseopatisserie.com\/de\/croissants-poznan\/\" \/>\n<meta property=\"og:site_name\" content=\"DESEO\" \/>\n<meta property=\"og:image\" content=\"https:\/\/deseopatisserie.com\/\/wp-content\/uploads\/2023\/05\/DESEO-Malina-Supreme_4-scaled.jpg\" \/>\n\t<meta property=\"og:image:width\" content=\"2560\" \/>\n\t<meta property=\"og:image:height\" content=\"1707\" \/>\n\t<meta property=\"og:image:type\" content=\"image\/jpeg\" \/>\n<meta name=\"twitter:card\" content=\"summary_large_image\" \/>\n<script type=\"application\/ld+json\" class=\"yoast-schema-graph\">{\"@context\":\"https:\\\/\\\/schema.org\",\"@graph\":[{\"@type\":\"WebPage\",\"@id\":\"https:\\\/\\\/deseopatisserie.com\\\/de\\\/croissants-poznan\\\/\",\"url\":\"https:\\\/\\\/deseopatisserie.com\\\/de\\\/croissants-poznan\\\/\",\"name\":\"Croissants Poznan - DESEO\",\"isPartOf\":{\"@id\":\"https:\\\/\\\/deseopatisserie.com\\\/de\\\/#website\"},\"primaryImageOfPage\":{\"@id\":\"https:\\\/\\\/deseopatisserie.com\\\/de\\\/croissants-poznan\\\/#primaryimage\"},\"image\":{\"@id\":\"https:\\\/\\\/deseopatisserie.com\\\/de\\\/croissants-poznan\\\/#primaryimage\"},\"thumbnailUrl\":\"https:\\\/\\\/deseopatisserie.com\\\/\\\/wp-content\\\/uploads\\\/2023\\\/05\\\/DESEO-Malina-Supreme_4-scaled.jpg\",\"datePublished\":\"2024-09-30T09:13:44+00:00\",\"description\":\"Bekannt f\u00fcr ihre hervorragende Qualit\u00e4t und ihren au\u00dfergew\u00f6hnlichen Geschmack, sind unsere Croissants die perfekte Wahl f\u00fcr jeden Morgen- oder Nachmittagssnack. Zubereitet mit den frischesten Zutaten, sind sie leicht, buttrig und zergehen auf der Zunge.\",\"breadcrumb\":{\"@id\":\"https:\\\/\\\/deseopatisserie.com\\\/de\\\/croissants-poznan\\\/#breadcrumb\"},\"inLanguage\":\"de\",\"potentialAction\":[{\"@type\":\"ReadAction\",\"target\":[\"https:\\\/\\\/deseopatisserie.com\\\/de\\\/croissants-poznan\\\/\"]}]},{\"@type\":\"ImageObject\",\"inLanguage\":\"de\",\"@id\":\"https:\\\/\\\/deseopatisserie.com\\\/de\\\/croissants-poznan\\\/#primaryimage\",\"url\":\"https:\\\/\\\/deseopatisserie.com\\\/\\\/wp-content\\\/uploads\\\/2023\\\/05\\\/DESEO-Malina-Supreme_4-scaled.jpg\",\"contentUrl\":\"https:\\\/\\\/deseopatisserie.com\\\/\\\/wp-content\\\/uploads\\\/2023\\\/05\\\/DESEO-Malina-Supreme_4-scaled.jpg\",\"width\":2560,\"height\":1707},{\"@type\":\"BreadcrumbList\",\"@id\":\"https:\\\/\\\/deseopatisserie.com\\\/de\\\/croissants-poznan\\\/#breadcrumb\",\"itemListElement\":[{\"@type\":\"ListItem\",\"position\":1,\"name\":\"Strona g\u0142\u00f3wna\",\"item\":\"https:\\\/\\\/deseopatisserie.com\\\/de\\\/homepage\\\/\"},{\"@type\":\"ListItem\",\"position\":2,\"name\":\"Croissants Poznan\"}]},{\"@type\":\"WebSite\",\"@id\":\"https:\\\/\\\/deseopatisserie.com\\\/de\\\/#website\",\"url\":\"https:\\\/\\\/deseopatisserie.com\\\/de\\\/\",\"name\":\"DESEO\",\"description\":\"Patisserie &amp; Chocolaterie\",\"potentialAction\":[{\"@type\":\"SearchAction\",\"target\":{\"@type\":\"EntryPoint\",\"urlTemplate\":\"https:\\\/\\\/deseopatisserie.com\\\/de\\\/?s={search_term_string}\"},\"query-input\":{\"@type\":\"PropertyValueSpecification\",\"valueRequired\":true,\"valueName\":\"search_term_string\"}}],\"inLanguage\":\"de\"}]}<\/script>\n<!-- \/ Yoast SEO plugin. -->","yoast_head_json":{"title":"Croissants Poznan - DESEO","description":"Bekannt f\u00fcr ihre hervorragende Qualit\u00e4t und ihren au\u00dfergew\u00f6hnlichen Geschmack, sind unsere Croissants die perfekte Wahl f\u00fcr jeden Morgen- oder Nachmittagssnack. Zubereitet mit den frischesten Zutaten, sind sie leicht, buttrig und zergehen auf der Zunge.","robots":{"index":"index","follow":"follow","max-snippet":"max-snippet:-1","max-image-preview":"max-image-preview:large","max-video-preview":"max-video-preview:-1"},"canonical":"https:\/\/deseopatisserie.com\/de\/croissants-poznan\/","og_locale":"de_DE","og_type":"article","og_title":"Croissants Poznan - DESEO","og_description":"Bekannt f\u00fcr ihre hervorragende Qualit\u00e4t und ihren au\u00dfergew\u00f6hnlichen Geschmack, sind unsere Croissants die perfekte Wahl f\u00fcr jeden Morgen- oder Nachmittagssnack. Zubereitet mit den frischesten Zutaten, sind sie leicht, buttrig und zergehen auf der Zunge.","og_url":"https:\/\/deseopatisserie.com\/de\/croissants-poznan\/","og_site_name":"DESEO","og_image":[{"width":2560,"height":1707,"url":"https:\/\/deseopatisserie.com\/\/wp-content\/uploads\/2023\/05\/DESEO-Malina-Supreme_4-scaled.jpg","type":"image\/jpeg"}],"twitter_card":"summary_large_image","schema":{"@context":"https:\/\/schema.org","@graph":[{"@type":"WebPage","@id":"https:\/\/deseopatisserie.com\/de\/croissants-poznan\/","url":"https:\/\/deseopatisserie.com\/de\/croissants-poznan\/","name":"Croissants Poznan - DESEO","isPartOf":{"@id":"https:\/\/deseopatisserie.com\/de\/#website"},"primaryImageOfPage":{"@id":"https:\/\/deseopatisserie.com\/de\/croissants-poznan\/#primaryimage"},"image":{"@id":"https:\/\/deseopatisserie.com\/de\/croissants-poznan\/#primaryimage"},"thumbnailUrl":"https:\/\/deseopatisserie.com\/\/wp-content\/uploads\/2023\/05\/DESEO-Malina-Supreme_4-scaled.jpg","datePublished":"2024-09-30T09:13:44+00:00","description":"Bekannt f\u00fcr ihre hervorragende Qualit\u00e4t und ihren au\u00dfergew\u00f6hnlichen Geschmack, sind unsere Croissants die perfekte Wahl f\u00fcr jeden Morgen- oder Nachmittagssnack. Zubereitet mit den frischesten Zutaten, sind sie leicht, buttrig und zergehen auf der Zunge.","breadcrumb":{"@id":"https:\/\/deseopatisserie.com\/de\/croissants-poznan\/#breadcrumb"},"inLanguage":"de","potentialAction":[{"@type":"ReadAction","target":["https:\/\/deseopatisserie.com\/de\/croissants-poznan\/"]}]},{"@type":"ImageObject","inLanguage":"de","@id":"https:\/\/deseopatisserie.com\/de\/croissants-poznan\/#primaryimage","url":"https:\/\/deseopatisserie.com\/\/wp-content\/uploads\/2023\/05\/DESEO-Malina-Supreme_4-scaled.jpg","contentUrl":"https:\/\/deseopatisserie.com\/\/wp-content\/uploads\/2023\/05\/DESEO-Malina-Supreme_4-scaled.jpg","width":2560,"height":1707},{"@type":"BreadcrumbList","@id":"https:\/\/deseopatisserie.com\/de\/croissants-poznan\/#breadcrumb","itemListElement":[{"@type":"ListItem","position":1,"name":"Strona g\u0142\u00f3wna","item":"https:\/\/deseopatisserie.com\/de\/homepage\/"},{"@type":"ListItem","position":2,"name":"Croissants Poznan"}]},{"@type":"WebSite","@id":"https:\/\/deseopatisserie.com\/de\/#website","url":"https:\/\/deseopatisserie.com\/de\/","name":"DESEO","description":"Patisserie &amp; Chocolaterie","potentialAction":[{"@type":"SearchAction","target":{"@type":"EntryPoint","urlTemplate":"https:\/\/deseopatisserie.com\/de\/?s={search_term_string}"},"query-input":{"@type":"PropertyValueSpecification","valueRequired":true,"valueName":"search_term_string"}}],"inLanguage":"de"}]}},"_links":{"self":[{"href":"https:\/\/deseopatisserie.com\/de\/wp-json\/wp\/v2\/pages\/107345","targetHints":{"allow":["GET"]}}],"collection":[{"href":"https:\/\/deseopatisserie.com\/de\/wp-json\/wp\/v2\/pages"}],"about":[{"href":"https:\/\/deseopatisserie.com\/de\/wp-json\/wp\/v2\/types\/page"}],"author":[{"embeddable":true,"href":"https:\/\/deseopatisserie.com\/de\/wp-json\/wp\/v2\/users\/6807"}],"replies":[{"embeddable":true,"href":"https:\/\/deseopatisserie.com\/de\/wp-json\/wp\/v2\/comments?post=107345"}],"version-history":[{"count":0,"href":"https:\/\/deseopatisserie.com\/de\/wp-json\/wp\/v2\/pages\/107345\/revisions"}],"wp:featuredmedia":[{"embeddable":true,"href":"https:\/\/deseopatisserie.com\/de\/wp-json\/wp\/v2\/media\/84147"}],"wp:attachment":[{"href":"https:\/\/deseopatisserie.com\/de\/wp-json\/wp\/v2\/media?parent=107345"}],"curies":[{"name":"wp","href":"https:\/\/api.w.org\/{rel}","templated":true}]}}