{"id":107344,"date":"2024-09-20T14:19:00","date_gmt":"2024-09-20T12:19:00","guid":{"rendered":"https:\/\/deseopatisserie.com\/kuchen-lodz\/"},"modified":"2024-09-20T14:19:00","modified_gmt":"2024-09-20T12:19:00","slug":"kuchen-lodz","status":"publish","type":"page","link":"https:\/\/deseopatisserie.com\/de\/kuchen-lodz\/","title":{"rendered":"Kuchen Lodz"},"content":{"rendered":"","protected":false},"excerpt":{"rendered":"","protected":false},"author":6807,"featured_media":83953,"parent":0,"menu_order":0,"comment_status":"closed","ping_status":"closed","template":"page-offer.php","meta":{"_acf_changed":false,"footnotes":""},"class_list":["post-107344","page","type-page","status-publish","has-post-thumbnail","hentry"],"acf":[],"yoast_head":"<!-- This site is optimized with the Yoast SEO plugin v27.4 - https:\/\/yoast.com\/product\/yoast-seo-wordpress\/ -->\n<title>Kuchen Lodz - DESEO<\/title>\n<meta name=\"description\" content=\"Wenn Sie auf der Suche nach einer einzigartigen Torte f\u00fcr einen besonderen Anlass sind, ist Deseo in \u0141\u00f3d\u017a die perfekte Wahl! Wir bieten Torten, die einzigartigen Geschmack mit einem k\u00fcnstlerischen Look verbinden, perfekt auf Ihre Erwartungen zugeschnitten. Unsere Desserts werden aus den hochwertigsten Zutaten zubereitet.\" \/>\n<meta name=\"robots\" content=\"index, follow, max-snippet:-1, max-image-preview:large, max-video-preview:-1\" \/>\n<link rel=\"canonical\" href=\"https:\/\/deseopatisserie.com\/de\/kuchen-lodz\/\" \/>\n<meta property=\"og:locale\" content=\"de_DE\" \/>\n<meta property=\"og:type\" content=\"article\" \/>\n<meta property=\"og:title\" content=\"Kuchen Boot DESEO\" \/>\n<meta property=\"og:description\" content=\"Wenn Sie auf der Suche nach einer einzigartigen Torte f\u00fcr einen besonderen Anlass sind, ist Deseo in \u0141\u00f3d\u017a die perfekte Wahl! Wir bieten Torten, die einzigartigen Geschmack mit einem k\u00fcnstlerischen Look verbinden, perfekt auf Ihre Erwartungen zugeschnitten. Unsere Desserts werden aus den hochwertigsten Zutaten zubereitet.\" \/>\n<meta property=\"og:url\" content=\"https:\/\/deseopatisserie.com\/de\/kuchen-lodz\/\" \/>\n<meta property=\"og:site_name\" content=\"DESEO\" \/>\n<meta property=\"og:image\" content=\"https:\/\/deseopatisserie.com\/wp-content\/uploads\/2023\/01\/TORT.PISTACHIO_1-1024x683.jpg\" \/>\n<meta name=\"twitter:card\" content=\"summary_large_image\" \/>\n<script type=\"application\/ld+json\" class=\"yoast-schema-graph\">{\"@context\":\"https:\\\/\\\/schema.org\",\"@graph\":[{\"@type\":\"WebPage\",\"@id\":\"https:\\\/\\\/deseopatisserie.com\\\/de\\\/kuchen-lodz\\\/\",\"url\":\"https:\\\/\\\/deseopatisserie.com\\\/de\\\/kuchen-lodz\\\/\",\"name\":\"Kuchen Lodz - DESEO\",\"isPartOf\":{\"@id\":\"https:\\\/\\\/deseopatisserie.com\\\/de\\\/#website\"},\"primaryImageOfPage\":{\"@id\":\"https:\\\/\\\/deseopatisserie.com\\\/de\\\/kuchen-lodz\\\/#primaryimage\"},\"image\":{\"@id\":\"https:\\\/\\\/deseopatisserie.com\\\/de\\\/kuchen-lodz\\\/#primaryimage\"},\"thumbnailUrl\":\"https:\\\/\\\/deseopatisserie.com\\\/\\\/wp-content\\\/uploads\\\/2023\\\/01\\\/TORT.PISTACHIO_2.jpg\",\"datePublished\":\"2024-09-20T12:19:00+00:00\",\"description\":\"Wenn Sie auf der Suche nach einer einzigartigen Torte f\u00fcr einen besonderen Anlass sind, ist Deseo in \u0141\u00f3d\u017a die perfekte Wahl! Wir bieten Torten, die einzigartigen Geschmack mit einem k\u00fcnstlerischen Look verbinden, perfekt auf Ihre Erwartungen zugeschnitten. Unsere Desserts werden aus den hochwertigsten Zutaten zubereitet.\",\"breadcrumb\":{\"@id\":\"https:\\\/\\\/deseopatisserie.com\\\/de\\\/kuchen-lodz\\\/#breadcrumb\"},\"inLanguage\":\"de\",\"potentialAction\":[{\"@type\":\"ReadAction\",\"target\":[\"https:\\\/\\\/deseopatisserie.com\\\/de\\\/kuchen-lodz\\\/\"]}]},{\"@type\":\"ImageObject\",\"inLanguage\":\"de\",\"@id\":\"https:\\\/\\\/deseopatisserie.com\\\/de\\\/kuchen-lodz\\\/#primaryimage\",\"url\":\"https:\\\/\\\/deseopatisserie.com\\\/\\\/wp-content\\\/uploads\\\/2023\\\/01\\\/TORT.PISTACHIO_2.jpg\",\"contentUrl\":\"https:\\\/\\\/deseopatisserie.com\\\/\\\/wp-content\\\/uploads\\\/2023\\\/01\\\/TORT.PISTACHIO_2.jpg\",\"width\":2500,\"height\":1667},{\"@type\":\"BreadcrumbList\",\"@id\":\"https:\\\/\\\/deseopatisserie.com\\\/de\\\/kuchen-lodz\\\/#breadcrumb\",\"itemListElement\":[{\"@type\":\"ListItem\",\"position\":1,\"name\":\"Strona g\u0142\u00f3wna\",\"item\":\"https:\\\/\\\/deseopatisserie.com\\\/de\\\/homepage\\\/\"},{\"@type\":\"ListItem\",\"position\":2,\"name\":\"Kuchen Lodz\"}]},{\"@type\":\"WebSite\",\"@id\":\"https:\\\/\\\/deseopatisserie.com\\\/de\\\/#website\",\"url\":\"https:\\\/\\\/deseopatisserie.com\\\/de\\\/\",\"name\":\"DESEO\",\"description\":\"Patisserie &amp; Chocolaterie\",\"potentialAction\":[{\"@type\":\"SearchAction\",\"target\":{\"@type\":\"EntryPoint\",\"urlTemplate\":\"https:\\\/\\\/deseopatisserie.com\\\/de\\\/?s={search_term_string}\"},\"query-input\":{\"@type\":\"PropertyValueSpecification\",\"valueRequired\":true,\"valueName\":\"search_term_string\"}}],\"inLanguage\":\"de\"}]}<\/script>\n<!-- \/ Yoast SEO plugin. -->","yoast_head_json":{"title":"Kuchen Lodz - DESEO","description":"Wenn Sie auf der Suche nach einer einzigartigen Torte f\u00fcr einen besonderen Anlass sind, ist Deseo in \u0141\u00f3d\u017a die perfekte Wahl! Wir bieten Torten, die einzigartigen Geschmack mit einem k\u00fcnstlerischen Look verbinden, perfekt auf Ihre Erwartungen zugeschnitten. Unsere Desserts werden aus den hochwertigsten Zutaten zubereitet.","robots":{"index":"index","follow":"follow","max-snippet":"max-snippet:-1","max-image-preview":"max-image-preview:large","max-video-preview":"max-video-preview:-1"},"canonical":"https:\/\/deseopatisserie.com\/de\/kuchen-lodz\/","og_locale":"de_DE","og_type":"article","og_title":"Kuchen Boot DESEO","og_description":"Wenn Sie auf der Suche nach einer einzigartigen Torte f\u00fcr einen besonderen Anlass sind, ist Deseo in \u0141\u00f3d\u017a die perfekte Wahl! Wir bieten Torten, die einzigartigen Geschmack mit einem k\u00fcnstlerischen Look verbinden, perfekt auf Ihre Erwartungen zugeschnitten. Unsere Desserts werden aus den hochwertigsten Zutaten zubereitet.","og_url":"https:\/\/deseopatisserie.com\/de\/kuchen-lodz\/","og_site_name":"DESEO","og_image":[{"url":"https:\/\/deseopatisserie.com\/wp-content\/uploads\/2023\/01\/TORT.PISTACHIO_1-1024x683.jpg","type":"","width":"","height":""}],"twitter_card":"summary_large_image","schema":{"@context":"https:\/\/schema.org","@graph":[{"@type":"WebPage","@id":"https:\/\/deseopatisserie.com\/de\/kuchen-lodz\/","url":"https:\/\/deseopatisserie.com\/de\/kuchen-lodz\/","name":"Kuchen Lodz - DESEO","isPartOf":{"@id":"https:\/\/deseopatisserie.com\/de\/#website"},"primaryImageOfPage":{"@id":"https:\/\/deseopatisserie.com\/de\/kuchen-lodz\/#primaryimage"},"image":{"@id":"https:\/\/deseopatisserie.com\/de\/kuchen-lodz\/#primaryimage"},"thumbnailUrl":"https:\/\/deseopatisserie.com\/\/wp-content\/uploads\/2023\/01\/TORT.PISTACHIO_2.jpg","datePublished":"2024-09-20T12:19:00+00:00","description":"Wenn Sie auf der Suche nach einer einzigartigen Torte f\u00fcr einen besonderen Anlass sind, ist Deseo in \u0141\u00f3d\u017a die perfekte Wahl! Wir bieten Torten, die einzigartigen Geschmack mit einem k\u00fcnstlerischen Look verbinden, perfekt auf Ihre Erwartungen zugeschnitten. Unsere Desserts werden aus den hochwertigsten Zutaten zubereitet.","breadcrumb":{"@id":"https:\/\/deseopatisserie.com\/de\/kuchen-lodz\/#breadcrumb"},"inLanguage":"de","potentialAction":[{"@type":"ReadAction","target":["https:\/\/deseopatisserie.com\/de\/kuchen-lodz\/"]}]},{"@type":"ImageObject","inLanguage":"de","@id":"https:\/\/deseopatisserie.com\/de\/kuchen-lodz\/#primaryimage","url":"https:\/\/deseopatisserie.com\/\/wp-content\/uploads\/2023\/01\/TORT.PISTACHIO_2.jpg","contentUrl":"https:\/\/deseopatisserie.com\/\/wp-content\/uploads\/2023\/01\/TORT.PISTACHIO_2.jpg","width":2500,"height":1667},{"@type":"BreadcrumbList","@id":"https:\/\/deseopatisserie.com\/de\/kuchen-lodz\/#breadcrumb","itemListElement":[{"@type":"ListItem","position":1,"name":"Strona g\u0142\u00f3wna","item":"https:\/\/deseopatisserie.com\/de\/homepage\/"},{"@type":"ListItem","position":2,"name":"Kuchen Lodz"}]},{"@type":"WebSite","@id":"https:\/\/deseopatisserie.com\/de\/#website","url":"https:\/\/deseopatisserie.com\/de\/","name":"DESEO","description":"Patisserie &amp; Chocolaterie","potentialAction":[{"@type":"SearchAction","target":{"@type":"EntryPoint","urlTemplate":"https:\/\/deseopatisserie.com\/de\/?s={search_term_string}"},"query-input":{"@type":"PropertyValueSpecification","valueRequired":true,"valueName":"search_term_string"}}],"inLanguage":"de"}]}},"_links":{"self":[{"href":"https:\/\/deseopatisserie.com\/de\/wp-json\/wp\/v2\/pages\/107344","targetHints":{"allow":["GET"]}}],"collection":[{"href":"https:\/\/deseopatisserie.com\/de\/wp-json\/wp\/v2\/pages"}],"about":[{"href":"https:\/\/deseopatisserie.com\/de\/wp-json\/wp\/v2\/types\/page"}],"author":[{"embeddable":true,"href":"https:\/\/deseopatisserie.com\/de\/wp-json\/wp\/v2\/users\/6807"}],"replies":[{"embeddable":true,"href":"https:\/\/deseopatisserie.com\/de\/wp-json\/wp\/v2\/comments?post=107344"}],"version-history":[{"count":0,"href":"https:\/\/deseopatisserie.com\/de\/wp-json\/wp\/v2\/pages\/107344\/revisions"}],"wp:featuredmedia":[{"embeddable":true,"href":"https:\/\/deseopatisserie.com\/de\/wp-json\/wp\/v2\/media\/83953"}],"wp:attachment":[{"href":"https:\/\/deseopatisserie.com\/de\/wp-json\/wp\/v2\/media?parent=107344"}],"curies":[{"name":"wp","href":"https:\/\/api.w.org\/{rel}","templated":true}]}}