{"id":107338,"date":"2024-04-18T14:14:46","date_gmt":"2024-04-18T12:14:46","guid":{"rendered":"https:\/\/deseopatisserie.com\/deseo-boulevary-breslau\/"},"modified":"2024-04-18T14:14:46","modified_gmt":"2024-04-18T12:14:46","slug":"deseo-boulevary-breslau","status":"publish","type":"page","link":"https:\/\/deseopatisserie.com\/de\/deseo-boulevary-breslau\/","title":{"rendered":"DESEO Boulevary Breslau"},"content":{"rendered":"<h1 style=\"text-align: center; font-size: 25px; margin-top: -100px;\"><strong>DESEO Patisserie &amp; Chocolaterie<\/strong><br \/>\nDESEO Boulevary Wroc\u0142aw, ul. Ksi\u0119cia Witolda 11<br \/>\n50-206 Wroc\u0142aw <\/h1>\n<p style=\"text-align: center;\"><span style=\"text-align: center; font-size: 17px;\">Offen:<br \/>\n<\/span>Montag 09:00\u201321:00<br \/>\nUhr Dienstag 09:00\u201321:00<br \/>\nUhr Mittwoch 09:00\u201321:00<br \/>\nUhr Donnerstag 09:00\u201321:00<br \/>\nUhr Freitag 09:00\u201321:00<br \/>\nUhr Samstag 09:00\u201321:00<br \/>\nUhr Sonntag 09:00\u201321:00 Uhr<\/p>\n<p style=\"text-align: center;\"><span style=\"text-align: center; font-size: 17px;\">Telefon:  <\/span><\/p>\n<p style=\"text-align: center;\"><a href=\"Tel:+48728859981%22\">  +48728859981<\/a><\/p>\n<p style=\"text-align: center;\"><iframe loading=\"lazy\" style=\"border: 0; margin-bottom: 50px;\" src=\"https:\/\/www.google.com\/maps\/embed?pb=!1m18!1m12!1m3!1d2504.650321177981!2d17.027857975241254!3d51.11491153930172!2m3!1f0!2f0!3f0!3m2!1i1024!2i768!4f13.1!3m3!1m2!1s0x470fe9f58e185fcd%3A0x5600b400f551c1c8!2sCukiernia%20Kawiarnia%20DESEO%20Bulvary%20Wroc%C5%82aw!5e0!3m2!1spl!2spl!4v1713438490238!5m2!1spl!2spl\" width=\"600\" height=\"450\" allowfullscreen=\"allowfullscreen\" data-mce-fragment=\"1\"><\/iframe><\/p>\n<p style=\"margin-bottom: 50px;\">Sehen Sie sich auch unsere anderen Standorte an:<br \/>\n<a href=\"https:\/\/deseopatisserie.com\/de\/lokal\/deseo-suesswaren-warschau-suwak\/\">DESEO Warschau &#8211; Suwak Stra\u00dfe 3 <\/a><br \/>\n<a href=\"https:\/\/deseopatisserie.com\/de\/lokal\/deseo-suesswaren-warschau-burakowska\/\">DESEO Warschau &#8211; Burakowska 5\/7 <\/a><br \/>\n<a href=\"https:\/\/deseopatisserie.com\/de\/lokal\/deseo-konditorei-warschau-fort-sluzew\/\">DESEO Warschau &#8211; Fort S\u0142u\u017cew 1b <\/a><br \/>\n<a href=\"https:\/\/deseopatisserie.com\/de\/lokal\/deseo-suesswaren-warschau-warschauer-brauereien\/\">DESEO Warschau &#8211; Warschauer Brauerei, Krochmalna Str. 59   <\/a><br \/>\n<a href=\"https:\/\/deseopatisserie.com\/de\/lokal\/deseo-suesswaren-warschau-przyczolkowa\/\">DESEO Warschau &#8211; Przycz\u00f3\u0142kowa Stra\u00dfe 223 <\/a><br \/>\n<a href=\"https:\/\/deseopatisserie.com\/de\/lokal\/deseo-suesswaren-warschau-marszalkowska\/\">DESEO Warschau &#8211; Marsza\u0142kowska Stra\u00dfe 89 <\/a><br \/>\n<a href=\"https:\/\/deseopatisserie.com\/lokal\/deseo-stary-browar-poznan\/\">DESEO Pozna\u0144 &#8211; Stary Browar<\/a><br \/>\n<a href=\"https:\/\/deseopatisserie.com\/lokal\/deseo-montownia-gdansk\/\">DESEO Gda\u0144sk \u2013 Montownia Food Hall<\/a><br \/>\n<a href=\"https:\/\/deseopatisserie.com\/de\/deseo-fuzja-lodz\/\">DESEO \u0141\u00f3d\u017a &#8211; 11E Ks. bp. Tymienieckiego Stra\u00dfe  <\/a><\/p>\n","protected":false},"excerpt":{"rendered":"<p>DESEO Patisserie &amp; Chocolaterie DESEO Boulevary Wroc\u0142aw, ul. Ksi\u0119cia Witolda 11 50-206 Wroc\u0142aw Offen: Montag 09:00\u201321:00 Uhr Dienstag 09:00\u201321:00 Uhr Mittwoch 09:00\u201321:00 Uhr Donnerstag 09:00\u201321:00 Uhr Freitag 09:00\u201321:00 Uhr Samstag 09:00\u201321:00 Uhr Sonntag 09:00\u201321:00 Uhr Telefon: +48728859981 Sehen Sie sich auch unsere anderen Standorte an: DESEO Warschau &#8211; Suwak Stra\u00dfe 3 DESEO Warschau &#8211; Burakowska 5\/7 DESEO Warschau &#8211; Fort S\u0142u\u017cew 1b DESEO Warschau &#8211; Warschauer Brauerei, Krochmalna Str. 59 DESEO Warschau &#8211; Przycz\u00f3\u0142kowa Stra\u00dfe 223 DESEO Warschau &#8211; Marsza\u0142kowska Stra\u00dfe 89 DESEO Pozna\u0144 &#8211; Stary Browar DESEO Gda\u0144sk \u2013 Montownia Food Hall DESEO \u0141\u00f3d\u017a &#8211; 11E Ks. bp. Tymienieckiego Stra\u00dfe<\/p>\n","protected":false},"author":4901,"featured_media":85494,"parent":0,"menu_order":0,"comment_status":"closed","ping_status":"closed","template":"single-locations.php","meta":{"_acf_changed":false,"footnotes":""},"class_list":["post-107338","page","type-page","status-publish","has-post-thumbnail","hentry"],"acf":[],"yoast_head":"<!-- This site is optimized with the Yoast SEO plugin v27.4 - https:\/\/yoast.com\/product\/yoast-seo-wordpress\/ -->\n<title>DESEO Boulevary Breslau - DESEO<\/title>\n<meta name=\"description\" content=\"Die lang erwartete Er\u00f6ffnung von DESEO in Breslau und ein gro\u00dfer Erfolg! Gem\u00fctliches Interieur und leckere S\u00fc\u00dfigkeiten - kommen Sie vorbei und \u00fcberzeugen Sie sich selbst!\" \/>\n<meta name=\"robots\" content=\"index, follow, max-snippet:-1, max-image-preview:large, max-video-preview:-1\" \/>\n<link rel=\"canonical\" href=\"https:\/\/deseopatisserie.com\/de\/deseo-boulevary-breslau\/\" \/>\n<meta property=\"og:locale\" content=\"de_DE\" \/>\n<meta property=\"og:type\" content=\"article\" \/>\n<meta property=\"og:title\" content=\"DESEO Boulevary Breslau\" \/>\n<meta property=\"og:description\" content=\"Die lang erwartete Er\u00f6ffnung von DESEO in Breslau und ein gro\u00dfer Erfolg! Gem\u00fctliches Interieur und leckere S\u00fc\u00dfigkeiten - kommen Sie vorbei und \u00fcberzeugen Sie sich selbst!\" \/>\n<meta property=\"og:url\" content=\"https:\/\/deseopatisserie.com\/de\/deseo-boulevary-breslau\/\" \/>\n<meta property=\"og:site_name\" content=\"DESEO\" \/>\n<meta property=\"og:image\" content=\"https:\/\/deseopatisserie.com\/wp-content\/uploads\/2024\/04\/IMG_8743-1024x770.jpg\" \/>\n<meta name=\"twitter:card\" content=\"summary_large_image\" \/>\n<script type=\"application\/ld+json\" class=\"yoast-schema-graph\">{\"@context\":\"https:\\\/\\\/schema.org\",\"@graph\":[{\"@type\":\"WebPage\",\"@id\":\"https:\\\/\\\/deseopatisserie.com\\\/de\\\/deseo-boulevary-breslau\\\/\",\"url\":\"https:\\\/\\\/deseopatisserie.com\\\/de\\\/deseo-boulevary-breslau\\\/\",\"name\":\"DESEO Boulevary Breslau - DESEO\",\"isPartOf\":{\"@id\":\"https:\\\/\\\/deseopatisserie.com\\\/de\\\/#website\"},\"primaryImageOfPage\":{\"@id\":\"https:\\\/\\\/deseopatisserie.com\\\/de\\\/deseo-boulevary-breslau\\\/#primaryimage\"},\"image\":{\"@id\":\"https:\\\/\\\/deseopatisserie.com\\\/de\\\/deseo-boulevary-breslau\\\/#primaryimage\"},\"thumbnailUrl\":\"https:\\\/\\\/deseopatisserie.com\\\/\\\/wp-content\\\/uploads\\\/2024\\\/04\\\/IMG_874300.jpg\",\"datePublished\":\"2024-04-18T12:14:46+00:00\",\"description\":\"Die lang erwartete Er\u00f6ffnung von DESEO in Breslau und ein gro\u00dfer Erfolg! Gem\u00fctliches Interieur und leckere S\u00fc\u00dfigkeiten - kommen Sie vorbei und \u00fcberzeugen Sie sich selbst!\",\"breadcrumb\":{\"@id\":\"https:\\\/\\\/deseopatisserie.com\\\/de\\\/deseo-boulevary-breslau\\\/#breadcrumb\"},\"inLanguage\":\"de\",\"potentialAction\":[{\"@type\":\"ReadAction\",\"target\":[\"https:\\\/\\\/deseopatisserie.com\\\/de\\\/deseo-boulevary-breslau\\\/\"]}]},{\"@type\":\"ImageObject\",\"inLanguage\":\"de\",\"@id\":\"https:\\\/\\\/deseopatisserie.com\\\/de\\\/deseo-boulevary-breslau\\\/#primaryimage\",\"url\":\"https:\\\/\\\/deseopatisserie.com\\\/\\\/wp-content\\\/uploads\\\/2024\\\/04\\\/IMG_874300.jpg\",\"contentUrl\":\"https:\\\/\\\/deseopatisserie.com\\\/\\\/wp-content\\\/uploads\\\/2024\\\/04\\\/IMG_874300.jpg\",\"width\":2048,\"height\":1024},{\"@type\":\"BreadcrumbList\",\"@id\":\"https:\\\/\\\/deseopatisserie.com\\\/de\\\/deseo-boulevary-breslau\\\/#breadcrumb\",\"itemListElement\":[{\"@type\":\"ListItem\",\"position\":1,\"name\":\"Strona g\u0142\u00f3wna\",\"item\":\"https:\\\/\\\/deseopatisserie.com\\\/de\\\/homepage\\\/\"},{\"@type\":\"ListItem\",\"position\":2,\"name\":\"DESEO Boulevary Breslau\"}]},{\"@type\":\"WebSite\",\"@id\":\"https:\\\/\\\/deseopatisserie.com\\\/de\\\/#website\",\"url\":\"https:\\\/\\\/deseopatisserie.com\\\/de\\\/\",\"name\":\"DESEO\",\"description\":\"Patisserie &amp; Chocolaterie\",\"potentialAction\":[{\"@type\":\"SearchAction\",\"target\":{\"@type\":\"EntryPoint\",\"urlTemplate\":\"https:\\\/\\\/deseopatisserie.com\\\/de\\\/?s={search_term_string}\"},\"query-input\":{\"@type\":\"PropertyValueSpecification\",\"valueRequired\":true,\"valueName\":\"search_term_string\"}}],\"inLanguage\":\"de\"}]}<\/script>\n<!-- \/ Yoast SEO plugin. -->","yoast_head_json":{"title":"DESEO Boulevary Breslau - DESEO","description":"Die lang erwartete Er\u00f6ffnung von DESEO in Breslau und ein gro\u00dfer Erfolg! Gem\u00fctliches Interieur und leckere S\u00fc\u00dfigkeiten - kommen Sie vorbei und \u00fcberzeugen Sie sich selbst!","robots":{"index":"index","follow":"follow","max-snippet":"max-snippet:-1","max-image-preview":"max-image-preview:large","max-video-preview":"max-video-preview:-1"},"canonical":"https:\/\/deseopatisserie.com\/de\/deseo-boulevary-breslau\/","og_locale":"de_DE","og_type":"article","og_title":"DESEO Boulevary Breslau","og_description":"Die lang erwartete Er\u00f6ffnung von DESEO in Breslau und ein gro\u00dfer Erfolg! Gem\u00fctliches Interieur und leckere S\u00fc\u00dfigkeiten - kommen Sie vorbei und \u00fcberzeugen Sie sich selbst!","og_url":"https:\/\/deseopatisserie.com\/de\/deseo-boulevary-breslau\/","og_site_name":"DESEO","og_image":[{"url":"https:\/\/deseopatisserie.com\/wp-content\/uploads\/2024\/04\/IMG_8743-1024x770.jpg","type":"","width":"","height":""}],"twitter_card":"summary_large_image","schema":{"@context":"https:\/\/schema.org","@graph":[{"@type":"WebPage","@id":"https:\/\/deseopatisserie.com\/de\/deseo-boulevary-breslau\/","url":"https:\/\/deseopatisserie.com\/de\/deseo-boulevary-breslau\/","name":"DESEO Boulevary Breslau - DESEO","isPartOf":{"@id":"https:\/\/deseopatisserie.com\/de\/#website"},"primaryImageOfPage":{"@id":"https:\/\/deseopatisserie.com\/de\/deseo-boulevary-breslau\/#primaryimage"},"image":{"@id":"https:\/\/deseopatisserie.com\/de\/deseo-boulevary-breslau\/#primaryimage"},"thumbnailUrl":"https:\/\/deseopatisserie.com\/\/wp-content\/uploads\/2024\/04\/IMG_874300.jpg","datePublished":"2024-04-18T12:14:46+00:00","description":"Die lang erwartete Er\u00f6ffnung von DESEO in Breslau und ein gro\u00dfer Erfolg! Gem\u00fctliches Interieur und leckere S\u00fc\u00dfigkeiten - kommen Sie vorbei und \u00fcberzeugen Sie sich selbst!","breadcrumb":{"@id":"https:\/\/deseopatisserie.com\/de\/deseo-boulevary-breslau\/#breadcrumb"},"inLanguage":"de","potentialAction":[{"@type":"ReadAction","target":["https:\/\/deseopatisserie.com\/de\/deseo-boulevary-breslau\/"]}]},{"@type":"ImageObject","inLanguage":"de","@id":"https:\/\/deseopatisserie.com\/de\/deseo-boulevary-breslau\/#primaryimage","url":"https:\/\/deseopatisserie.com\/\/wp-content\/uploads\/2024\/04\/IMG_874300.jpg","contentUrl":"https:\/\/deseopatisserie.com\/\/wp-content\/uploads\/2024\/04\/IMG_874300.jpg","width":2048,"height":1024},{"@type":"BreadcrumbList","@id":"https:\/\/deseopatisserie.com\/de\/deseo-boulevary-breslau\/#breadcrumb","itemListElement":[{"@type":"ListItem","position":1,"name":"Strona g\u0142\u00f3wna","item":"https:\/\/deseopatisserie.com\/de\/homepage\/"},{"@type":"ListItem","position":2,"name":"DESEO Boulevary Breslau"}]},{"@type":"WebSite","@id":"https:\/\/deseopatisserie.com\/de\/#website","url":"https:\/\/deseopatisserie.com\/de\/","name":"DESEO","description":"Patisserie &amp; Chocolaterie","potentialAction":[{"@type":"SearchAction","target":{"@type":"EntryPoint","urlTemplate":"https:\/\/deseopatisserie.com\/de\/?s={search_term_string}"},"query-input":{"@type":"PropertyValueSpecification","valueRequired":true,"valueName":"search_term_string"}}],"inLanguage":"de"}]}},"_links":{"self":[{"href":"https:\/\/deseopatisserie.com\/de\/wp-json\/wp\/v2\/pages\/107338","targetHints":{"allow":["GET"]}}],"collection":[{"href":"https:\/\/deseopatisserie.com\/de\/wp-json\/wp\/v2\/pages"}],"about":[{"href":"https:\/\/deseopatisserie.com\/de\/wp-json\/wp\/v2\/types\/page"}],"author":[{"embeddable":true,"href":"https:\/\/deseopatisserie.com\/de\/wp-json\/wp\/v2\/users\/4901"}],"replies":[{"embeddable":true,"href":"https:\/\/deseopatisserie.com\/de\/wp-json\/wp\/v2\/comments?post=107338"}],"version-history":[{"count":0,"href":"https:\/\/deseopatisserie.com\/de\/wp-json\/wp\/v2\/pages\/107338\/revisions"}],"wp:featuredmedia":[{"embeddable":true,"href":"https:\/\/deseopatisserie.com\/de\/wp-json\/wp\/v2\/media\/85494"}],"wp:attachment":[{"href":"https:\/\/deseopatisserie.com\/de\/wp-json\/wp\/v2\/media?parent=107338"}],"curies":[{"name":"wp","href":"https:\/\/api.w.org\/{rel}","templated":true}]}}