{"id":107299,"date":"2022-03-07T16:00:14","date_gmt":"2022-03-07T15:00:14","guid":{"rendered":"https:\/\/deseopatisserie.com\/deseo-stary-browar-poznan\/"},"modified":"2022-03-07T16:00:14","modified_gmt":"2022-03-07T15:00:14","slug":"deseo-stary-browar-poznan","status":"publish","type":"page","link":"https:\/\/deseopatisserie.com\/de\/deseo-stary-browar-poznan\/","title":{"rendered":"DESEO Stary Browar Pozna\u0144"},"content":{"rendered":"<h1 style=\"text-align: center; font-size: 25px; margin-top: -100px;\"><strong>DESEO Patisserie &amp; Chocolaterie<\/strong><br \/>\nStary Browar, P\u00f3\u0142wiejska Stra\u00dfe 42<br \/>\n (Eingang von der Ratajczaka Stra\u00dfe)<br \/>\n61-888 Pozna\u0144 <\/h1>\n<p style=\"text-align: center;\"><span style=\"text-align: center; font-size: 17px;\">Offen:<br \/>\n<\/span>Montag 09:00\u201321:00<br \/>\nUhr Dienstag 09:00\u201321:00<br \/>\nUhr Mittwoch 09:00\u201321:00<br \/>\nUhr Donnerstag 09:00\u201321:00<br \/>\nUhr Freitag 09:00\u201321:00<br \/>\nUhr Samstag 09:00\u201321:00<br \/>\nUhr Sonntag 09:00\u201320:00 Uhr<\/p>\n<p style=\"text-align: center;\">Telefon: 691 745 812<\/p>\n<p style=\"text-align: center;\"><iframe loading=\"lazy\" style=\"border: 0; margin-bottom: 50px;\" src=\"https:\/\/www.google.com\/maps\/embed?pb=!1m14!1m8!1m3!1d9736.250126929575!2d16.9257369!3d52.4055429!3m2!1i1024!2i768!4f13.1!3m3!1m2!1s0x0%3A0x94457064aa546f82!2sCukiernia%20Kawiarnia%20DESEO%20Stary%20Browar%20Pozna%C5%84!5e0!3m2!1spl!2spl!4v1635919786047!5m2!1spl!2spl\" width=\"600\" height=\"450\" allowfullscreen=\"allowfullscreen\" data-mce-fragment=\"1\"><\/iframe><\/p>\n<p style=\"margin-bottom: 50px;\">Sehen Sie sich auch unsere anderen Standorte an:<br \/>\n<a href=\"https:\/\/deseopatisserie.com\/de\/lokal\/deseo-suesswaren-warschau-suwak\/\">DESEO Warschau &#8211; Suwak Stra\u00dfe 3 <\/a><br \/>\n<a href=\"https:\/\/deseopatisserie.com\/de\/lokal\/deseo-suesswaren-warschau-burakowska\/\">DESEO Warschau &#8211; Burakowska 5\/7 <\/a><br \/>\n<a href=\"https:\/\/deseopatisserie.com\/de\/lokal\/deseo-konditorei-warschau-fort-sluzew\/\">DESEO Warschau &#8211; Fort S\u0142u\u017cew 1b <\/a><br \/>\n<a href=\"https:\/\/deseopatisserie.com\/de\/lokal\/deseo-suesswaren-warschau-warschauer-brauereien\/\">DESEO Warschau &#8211; Warschauer Brauerei, Krochmalna Str. 59   <\/a><br \/>\n<a href=\"https:\/\/deseopatisserie.com\/de\/lokal\/deseo-suesswaren-warschau-marszalkowska\/\">DESEO Warschau &#8211; Marsza\u0142kowska Stra\u00dfe 89 <\/a><br \/>\n<a href=\"https:\/\/deseopatisserie.com\/de\/lokal\/deseo-suesswaren-warschau-przyczolkowa\/\">DESEO Warschau &#8211; Przycz\u00f3\u0142kowa Stra\u00dfe 223 <\/a><br \/>\n<a href=\"https:\/\/deseopatisserie.com\/lokal-deseo-montownia-gdansk\/?preview=true\">DESEO Gda\u0144sk &#8211; Montownia Food Hall<\/a><br \/>\n<a href=\"https:\/\/deseopatisserie.com\/lokal-deseo-sopot\/\">DESEO Sopot &#8211; Plac Zdrojowy 2<\/a><\/p>\n","protected":false},"excerpt":{"rendered":"<p>DESEO Patisserie &amp; Chocolaterie Stary Browar, P\u00f3\u0142wiejska Stra\u00dfe 42 (Eingang von der Ratajczaka Stra\u00dfe) 61-888 Pozna\u0144 Offen: Montag 09:00\u201321:00 Uhr Dienstag 09:00\u201321:00 Uhr Mittwoch 09:00\u201321:00 Uhr Donnerstag 09:00\u201321:00 Uhr Freitag 09:00\u201321:00 Uhr Samstag 09:00\u201321:00 Uhr Sonntag 09:00\u201320:00 Uhr Telefon: 691 745 812 Sehen Sie sich auch unsere anderen Standorte an: DESEO Warschau &#8211; Suwak Stra\u00dfe 3 DESEO Warschau &#8211; Burakowska 5\/7 DESEO Warschau &#8211; Fort S\u0142u\u017cew 1b DESEO Warschau &#8211; Warschauer Brauerei, Krochmalna Str. 59 DESEO Warschau &#8211; Marsza\u0142kowska Stra\u00dfe 89 DESEO Warschau &#8211; Przycz\u00f3\u0142kowa Stra\u00dfe 223 DESEO Gda\u0144sk &#8211; Montownia Food Hall DESEO Sopot &#8211; Plac Zdrojowy 2<\/p>\n","protected":false},"author":916,"featured_media":82957,"parent":0,"menu_order":0,"comment_status":"closed","ping_status":"closed","template":"single-locations.php","meta":{"_acf_changed":false,"footnotes":""},"class_list":["post-107299","page","type-page","status-publish","has-post-thumbnail","hentry"],"acf":[],"yoast_head":"<!-- This site is optimized with the Yoast SEO plugin v27.5 - https:\/\/yoast.com\/product\/yoast-seo-wordpress\/ -->\n<title>DESEO Stary Browar Pozna\u0144 - DESEO<\/title>\n<meta name=\"robots\" content=\"index, follow, max-snippet:-1, max-image-preview:large, max-video-preview:-1\" \/>\n<link rel=\"canonical\" href=\"https:\/\/deseopatisserie.com\/de\/deseo-stary-browar-poznan\/\" \/>\n<meta property=\"og:locale\" content=\"de_DE\" \/>\n<meta property=\"og:type\" content=\"article\" \/>\n<meta property=\"og:title\" content=\"DESEO Stary Browar Pozna\u0144 - DESEO\" \/>\n<meta property=\"og:description\" content=\"DESEO Patisserie &amp; Chocolaterie Stary Browar, P\u00f3\u0142wiejska Stra\u00dfe 42 (Eingang von der Ratajczaka Stra\u00dfe) 61-888 Pozna\u0144 Offen: Montag 09:00\u201321:00 Uhr Dienstag 09:00\u201321:00 Uhr Mittwoch 09:00\u201321:00 Uhr Donnerstag 09:00\u201321:00 Uhr Freitag 09:00\u201321:00 Uhr Samstag 09:00\u201321:00 Uhr Sonntag 09:00\u201320:00 Uhr Telefon: 691 745 812 Sehen Sie sich auch unsere anderen Standorte an: DESEO Warschau &#8211; Suwak Stra\u00dfe 3 DESEO Warschau &#8211; Burakowska 5\/7 DESEO Warschau &#8211; Fort S\u0142u\u017cew 1b DESEO Warschau &#8211; Warschauer Brauerei, Krochmalna Str. 59 DESEO Warschau &#8211; Marsza\u0142kowska Stra\u00dfe 89 DESEO Warschau &#8211; Przycz\u00f3\u0142kowa Stra\u00dfe 223 DESEO Gda\u0144sk &#8211; Montownia Food Hall DESEO Sopot &#8211; Plac Zdrojowy 2\" \/>\n<meta property=\"og:url\" content=\"https:\/\/deseopatisserie.com\/de\/deseo-stary-browar-poznan\/\" \/>\n<meta property=\"og:site_name\" content=\"DESEO\" \/>\n<meta property=\"og:image\" content=\"https:\/\/deseopatisserie.com\/\/wp-content\/uploads\/2021\/11\/deseo-stary-browar-poznan.jpeg\" \/>\n\t<meta property=\"og:image:width\" content=\"2100\" \/>\n\t<meta property=\"og:image:height\" content=\"1575\" \/>\n\t<meta property=\"og:image:type\" content=\"image\/jpeg\" \/>\n<meta name=\"twitter:card\" content=\"summary_large_image\" \/>\n<script type=\"application\/ld+json\" class=\"yoast-schema-graph\">{\"@context\":\"https:\\\/\\\/schema.org\",\"@graph\":[{\"@type\":\"WebPage\",\"@id\":\"https:\\\/\\\/deseopatisserie.com\\\/de\\\/deseo-stary-browar-poznan\\\/\",\"url\":\"https:\\\/\\\/deseopatisserie.com\\\/de\\\/deseo-stary-browar-poznan\\\/\",\"name\":\"DESEO Stary Browar Pozna\u0144 - DESEO\",\"isPartOf\":{\"@id\":\"https:\\\/\\\/deseopatisserie.com\\\/de\\\/#website\"},\"primaryImageOfPage\":{\"@id\":\"https:\\\/\\\/deseopatisserie.com\\\/de\\\/deseo-stary-browar-poznan\\\/#primaryimage\"},\"image\":{\"@id\":\"https:\\\/\\\/deseopatisserie.com\\\/de\\\/deseo-stary-browar-poznan\\\/#primaryimage\"},\"thumbnailUrl\":\"https:\\\/\\\/deseopatisserie.com\\\/\\\/wp-content\\\/uploads\\\/2021\\\/11\\\/deseo-stary-browar-poznan.jpeg\",\"datePublished\":\"2022-03-07T15:00:14+00:00\",\"breadcrumb\":{\"@id\":\"https:\\\/\\\/deseopatisserie.com\\\/de\\\/deseo-stary-browar-poznan\\\/#breadcrumb\"},\"inLanguage\":\"de\",\"potentialAction\":[{\"@type\":\"ReadAction\",\"target\":[\"https:\\\/\\\/deseopatisserie.com\\\/de\\\/deseo-stary-browar-poznan\\\/\"]}]},{\"@type\":\"ImageObject\",\"inLanguage\":\"de\",\"@id\":\"https:\\\/\\\/deseopatisserie.com\\\/de\\\/deseo-stary-browar-poznan\\\/#primaryimage\",\"url\":\"https:\\\/\\\/deseopatisserie.com\\\/\\\/wp-content\\\/uploads\\\/2021\\\/11\\\/deseo-stary-browar-poznan.jpeg\",\"contentUrl\":\"https:\\\/\\\/deseopatisserie.com\\\/\\\/wp-content\\\/uploads\\\/2021\\\/11\\\/deseo-stary-browar-poznan.jpeg\",\"width\":2100,\"height\":1575,\"caption\":\"Cukiernia Kawiarnia DESEO Stary Browar Pozna\u0144\"},{\"@type\":\"BreadcrumbList\",\"@id\":\"https:\\\/\\\/deseopatisserie.com\\\/de\\\/deseo-stary-browar-poznan\\\/#breadcrumb\",\"itemListElement\":[{\"@type\":\"ListItem\",\"position\":1,\"name\":\"Strona g\u0142\u00f3wna\",\"item\":\"https:\\\/\\\/deseopatisserie.com\\\/de\\\/homepage\\\/\"},{\"@type\":\"ListItem\",\"position\":2,\"name\":\"DESEO Stary Browar Pozna\u0144\"}]},{\"@type\":\"WebSite\",\"@id\":\"https:\\\/\\\/deseopatisserie.com\\\/de\\\/#website\",\"url\":\"https:\\\/\\\/deseopatisserie.com\\\/de\\\/\",\"name\":\"DESEO\",\"description\":\"Patisserie &amp; Chocolaterie\",\"potentialAction\":[{\"@type\":\"SearchAction\",\"target\":{\"@type\":\"EntryPoint\",\"urlTemplate\":\"https:\\\/\\\/deseopatisserie.com\\\/de\\\/?s={search_term_string}\"},\"query-input\":{\"@type\":\"PropertyValueSpecification\",\"valueRequired\":true,\"valueName\":\"search_term_string\"}}],\"inLanguage\":\"de\"}]}<\/script>\n<!-- \/ Yoast SEO plugin. -->","yoast_head_json":{"title":"DESEO Stary Browar Pozna\u0144 - DESEO","robots":{"index":"index","follow":"follow","max-snippet":"max-snippet:-1","max-image-preview":"max-image-preview:large","max-video-preview":"max-video-preview:-1"},"canonical":"https:\/\/deseopatisserie.com\/de\/deseo-stary-browar-poznan\/","og_locale":"de_DE","og_type":"article","og_title":"DESEO Stary Browar Pozna\u0144 - DESEO","og_description":"DESEO Patisserie &amp; Chocolaterie Stary Browar, P\u00f3\u0142wiejska Stra\u00dfe 42 (Eingang von der Ratajczaka Stra\u00dfe) 61-888 Pozna\u0144 Offen: Montag 09:00\u201321:00 Uhr Dienstag 09:00\u201321:00 Uhr Mittwoch 09:00\u201321:00 Uhr Donnerstag 09:00\u201321:00 Uhr Freitag 09:00\u201321:00 Uhr Samstag 09:00\u201321:00 Uhr Sonntag 09:00\u201320:00 Uhr Telefon: 691 745 812 Sehen Sie sich auch unsere anderen Standorte an: DESEO Warschau &#8211; Suwak Stra\u00dfe 3 DESEO Warschau &#8211; Burakowska 5\/7 DESEO Warschau &#8211; Fort S\u0142u\u017cew 1b DESEO Warschau &#8211; Warschauer Brauerei, Krochmalna Str. 59 DESEO Warschau &#8211; Marsza\u0142kowska Stra\u00dfe 89 DESEO Warschau &#8211; Przycz\u00f3\u0142kowa Stra\u00dfe 223 DESEO Gda\u0144sk &#8211; Montownia Food Hall DESEO Sopot &#8211; Plac Zdrojowy 2","og_url":"https:\/\/deseopatisserie.com\/de\/deseo-stary-browar-poznan\/","og_site_name":"DESEO","og_image":[{"width":2100,"height":1575,"url":"https:\/\/deseopatisserie.com\/\/wp-content\/uploads\/2021\/11\/deseo-stary-browar-poznan.jpeg","type":"image\/jpeg"}],"twitter_card":"summary_large_image","schema":{"@context":"https:\/\/schema.org","@graph":[{"@type":"WebPage","@id":"https:\/\/deseopatisserie.com\/de\/deseo-stary-browar-poznan\/","url":"https:\/\/deseopatisserie.com\/de\/deseo-stary-browar-poznan\/","name":"DESEO Stary Browar Pozna\u0144 - DESEO","isPartOf":{"@id":"https:\/\/deseopatisserie.com\/de\/#website"},"primaryImageOfPage":{"@id":"https:\/\/deseopatisserie.com\/de\/deseo-stary-browar-poznan\/#primaryimage"},"image":{"@id":"https:\/\/deseopatisserie.com\/de\/deseo-stary-browar-poznan\/#primaryimage"},"thumbnailUrl":"https:\/\/deseopatisserie.com\/\/wp-content\/uploads\/2021\/11\/deseo-stary-browar-poznan.jpeg","datePublished":"2022-03-07T15:00:14+00:00","breadcrumb":{"@id":"https:\/\/deseopatisserie.com\/de\/deseo-stary-browar-poznan\/#breadcrumb"},"inLanguage":"de","potentialAction":[{"@type":"ReadAction","target":["https:\/\/deseopatisserie.com\/de\/deseo-stary-browar-poznan\/"]}]},{"@type":"ImageObject","inLanguage":"de","@id":"https:\/\/deseopatisserie.com\/de\/deseo-stary-browar-poznan\/#primaryimage","url":"https:\/\/deseopatisserie.com\/\/wp-content\/uploads\/2021\/11\/deseo-stary-browar-poznan.jpeg","contentUrl":"https:\/\/deseopatisserie.com\/\/wp-content\/uploads\/2021\/11\/deseo-stary-browar-poznan.jpeg","width":2100,"height":1575,"caption":"Cukiernia Kawiarnia DESEO Stary Browar Pozna\u0144"},{"@type":"BreadcrumbList","@id":"https:\/\/deseopatisserie.com\/de\/deseo-stary-browar-poznan\/#breadcrumb","itemListElement":[{"@type":"ListItem","position":1,"name":"Strona g\u0142\u00f3wna","item":"https:\/\/deseopatisserie.com\/de\/homepage\/"},{"@type":"ListItem","position":2,"name":"DESEO Stary Browar Pozna\u0144"}]},{"@type":"WebSite","@id":"https:\/\/deseopatisserie.com\/de\/#website","url":"https:\/\/deseopatisserie.com\/de\/","name":"DESEO","description":"Patisserie &amp; Chocolaterie","potentialAction":[{"@type":"SearchAction","target":{"@type":"EntryPoint","urlTemplate":"https:\/\/deseopatisserie.com\/de\/?s={search_term_string}"},"query-input":{"@type":"PropertyValueSpecification","valueRequired":true,"valueName":"search_term_string"}}],"inLanguage":"de"}]}},"_links":{"self":[{"href":"https:\/\/deseopatisserie.com\/de\/wp-json\/wp\/v2\/pages\/107299","targetHints":{"allow":["GET"]}}],"collection":[{"href":"https:\/\/deseopatisserie.com\/de\/wp-json\/wp\/v2\/pages"}],"about":[{"href":"https:\/\/deseopatisserie.com\/de\/wp-json\/wp\/v2\/types\/page"}],"author":[{"embeddable":true,"href":"https:\/\/deseopatisserie.com\/de\/wp-json\/wp\/v2\/users\/916"}],"replies":[{"embeddable":true,"href":"https:\/\/deseopatisserie.com\/de\/wp-json\/wp\/v2\/comments?post=107299"}],"version-history":[{"count":0,"href":"https:\/\/deseopatisserie.com\/de\/wp-json\/wp\/v2\/pages\/107299\/revisions"}],"wp:featuredmedia":[{"embeddable":true,"href":"https:\/\/deseopatisserie.com\/de\/wp-json\/wp\/v2\/media\/82957"}],"wp:attachment":[{"href":"https:\/\/deseopatisserie.com\/de\/wp-json\/wp\/v2\/media?parent=107299"}],"curies":[{"name":"wp","href":"https:\/\/api.w.org\/{rel}","templated":true}]}}