{"id":107286,"date":"2020-04-08T12:28:34","date_gmt":"2020-04-08T10:28:34","guid":{"rendered":"https:\/\/deseopatisserie.com\/nachrichten\/"},"modified":"2025-04-02T14:44:52","modified_gmt":"2025-04-02T12:44:52","slug":"nachrichten","status":"publish","type":"page","link":"https:\/\/deseopatisserie.com\/de\/nachrichten\/","title":{"rendered":"Nachrichten"},"content":{"rendered":"&#13;\n<p>Hier finden Sie alle unsere Neuigkeiten. Wenn Sie einen bestimmten Monat anzeigen m\u00f6chten, klicken Sie auf das Datum im Eintrag. <\/p>&#13;\n","protected":false},"excerpt":{"rendered":"<p>&#13; Hier finden Sie alle unsere Neuigkeiten. Wenn Sie einen bestimmten Monat anzeigen m\u00f6chten, klicken Sie auf das Datum im Eintrag. &#13;<\/p>\n","protected":false},"author":1,"featured_media":82191,"parent":0,"menu_order":9,"comment_status":"closed","ping_status":"closed","template":"page-blog.php","meta":{"_acf_changed":false,"footnotes":""},"class_list":["post-107286","page","type-page","status-publish","has-post-thumbnail","hentry"],"acf":[],"yoast_head":"<!-- This site is optimized with the Yoast SEO plugin v27.4 - https:\/\/yoast.com\/product\/yoast-seo-wordpress\/ -->\n<title>Neuigkeiten aus der Welt der S\u00fc\u00dfwaren DESEO Patisserie &amp; Chocolaterie Warschau<\/title>\n<meta name=\"description\" content=\"Hier finden Sie alle unsere Neuigkeiten. Wenn Sie einen bestimmten Monat anzeigen m\u00f6chten, klicken Sie auf das Datum im Eintrag. Die luxuri\u00f6se Konditorei DESEO l\u00e4dt Sie ein!\" \/>\n<meta name=\"robots\" content=\"index, follow, max-snippet:-1, max-image-preview:large, max-video-preview:-1\" \/>\n<link rel=\"canonical\" href=\"https:\/\/deseopatisserie.com\/de\/nachrichten\/\" \/>\n<meta property=\"og:locale\" content=\"de_DE\" \/>\n<meta property=\"og:type\" content=\"article\" \/>\n<meta property=\"og:title\" content=\"Neuigkeiten aus der Welt der S\u00fc\u00dfwaren DESEO Patisserie &amp; Chocolaterie Warschau\" \/>\n<meta property=\"og:description\" content=\"Hier finden Sie alle unsere Neuigkeiten. Wenn Sie einen bestimmten Monat anzeigen m\u00f6chten, klicken Sie auf das Datum im Eintrag. Die luxuri\u00f6se Konditorei DESEO l\u00e4dt Sie ein!\" \/>\n<meta property=\"og:url\" content=\"https:\/\/deseopatisserie.com\/de\/nachrichten\/\" \/>\n<meta property=\"og:site_name\" content=\"DESEO\" \/>\n<meta property=\"article:modified_time\" content=\"2025-04-02T12:44:52+00:00\" \/>\n<meta property=\"og:image\" content=\"https:\/\/deseopatisserie.com\/\/wp-content\/uploads\/2021\/06\/004A2306.jpg\" \/>\n\t<meta property=\"og:image:width\" content=\"2000\" \/>\n\t<meta property=\"og:image:height\" content=\"1333\" \/>\n\t<meta property=\"og:image:type\" content=\"image\/jpeg\" \/>\n<meta name=\"twitter:card\" content=\"summary_large_image\" \/>\n<script type=\"application\/ld+json\" class=\"yoast-schema-graph\">{\"@context\":\"https:\\\/\\\/schema.org\",\"@graph\":[{\"@type\":\"WebPage\",\"@id\":\"https:\\\/\\\/deseopatisserie.com\\\/de\\\/nachrichten\\\/\",\"url\":\"https:\\\/\\\/deseopatisserie.com\\\/de\\\/nachrichten\\\/\",\"name\":\"Neuigkeiten aus der Welt der S\u00fc\u00dfwaren DESEO Patisserie & Chocolaterie Warschau\",\"isPartOf\":{\"@id\":\"https:\\\/\\\/deseopatisserie.com\\\/de\\\/#website\"},\"primaryImageOfPage\":{\"@id\":\"https:\\\/\\\/deseopatisserie.com\\\/de\\\/nachrichten\\\/#primaryimage\"},\"image\":{\"@id\":\"https:\\\/\\\/deseopatisserie.com\\\/de\\\/nachrichten\\\/#primaryimage\"},\"thumbnailUrl\":\"https:\\\/\\\/deseopatisserie.com\\\/\\\/wp-content\\\/uploads\\\/2021\\\/06\\\/004A2306.jpg\",\"datePublished\":\"2020-04-08T10:28:34+00:00\",\"dateModified\":\"2025-04-02T12:44:52+00:00\",\"description\":\"Hier finden Sie alle unsere Neuigkeiten. Wenn Sie einen bestimmten Monat anzeigen m\u00f6chten, klicken Sie auf das Datum im Eintrag. Die luxuri\u00f6se Konditorei DESEO l\u00e4dt Sie ein!\",\"breadcrumb\":{\"@id\":\"https:\\\/\\\/deseopatisserie.com\\\/de\\\/nachrichten\\\/#breadcrumb\"},\"inLanguage\":\"de\",\"potentialAction\":[{\"@type\":\"ReadAction\",\"target\":[\"https:\\\/\\\/deseopatisserie.com\\\/de\\\/nachrichten\\\/\"]}]},{\"@type\":\"ImageObject\",\"inLanguage\":\"de\",\"@id\":\"https:\\\/\\\/deseopatisserie.com\\\/de\\\/nachrichten\\\/#primaryimage\",\"url\":\"https:\\\/\\\/deseopatisserie.com\\\/\\\/wp-content\\\/uploads\\\/2021\\\/06\\\/004A2306.jpg\",\"contentUrl\":\"https:\\\/\\\/deseopatisserie.com\\\/\\\/wp-content\\\/uploads\\\/2021\\\/06\\\/004A2306.jpg\",\"width\":2000,\"height\":1333},{\"@type\":\"BreadcrumbList\",\"@id\":\"https:\\\/\\\/deseopatisserie.com\\\/de\\\/nachrichten\\\/#breadcrumb\",\"itemListElement\":[{\"@type\":\"ListItem\",\"position\":1,\"name\":\"Strona g\u0142\u00f3wna\",\"item\":\"https:\\\/\\\/deseopatisserie.com\\\/de\\\/homepage\\\/\"},{\"@type\":\"ListItem\",\"position\":2,\"name\":\"Nachrichten\"}]},{\"@type\":\"WebSite\",\"@id\":\"https:\\\/\\\/deseopatisserie.com\\\/de\\\/#website\",\"url\":\"https:\\\/\\\/deseopatisserie.com\\\/de\\\/\",\"name\":\"DESEO\",\"description\":\"Patisserie &amp; Chocolaterie\",\"potentialAction\":[{\"@type\":\"SearchAction\",\"target\":{\"@type\":\"EntryPoint\",\"urlTemplate\":\"https:\\\/\\\/deseopatisserie.com\\\/de\\\/?s={search_term_string}\"},\"query-input\":{\"@type\":\"PropertyValueSpecification\",\"valueRequired\":true,\"valueName\":\"search_term_string\"}}],\"inLanguage\":\"de\"}]}<\/script>\n<!-- \/ Yoast SEO plugin. -->","yoast_head_json":{"title":"Neuigkeiten aus der Welt der S\u00fc\u00dfwaren DESEO Patisserie & Chocolaterie Warschau","description":"Hier finden Sie alle unsere Neuigkeiten. Wenn Sie einen bestimmten Monat anzeigen m\u00f6chten, klicken Sie auf das Datum im Eintrag. Die luxuri\u00f6se Konditorei DESEO l\u00e4dt Sie ein!","robots":{"index":"index","follow":"follow","max-snippet":"max-snippet:-1","max-image-preview":"max-image-preview:large","max-video-preview":"max-video-preview:-1"},"canonical":"https:\/\/deseopatisserie.com\/de\/nachrichten\/","og_locale":"de_DE","og_type":"article","og_title":"Neuigkeiten aus der Welt der S\u00fc\u00dfwaren DESEO Patisserie & Chocolaterie Warschau","og_description":"Hier finden Sie alle unsere Neuigkeiten. Wenn Sie einen bestimmten Monat anzeigen m\u00f6chten, klicken Sie auf das Datum im Eintrag. Die luxuri\u00f6se Konditorei DESEO l\u00e4dt Sie ein!","og_url":"https:\/\/deseopatisserie.com\/de\/nachrichten\/","og_site_name":"DESEO","article_modified_time":"2025-04-02T12:44:52+00:00","og_image":[{"width":2000,"height":1333,"url":"https:\/\/deseopatisserie.com\/\/wp-content\/uploads\/2021\/06\/004A2306.jpg","type":"image\/jpeg"}],"twitter_card":"summary_large_image","schema":{"@context":"https:\/\/schema.org","@graph":[{"@type":"WebPage","@id":"https:\/\/deseopatisserie.com\/de\/nachrichten\/","url":"https:\/\/deseopatisserie.com\/de\/nachrichten\/","name":"Neuigkeiten aus der Welt der S\u00fc\u00dfwaren DESEO Patisserie & Chocolaterie Warschau","isPartOf":{"@id":"https:\/\/deseopatisserie.com\/de\/#website"},"primaryImageOfPage":{"@id":"https:\/\/deseopatisserie.com\/de\/nachrichten\/#primaryimage"},"image":{"@id":"https:\/\/deseopatisserie.com\/de\/nachrichten\/#primaryimage"},"thumbnailUrl":"https:\/\/deseopatisserie.com\/\/wp-content\/uploads\/2021\/06\/004A2306.jpg","datePublished":"2020-04-08T10:28:34+00:00","dateModified":"2025-04-02T12:44:52+00:00","description":"Hier finden Sie alle unsere Neuigkeiten. Wenn Sie einen bestimmten Monat anzeigen m\u00f6chten, klicken Sie auf das Datum im Eintrag. Die luxuri\u00f6se Konditorei DESEO l\u00e4dt Sie ein!","breadcrumb":{"@id":"https:\/\/deseopatisserie.com\/de\/nachrichten\/#breadcrumb"},"inLanguage":"de","potentialAction":[{"@type":"ReadAction","target":["https:\/\/deseopatisserie.com\/de\/nachrichten\/"]}]},{"@type":"ImageObject","inLanguage":"de","@id":"https:\/\/deseopatisserie.com\/de\/nachrichten\/#primaryimage","url":"https:\/\/deseopatisserie.com\/\/wp-content\/uploads\/2021\/06\/004A2306.jpg","contentUrl":"https:\/\/deseopatisserie.com\/\/wp-content\/uploads\/2021\/06\/004A2306.jpg","width":2000,"height":1333},{"@type":"BreadcrumbList","@id":"https:\/\/deseopatisserie.com\/de\/nachrichten\/#breadcrumb","itemListElement":[{"@type":"ListItem","position":1,"name":"Strona g\u0142\u00f3wna","item":"https:\/\/deseopatisserie.com\/de\/homepage\/"},{"@type":"ListItem","position":2,"name":"Nachrichten"}]},{"@type":"WebSite","@id":"https:\/\/deseopatisserie.com\/de\/#website","url":"https:\/\/deseopatisserie.com\/de\/","name":"DESEO","description":"Patisserie &amp; Chocolaterie","potentialAction":[{"@type":"SearchAction","target":{"@type":"EntryPoint","urlTemplate":"https:\/\/deseopatisserie.com\/de\/?s={search_term_string}"},"query-input":{"@type":"PropertyValueSpecification","valueRequired":true,"valueName":"search_term_string"}}],"inLanguage":"de"}]}},"_links":{"self":[{"href":"https:\/\/deseopatisserie.com\/de\/wp-json\/wp\/v2\/pages\/107286","targetHints":{"allow":["GET"]}}],"collection":[{"href":"https:\/\/deseopatisserie.com\/de\/wp-json\/wp\/v2\/pages"}],"about":[{"href":"https:\/\/deseopatisserie.com\/de\/wp-json\/wp\/v2\/types\/page"}],"author":[{"embeddable":true,"href":"https:\/\/deseopatisserie.com\/de\/wp-json\/wp\/v2\/users\/1"}],"replies":[{"embeddable":true,"href":"https:\/\/deseopatisserie.com\/de\/wp-json\/wp\/v2\/comments?post=107286"}],"version-history":[{"count":0,"href":"https:\/\/deseopatisserie.com\/de\/wp-json\/wp\/v2\/pages\/107286\/revisions"}],"wp:featuredmedia":[{"embeddable":true,"href":"https:\/\/deseopatisserie.com\/de\/wp-json\/wp\/v2\/media\/82191"}],"wp:attachment":[{"href":"https:\/\/deseopatisserie.com\/de\/wp-json\/wp\/v2\/media?parent=107286"}],"curies":[{"name":"wp","href":"https:\/\/api.w.org\/{rel}","templated":true}]}}